{"id":2230,"date":"2026-01-06T10:06:40","date_gmt":"2026-01-06T10:06:40","guid":{"rendered":"https:\/\/lyfilter.com\/?post_type=product&#038;p=2230"},"modified":"2026-01-06T10:06:40","modified_gmt":"2026-01-06T10:06:40","slug":"square-10mm-30-microns-porous-uhmwpe-sintered-plastic-filter","status":"publish","type":"product","link":"https:\/\/lyfilter.com\/pt\/square-10mm-30-microns-porous-uhmwpe-sintered-plastic-filter\/","title":{"rendered":"Filtro quadrado de pl\u00e1stico sinterizado UHMWPE poroso de 10 mm e 30 m\u00edcrons"},"content":{"rendered":"<div class=\"J_module\">\n<div class=\"detail-decorate-json-renderer-container\">\n<div class=\"magic-0\">\n<div class=\"magic-1\">\n<div class=\"magic-2\">\n<div class=\"magic-3\"><strong>Placa de filtro de pl\u00e1stico PE poroso sinterizado de 30 m\u00edcrons em p\u00f3 para filtra\u00e7\u00e3o de fluidos<\/strong><\/div>\n<\/div>\n<\/div>\n<\/div>\n<\/div>\n<\/div>\n<div class=\"J_module\">\n<div class=\"magic-4\" data-section=\"AliMagic-s2vhcq\" data-section-title=\"Product Description\"><\/div>\n<div id=\"ali-anchor-AliMagic-s2vhcq\" class=\"magic-4\" data-section=\"AliMagic-s2vhcq\" data-section-title=\"Product Description\">Descri\u00e7\u00e3o do produto<\/div>\n<\/div>\n<div class=\"J_module\">\n<div class=\"icbu-pc-images magic-5\">\n<div class=\"flex-layout-v\">\n<div class=\"flex-layout-h magic-5\">\n<div class=\"magic-6\"><\/div>\n<\/div>\n<\/div>\n<\/div>\n<\/div>\n<div class=\"J_module\">\n<div class=\"detail-decorate-json-renderer-container\">\n<div class=\"magic-0\">\n<div class=\"magic-1\">\n<div class=\"magic-2\">\n<div class=\"magic-3\" data-id=\"paragraph0\">\n<p class=\"magic-13\">O elemento filtrante de PTFE sinterizado \u00e9 feito de mat\u00e9rias-primas de PTFE puro e sinterizado em alta temperatura e alta press\u00e3o. Portanto, o elemento de filtro tem forte resist\u00eancia a \u00e1cidos e \u00e1lcalis, forte resist\u00eancia a \u00e1lcalis, alta resist\u00eancia e tenacidade do elemento de filtro, e o elemento de filtro pode Resist\u00eancia a altas temperaturas de at\u00e9 200 \u2103, tem a reputa\u00e7\u00e3o de \u201cRei do Elemento de Filtro\u201d.<\/p>\n<p class=\"magic-13\">O filtro sinterizado \u00e9 feito principalmente de polietileno de peso molecular ultra-elevado (PE e PA), politetrafluoroetileno (PTFE), p\u00f3 de a\u00e7o inoxid\u00e1vel, sinteriza\u00e7\u00e3o de p\u00f3 de cobre e outros materiais, compacto, forte, leve, capaz de trabalhar sob alta press\u00e3o, ins\u00edpido n\u00e3o t\u00f3xico, tem boa resist\u00eancia \u00e0 corros\u00e3o de \u00e1cidos, \u00e1lcalis e solventes. A sele\u00e7\u00e3o do filtro sinterizado, a seguran\u00e7a do trabalho, a melhoria do ambiente de produ\u00e7\u00e3o e a \u00e1rea \u00e9 pequena, a \u00e1rea de filtragem do fluxo de l\u00edquido sob qualquer sele\u00e7\u00e3o (1 - 200m2), particularmente adequada para o tratamento de \u00e1guas residuais e o fabrico de produtos qu\u00edmicos, farmac\u00eauticos, alimentares e outra filtragem de l\u00edquidos.<\/p>\n<p class=\"magic-13\">\n<p>&nbsp;<\/p>\n<div class=\"table-responsive\">\n<table border=\"1\" width=\"523\" cellspacing=\"0\" cellpadding=\"0\">\n<colgroup>\n<col \/>\n<col \/><\/colgroup>\n<tbody>\n<tr class=\"firstRow\">\n<td height=\"41\">Nome do produto<\/td>\n<td>Tiantai f\u00e1brica de fornecimento PE sinterizado pl\u00e1stico micro filtro poroso<\/td>\n<\/tr>\n<tr>\n<td height=\"21\">Material<\/td>\n<td>Polietileno de peso molecular ultra-elevado (UHMWPE)<\/td>\n<\/tr>\n<tr>\n<td height=\"21\">Cor<\/td>\n<td>branco<\/td>\n<\/tr>\n<tr>\n<td height=\"21\">Padr\u00e3o<\/td>\n<td>ISO SGS<\/td>\n<\/tr>\n<tr>\n<td height=\"39\">Usado<\/td>\n<td>\u00e1gua pura, \u00e1gua viva, bebida, medicamento, l\u00edquido de galvanoplastia, emuls\u00e3o, l\u00edquido de lavagem, solu\u00e7\u00e3o \u00e1cida ou alcalina<\/td>\n<\/tr>\n<\/tbody>\n<\/table>\n<\/div>\n<p>&nbsp;<\/p>\n<p><img decoding=\"async\" src=\"https:\/\/img.yfisher.com\/m6076\/1725732572w86\/png70-t3-scale100.webp\" alt=\"Quadrado 10mm 30 Microns Poroso UHMWPE Filtro de Pl\u00e1stico Sinterizado 2\" data-lazy=\"2\" title=\"\"><\/p>\n<\/div>\n<\/div>\n<\/div>\n<\/div>\n<\/div>\n<\/div>\n<div class=\"J_module\">\n<div class=\"magic-4\" data-section=\"AliMagic-sz4s61\" data-section-title=\"Our Company\"><\/div>\n<\/div>\n<div class=\"J_module\">\n<div class=\"icbu-pc-images magic-5\">\n<div class=\"flex-layout-v\">\n<div class=\"flex-layout-h magic-5\">\n<div class=\"magic-47\"><img decoding=\"async\" src=\"https:\/\/img.yfisher.com\/m6076\/1729225216zsq\/png70-t3-scale100.webp\" alt=\"Quadrado 10mm 30 Microns Poroso UHMWPE Filtro de Pl\u00e1stico Sinterizado 3\" data-lazy=\"2\" title=\"\"><\/div>\n<\/div>\n<\/div>\n<\/div>\n<\/div>","protected":false},"excerpt":{"rendered":"<table>\n<thead>\n<tr>\n<th>item<\/th>\n<th>pormenores<\/th>\n<\/tr>\n<\/thead>\n<tbody>\n<tr>\n<td>porta de arranque<\/td>\n<td>guangzhou<\/td>\n<\/tr>\n<tr>\n<td>capacidade de produ\u00e7\u00e3o<\/td>\n<td>10000 unidades\/m\u00eas<\/td>\n<\/tr>\n<tr>\n<td>local de origem<\/td>\n<td>guangdong, china<\/td>\n<\/tr>\n<tr>\n<td>pagamento<\/td>\n<td>t\/t, garantia comercial alibaba<\/td>\n<\/tr>\n<tr>\n<td>moq<\/td>\n<td>1 unidade<\/td>\n<\/tr>\n<tr>\n<td>modelo<\/td>\n<td>ly-hfpl<\/td>\n<\/tr>\n<tr>\n<td>prazo de entrega<\/td>\n<td>no prazo de 7 dias \u00fateis<\/td>\n<\/tr>\n<tr>\n<td>certifica\u00e7\u00e3o<\/td>\n<td>iso 9001<\/td>\n<\/tr>\n<tr>\n<td>marca<\/td>\n<td>oem\/lvyuan<\/td>\n<\/tr>\n<\/tbody>\n<\/table>","protected":false},"featured_media":2233,"comment_status":"open","ping_status":"closed","template":"","meta":{"_gspb_post_css":""},"product_brand":[],"product_cat":[17,22],"product_tag":[939,279,261,262,260,268],"class_list":{"0":"post-2230","1":"product","2":"type-product","3":"status-publish","4":"has-post-thumbnail","6":"product_cat-sediment-filter","7":"product_cat-sintered-filter-cartridge","8":"product_tag-1-pcs-moq","9":"product_tag-alibaba-trade-assurance","10":"product_tag-guangdong-china","11":"product_tag-guangzhou-port","12":"product_tag-iso-9001","13":"product_tag-ly-hfpl","15":"first","16":"instock","17":"shipping-taxable","18":"product-type-simple"},"_links":{"self":[{"href":"https:\/\/lyfilter.com\/pt\/wp-json\/wp\/v2\/product\/2230","targetHints":{"allow":["GET"]}}],"collection":[{"href":"https:\/\/lyfilter.com\/pt\/wp-json\/wp\/v2\/product"}],"about":[{"href":"https:\/\/lyfilter.com\/pt\/wp-json\/wp\/v2\/types\/product"}],"replies":[{"embeddable":true,"href":"https:\/\/lyfilter.com\/pt\/wp-json\/wp\/v2\/comments?post=2230"}],"wp:featuredmedia":[{"embeddable":true,"href":"https:\/\/lyfilter.com\/pt\/wp-json\/wp\/v2\/media\/2233"}],"wp:attachment":[{"href":"https:\/\/lyfilter.com\/pt\/wp-json\/wp\/v2\/media?parent=2230"}],"wp:term":[{"taxonomy":"product_brand","embeddable":true,"href":"https:\/\/lyfilter.com\/pt\/wp-json\/wp\/v2\/product_brand?post=2230"},{"taxonomy":"product_cat","embeddable":true,"href":"https:\/\/lyfilter.com\/pt\/wp-json\/wp\/v2\/product_cat?post=2230"},{"taxonomy":"product_tag","embeddable":true,"href":"https:\/\/lyfilter.com\/pt\/wp-json\/wp\/v2\/product_tag?post=2230"}],"curies":[{"name":"wp","href":"https:\/\/api.w.org\/{rel}","templated":true}]}}