{"id":2227,"date":"2026-01-06T10:05:21","date_gmt":"2026-01-06T10:05:21","guid":{"rendered":"https:\/\/lyfilter.com\/?post_type=product&#038;p=2227"},"modified":"2026-01-06T10:05:21","modified_gmt":"2026-01-06T10:05:21","slug":"300-micron-hd-uhmw-powder-pe-ptfe-porous-plastic-filter","status":"publish","type":"product","link":"https:\/\/lyfilter.com\/pt\/300-micron-hd-uhmw-powder-pe-ptfe-porous-plastic-filter\/","title":{"rendered":"Filtro de pl\u00e1stico poroso HD UHMW em p\u00f3 PE PTFE de 300 m\u00edcrons"},"content":{"rendered":"<div class=\"unit-detail-html-tabs__content-attr\">\n<div class=\"unit-product-attrparam\">\n<div class=\"unit-product-attrparam__items row\">\n<div class=\"col-12 col-md-6\">\n<div class=\"unit-product-attrparam__item\">\n<div class=\"unit-product-attrparam__label\">Material:pe<br \/>\nDisponibilidade: OEM\/ODM<\/div>\n<\/div>\n<\/div>\n<\/div>\n<\/div>\n<\/div>\n<div class=\"unit-detail-html-tabs__content-featuresAttr\"><\/div>\n<div class=\"unit-detail-html-tabs__content-html\">\n<div class=\"detail-decorate-json-renderer-container\">\n<div class=\"magic-0\">\n<h3 class=\"magic-1\" data-id=\"title0\">Sinterizado HD UHMW P\u00f3 PTFE PE Filtros porosos para tubos de bolhas de ar e \u00e1gua folhas copos<\/h3>\n<\/div>\n<\/div>\n<div id=\"ali-anchor-AliMagic-8izkee\" class=\"magic-5\" data-section=\"AliMagic-8izkee\" data-section-title=\"Product Description\"><strong>Descri\u00e7\u00e3o do produto<\/strong><\/div>\n<p>&nbsp;<\/p>\n<p>Filtro para fins m\u00e9dicos<\/p>\n<p>Podemos fabricar o filtro de acordo com o desenho ou amostras do cliente, o cliente pode personalizar o di\u00e2metro, comprimento, largura, altura ou forma irregular.<\/p>\n<p>Fun\u00e7\u00f5es:<\/p>\n<p>hidr\u00f3filo ou hidrofobicidade, isento de dnase\/rnase, filtro auto-selante ou filtro de carv\u00e3o ativado.<\/p>\n<p>Carater\u00edstica:<\/p>\n<p>anti-impacto, resistente a \u00e1cidos fortes, \u00e1lcalis fortes, solu\u00e7\u00f5es oxidantes fortes. Os microporos est\u00e3o bem distribu\u00eddos, alta densidade, boa permeabilidade.<\/p>\n<p>a press\u00e3o do filtro pode ser mantida na gama de 0,5 micro metros a 150 micro metros.<\/p>\n<div class=\"detail-decorate-json-renderer-container\">\n<div class=\"magic-0\">\n<p>\u00a0<img decoding=\"async\" src=\"https:\/\/img.yfisher.com\/m6076\/1725732571y91\/png70-t3-scale100.webp\" alt=\"Filtro de pl\u00e1stico poroso HD UHMW em p\u00f3 PE PTFE de 300 m\u00edcrones 2\" data-lazy=\"2\" title=\"\"><\/p>\n<p>Aplica\u00e7\u00e3o:<\/p>\n<p>medicina biol\u00f3gica, tratamento m\u00e9dico, bioci\u00eancia, tratamento de \u00e1gua, prote\u00e7\u00e3o ambiental, eletr\u00f3nica, filtra\u00e7\u00e3o de g\u00e1s, an\u00e1lise qu\u00edmica, purifica\u00e7\u00e3o de anticorpos\/prote\u00ednas\/DNA, prepara\u00e7\u00e3o de amostras, separa\u00e7\u00e3o s\u00f3lido-l\u00edquido e filtro para equipamento especial.<\/p>\n<\/div>\n<\/div>\n<div class=\"detail-decorate-json-renderer-container\">\n<div class=\"magic-0\">\n<div class=\"magic-9\">\n<div class=\"magic-3\">\n<div class=\"magic-4\" data-id=\"paragraph1\">Placas, folhas e discos porosos<\/div>\n<\/div>\n<\/div>\n<\/div>\n<\/div>\n<div class=\"detail-decorate-json-renderer-container\">\n<div class=\"magic-0\">\n<div class=\"magic-15\">\n<div class=\"magic-10\">\n<div class=\"magic-16\">O elemento filtrante sinterizado PE \u00e9 feito de polietileno de peso molecular ultra-elevado sinterizado e moldado, que \u00e9 compacto em estrutura, forte, leve em peso, capaz de suportar alta press\u00e3o de filtra\u00e7\u00e3o, n\u00e3o t\u00f3xico e ins\u00edpido, e tem boa resist\u00eancia \u00e0 corros\u00e3o de solventes \u00e1cidos e alcalinos.<\/div>\n<div class=\"magic-16\">\nO elemento filtrante PE tem uma distribui\u00e7\u00e3o uniforme do tamanho dos poros, forte resist\u00eancia a \u00e1cidos e \u00e1lcalis, resist\u00eancia a altas temperaturas, boas propriedades mec\u00e2nicas e forte resist\u00eancia a solventes org\u00e2nicos. A produ\u00e7\u00e3o de equipamento de tratamento de \u00e1gua em grande escala pode adotar o m\u00e9todo de remo\u00e7\u00e3o de esc\u00f3rias por refluxo autom\u00e1tico ou manual, as part\u00edculas s\u00f3lidas podem ser recuperadas por remo\u00e7\u00e3o de esc\u00f3rias secas, sem substitui\u00e7\u00e3o frequente de elementos filtrantes, funcionamento autom\u00e1tico, baixo custo de filtra\u00e7\u00e3o e outras vantagens, que s\u00e3o bem recebidas pelos utilizadores.<\/div>\n<\/div>\n<\/div>\n<\/div>\n<\/div>\n<\/div>","protected":false},"excerpt":{"rendered":"<table>\n<thead>\n<tr>\n<th>item<\/th>\n<th>pormenores<\/th>\n<\/tr>\n<\/thead>\n<tbody>\n<tr>\n<td>porta de arranque<\/td>\n<td>guangzhou<\/td>\n<\/tr>\n<tr>\n<td>capacidade de produ\u00e7\u00e3o<\/td>\n<td>10000 unidades\/m\u00eas<\/td>\n<\/tr>\n<tr>\n<td>local de origem<\/td>\n<td>guangdong, china<\/td>\n<\/tr>\n<tr>\n<td>pagamento<\/td>\n<td>t\/t, garantia comercial alibaba, paypal<\/td>\n<\/tr>\n<tr>\n<td>moq<\/td>\n<td>1 unidade<\/td>\n<\/tr>\n<tr>\n<td>modelo<\/td>\n<td>ly-hfpl<\/td>\n<\/tr>\n<tr>\n<td>prazo de entrega<\/td>\n<td>no prazo de 7 dias \u00fateis<\/td>\n<\/tr>\n<tr>\n<td>certifica\u00e7\u00e3o<\/td>\n<td>iso 9001<\/td>\n<\/tr>\n<tr>\n<td>marca<\/td>\n<td>oem\/lvyuan<\/td>\n<\/tr>\n<\/tbody>\n<\/table>","protected":false},"featured_media":2231,"comment_status":"open","ping_status":"closed","template":"","meta":{"_gspb_post_css":""},"product_brand":[],"product_cat":[22,17],"product_tag":[939,279,261,262,260,268],"class_list":{"0":"post-2227","1":"product","2":"type-product","3":"status-publish","4":"has-post-thumbnail","6":"product_cat-sintered-filter-cartridge","7":"product_cat-sediment-filter","8":"product_tag-1-pcs-moq","9":"product_tag-alibaba-trade-assurance","10":"product_tag-guangdong-china","11":"product_tag-guangzhou-port","12":"product_tag-iso-9001","13":"product_tag-ly-hfpl","15":"first","16":"instock","17":"shipping-taxable","18":"product-type-simple"},"_links":{"self":[{"href":"https:\/\/lyfilter.com\/pt\/wp-json\/wp\/v2\/product\/2227","targetHints":{"allow":["GET"]}}],"collection":[{"href":"https:\/\/lyfilter.com\/pt\/wp-json\/wp\/v2\/product"}],"about":[{"href":"https:\/\/lyfilter.com\/pt\/wp-json\/wp\/v2\/types\/product"}],"replies":[{"embeddable":true,"href":"https:\/\/lyfilter.com\/pt\/wp-json\/wp\/v2\/comments?post=2227"}],"wp:featuredmedia":[{"embeddable":true,"href":"https:\/\/lyfilter.com\/pt\/wp-json\/wp\/v2\/media\/2231"}],"wp:attachment":[{"href":"https:\/\/lyfilter.com\/pt\/wp-json\/wp\/v2\/media?parent=2227"}],"wp:term":[{"taxonomy":"product_brand","embeddable":true,"href":"https:\/\/lyfilter.com\/pt\/wp-json\/wp\/v2\/product_brand?post=2227"},{"taxonomy":"product_cat","embeddable":true,"href":"https:\/\/lyfilter.com\/pt\/wp-json\/wp\/v2\/product_cat?post=2227"},{"taxonomy":"product_tag","embeddable":true,"href":"https:\/\/lyfilter.com\/pt\/wp-json\/wp\/v2\/product_tag?post=2227"}],"curies":[{"name":"wp","href":"https:\/\/api.w.org\/{rel}","templated":true}]}}