{"id":2219,"date":"2026-01-06T10:01:46","date_gmt":"2026-01-06T10:01:46","guid":{"rendered":"https:\/\/lyfilter.com\/?post_type=product&#038;p=2219"},"modified":"2026-01-06T10:01:46","modified_gmt":"2026-01-06T10:01:46","slug":"cylinder-micron-porous-sintered-ptfe-water-filter","status":"publish","type":"product","link":"https:\/\/lyfilter.com\/pt\/cylinder-micron-porous-sintered-ptfe-water-filter\/","title":{"rendered":"Cilindro Filtro de \u00e1gua de PTFE sinterizado poroso micronizado"},"content":{"rendered":"<div class=\"unit-detail-html-tabs__content-attr\">\n<div class=\"unit-product-attrparam\">\n<div class=\"unit-product-attrparam__items row\">\n<div class=\"col-12 col-md-6\">\n<div class=\"unit-product-attrparam__item\">\n<div class=\"unit-product-attrparam__label\">Material:pe<br \/>\nDisponibilidade: OEM\/ODM<\/div>\n<\/div>\n<\/div>\n<\/div>\n<\/div>\n<\/div>\n<div class=\"unit-detail-html-tabs__content-featuresAttr\"><\/div>\n<div class=\"unit-detail-html-tabs__content-html\">\n<p>Cilindro Filtro de \u00e1gua de PTFE sinterizado poroso micronizado<\/p>\n<div id=\"_root\" class=\"engine-app\" data-reactroot=\"\">\n<div class=\"magic-0\" data-section=\"AliMagic-bc5p1g\" data-section-title=\"Product Description\"><strong>especifica\u00e7\u00e3o :<\/strong><\/div>\n<div class=\"magic-0\" data-section=\"AliMagic-bc5p1g\" data-section-title=\"Product Description\">\n<div class=\"ife-detail-decorate-table\">\n<div class=\"table-responsive\">\n<table class=\"all magic-11\" border=\"1\" cellspacing=\"0\" cellpadding=\"0\">\n<tbody>\n<tr class=\"firstRow\">\n<td colspan=\"1\" rowspan=\"1\">\n<div class=\"magic-12\">Meios filtrantes<\/div>\n<\/td>\n<td colspan=\"1\" rowspan=\"1\">\n<div class=\"magic-13\">PE\/PTFE<\/div>\n<\/td>\n<\/tr>\n<tr>\n<td colspan=\"1\" rowspan=\"1\">\n<div class=\"magic-12\">Tipo de conetor<\/div>\n<\/td>\n<td colspan=\"1\" rowspan=\"1\">\n<div class=\"magic-13\">Plano, Tipo de inser\u00e7\u00e3o, Tipo de rosca, Barbatana<\/div>\n<\/td>\n<\/tr>\n<tr>\n<td colspan=\"1\" rowspan=\"1\">\n<div class=\"magic-12\">Tampas de extremidade<\/div>\n<\/td>\n<td colspan=\"1\" rowspan=\"1\">\n<div class=\"magic-13\">PP, M36, M30, M25, M22, M14, M12 ou personalizado<\/div>\n<\/td>\n<\/tr>\n<tr>\n<td colspan=\"1\" rowspan=\"1\">\n<div class=\"magic-12\">Di\u00e2metro exterior<\/div>\n<\/td>\n<td colspan=\"1\" rowspan=\"1\">\n<div class=\"magic-13\">10mm, 20mm, 30mm, 40mm, 50mm, 60mm, 70mm, 80mm, ou personalizado<\/div>\n<\/td>\n<\/tr>\n<tr>\n<td colspan=\"1\" rowspan=\"1\">\n<div class=\"magic-12\">Di\u00e2metro interior<\/div>\n<\/td>\n<td colspan=\"1\" rowspan=\"1\">\n<div class=\"magic-13\">12mm.16mm, 18 mm, 28mm, ou personalizado<\/div>\n<\/td>\n<\/tr>\n<tr>\n<td colspan=\"1\" rowspan=\"1\">\n<div class=\"magic-12\">Taxa de remo\u00e7\u00e3o<\/div>\n<\/td>\n<td colspan=\"1\" rowspan=\"1\">\n<div class=\"magic-13\">0,1, 0,2, 0,45, 0,65, 0,8, 1, 2, 3, 5,10, 20, 25, 30, 50, 60 m\u00edcrones<\/div>\n<\/td>\n<\/tr>\n<tr>\n<td colspan=\"1\" rowspan=\"1\">\n<div class=\"magic-12\">Press\u00e3o m\u00e1xima de funcionamento<\/div>\n<\/td>\n<td colspan=\"1\" rowspan=\"1\">\n<div class=\"magic-13\">6,0 bar<\/div>\n<\/td>\n<\/tr>\n<tr>\n<td colspan=\"1\" rowspan=\"1\">\n<div class=\"magic-12\">Temperatura m\u00e1xima de funcionamento<\/div>\n<\/td>\n<td colspan=\"1\" rowspan=\"1\">\n<div class=\"magic-13\">\u226480\u2103<\/div>\n<\/td>\n<\/tr>\n<\/tbody>\n<\/table>\n<\/div>\n<\/div>\n<\/div>\n<div class=\"magic-0\" data-section=\"AliMagic-bc5p1g\" data-section-title=\"Product Description\"><\/div>\n<div class=\"detail-decorate-json-renderer-container\">\n<div class=\"magic-4\">\n<div class=\"magic-5\">\n<div class=\"magic-6\">\n<div class=\"magic-7\">\n<p class=\"magic-8\"><img decoding=\"async\" src=\"https:\/\/img.yfisher.com\/m6076\/172573256689w\/jpg70-t3-scale100.webp\" alt=\"Cilindro Filtro de \u00e1gua de PTFE sinterizado poroso micronizado 2\" data-lazy=\"2\" title=\"\"><\/p>\n<p class=\"magic-8\"><strong>Carater\u00edsticas:<\/strong><\/p>\n<p class=\"magic-8\"><span style=\"font-family: Arial, Helvetica;\"><b><br \/>\n<\/b><\/span>1. Elevada porosidade (60%) para garantir um maior caudal por \u00e1rea \u00fatil.<br \/>\n2. superf\u00edcie exterior lisa, as impurezas n\u00e3o s\u00e3o f\u00e1ceis de aderir, a lavagem das costas \u00e9 f\u00e1cil e completa;<br \/>\n3. Capacidade anti-incrustante: a pequena dimens\u00e3o do filtro faz com que as impurezas n\u00e3o possam ser retidas no corpo do filtro;<br \/>\n4. Resist\u00eancia a \u00e1cidos fortes, corros\u00e3o alcalina, resist\u00eancia a solventes orangnicos;<\/p>\n<p class=\"magic-8\">5. Excelentes propriedades mec\u00e2nicas<\/p>\n<p class=\"magic-8\">6. N\u00e3o h\u00e1 liberta\u00e7\u00e3o de part\u00edculas.<\/p>\n<\/div>\n<\/div>\n<\/div>\n<\/div>\n<\/div>\n<div id=\"ali-anchor-AliMagic-606h8g\" class=\"magic-0\" data-section=\"AliMagic-606h8g\" data-section-title=\"Application\"><strong>Aplica\u00e7\u00e3o<\/strong><\/div>\n<div class=\"detail-decorate-json-renderer-container\">\n<div class=\"magic-4\">\n<div class=\"magic-5\">\n<div class=\"magic-6\">\n<div class=\"magic-7\">\n<p class=\"magic-8\">1. Ind\u00fastria farmac\u00eautica 2. Ind\u00fastria qu\u00edmica<\/p>\n<p class=\"magic-8\">3. Fibra qu\u00edmica e ind\u00fastria t\u00eaxtil 4. Ind\u00fastria ligeira e ind\u00fastria alimentar<br \/>\n5. Ind\u00fastria de m\u00e1quinas e petr\u00f3leo 6. Ind\u00fastria de tratamento de \u00e1guas residuais<\/p>\n<p class=\"magic-8\"><img decoding=\"async\" src=\"https:\/\/img.yfisher.com\/m6076\/172573256612g\/png70-t3-scale100.webp\" alt=\"Cilindro Filtro de \u00e1gua de PTFE sinterizado poroso de m\u00edcron 3\" data-lazy=\"2\" title=\"\"><\/p>\n<\/div>\n<\/div>\n<\/div>\n<\/div>\n<\/div>\n<div class=\"icbu-pc-images magic-1\">\n<div>\n<div class=\"flex-layout-v\">\n<div class=\"flex-layout-h magic-1\">\n<div class=\"magic-26\"><\/div>\n<\/div>\n<\/div>\n<\/div>\n<\/div>\n<div id=\"ali-anchor-AliMagic-hdqmv8\" class=\"magic-0\" data-section=\"AliMagic-hdqmv8\" data-section-title=\"About us\"><strong>Sobre n\u00f3s<\/strong><\/div>\n<div class=\"magic-0\" data-section=\"AliMagic-hdqmv8\" data-section-title=\"About us\"><\/div>\n<div class=\"detail-decorate-json-renderer-container\">\n<div class=\"magic-4\">\n<div class=\"magic-5\">\n<div class=\"magic-6\">\n<div class=\"magic-7\">\n<p class=\"magic-8\">1. 10 anos de experi\u00eancia profissional como fabricante.<br \/>\n2. N\u00f3s fornecemos servi\u00e7o de personaliza\u00e7\u00e3o OEM e ODM, voc\u00ea pode encontrar todos os tipos de cartuchos de filtro e caixas de filtro em nossa empresa.<br \/>\n3. Todos os produtos t\u00eam garantia de qualidade. A nossa certifica\u00e7\u00e3o: CE ISO SGS<br \/>\n4. Os nossos trabalhadores s\u00e3o eficientes e as nossas vendas s\u00e3o profissionais, vamos dar o servi\u00e7o personalizado profissional.<br \/>\n5. Nossos produtos est\u00e3o exportando para mais de 100 pa\u00edses e regi\u00f5es. Recebemos uma boa reputa\u00e7\u00e3o.<br \/>\n6. Muitos cooperadores est\u00e3o ao nosso lado h\u00e1 muitos anos.<br \/>\n7. estamos determinados a fornecer o melhor servi\u00e7o e boa qualidade aos nossos clientes globais, seremos uma empresa cada vez mais profissional no futuro.<\/p>\n<\/div>\n<\/div>\n<\/div>\n<\/div>\n<\/div>\n<\/div>\n<\/div>","protected":false},"excerpt":{"rendered":"<table>\n<thead>\n<tr>\n<th>item<\/th>\n<th>pormenores<\/th>\n<\/tr>\n<\/thead>\n<tbody>\n<tr>\n<td>porta de arranque<\/td>\n<td>guangzhou<\/td>\n<\/tr>\n<tr>\n<td>capacidade de produ\u00e7\u00e3o<\/td>\n<td>10000 unidades\/m\u00eas<\/td>\n<\/tr>\n<tr>\n<td>local de origem<\/td>\n<td>guangdong, china<\/td>\n<\/tr>\n<tr>\n<td>pagamento<\/td>\n<td>l\/c, t\/t, garantia comercial alibaba, paypal<\/td>\n<\/tr>\n<tr>\n<td>moq<\/td>\n<td>1 unidade<\/td>\n<\/tr>\n<tr>\n<td>modelo<\/td>\n<td>ly-hfpl-6<\/td>\n<\/tr>\n<tr>\n<td>prazo de entrega<\/td>\n<td>no prazo de 7 dias \u00fateis<\/td>\n<\/tr>\n<tr>\n<td>certifica\u00e7\u00e3o<\/td>\n<td>iso 9001<\/td>\n<\/tr>\n<tr>\n<td>marca<\/td>\n<td>oem\/lvyuan<\/td>\n<\/tr>\n<\/tbody>\n<\/table>","protected":false},"featured_media":2223,"comment_status":"open","ping_status":"closed","template":"","meta":{"_gspb_post_css":""},"product_brand":[],"product_cat":[17,22],"product_tag":[939,261,262,260,942,281],"class_list":{"0":"post-2219","1":"product","2":"type-product","3":"status-publish","4":"has-post-thumbnail","6":"product_cat-sediment-filter","7":"product_cat-sintered-filter-cartridge","8":"product_tag-1-pcs-moq","9":"product_tag-guangdong-china","10":"product_tag-guangzhou-port","11":"product_tag-iso-9001","12":"product_tag-l-c-payment","13":"product_tag-ly-hfpl-6","15":"first","16":"instock","17":"shipping-taxable","18":"product-type-simple"},"_links":{"self":[{"href":"https:\/\/lyfilter.com\/pt\/wp-json\/wp\/v2\/product\/2219","targetHints":{"allow":["GET"]}}],"collection":[{"href":"https:\/\/lyfilter.com\/pt\/wp-json\/wp\/v2\/product"}],"about":[{"href":"https:\/\/lyfilter.com\/pt\/wp-json\/wp\/v2\/types\/product"}],"replies":[{"embeddable":true,"href":"https:\/\/lyfilter.com\/pt\/wp-json\/wp\/v2\/comments?post=2219"}],"wp:featuredmedia":[{"embeddable":true,"href":"https:\/\/lyfilter.com\/pt\/wp-json\/wp\/v2\/media\/2223"}],"wp:attachment":[{"href":"https:\/\/lyfilter.com\/pt\/wp-json\/wp\/v2\/media?parent=2219"}],"wp:term":[{"taxonomy":"product_brand","embeddable":true,"href":"https:\/\/lyfilter.com\/pt\/wp-json\/wp\/v2\/product_brand?post=2219"},{"taxonomy":"product_cat","embeddable":true,"href":"https:\/\/lyfilter.com\/pt\/wp-json\/wp\/v2\/product_cat?post=2219"},{"taxonomy":"product_tag","embeddable":true,"href":"https:\/\/lyfilter.com\/pt\/wp-json\/wp\/v2\/product_tag?post=2219"}],"curies":[{"name":"wp","href":"https:\/\/api.w.org\/{rel}","templated":true}]}}