{"id":2194,"date":"2026-01-06T09:49:07","date_gmt":"2026-01-06T09:49:07","guid":{"rendered":"https:\/\/lyfilter.com\/?post_type=product&#038;p=2194"},"modified":"2026-01-06T09:49:07","modified_gmt":"2026-01-06T09:49:07","slug":"hydrophobic-215-226-adaptor-0-2-micron-60um-ptfe-water-filter","status":"publish","type":"product","link":"https:\/\/lyfilter.com\/pt\/hydrophobic-215-226-adaptor-0-2-micron-60um-ptfe-water-filter\/","title":{"rendered":"Adaptador hidrof\u00f3bico 215 226 Filtro de \u00e1gua PTFE 0,2 m\u00edcron 60um"},"content":{"rendered":"<div class=\"unit-detail-html-tabs__content-attr\">\n<div class=\"unit-product-attrparam\">\n<div class=\"unit-product-attrparam__items row\">\n<div class=\"col-12 col-md-6\">\n<div class=\"unit-product-attrparam__item\">\n<div class=\"unit-product-attrparam__label\">Material:pp<\/div>\n<\/div>\n<\/div>\n<div class=\"col-12 col-md-6\">\n<div class=\"unit-product-attrparam__item\">\n<div class=\"unit-product-attrparam__label\">Disponibilidade: OEM\/ODM<\/div>\n<\/div>\n<\/div>\n<\/div>\n<\/div>\n<\/div>\n<div class=\"unit-detail-html-tabs__content-featuresAttr\"><\/div>\n<div class=\"unit-detail-html-tabs__content-html\">\n<div id=\"_root\" class=\"engine-app\" data-reactroot=\"\">\n<div id=\"ali-anchor-AliMagic-qb7w6x\" class=\"magic-0\" data-section=\"AliMagic-qb7w6x\" data-section-title=\"Product Description\"><strong>Cartucho plissado com membrana PTFE hidrof\u00f3bica de 0,2 m\u00edcron Filtro de ventila\u00e7\u00e3o com adaptador 215 226<\/strong><\/div>\n<p>Cartucho de filtro plissado PTFE<\/p>\n<div class=\"icbu-pc-images magic-1\">\n<div class=\"flex-layout-h\">\n<div class=\"text-wrapper magic-15\">\n<div class=\"text-wrapper-right text-theme-light text-align-left\">\n<div class=\"text-content\">\n<p class=\"magic-11\"><strong>Cartucho de filtro plissado hidrof\u00f3bico da s\u00e9rie PTFE<\/strong>\u00a0\u00e9 constitu\u00eddo por uma membrana hidrof\u00f3bica de PTFE que possui uma excelente compatibilidade qu\u00edmica e resist\u00eancia \u00e0 corros\u00e3o. Este cartucho filtrante \u00e9 adequado para a filtra\u00e7\u00e3o de l\u00edquidos e gases fortemente agressivos e oxidantes.<\/p>\n<p><strong>Cartucho de filtro plissado hidrof\u00edlico da s\u00e9rie PTFE<\/strong>\u00a0\u00e9 constitu\u00edda por uma membrana hidrof\u00edlica de PTFE que possui uma excelente compatibilidade qu\u00edmica e resist\u00eancia \u00e0 corros\u00e3o. A membrana \u00e9 hidrof\u00edlica, o que permite filtrar diretamente o l\u00edquido sem humedecimento pr\u00e9vio, poupando tempo de funcionamento.<\/p>\n<\/div>\n<\/div>\n<\/div>\n<\/div>\n<\/div>\n<div class=\"icbu-pc-images magic-1\">\n<div class=\"flex-layout-h\">\n<div class=\"flex-layout-v magic-12\">\n<p>&nbsp;<\/p>\n<p>&nbsp;<\/p>\n<\/div>\n<\/div>\n<\/div>\n<div id=\"ali-anchor-AliMagic-tbcwpl\" class=\"magic-0\" data-section=\"AliMagic-tbcwpl\" data-section-title=\"Specification\"><strong>Especifica\u00e7\u00e3o<\/strong><\/div>\n<div class=\"magic-0\" data-section=\"AliMagic-tbcwpl\" data-section-title=\"Specification\"><\/div>\n<div class=\"ife-detail-decorate-table\">\n<div class=\"table-responsive\">\n<table class=\"all magic-16\">\n<tbody>\n<tr class=\"firstRow\">\n<td>\n<div class=\"magic-17\">Op\u00e7\u00e3o de meio filtrante<\/div>\n<\/td>\n<td>\n<div class=\"magic-18\">PP<\/div>\n<\/td>\n<td>\n<div class=\"magic-19\">PES<\/div>\n<\/td>\n<td>\n<div class=\"magic-17\">PTFE<\/div>\n<\/td>\n<td>\n<div class=\"magic-20\">Nylon 6\/66<\/div>\n<\/td>\n<td>\n<div class=\"magic-21\">PVDF<\/div>\n<\/td>\n<\/tr>\n<tr>\n<td>\n<div class=\"magic-17\">Comprimento<\/div>\n<\/td>\n<td>\n<div class=\"magic-18\">2,5\u201d, 5, 10, 20, 30, 40 polegadas<\/div>\n<\/td>\n<td>\n<div class=\"magic-19\">2,5\u201d, 5, 10, 20, 30, 40 polegadas<\/div>\n<\/td>\n<td>\n<div class=\"magic-17\">2,5\u201d, 5, 10, 20, 30, 40 polegadas<\/div>\n<\/td>\n<td>\n<div class=\"magic-20\">2,5\u201d, 5, 10, 20, 30, 40 polegadas<\/div>\n<\/td>\n<td>\n<div class=\"magic-21\">2,5\u201d, 5, 10, 20, 30, 40 polegadas<\/div>\n<\/td>\n<\/tr>\n<tr>\n<td>\n<div class=\"magic-17\">Taxa de microns<\/div>\n<\/td>\n<td>\n<div class=\"magic-18\">0,1, 0,2, 0,45, 0,65, 0,8, 1, 2, 3, 5, 10, 20, 25, 30, 50, 60 m\u00edcrones<\/div>\n<\/td>\n<td>\n<div class=\"magic-19\">0,1, 0,2, 0,45, 0,65 m\u00edcron<\/div>\n<\/td>\n<td>\n<div class=\"magic-17\">0,2, 0,45 m\u00edcron<\/div>\n<\/td>\n<td>\n<div class=\"magic-20\">0,2, 0,45, 0,65, 1 m\u00edcron<\/div>\n<\/td>\n<td>\n<div class=\"magic-21\">0,2, 0,45 m\u00edcron<\/div>\n<\/td>\n<\/tr>\n<tr>\n<td>\n<div class=\"magic-17\">Tampa da extremidade<\/div>\n<\/td>\n<td>\n<div class=\"magic-18\">DOE, 222+Fin, 222+Flat, 226+Fin, 226+Flat<\/div>\n<\/td>\n<td>\n<div class=\"magic-19\">DOE, 222+Fin, 222+Flat, 226+Fin, 226+Flat<\/div>\n<\/td>\n<td>\n<div class=\"magic-17\">DOE, 222+Fin, 222+Flat, 226+Fin, 226+Flat<\/div>\n<\/td>\n<td>\n<div class=\"magic-20\">DOE, 222+Fin, 222+Flat, 226+Fin, 226+Flat<\/div>\n<\/td>\n<td>\n<div class=\"magic-21\">DOE, 222+Fin, 222+Flat, 226+Fin, 226+Flat<\/div>\n<\/td>\n<\/tr>\n<tr>\n<td>\n<div class=\"magic-17\">Di\u00e2metro interno<\/div>\n<\/td>\n<td>\n<div class=\"magic-18\">28 mm<\/div>\n<\/td>\n<td>\n<div class=\"magic-19\">28 mm<\/div>\n<\/td>\n<td>\n<div class=\"magic-17\">28 mm<\/div>\n<\/td>\n<td>\n<div class=\"magic-20\">28 mm<\/div>\n<\/td>\n<td>\n<div class=\"magic-21\">28 mm<\/div>\n<\/td>\n<\/tr>\n<tr>\n<td>\n<div class=\"magic-17\">Di\u00e2metro exterior<\/div>\n<\/td>\n<td>\n<div class=\"magic-18\">69mm (pode ser personalizado)<\/div>\n<\/td>\n<td>\n<div class=\"magic-19\">69mm (pode ser personalizado)<\/div>\n<\/td>\n<td>\n<div class=\"magic-17\">69mm (pode ser personalizado)<\/div>\n<\/td>\n<td>\n<div class=\"magic-20\">69mm (pode ser personalizado)<\/div>\n<\/td>\n<td>\n<div class=\"magic-21\">69mm (pode ser personalizado)<\/div>\n<\/td>\n<\/tr>\n<tr>\n<td>\n<div class=\"magic-17\">Material da junta\/anel<\/div>\n<\/td>\n<td>\n<div class=\"magic-18\">Silicone\/EPDM\/NBR\/Viton\/Teflon<\/div>\n<\/td>\n<td>\n<div class=\"magic-19\">Silicone\/EPDM\/NBR\/Viton\/Teflon<\/div>\n<\/td>\n<td>\n<div class=\"magic-17\">Silicone\/EPDM\/NBR\/Viton\/Teflon<\/div>\n<\/td>\n<td>\n<div class=\"magic-20\">Silicone\/EPDM\/NBR\/Viton\/Teflon<\/div>\n<\/td>\n<td>\n<div class=\"magic-21\">Silicone\/EPDM\/NBR\/Viton\/Teflon<\/div>\n<\/td>\n<\/tr>\n<tr>\n<td>\n<div class=\"magic-17\">\u00c1rea de filtragem efectiva<\/div>\n<\/td>\n<td>\n<div class=\"magic-18\">0.4-0.7m\u00b2;<\/div>\n<\/td>\n<td>\n<div class=\"magic-19\">\u22655m\u00b2;<\/div>\n<\/td>\n<td>\n<div class=\"magic-17\">\u22650.72m\u00b2;<\/div>\n<\/td>\n<td>\n<div class=\"magic-20\">\u22650.6m\u00b2;<\/div>\n<\/td>\n<td>\n<div class=\"magic-21\">\u22650.72m\u00b2;<\/div>\n<\/td>\n<\/tr>\n<tr>\n<td>\n<div class=\"magic-17\">Diferen\u00e7a de press\u00e3o m\u00e1xima de funcionamento<\/div>\n<\/td>\n<td>\n<div class=\"magic-18\">0,42Mpa a 25\u00baC<\/div>\n<\/td>\n<td>\n<div class=\"magic-19\">0,42Mpa a 25\u00baC<\/div>\n<\/td>\n<td>\n<div class=\"magic-17\">0,42Mpa a 25\u00baC<\/div>\n<\/td>\n<td>\n<div class=\"magic-20\">0,42Mpa a 25\u00baC<\/div>\n<\/td>\n<td>\n<div class=\"magic-21\">0,42Mpa a 25\u00baC<\/div>\n<\/td>\n<\/tr>\n<tr>\n<td>\n<div class=\"magic-17\">Contrapress\u00e3o m\u00e1xima<\/div>\n<\/td>\n<td>\n<div class=\"magic-18\">0,28Mpa a 60\u00baC<\/div>\n<\/td>\n<td>\n<div class=\"magic-19\">0,21Mpa a 25\u00baC<\/div>\n<\/td>\n<td>\n<div class=\"magic-17\">0,35Mpa a 60\u00baC<\/div>\n<\/td>\n<td>\n<div class=\"magic-20\">0,35Mpa a 25\u00baC<\/div>\n<\/td>\n<td>\n<div class=\"magic-21\">0,21Mpa a 25\u00baC<\/div>\n<\/td>\n<\/tr>\n<tr>\n<td>\n<div class=\"magic-17\">Temperatura m\u00e1xima de funcionamento<\/div>\n<\/td>\n<td>\n<div class=\"magic-18\">88\u00baC a 0,28Mpa, 60\u00baC a 0,42Mpa<\/div>\n<\/td>\n<td>\n<div class=\"magic-19\">140\u00baC a 0,28Mpa<\/div>\n<\/td>\n<td>\n<div class=\"magic-17\">142\u00baC a 0,276Mpa<\/div>\n<\/td>\n<td>\n<div class=\"magic-20\">49\u00baC a 0,21Mpa<\/div>\n<\/td>\n<td>\n<div class=\"magic-21\">80\u00baC a 0,173Mpa<\/div>\n<\/td>\n<\/tr>\n<tr>\n<td>\n<div class=\"magic-17\">Temperatura de esteriliza\u00e7\u00e3o<\/div>\n<\/td>\n<td>\n<div class=\"magic-18\">121\u2103, 30mins<\/div>\n<\/td>\n<td>\n<div class=\"magic-19\">121\u2103, 30mins<\/div>\n<\/td>\n<td>\n<div class=\"magic-17\">121\u2103, 30mins<\/div>\n<\/td>\n<td>\n<div class=\"magic-20\">121\u2103, 30mins<\/div>\n<\/td>\n<td>\n<div class=\"magic-21\">121\u2103, 30mins<\/div>\n<\/td>\n<\/tr>\n<\/tbody>\n<\/table>\n<\/div>\n<\/div>\n<div class=\"magic-0\" data-section=\"AliMagic-3su540\" data-section-title=\"Application\"><\/div>\n<div id=\"ali-anchor-AliMagic-3su540\" class=\"magic-0\" data-section=\"AliMagic-3su540\" data-section-title=\"Application\"><strong>Aplica\u00e7\u00e3o<\/strong><\/div>\n<div class=\"magic-0\" data-section=\"AliMagic-3su540\" data-section-title=\"Application\"><\/div>\n<div class=\"detail-decorate-json-renderer-container\">\n<div class=\"magic-4\">\n<div class=\"magic-8\">\n<div class=\"magic-9\">\n<div class=\"magic-10\">\n<p class=\"magic-11\">1. Ind\u00fastria eletr\u00f3nica: Pr\u00e9-filtragem do sistema de \u00e1gua de osmose inversa RO, pr\u00e9-filtragem do sistema de \u00e1gua desionizada.<br \/>\n2. Ind\u00fastria alimentar: filtragem de bebidas, cerveja e \u00e1gua mineral.<br \/>\n3. Ind\u00fastria qu\u00edmica: filtra\u00e7\u00e3o de solventes org\u00e2nicos e tintas.<br \/>\n4. Ind\u00fastria farmac\u00eautica: filtra\u00e7\u00e3o de produtos farmac\u00eauticos, biol\u00f3gicos, produtos de soro, ar comprimido e g\u00e1s.<br \/>\n5. Outros: filtragem de solu\u00e7\u00f5es de galvaniza\u00e7\u00e3o, fluidos de processo, material fotorresistente e meios magn\u00e9ticos<\/p>\n<\/div>\n<\/div>\n<\/div>\n<\/div>\n<\/div>\n<\/div>\n<\/div>","protected":false},"excerpt":{"rendered":"<table>\n<thead>\n<tr>\n<th>item<\/th>\n<th>pormenores<\/th>\n<\/tr>\n<\/thead>\n<tbody>\n<tr>\n<td>porta de arranque<\/td>\n<td>guangzhou<\/td>\n<\/tr>\n<tr>\n<td>capacidade de produ\u00e7\u00e3o<\/td>\n<td>10000 unidades\/m\u00eas<\/td>\n<\/tr>\n<tr>\n<td>local de origem<\/td>\n<td>guangdong, china<\/td>\n<\/tr>\n<tr>\n<td>pagamento<\/td>\n<td>t\/t, uni\u00e3o ocidental, garantia de com\u00e9rcio de alibaba<\/td>\n<\/tr>\n<tr>\n<td>moq<\/td>\n<td>1 unidade<\/td>\n<\/tr>\n<tr>\n<td>modelo<\/td>\n<td>ly-hfpl-7<\/td>\n<\/tr>\n<tr>\n<td>prazo de entrega<\/td>\n<td>no prazo de 7 dias \u00fateis<\/td>\n<\/tr>\n<tr>\n<td>certifica\u00e7\u00e3o<\/td>\n<td>iso 9001<\/td>\n<\/tr>\n<tr>\n<td>marca<\/td>\n<td>oem\/lvyuan<\/td>\n<\/tr>\n<\/tbody>\n<\/table>","protected":false},"featured_media":2204,"comment_status":"open","ping_status":"closed","template":"","meta":{"_gspb_post_css":""},"product_brand":[],"product_cat":[17,21],"product_tag":[939,261,262,260,278,282],"class_list":{"0":"post-2194","1":"product","2":"type-product","3":"status-publish","4":"has-post-thumbnail","6":"product_cat-sediment-filter","7":"product_cat-pleated-filter-cartridge","8":"product_tag-1-pcs-moq","9":"product_tag-guangdong-china","10":"product_tag-guangzhou-port","11":"product_tag-iso-9001","12":"product_tag-ly-hfpl-7","13":"product_tag-oem-lvyuan","15":"first","16":"instock","17":"shipping-taxable","18":"product-type-simple"},"_links":{"self":[{"href":"https:\/\/lyfilter.com\/pt\/wp-json\/wp\/v2\/product\/2194","targetHints":{"allow":["GET"]}}],"collection":[{"href":"https:\/\/lyfilter.com\/pt\/wp-json\/wp\/v2\/product"}],"about":[{"href":"https:\/\/lyfilter.com\/pt\/wp-json\/wp\/v2\/types\/product"}],"replies":[{"embeddable":true,"href":"https:\/\/lyfilter.com\/pt\/wp-json\/wp\/v2\/comments?post=2194"}],"wp:featuredmedia":[{"embeddable":true,"href":"https:\/\/lyfilter.com\/pt\/wp-json\/wp\/v2\/media\/2204"}],"wp:attachment":[{"href":"https:\/\/lyfilter.com\/pt\/wp-json\/wp\/v2\/media?parent=2194"}],"wp:term":[{"taxonomy":"product_brand","embeddable":true,"href":"https:\/\/lyfilter.com\/pt\/wp-json\/wp\/v2\/product_brand?post=2194"},{"taxonomy":"product_cat","embeddable":true,"href":"https:\/\/lyfilter.com\/pt\/wp-json\/wp\/v2\/product_cat?post=2194"},{"taxonomy":"product_tag","embeddable":true,"href":"https:\/\/lyfilter.com\/pt\/wp-json\/wp\/v2\/product_tag?post=2194"}],"curies":[{"name":"wp","href":"https:\/\/api.w.org\/{rel}","templated":true}]}}