{"id":2190,"date":"2026-01-06T09:40:03","date_gmt":"2026-01-06T09:40:03","guid":{"rendered":"https:\/\/lyfilter.com\/?post_type=product&#038;p=2190"},"modified":"2026-01-06T09:46:57","modified_gmt":"2026-01-06T09:46:57","slug":"hydrophilic-porous-membrane-filter-ptfe-water-filter","status":"publish","type":"product","link":"https:\/\/lyfilter.com\/pt\/hydrophilic-porous-membrane-filter-ptfe-water-filter\/","title":{"rendered":"Filtro de membrana porosa hidrof\u00edlica Filtro de \u00e1gua PTFE"},"content":{"rendered":"<p>Filtro de membrana porosa hidrof\u00edlica Filtro de \u00e1gua PTFE<\/p>\n<p>O cartucho de filtro plissado de polipropileno ou cartucho de filtro PP \u00e9 constru\u00eddo com um meio de polipropileno de elevada \u00e1rea de superf\u00edcie (membrana microporosa PP) para uma baixa queda de press\u00e3o inicial e uma elevada capacidade de reten\u00e7\u00e3o de sujidade. Os cartuchos de filtro s\u00e3o constru\u00eddos com uma gaiola moldada para trabalhos pesados, o que lhes permite suportar uma elevada queda de press\u00e3o.<\/p>\n<p>&nbsp;<\/p>\n<p>&nbsp;<\/p>\n<div class=\"table-responsive\">\n<table width=\"475\" cellspacing=\"0\" cellpadding=\"0\">\n<colgroup>\n<col \/>\n<col \/><\/colgroup>\n<tbody>\n<tr class=\"firstRow\">\n<td width=\"152\" height=\"39\">Sectores aplic\u00e1veis<\/td>\n<td width=\"323\">Hot\u00e9is, lojas de materiais de constru\u00e7\u00e3o, uso dom\u00e9stico, com\u00e9rcio, obras de constru\u00e7\u00e3o<\/td>\n<\/tr>\n<tr>\n<td width=\"152\" height=\"20\">Tamanho<\/td>\n<td width=\"323\">10 polegadas<\/td>\n<\/tr>\n<tr>\n<td width=\"152\" height=\"20\">Nome do produto<\/td>\n<td width=\"323\">Cartucho de filtro de \u00e1gua plissado<\/td>\n<\/tr>\n<tr>\n<td width=\"152\" height=\"20\">Tipo<\/td>\n<td width=\"323\">Condicionador (Purificador de \u00e1gua)<\/td>\n<\/tr>\n<tr>\n<td width=\"152\" height=\"20\">Material<\/td>\n<td width=\"323\">PP;PES;PVDF<\/td>\n<\/tr>\n<tr>\n<td width=\"152\" height=\"20\">Taxa de microns<\/td>\n<td width=\"323\">0,2-100 m\u00edcrones<\/td>\n<\/tr>\n<tr>\n<td width=\"152\" height=\"20\">Aplica\u00e7\u00e3o<\/td>\n<td width=\"323\">Tratamento de \u00e1gua para uso dom\u00e9stico<\/td>\n<\/tr>\n<\/tbody>\n<\/table>\n<\/div>\n<p><strong>Carater\u00edsticas<\/strong><\/p>\n<p>1 Classifica\u00e7\u00f5es micr\u00f3nicas de 1 a 100 \u03bcm - vasta gama de aplica\u00e7\u00f5es<\/p>\n<p>2 Constru\u00e7\u00e3o em polipropileno - inerte a muitos fluidos de processo (elevada compatibilidade qu\u00edmica)<\/p>\n<p>3 V\u00e1rios materiais de juntas\/an\u00e9is de veda\u00e7\u00e3o \u00e0 sua escolha para satisfazer as suas diferentes necessidades<\/p>\n<p>4 Gaiola moldada para servi\u00e7o pesado - elevada resist\u00eancia estrutural<\/p>\n<p>5 Constru\u00e7\u00e3o termicamente soldada.<\/p>\n<p>6 A membrana microporosa PP proporciona um elevado desempenho de filtra\u00e7\u00e3o e uma longa vida \u00fatil<\/p>\n<p>A nossa equipa<\/p>\n<p><img decoding=\"async\" src=\"https:\/\/img.yfisher.com\/m6076\/17257325525aj\/jpg70-t3-scale100.webp\" alt=\"Filtro de membrana porosa hidrof\u00edlica Filtro de \u00e1gua PTFE 4\" data-lazy=\"2\" title=\"\"><\/p>\n<p>Estamos dispon\u00edveis 24 horas por dia, contacte-nos info@lyfilter.com<\/p>","protected":false},"excerpt":{"rendered":"<table>\n<thead>\n<tr>\n<th>item<\/th>\n<th>pormenores<\/th>\n<\/tr>\n<\/thead>\n<tbody>\n<tr>\n<td>porta de arranque<\/td>\n<td>guangzhou<\/td>\n<\/tr>\n<tr>\n<td>capacidade de produ\u00e7\u00e3o<\/td>\n<td>10000 unidades\/m\u00eas<\/td>\n<\/tr>\n<tr>\n<td>local de origem<\/td>\n<td>guangdong, china<\/td>\n<\/tr>\n<tr>\n<td>pagamento<\/td>\n<td>t\/t, uni\u00e3o ocidental, garantia de com\u00e9rcio de alibaba<\/td>\n<\/tr>\n<tr>\n<td>moq<\/td>\n<td>1 unidade<\/td>\n<\/tr>\n<tr>\n<td>modelo<\/td>\n<td>ly-hfpl-7<\/td>\n<\/tr>\n<tr>\n<td>prazo de entrega<\/td>\n<td>no prazo de 7 dias \u00fateis<\/td>\n<\/tr>\n<tr>\n<td>certifica\u00e7\u00e3o<\/td>\n<td>iso 9001<\/td>\n<\/tr>\n<tr>\n<td>marca<\/td>\n<td>oem\/lvyuan<\/td>\n<\/tr>\n<\/tbody>\n<\/table>","protected":false},"featured_media":2193,"comment_status":"open","ping_status":"closed","template":"","meta":{"_gspb_post_css":""},"product_brand":[],"product_cat":[17,22],"product_tag":[939,261,262,260,278,282],"class_list":{"0":"post-2190","1":"product","2":"type-product","3":"status-publish","4":"has-post-thumbnail","6":"product_cat-sediment-filter","7":"product_cat-sintered-filter-cartridge","8":"product_tag-1-pcs-moq","9":"product_tag-guangdong-china","10":"product_tag-guangzhou-port","11":"product_tag-iso-9001","12":"product_tag-ly-hfpl-7","13":"product_tag-oem-lvyuan","15":"first","16":"instock","17":"shipping-taxable","18":"product-type-simple"},"_links":{"self":[{"href":"https:\/\/lyfilter.com\/pt\/wp-json\/wp\/v2\/product\/2190","targetHints":{"allow":["GET"]}}],"collection":[{"href":"https:\/\/lyfilter.com\/pt\/wp-json\/wp\/v2\/product"}],"about":[{"href":"https:\/\/lyfilter.com\/pt\/wp-json\/wp\/v2\/types\/product"}],"replies":[{"embeddable":true,"href":"https:\/\/lyfilter.com\/pt\/wp-json\/wp\/v2\/comments?post=2190"}],"wp:featuredmedia":[{"embeddable":true,"href":"https:\/\/lyfilter.com\/pt\/wp-json\/wp\/v2\/media\/2193"}],"wp:attachment":[{"href":"https:\/\/lyfilter.com\/pt\/wp-json\/wp\/v2\/media?parent=2190"}],"wp:term":[{"taxonomy":"product_brand","embeddable":true,"href":"https:\/\/lyfilter.com\/pt\/wp-json\/wp\/v2\/product_brand?post=2190"},{"taxonomy":"product_cat","embeddable":true,"href":"https:\/\/lyfilter.com\/pt\/wp-json\/wp\/v2\/product_cat?post=2190"},{"taxonomy":"product_tag","embeddable":true,"href":"https:\/\/lyfilter.com\/pt\/wp-json\/wp\/v2\/product_tag?post=2190"}],"curies":[{"name":"wp","href":"https:\/\/api.w.org\/{rel}","templated":true}]}}