{"id":2188,"date":"2026-01-06T09:35:42","date_gmt":"2026-01-06T09:35:42","guid":{"rendered":"https:\/\/lyfilter.com\/?post_type=product&#038;p=2188"},"modified":"2026-01-06T09:50:53","modified_gmt":"2026-01-06T09:50:53","slug":"microporous-membrane-filter-222-fin-10mm-polyethylene-filters","status":"publish","type":"product","link":"https:\/\/lyfilter.com\/pt\/microporous-membrane-filter-222-fin-10mm-polyethylene-filters\/","title":{"rendered":"Filtro de Membrana Microporosa 222 Fin 10mm Filtros de Polietileno"},"content":{"rendered":"<div class=\"unit-detail-html-tabs__content-attr\">\n<div class=\"unit-product-attrparam\">\n<div class=\"unit-product-attrparam__items row\">\n<div class=\"col-12 col-md-6\">\n<div class=\"unit-product-attrparam__item\"><\/div>\n<\/div>\n<\/div>\n<\/div>\n<\/div>\n<div class=\"unit-detail-html-tabs__content-featuresAttr\">O elemento filtrante sinterizado \u00e9 feito de uma variedade de materiais compostos atrav\u00e9s de um processo especial. Tem carater\u00edsticas hidrof\u00edlicas. Pode n\u00e3o s\u00f3 filtrar as impurezas mec\u00e2nicas no meio, mas tamb\u00e9m atrav\u00e9s da desemulsifica\u00e7\u00e3o e coalesc\u00eancia, de modo a que a \u00e1gua no estado emulsionado possa ser removida do meio. O elemento filtrante \u00e9 separado e coalescido em got\u00edculas de \u00e1gua coaxiais para facilitar a purifica\u00e7\u00e3o adicional do meio.<\/div>\n<div class=\"unit-detail-html-tabs__content-html\">\n<p>O elemento filtrante coalescente de fibra de vidro \u00e9 uma fibra de vidro de gradiente de alta densidade, que coalesce eficazmente a n\u00e9voa l\u00edquida e a transforma\u00e7\u00e3o no fluxo de ar, e tem uma elevada precis\u00e3o de filtragem. A estrutura \u00e9 est\u00e1vel, n\u00e3o h\u00e1 deslocamento da fibra do meio, e n\u00e3o causar\u00e1 polui\u00e7\u00e3o ao meio ambiente e aos produtos a jusante. Boa compatibilidade, boa prote\u00e7\u00e3o ambiental, materiais sint\u00e9ticos, combust\u00e3o completa sem res\u00edduos.<\/p>\n<p><img decoding=\"async\" src=\"https:\/\/img.yfisher.com\/m6076\/1725732550toi\/png70-t3-scale100.webp\" alt=\"Filtro de Membrana Microporosa 222 Fin 10mm Filtros de Polietileno 4\" data-lazy=\"2\" title=\"\"><\/p>\n<p>Somos uma empresa profissional de fabrico e venda de elementos filtrantes de substitui\u00e7\u00e3o e de caixas de filtro em a\u00e7o inoxid\u00e1vel. Fornecemos servi\u00e7o de personaliza\u00e7\u00e3o OEM para atender \u00e0s necessidades de diferentes clientes, para aceitar a personaliza\u00e7\u00e3o de diferentes tamanhos para elementos de filtro, carca\u00e7a de filtro de cartucho e carca\u00e7a de filtro de saco. Exportamos para mais de centenas de pa\u00edses, Europa, M\u00e9dio Oriente, Sudeste Asi\u00e1tico, Am\u00e9rica do Sudeste, Am\u00e9rica do Norte, etc. A nossa tecnologia e servi\u00e7o t\u00eam sido universalmente reconhecidos pelos clientes. Contactar-nos: Info@lyfilter.com<\/p>\n<\/div>","protected":false},"excerpt":{"rendered":"<table>\n<thead>\n<tr>\n<th>item<\/th>\n<th>pormenores<\/th>\n<\/tr>\n<\/thead>\n<tbody>\n<tr>\n<td>porta de arranque<\/td>\n<td>guangzhou<\/td>\n<\/tr>\n<tr>\n<td>capacidade de produ\u00e7\u00e3o<\/td>\n<td>10000 unidades\/m\u00eas<\/td>\n<\/tr>\n<tr>\n<td>local de origem<\/td>\n<td>guangdong, china<\/td>\n<\/tr>\n<tr>\n<td>pagamento<\/td>\n<td>t\/t, western union, garantia comercial alibaba, paypal<\/td>\n<\/tr>\n<tr>\n<td>modelo<\/td>\n<td>ly-hfpl-7<\/td>\n<\/tr>\n<tr>\n<td>prazo de entrega<\/td>\n<td>no prazo de 7 dias \u00fateis<\/td>\n<\/tr>\n<tr>\n<td>certifica\u00e7\u00e3o<\/td>\n<td>iso 9001<\/td>\n<\/tr>\n<tr>\n<td>marca<\/td>\n<td>oem\/lvyuan<\/td>\n<\/tr>\n<\/tbody>\n<\/table>","protected":false},"featured_media":2191,"comment_status":"open","ping_status":"closed","template":"","meta":{"_gspb_post_css":""},"product_brand":[],"product_cat":[17,22],"product_tag":[284,261,262,260,278,282],"class_list":{"0":"post-2188","1":"product","2":"type-product","3":"status-publish","4":"has-post-thumbnail","6":"product_cat-sediment-filter","7":"product_cat-sintered-filter-cartridge","8":"product_tag-7-working-days-delivery","9":"product_tag-guangdong-china","10":"product_tag-guangzhou-port","11":"product_tag-iso-9001","12":"product_tag-ly-hfpl-7","13":"product_tag-oem-lvyuan","15":"first","16":"instock","17":"shipping-taxable","18":"product-type-simple"},"_links":{"self":[{"href":"https:\/\/lyfilter.com\/pt\/wp-json\/wp\/v2\/product\/2188","targetHints":{"allow":["GET"]}}],"collection":[{"href":"https:\/\/lyfilter.com\/pt\/wp-json\/wp\/v2\/product"}],"about":[{"href":"https:\/\/lyfilter.com\/pt\/wp-json\/wp\/v2\/types\/product"}],"replies":[{"embeddable":true,"href":"https:\/\/lyfilter.com\/pt\/wp-json\/wp\/v2\/comments?post=2188"}],"wp:featuredmedia":[{"embeddable":true,"href":"https:\/\/lyfilter.com\/pt\/wp-json\/wp\/v2\/media\/2191"}],"wp:attachment":[{"href":"https:\/\/lyfilter.com\/pt\/wp-json\/wp\/v2\/media?parent=2188"}],"wp:term":[{"taxonomy":"product_brand","embeddable":true,"href":"https:\/\/lyfilter.com\/pt\/wp-json\/wp\/v2\/product_brand?post=2188"},{"taxonomy":"product_cat","embeddable":true,"href":"https:\/\/lyfilter.com\/pt\/wp-json\/wp\/v2\/product_cat?post=2188"},{"taxonomy":"product_tag","embeddable":true,"href":"https:\/\/lyfilter.com\/pt\/wp-json\/wp\/v2\/product_tag?post=2188"}],"curies":[{"name":"wp","href":"https:\/\/api.w.org\/{rel}","templated":true}]}}