{"id":2186,"date":"2026-01-06T09:08:15","date_gmt":"2026-01-06T09:08:15","guid":{"rendered":"https:\/\/lyfilter.com\/?post_type=product&#038;p=2186"},"modified":"2026-01-06T09:55:13","modified_gmt":"2026-01-06T09:55:13","slug":"factory-oem-white-porous-filter-disc-for-filtration-industrial","status":"publish","type":"product","link":"https:\/\/lyfilter.com\/pt\/factory-oem-white-porous-filter-disc-for-filtration-industrial\/","title":{"rendered":"Disco de filtro poroso branco OEM de f\u00e1brica para filtra\u00e7\u00e3o industrial"},"content":{"rendered":"<table>\n<thead>\n<tr>\n<th>item<\/th>\n<th>pormenores<\/th>\n<\/tr>\n<\/thead>\n<tbody>\n<tr>\n<td>material<\/td>\n<td>pe<\/td>\n<\/tr>\n<tr>\n<td>disponibilidade<\/td>\n<td>de origem<\/td>\n<\/tr>\n<\/tbody>\n<\/table>\n<p>Disco de filtro poroso branco OEM de f\u00e1brica para filtra\u00e7\u00e3o industrial<\/p>\n<p>O PE\u00a0<a href=\"https:\/\/lyfilter.com\/pt\/products.html\/\">elemento filtrante<\/a>\u00a0tem uma distribui\u00e7\u00e3o uniforme do tamanho dos poros, forte resist\u00eancia a \u00e1cidos e \u00e1lcalis, resist\u00eancia a altas temperaturas, boas propriedades mec\u00e2nicas e forte resist\u00eancia a solventes org\u00e2nicos. A produ\u00e7\u00e3o de equipamento de tratamento de \u00e1gua em grande escala pode adotar o m\u00e9todo de remo\u00e7\u00e3o de esc\u00f3rias por refluxo autom\u00e1tico ou manual, as part\u00edculas s\u00f3lidas podem ser recuperadas por remo\u00e7\u00e3o de esc\u00f3rias secas, sem substitui\u00e7\u00e3o frequente de elementos filtrantes, funcionamento autom\u00e1tico, baixo custo de filtra\u00e7\u00e3o e outras vantagens, que s\u00e3o bem recebidas pelos utilizadores.<\/p>\n<p><img decoding=\"async\" src=\"https:\/\/img.yfisher.com\/m6076\/1725732549x15\/png70-t3-scale100.webp\" alt=\"Disco de filtro poroso branco OEM de f\u00e1brica para filtra\u00e7\u00e3o industrial 2\" data-lazy=\"2\" title=\"\"><\/p>\n<p><img decoding=\"async\" src=\"https:\/\/img.yfisher.com\/m6076\/1725732549vtb\/png70-t3-scale100.webp\" alt=\"Disco de filtro poroso branco OEM de f\u00e1brica para filtra\u00e7\u00e3o industrial 3\" data-lazy=\"2\" title=\"\"><\/p>\n<p>FAQ<\/p>\n<p>Resposta: Normalmente \u00e9 necess\u00e1rio MOQ aqui, mas temos um vasto stock de produtos, pode fazer uma encomenda experimental. Podemos fornecer para si.<\/p>\n<p>O tempo est\u00e1 dependente da sua quantidade;<\/p>\n<p>Q2: Posso obter uma amostra antes de fazer a encomenda formal?<\/p>\n<p>Resposta: Sim. Podemos apoiar-lhe amostras gr\u00e1tis para verificar a nossa qualidade, mas o frete tem de ser cobrado, se tiver conta expresso,<\/p>\n<p>tamb\u00e9m podemos utilizar a sua conta para lhe enviar as nossas amostras.<\/p>\n<p>Q3: Sou um pequeno grossista, aceitam encomendas pequenas?<\/p>\n<p>R: N\u00e3o h\u00e1 problema se for um pequeno grossista, gostar\u00edamos de crescer consigo.<\/p>\n<p>Q4: Posso acrescentar o meu log\u00f3tipo nos produtos m\u00e9dicos?<\/p>\n<p>A: Sim, OEM e ODM est\u00e3o dispon\u00edveis para n\u00f3s.<\/p>","protected":false},"excerpt":{"rendered":"<table>\n<thead>\n<tr>\n<th>item<\/th>\n<th>pormenores<\/th>\n<\/tr>\n<\/thead>\n<tbody>\n<tr>\n<td>modelo<\/td>\n<td>ly-hfpl-7<\/td>\n<\/tr>\n<tr>\n<td>local de origem<\/td>\n<td>guangdong, china<\/td>\n<\/tr>\n<tr>\n<td>porta de arranque<\/td>\n<td>guangzhou<\/td>\n<\/tr>\n<tr>\n<td>capacidade de produ\u00e7\u00e3o<\/td>\n<td>10.000 unidades\/m\u00eas<\/td>\n<\/tr>\n<tr>\n<td>moq<\/td>\n<td>1 unidade<\/td>\n<\/tr>\n<tr>\n<td>prazo de entrega<\/td>\n<td>no prazo de 7 dias \u00fateis<\/td>\n<\/tr>\n<tr>\n<td>certifica\u00e7\u00e3o<\/td>\n<td>iso 9001<\/td>\n<\/tr>\n<tr>\n<td>pagamento<\/td>\n<td>t\/t; garantia comercial alibaba; paypal<\/td>\n<\/tr>\n<\/tbody>\n<\/table>","protected":false},"featured_media":2189,"comment_status":"open","ping_status":"closed","template":"","meta":{"_gspb_post_css":""},"product_brand":[],"product_cat":[17,22],"product_tag":[284,286,936,938,285,935],"class_list":{"0":"post-2186","1":"product","2":"type-product","3":"status-publish","4":"has-post-thumbnail","6":"product_cat-sediment-filter","7":"product_cat-sintered-filter-cartridge","8":"product_tag-7-working-days-delivery","9":"product_tag-guangzhou-start-port","10":"product_tag-iso-9001-certified","11":"product_tag-ly-hfpl-7-filter-element","12":"product_tag-moq-1-pcs","13":"product_tag-oem-filter-element-supplier","15":"first","16":"instock","17":"shipping-taxable","18":"product-type-simple"},"_links":{"self":[{"href":"https:\/\/lyfilter.com\/pt\/wp-json\/wp\/v2\/product\/2186","targetHints":{"allow":["GET"]}}],"collection":[{"href":"https:\/\/lyfilter.com\/pt\/wp-json\/wp\/v2\/product"}],"about":[{"href":"https:\/\/lyfilter.com\/pt\/wp-json\/wp\/v2\/types\/product"}],"replies":[{"embeddable":true,"href":"https:\/\/lyfilter.com\/pt\/wp-json\/wp\/v2\/comments?post=2186"}],"wp:featuredmedia":[{"embeddable":true,"href":"https:\/\/lyfilter.com\/pt\/wp-json\/wp\/v2\/media\/2189"}],"wp:attachment":[{"href":"https:\/\/lyfilter.com\/pt\/wp-json\/wp\/v2\/media?parent=2186"}],"wp:term":[{"taxonomy":"product_brand","embeddable":true,"href":"https:\/\/lyfilter.com\/pt\/wp-json\/wp\/v2\/product_brand?post=2186"},{"taxonomy":"product_cat","embeddable":true,"href":"https:\/\/lyfilter.com\/pt\/wp-json\/wp\/v2\/product_cat?post=2186"},{"taxonomy":"product_tag","embeddable":true,"href":"https:\/\/lyfilter.com\/pt\/wp-json\/wp\/v2\/product_tag?post=2186"}],"curies":[{"name":"wp","href":"https:\/\/api.w.org\/{rel}","templated":true}]}}