{"id":2184,"date":"2026-01-06T09:06:08","date_gmt":"2026-01-06T09:06:08","guid":{"rendered":"https:\/\/lyfilter.com\/?post_type=product&#038;p=2184"},"modified":"2026-01-06T09:57:07","modified_gmt":"2026-01-06T09:57:07","slug":"frited-filter-discs-porous-discs-for-use-in-fabrication-of-special-glass","status":"publish","type":"product","link":"https:\/\/lyfilter.com\/pt\/frited-filter-discs-porous-discs-for-use-in-fabrication-of-special-glass\/","title":{"rendered":"Discos de filtragem FRITED Discos porosos para utiliza\u00e7\u00e3o no fabrico de vidro especial"},"content":{"rendered":"<div class=\"unit-detail-html-tabs__content-attr\">\n<div class=\"unit-product-attrparam\">\n<div class=\"unit-product-attrparam__items row\">\n<div class=\"col-12 col-md-6\">\n<div class=\"unit-product-attrparam__item\">\n<div class=\"unit-product-attrparam__label\">Material:pe<\/div>\n<\/div>\n<\/div>\n<div class=\"col-12 col-md-6\">\n<div class=\"unit-product-attrparam__item\">\n<div class=\"unit-product-attrparam__label\">Disponibilidade:OEM<\/div>\n<\/div>\n<\/div>\n<\/div>\n<\/div>\n<\/div>\n<div class=\"unit-detail-html-tabs__content-featuresAttr\"><\/div>\n<div class=\"unit-detail-html-tabs__content-html\">\n<p>Discos de filtragem FRITED Discos porosos para utiliza\u00e7\u00e3o no fabrico de vidro especial<\/p>\n<p><img decoding=\"async\" src=\"https:\/\/img.yfisher.com\/m6076\/1725732548xrf\/jpg70-t3-scale100.webp\" alt=\"Discos de filtragem FRITED Discos porosos para utiliza\u00e7\u00e3o no fabrico de vidro especial 2\" data-lazy=\"2\" title=\"\"><\/p>\n<p><img decoding=\"async\" src=\"https:\/\/img.yfisher.com\/m6076\/1725732548f7l\/jpg70-t3-scale100.webp\" alt=\"Discos de filtragem FRITED Discos porosos para utiliza\u00e7\u00e3o no fabrico de vidro especial 3\" data-lazy=\"2\" title=\"\"><\/p>\n<p>M\u00e9dico e farmac\u00eautico<\/p>\n<p>1. Remo\u00e7\u00e3o de impurezas, descarboniza\u00e7\u00e3o e filtragem fina. 2. Dedu\u00e7\u00e3o a seco de g\u00e1s \u00e1cido 3. Filtragem de descarboniza\u00e7\u00e3o 4. Filtros auto-selantes em saco de revestimento de suc\u00e7\u00e3o<\/p>\n<p>Alimenta\u00e7\u00e3o e bebidas<\/p>\n<p>1. Filtra\u00e7\u00e3o da levedura restante e da terra de diatom\u00e1ceas 2. Filtra\u00e7\u00e3o de clarifica\u00e7\u00e3o em bebidas 3. Filtra\u00e7\u00e3o de \u00e1gua em bebidas e cervejarias 4. Filtra\u00e7\u00e3o de ar est\u00e9ril em cerveja e cervejaria<\/p>\n<p>Petr\u00f3leo e g\u00e1s<\/p>\n<p>1. Filtra\u00e7\u00e3o de reciclagem de solventes org\u00e2nicos 2. Filtragem de \u00e1gua de inje\u00e7\u00e3o 3. Filtragem de vapor, ar comprimido e catalisador 4. Filtragem do produto final<\/p>\n<p>Qu\u00edmica<\/p>\n<p>1. Recupera\u00e7\u00e3o do catalisador 2. Descarboniza\u00e7\u00e3o interm\u00e9dia de medicamentos e filtra\u00e7\u00e3o fina 3. Filtra\u00e7\u00e3o do processo H2O2<\/p>\n<p>Tratamento da \u00e1gua<\/p>\n<p>1. Prote\u00e7\u00e3o da osmose inversa na dessaliniza\u00e7\u00e3o da \u00e1gua do mar 2. Filtra\u00e7\u00e3o est\u00e9ril por ozono e arejamento por ozono 3. Prote\u00e7\u00e3o de sistemas de ultrafiltra\u00e7\u00e3o, RO, EDI<\/p>\n<p>Ind\u00fastria<\/p>\n<p>1. Filtros em sistemas de an\u00e1lise de gases de combust\u00e3o e CEMS 2. Arejamento do ar 3. Silenciador e silenciador 4. Filtragem de ar comprimido 5. Filtros de instrumentos de metal poroso CMI<\/p>\n<p><img decoding=\"async\" src=\"https:\/\/img.yfisher.com\/m6076\/1725732548phi\/jpg70-t3-scale100.webp\" alt=\"Discos de filtragem FRITED Discos porosos para utiliza\u00e7\u00e3o no fabrico de vidro especial 4\" data-lazy=\"2\" title=\"\"><\/p>\n<\/div>","protected":false},"excerpt":{"rendered":"<table>\n<thead>\n<tr>\n<th>item<\/th>\n<th>pormenores<\/th>\n<\/tr>\n<\/thead>\n<tbody>\n<tr>\n<td>modelo<\/td>\n<td>ly-hfpl<\/td>\n<\/tr>\n<tr>\n<td>certifica\u00e7\u00e3o<\/td>\n<td>iso 9001<\/td>\n<\/tr>\n<tr>\n<td>porta de arranque<\/td>\n<td>guangzhou<\/td>\n<\/tr>\n<tr>\n<td>capacidade de produ\u00e7\u00e3o<\/td>\n<td>10.000 unidades\/m\u00eas<\/td>\n<\/tr>\n<tr>\n<td>moq<\/td>\n<td>1 unidade<\/td>\n<\/tr>\n<tr>\n<td>prazo de entrega<\/td>\n<td>no prazo de 7 dias \u00fateis<\/td>\n<\/tr>\n<tr>\n<td>pagamento<\/td>\n<td>t\/t; western union; garantia comercial alibaba<\/td>\n<\/tr>\n<\/tbody>\n<\/table>","protected":false},"featured_media":2187,"comment_status":"open","ping_status":"closed","template":"","meta":{"_gspb_post_css":""},"product_brand":[],"product_cat":[17,22],"product_tag":[937,284,936,926,285,935],"class_list":{"0":"post-2184","1":"product","2":"type-product","3":"status-publish","4":"has-post-thumbnail","6":"product_cat-sediment-filter","7":"product_cat-sintered-filter-cartridge","8":"product_tag-10000-units-per-month","9":"product_tag-7-working-days-delivery","10":"product_tag-iso-9001-certified","11":"product_tag-ly-hfpl-filter-element","12":"product_tag-moq-1-pcs","13":"product_tag-oem-filter-element-supplier","15":"first","16":"instock","17":"shipping-taxable","18":"product-type-simple"},"_links":{"self":[{"href":"https:\/\/lyfilter.com\/pt\/wp-json\/wp\/v2\/product\/2184","targetHints":{"allow":["GET"]}}],"collection":[{"href":"https:\/\/lyfilter.com\/pt\/wp-json\/wp\/v2\/product"}],"about":[{"href":"https:\/\/lyfilter.com\/pt\/wp-json\/wp\/v2\/types\/product"}],"replies":[{"embeddable":true,"href":"https:\/\/lyfilter.com\/pt\/wp-json\/wp\/v2\/comments?post=2184"}],"wp:featuredmedia":[{"embeddable":true,"href":"https:\/\/lyfilter.com\/pt\/wp-json\/wp\/v2\/media\/2187"}],"wp:attachment":[{"href":"https:\/\/lyfilter.com\/pt\/wp-json\/wp\/v2\/media?parent=2184"}],"wp:term":[{"taxonomy":"product_brand","embeddable":true,"href":"https:\/\/lyfilter.com\/pt\/wp-json\/wp\/v2\/product_brand?post=2184"},{"taxonomy":"product_cat","embeddable":true,"href":"https:\/\/lyfilter.com\/pt\/wp-json\/wp\/v2\/product_cat?post=2184"},{"taxonomy":"product_tag","embeddable":true,"href":"https:\/\/lyfilter.com\/pt\/wp-json\/wp\/v2\/product_tag?post=2184"}],"curies":[{"name":"wp","href":"https:\/\/api.w.org\/{rel}","templated":true}]}}