{"id":2181,"date":"2026-01-06T09:03:59","date_gmt":"2026-01-06T09:03:59","guid":{"rendered":"https:\/\/lyfilter.com\/?post_type=product&#038;p=2181"},"modified":"2026-01-06T09:03:59","modified_gmt":"2026-01-06T09:03:59","slug":"membrane-filter-222-fin-10mm-polyethylene-filters","status":"publish","type":"product","link":"https:\/\/lyfilter.com\/pt\/membrane-filter-222-fin-10mm-polyethylene-filters\/","title":{"rendered":"Filtro de Membrana 222 Fin 10mm Filtros de Polietileno"},"content":{"rendered":"<p>Filtro de Membrana 222 Fin 10mm Filtros de Polietileno<\/p>\n<p>&nbsp;<\/p>\n<div class=\"J_module\">\n<div class=\"detail-decorate-json-renderer-container\">\n<div class=\"magic-4\">\n<div class=\"magic-10\">\n<div class=\"magic-11\">\n<div class=\"magic-12\" data-id=\"paragraph0\">\n<p>O elemento filtrante sinterizado \u00e9 feito de uma variedade de materiais compostos atrav\u00e9s de um processo especial. Tem carater\u00edsticas hidrof\u00edlicas. Pode n\u00e3o s\u00f3 filtrar as impurezas mec\u00e2nicas no meio, mas tamb\u00e9m atrav\u00e9s da desemulsifica\u00e7\u00e3o e coalesc\u00eancia, de modo a que a \u00e1gua no estado emulsionado possa ser removida do meio. O elemento filtrante \u00e9 separado e coalescido em got\u00edculas de \u00e1gua coaxiais para facilitar a purifica\u00e7\u00e3o adicional do meio.<\/p>\n<p>&nbsp;<\/p>\n<\/div>\n<\/div>\n<\/div>\n<\/div>\n<\/div>\n<\/div>\n<div class=\"J_module\">\n<div class=\"icbu-pc-images magic-1\">\n<div class=\"flex-layout-h\">\n<div class=\"text-wrapper magic-15\">\n<div class=\"text-wrapper-left text-theme-light text-align-left\">\n<div class=\"text-title\" data-id=\"left-title\">\n<div class=\"table-responsive\">\n<table border=\"1\" width=\"293\" cellspacing=\"0\" cellpadding=\"0\" data-id=\"table0\">\n<colgroup>\n<col \/>\n<col \/><\/colgroup>\n<tbody>\n<tr class=\"firstRow\">\n<td height=\"21\">\n<div data-spm-anchor-id=\"a2700.details.pronpeci14.i0.3d7757d7z2aB2B\">Atributos<\/div>\n<\/td>\n<td>\n<div>Detalhes<\/div>\n<\/td>\n<\/tr>\n<tr>\n<td height=\"39\">\n<div>Local de origem<\/div>\n<\/td>\n<td>\n<div>Hebei,CHINA<\/div>\n<\/td>\n<\/tr>\n<tr>\n<td height=\"21\">\n<div>Estado<\/div>\n<\/td>\n<td>\n<div>NOVO<\/div>\n<\/td>\n<\/tr>\n<tr>\n<td height=\"21\">\n<div>Marca<\/div>\n<\/td>\n<td>\n<div>PEGAR<\/div>\n<\/td>\n<\/tr>\n<tr>\n<td height=\"21\">\n<div>Certificado<\/div>\n<\/td>\n<td>\n<div>ISO9001<\/div>\n<\/td>\n<\/tr>\n<tr>\n<td height=\"39\">\n<div>Embalagem<\/div>\n<\/td>\n<td>\n<div>Embalagem neutra<\/div>\n<\/td>\n<\/tr>\n<tr>\n<td height=\"39\">\n<div>Prazo de entrega<\/div>\n<\/td>\n<td>\n<div data-spm-anchor-id=\"a2700.details.pronpeci14.i1.3d7757d7z2aB2B\">7-15 dias<\/div>\n<\/td>\n<\/tr>\n<\/tbody>\n<\/table>\n<\/div>\n<h3 class=\"magic-16\">\u00a0<img decoding=\"async\" src=\"https:\/\/img.yfisher.com\/m6076\/17257325468ns\/png70-t3-scale100.webp\" alt=\"Filtro de Membrana 222 Fin 10mm Filtros de Polietileno 2\" data-lazy=\"2\" title=\"\"><\/h3>\n<\/div>\n<\/div>\n<\/div>\n<\/div>\n<\/div>\n<\/div>\n<p>&nbsp;<\/p>\n<div class=\"J_module\">\n<div class=\"ife-detail-decorate-table\">\n<div class=\"table-responsive\"><\/div>\n<\/div>\n<\/div>\n<div class=\"J_module\">\n<div id=\"ali-anchor-AliMagic-unme00\" class=\"magic-0\" data-section=\"AliMagic-unme00\" data-section-title=\"Application\"><strong>Aplica\u00e7\u00e3o<\/strong><\/div>\n<\/div>\n<div class=\"J_module\">\n<div class=\"detail-decorate-json-renderer-container\">\n<div class=\"magic-4\">\n<div class=\"magic-10\">\n<div class=\"magic-11\">\n<div class=\"magic-12\">\n<p class=\"magic-13\">(1)Grande infus\u00e3o de \u00e1gua, filtra\u00e7\u00e3o de descarboniza\u00e7\u00e3o de intermedi\u00e1rios farmac\u00eauticos; caldo de fermenta\u00e7\u00e3o, l\u00edquido oral<br \/>\n(2) Carv\u00e3o ativado em p\u00f3 com filtro de descolora\u00e7\u00e3o (glucose l\u00edquida medicinal, antibi\u00f3ticos, medicina sint\u00e9tica, prepara\u00e7\u00e3o, l\u00edquido de medicina herbal chinesa, etc.)<br \/>\n(3)L\u00edquido de inje\u00e7\u00e3o<br \/>\n(4)Filtro de ar de inje\u00e7\u00e3o<br \/>\n(5)Inje\u00e7\u00e3o de \u00e1gua da garrafa de lavagem<br \/>\n(6)Filtragem de licores m\u00e9dicos<\/p>\n<\/div>\n<\/div>\n<\/div>\n<\/div>\n<\/div>\n<\/div>\n<p>Guangzhou Lvyuan Water Purification Equipment Co., Ltd. \u00e9 um dos fabricantes profissionais de produtos de filtragem. Nossa empresa foi fundada em 2009, perto do Rio Pearl Branch. Temos at\u00e9 10 anos de experi\u00eancia para exporta\u00e7\u00e3o e nacional, e habilidades t\u00e9cnicas profissionais, e sistema de gest\u00e3o de qualidade sistem\u00e1tica.<\/p>\n<p>Somos uma empresa profissional de fabrico e venda de elementos filtrantes de substitui\u00e7\u00e3o e de caixas de filtro em a\u00e7o inoxid\u00e1vel. Fornecemos servi\u00e7o de personaliza\u00e7\u00e3o OEM para atender \u00e0s necessidades de diferentes clientes, para aceitar a personaliza\u00e7\u00e3o de diferentes tamanhos para elementos de filtro, carca\u00e7a de filtro de cartucho e carca\u00e7a de filtro de saco. Exportamos para mais de centenas de pa\u00edses, Europa, M\u00e9dio Oriente, Sudeste Asi\u00e1tico, Am\u00e9rica do Sudeste, Am\u00e9rica do Norte, etc. A nossa tecnologia e servi\u00e7o foram universalmente reconhecidos pelos clientes.<\/p>","protected":false},"excerpt":{"rendered":"<p>Desta vez, n\u00e3o incluiu as especifica\u00e7\u00f5es do produto, pelo que ainda n\u00e3o posso gerar uma meta descri\u00e7\u00e3o, etiquetas ou tabela exactas. Cole os detalhes (material, modelo, m\u00edcron\/tamanho\/comprimento, certifica\u00e7\u00f5es, aplica\u00e7\u00e3o, embalagem, prazo de entrega) e eu formatarei tudo no mesmo estilo imediatamente.<\/p>","protected":false},"featured_media":2185,"comment_status":"open","ping_status":"closed","template":"","meta":{"_gspb_post_css":""},"product_brand":[],"product_cat":[22,17],"product_tag":[930,934,933,888,932,931],"class_list":{"0":"post-2181","1":"product","2":"type-product","3":"status-publish","4":"has-post-thumbnail","6":"product_cat-sintered-filter-cartridge","7":"product_cat-sediment-filter","8":"product_tag-custom-micron-filter","9":"product_tag-custom-size-filter-media","10":"product_tag-industrial-filtration-parts","11":"product_tag-oem-filter-element","12":"product_tag-process-liquid-filter-cartridge","13":"product_tag-water-filtration-element","15":"first","16":"instock","17":"shipping-taxable","18":"product-type-simple"},"_links":{"self":[{"href":"https:\/\/lyfilter.com\/pt\/wp-json\/wp\/v2\/product\/2181","targetHints":{"allow":["GET"]}}],"collection":[{"href":"https:\/\/lyfilter.com\/pt\/wp-json\/wp\/v2\/product"}],"about":[{"href":"https:\/\/lyfilter.com\/pt\/wp-json\/wp\/v2\/types\/product"}],"replies":[{"embeddable":true,"href":"https:\/\/lyfilter.com\/pt\/wp-json\/wp\/v2\/comments?post=2181"}],"wp:featuredmedia":[{"embeddable":true,"href":"https:\/\/lyfilter.com\/pt\/wp-json\/wp\/v2\/media\/2185"}],"wp:attachment":[{"href":"https:\/\/lyfilter.com\/pt\/wp-json\/wp\/v2\/media?parent=2181"}],"wp:term":[{"taxonomy":"product_brand","embeddable":true,"href":"https:\/\/lyfilter.com\/pt\/wp-json\/wp\/v2\/product_brand?post=2181"},{"taxonomy":"product_cat","embeddable":true,"href":"https:\/\/lyfilter.com\/pt\/wp-json\/wp\/v2\/product_cat?post=2181"},{"taxonomy":"product_tag","embeddable":true,"href":"https:\/\/lyfilter.com\/pt\/wp-json\/wp\/v2\/product_tag?post=2181"}],"curies":[{"name":"wp","href":"https:\/\/api.w.org\/{rel}","templated":true}]}}