{"id":2177,"date":"2026-01-06T09:00:45","date_gmt":"2026-01-06T09:00:45","guid":{"rendered":"https:\/\/lyfilter.com\/?post_type=product&#038;p=2177"},"modified":"2026-01-06T09:56:14","modified_gmt":"2026-01-06T09:56:14","slug":"sintering-powder-plastic-3-microns-sintering-filter-pe-cartridge-filter","status":"publish","type":"product","link":"https:\/\/lyfilter.com\/pt\/sintering-powder-plastic-3-microns-sintering-filter-pe-cartridge-filter\/","title":{"rendered":"Filtro de Cartucho PE para Sinteriza\u00e7\u00e3o de Pl\u00e1stico em P\u00f3 3 Microns"},"content":{"rendered":"<div class=\"J_module\">\n<div class=\"detail-decorate-json-renderer-container\">\n<div class=\"magic-0\">\n<h1 class=\"magic-1\" data-id=\"title0\">Filtro de Cartucho PE para Sinteriza\u00e7\u00e3o de Pl\u00e1stico em P\u00f3 3 Microns<\/h1>\n<\/div>\n<\/div>\n<\/div>\n<div class=\"J_module\">\n<div id=\"ali-anchor-AliMagic-bs4eha\" class=\"magic-5\" data-section=\"AliMagic-bs4eha\" data-section-title=\"Product Description\"><strong>Descri\u00e7\u00e3o do produto<\/strong><\/div>\n<\/div>\n<p>&nbsp;<\/p>\n<div class=\"J_module\">\n<div class=\"detail-decorate-json-renderer-container\">\n<div class=\"magic-0\">\n<div class=\"magic-2\">\n<div class=\"magic-3\">\n<div class=\"magic-4\" data-id=\"paragraph0\">\n<p class=\"magic-14\">O elemento filtrante sinterizado PE \u00e9 feito de polietileno de peso molecular ultra-elevado sinterizado e moldado, que \u00e9 compacto em estrutura, forte, leve em peso, capaz de suportar alta press\u00e3o de filtra\u00e7\u00e3o, n\u00e3o t\u00f3xico e ins\u00edpido, e tem boa resist\u00eancia \u00e0 corros\u00e3o de solventes \u00e1cidos e alcalinos.<\/p>\n<p class=\"magic-14\">Utiliza\u00e7\u00e3o do produto O elemento filtrante sinterizado PE \u00e9 utilizado principalmente para a filtra\u00e7\u00e3o e tratamento de \u00e1guas residuais de \u00e1gua pura, \u00e1gua dom\u00e9stica, bebidas, tratamento m\u00e9dico, l\u00edquido de galvanoplastia, emuls\u00e3o, l\u00edquido de lavagem, solu\u00e7\u00e3o \u00e1cido-base e outros l\u00edquidos. Pode n\u00e3o s\u00f3 filtrar s\u00f3lidos suspensos no l\u00edquido, mas tamb\u00e9m remover cloro, impurezas org\u00e2nicas, cor, odor, etc. no l\u00edquido.<\/p>\n<p class=\"magic-14\">Condi\u00e7\u00f5es de funcionamento 0-40\u2103 Diferen\u00e7a m\u00e1xima de press\u00e3o de funcionamento 6bar<br \/>\nDiferen\u00e7a m\u00e1xima de press\u00e3o de funcionamento a 60\u2103 5bar<br \/>\n80\u2103 diferen\u00e7a de press\u00e3o m\u00e1xima de funcionamento 4,5bar<br \/>\n120\u2103 diferen\u00e7a de press\u00e3o m\u00e1xima de funcionamento 4bar<\/p>\n<div class=\"table-responsive\">\n<table border=\"1\" width=\"473\" cellspacing=\"0\" cellpadding=\"0\">\n<colgroup>\n<col \/>\n<col \/><\/colgroup>\n<tbody>\n<tr class=\"firstRow\">\n<td height=\"58\"><span data-spm-anchor-id=\"a2700.details.pronpeci14.i2.630b620erd6B2X\">Material<\/span><\/td>\n<td>a\u00e7o inoxid\u00e1vel304\/316L, bronze, lat\u00e3o, pl\u00e1stico PE PP<\/td>\n<\/tr>\n<tr>\n<td height=\"114\">Aplica\u00e7\u00e3o<\/td>\n<td>F\u00e1brica de produ\u00e7\u00e3o, F\u00e1brica de alimentos e bebidas, Fazendas, Uso dom\u00e9stico, Energia e minera\u00e7\u00e3o, Sistema de filtragem<\/td>\n<\/tr>\n<tr>\n<td height=\"59\">Tamanho dos poros<\/td>\n<td>0,5um, 2um, 5um, 10um, 15um, 20um, 40um, 60um, 90um, 100um<\/td>\n<\/tr>\n<tr>\n<td rowspan=\"2\" height=\"73\">Carater\u00edstica<\/td>\n<td><\/td>\n<\/tr>\n<tr>\n<td height=\"53\">Distribui\u00e7\u00e3o uniforme das part\u00edculas, sem esc\u00f3rias, aspeto bonito<\/td>\n<\/tr>\n<tr>\n<td height=\"22\">Classifica\u00e7\u00e3o do filtro<\/td>\n<td>99.99%<\/td>\n<\/tr>\n<tr>\n<td height=\"22\">Espessura<\/td>\n<td>1-1000mm<\/td>\n<\/tr>\n<tr>\n<td height=\"22\">Largura<\/td>\n<td>0,1-500mm<\/td>\n<\/tr>\n<tr>\n<td height=\"47\">Forma<\/td>\n<td data-spm-anchor-id=\"a2700.details.pronpeci14.i5.630b620erd6B2X\">Disco, tubo, copo ou forma personalizada<\/td>\n<\/tr>\n<tr>\n<td height=\"20\">Utiliza\u00e7\u00e3o<\/td>\n<td>Filtro de ar<\/td>\n<\/tr>\n<\/tbody>\n<\/table>\n<\/div>\n<\/div>\n<\/div>\n<\/div>\n<\/div>\n<\/div>\n<\/div>\n<div class=\"J_module\">\n<div class=\"icbu-pc-images magic-6\">\n<div class=\"flex-layout-v\">\n<div class=\"flex-layout-h magic-6\">\n<div class=\"magic-44\">\n<p><strong>As nossas vantagens:<\/strong><\/p>\n<p>Fabricante profissional com muitos anos de experi\u00eancia<br \/>\nBoa qualidade e pre\u00e7o competitivo<br \/>\nOEM e ODM s\u00e3o bem-vindos<br \/>\nProduzir de acordo com a sua amostra ou desenho<\/p>\n<\/div>\n<\/div>\n<\/div>\n<\/div>\n<\/div>","protected":false},"excerpt":{"rendered":"<table>\n<thead>\n<tr>\n<th>item<\/th>\n<th>pormenores<\/th>\n<\/tr>\n<\/thead>\n<tbody>\n<tr>\n<td>marca<\/td>\n<td>oem \/ lvyuan<\/td>\n<\/tr>\n<tr>\n<td>modelo<\/td>\n<td>ly-hfpl<\/td>\n<\/tr>\n<tr>\n<td>certifica\u00e7\u00e3o<\/td>\n<td>iso 9001<\/td>\n<\/tr>\n<tr>\n<td>local de origem<\/td>\n<td>guangdong, china<\/td>\n<\/tr>\n<tr>\n<td>porta de arranque<\/td>\n<td>guangzhou<\/td>\n<\/tr>\n<tr>\n<td>capacidade de produ\u00e7\u00e3o<\/td>\n<td>10.000 unidades\/m\u00eas<\/td>\n<\/tr>\n<tr>\n<td>prazo de entrega<\/td>\n<td>no prazo de 7 dias \u00fateis<\/td>\n<\/tr>\n<tr>\n<td>pagamento<\/td>\n<td>garantia comercial alibaba; paypal<\/td>\n<\/tr>\n<\/tbody>\n<\/table>","protected":false},"featured_media":2182,"comment_status":"open","ping_status":"closed","template":"","meta":{"_gspb_post_css":""},"product_brand":[],"product_cat":[17,22],"product_tag":[929,284,286,928,926,927],"class_list":{"0":"post-2177","1":"product","2":"type-product","3":"status-publish","4":"has-post-thumbnail","6":"product_cat-sediment-filter","7":"product_cat-sintered-filter-cartridge","8":"product_tag-10000-units-per-month-capacity","9":"product_tag-7-working-days-delivery","10":"product_tag-guangzhou-start-port","11":"product_tag-iso-9001-certified-filter","12":"product_tag-ly-hfpl-filter-element","13":"product_tag-oem-lvyuan-supplier","15":"first","16":"instock","17":"shipping-taxable","18":"product-type-simple"},"_links":{"self":[{"href":"https:\/\/lyfilter.com\/pt\/wp-json\/wp\/v2\/product\/2177","targetHints":{"allow":["GET"]}}],"collection":[{"href":"https:\/\/lyfilter.com\/pt\/wp-json\/wp\/v2\/product"}],"about":[{"href":"https:\/\/lyfilter.com\/pt\/wp-json\/wp\/v2\/types\/product"}],"replies":[{"embeddable":true,"href":"https:\/\/lyfilter.com\/pt\/wp-json\/wp\/v2\/comments?post=2177"}],"wp:featuredmedia":[{"embeddable":true,"href":"https:\/\/lyfilter.com\/pt\/wp-json\/wp\/v2\/media\/2182"}],"wp:attachment":[{"href":"https:\/\/lyfilter.com\/pt\/wp-json\/wp\/v2\/media?parent=2177"}],"wp:term":[{"taxonomy":"product_brand","embeddable":true,"href":"https:\/\/lyfilter.com\/pt\/wp-json\/wp\/v2\/product_brand?post=2177"},{"taxonomy":"product_cat","embeddable":true,"href":"https:\/\/lyfilter.com\/pt\/wp-json\/wp\/v2\/product_cat?post=2177"},{"taxonomy":"product_tag","embeddable":true,"href":"https:\/\/lyfilter.com\/pt\/wp-json\/wp\/v2\/product_tag?post=2177"}],"curies":[{"name":"wp","href":"https:\/\/api.w.org\/{rel}","templated":true}]}}