{"id":2169,"date":"2026-01-06T08:52:45","date_gmt":"2026-01-06T08:52:45","guid":{"rendered":"https:\/\/lyfilter.com\/?post_type=product&#038;p=2169"},"modified":"2026-01-06T08:55:13","modified_gmt":"2026-01-06T08:55:13","slug":"soe-doe-sintered-pe-polyethylene-filters","status":"publish","type":"product","link":"https:\/\/lyfilter.com\/pt\/soe-doe-sintered-pe-polyethylene-filters\/","title":{"rendered":"SOE DOE Filtros de polietileno PE sinterizado"},"content":{"rendered":"<div class=\"unit-detail-html-tabs__content-attr\">\n<div class=\"unit-product-attrparam\">\n<div class=\"unit-product-attrparam__items row\">\n<div class=\"col-12 col-md-6\">\n<div class=\"unit-product-attrparam__item\">\n<div class=\"unit-product-attrparam__label\">Material<\/div>\n<div class=\"unit-product-attrparam__value\" title=\"pe \">pe<\/div>\n<\/div>\n<\/div>\n<div class=\"col-12 col-md-6\">\n<div class=\"unit-product-attrparam__item\">\n<div class=\"unit-product-attrparam__label\">Disponibilidade<\/div>\n<div class=\"unit-product-attrparam__value\" title=\"OEM\">OEM<\/div>\n<\/div>\n<\/div>\n<\/div>\n<\/div>\n<\/div>\n<div class=\"unit-detail-html-tabs__content-featuresAttr\"><\/div>\n<div class=\"unit-detail-html-tabs__content-html\">\n<p><strong>SOE DOE Filtros de polietileno PE sinterizado<\/strong><\/p>\n<div class=\"J_module\">\n<div id=\"ali-anchor-AliMagic-y6yz6z\" class=\"magic-4\" data-section=\"AliMagic-y6yz6z\" data-section-title=\"Product Description\"><strong>Descri\u00e7\u00e3o do produto<\/strong><\/div>\n<div class=\"magic-4\" data-section=\"AliMagic-y6yz6z\" data-section-title=\"Product Description\"><\/div>\n<\/div>\n<div class=\"J_module\">\n<div class=\"detail-decorate-json-renderer-container\">\n<div class=\"magic-0\">\n<div class=\"magic-1\">\n<div class=\"magic-2\">\n<div class=\"magic-3\" data-id=\"paragraph0\">\n<p class=\"magic-13\">A Lvyuan produz v\u00e1rios produtos com as carater\u00edsticas de elevada precis\u00e3o de filtragem, grande e longa capacidade de reten\u00e7\u00e3o de sujidade. Os produtos incluem: filtro de poeiras, filtro hidr\u00e1ulico, filtro de poeiras, filtro de separa\u00e7\u00e3o \u00f3leo-\u00e1gua, filtro dobr\u00e1vel de a\u00e7o inoxid\u00e1vel, filtro de \u00f3leo hidr\u00e1ulico, filtro de \u00e1gua de elevado caudal, etc.<\/p>\n<\/div>\n<\/div>\n<\/div>\n<\/div>\n<\/div>\n<\/div>\n<div class=\"J_module\">\n<div class=\"icbu-pc-images magic-5\">\n<div class=\"flex-layout-v\">\n<div class=\"flex-layout-h magic-5\">\n<div class=\"magic-25\"><\/div>\n<\/div>\n<\/div>\n<\/div>\n<\/div>\n<div class=\"J_module\">\n<div class=\"ife-detail-decorate-table\">\n<div class=\"table-responsive\">\n<table class=\"all magic-26\" border=\"1\" cellspacing=\"0\" cellpadding=\"0\">\n<tbody>\n<tr class=\"firstRow\">\n<td colspan=\"1\" rowspan=\"1\">\n<div class=\"magic-27\">\n<div data-spm-anchor-id=\"0.0.0.i1.4f2a4f05b619fX\">Nome do produto<\/div>\n<\/div>\n<\/td>\n<td colspan=\"3\" rowspan=\"1\">\n<div class=\"magic-28\">Tubo 300mm 500mm 700mm filtro 5 microns poroso sinterizado PE filtro de tubo de pl\u00e1stico para tratamento de \u00e1gua de piscina<\/div>\n<\/td>\n<td class=\"magic-29\" rowspan=\"0\">\n<div class=\"magic-30\"><\/div>\n<\/td>\n<td class=\"magic-29\" rowspan=\"0\">\n<div class=\"magic-30\"><\/div>\n<\/td>\n<\/tr>\n<tr>\n<td colspan=\"1\" rowspan=\"1\">\n<div class=\"magic-27\">Di\u00e2metro<\/div>\n<\/td>\n<td colspan=\"3\" rowspan=\"1\">\n<div class=\"magic-28\">10mm,20mm,30mm,40mm,50mm,60mm,70mm,80mm,90mm,100mm,110mm,<br \/>\n120mm, 200mm, etc.<\/div>\n<\/td>\n<td class=\"magic-29\" rowspan=\"0\">\n<div class=\"magic-30\"><\/div>\n<\/td>\n<td class=\"magic-29\" rowspan=\"0\">\n<div class=\"magic-30\"><\/div>\n<\/td>\n<\/tr>\n<tr>\n<td colspan=\"1\" rowspan=\"1\">\n<div class=\"magic-27\">Comprimento<\/div>\n<\/td>\n<td colspan=\"3\" rowspan=\"1\">\n<div class=\"magic-28\">1\u2033, 2,5\u2033, 5\u2033, 10\u2033 ,20\u2033 ,30\u2033 ,40\u2033, 50\u2033 etc<\/div>\n<\/td>\n<td class=\"magic-29\" rowspan=\"0\">\n<div class=\"magic-30\"><\/div>\n<\/td>\n<td class=\"magic-29\" rowspan=\"0\">\n<div class=\"magic-30\"><\/div>\n<\/td>\n<\/tr>\n<tr>\n<td colspan=\"1\" rowspan=\"1\">\n<div class=\"magic-27\">Taxa de microns<\/div>\n<\/td>\n<td colspan=\"3\" rowspan=\"1\">\n<div class=\"magic-31\">0.2um,0.3um,0.45um,1um,3um,5um,10um,20um,30um,40um,50um,100um,etc.<\/div>\n<\/td>\n<td class=\"magic-29\" rowspan=\"0\">\n<div class=\"magic-30\"><\/div>\n<\/td>\n<td class=\"magic-29\" rowspan=\"0\">\n<div class=\"magic-30\"><\/div>\n<\/td>\n<\/tr>\n<tr>\n<td colspan=\"1\" rowspan=\"1\">\n<div class=\"magic-27\">Temperatura de funcionamento<\/div>\n<\/td>\n<td colspan=\"3\" rowspan=\"1\">\n<div class=\"magic-31\">PE\u226480\u2103; PTFE\u2265200\u2103;PA\u2264120\u2103<\/div>\n<\/td>\n<td class=\"magic-29\" rowspan=\"0\">\n<div class=\"magic-30\"><\/div>\n<\/td>\n<td class=\"magic-29\" rowspan=\"0\">\n<div class=\"magic-30\"><\/div>\n<\/td>\n<\/tr>\n<tr>\n<td colspan=\"1\" rowspan=\"1\">\n<div class=\"magic-27\">Conector do filtro<\/div>\n<\/td>\n<td colspan=\"3\" rowspan=\"1\">\n<div class=\"magic-31\">PLANO, TIPO INSER\u00c7\u00c3O, TIPO ROSCA, 226,222,215, PERSONALIZADO<\/div>\n<\/td>\n<td class=\"magic-29\" rowspan=\"0\">\n<div class=\"magic-30\"><\/div>\n<\/td>\n<td class=\"magic-29\" rowspan=\"0\">\n<div class=\"magic-30\"><\/div>\n<\/td>\n<\/tr>\n<tr>\n<td colspan=\"1\" rowspan=\"1\">\n<div class=\"magic-27\">Observa\u00e7\u00e3o<\/div>\n<\/td>\n<td colspan=\"3\" rowspan=\"1\">\n<div class=\"magic-31\"><strong>O tamanho do filtro e os microns podem ser personalizados. Tamanho mais pequeno ou maior!<\/strong><\/div>\n<\/td>\n<td class=\"magic-29\" rowspan=\"0\">\n<div class=\"magic-30\"><\/div>\n<\/td>\n<td class=\"magic-29\" rowspan=\"0\">\n<div class=\"magic-30\"><\/div>\n<\/td>\n<\/tr>\n<\/tbody>\n<\/table>\n<\/div>\n<\/div>\n<\/div>\n<div class=\"J_module\">\n<div class=\"icbu-pc-images magic-5\">\n<div class=\"flex-layout-h\">\n<div class=\"magic-33\"><\/div>\n<\/div>\n<\/div>\n<\/div>\n<div class=\"J_module\">\n<div class=\"icbu-pc-images magic-5\">\n<div class=\"flex-layout-v\">\n<div class=\"flex-layout-h magic-5\">\n<p>\u00a0<img decoding=\"async\" src=\"https:\/\/img.yfisher.com\/m6076\/1725732541imv\/png70-t3-scale100.webp\" alt=\"SOE DOE Filtros de polietileno PE sinterizado 2\" data-lazy=\"2\" title=\"\"><\/p>\n<\/div>\n<\/div>\n<\/div>\n<\/div>\n<div class=\"J_module\">\n<div id=\"ali-anchor-AliMagic-gir0c3\" class=\"magic-4\" data-section=\"AliMagic-gir0c3\" data-section-title=\"Application\"><strong>Aplica\u00e7\u00e3o<\/strong><\/div>\n<\/div>\n<div class=\"J_module\">\n<div class=\"detail-decorate-json-renderer-container\">\n<div class=\"magic-0\">\n<div class=\"magic-47\">\n<div class=\"magic-48\">\n<div class=\"magic-49\"><\/div>\n<\/div>\n<div class=\"magic-2\">\n<div class=\"magic-3\" data-id=\"paragraph0\">\n<p class=\"magic-13\">ind\u00fastria alimentar<\/p>\n<\/div>\n<\/div>\n<\/div>\n<div class=\"magic-47\">\n<div class=\"magic-2\">\n<div class=\"magic-3\" data-id=\"paragraph1\">\n<p class=\"magic-13\">Ind\u00fastria petrol\u00edfera<\/p>\n<\/div>\n<\/div>\n<\/div>\n<\/div>\n<\/div>\n<\/div>\n<div class=\"J_module\">\n<div class=\"detail-decorate-json-renderer-container\">\n<div class=\"magic-0\">\n<div class=\"magic-47\">\n<div class=\"magic-2\">\n<div class=\"magic-3\" data-id=\"paragraph0\">\n<p class=\"magic-13\">Tratamento de \u00e1guas residuais<\/p>\n<\/div>\n<\/div>\n<\/div>\n<div class=\"magic-47\">\n<div class=\"magic-2\">\n<div class=\"magic-3\" data-id=\"paragraph1\">\n<p class=\"magic-13\">Ind\u00fastria de m\u00e1quinas<br \/>\n(1)Tratamento de \u00e1guas residuais de hidr\u00f3xidos mentais pesados<br \/>\n(2)Tratamento de \u00e1guas residuais de misturas de metais pesados<br \/>\n(3)Tratamento qu\u00edmico de \u00e1guas residuais<br \/>\n(4)Tratamento de \u00e1guas residuais de cer\u00e2mica<br \/>\n(5)Tratamento de \u00e1guas residuais contendo alum\u00ednio<br \/>\n(6)Outro tratamento de \u00e1guas residuais<\/p>\n<\/div>\n<\/div>\n<\/div>\n<\/div>\n<\/div>\n<\/div>\n<div class=\"J_module\">\n<div id=\"ali-anchor-AliMagic-dy3ixv\" class=\"magic-4\" data-section=\"AliMagic-dy3ixv\" data-section-title=\"Packing &amp; Delivery\">Embalagem e entrega<\/div>\n<\/div>\n<div class=\"J_module\">\n<div class=\"icbu-pc-images magic-5\">\n<div class=\"flex-layout-v\">\n<div class=\"flex-layout-h magic-5\">\n<div class=\"magic-44\"><\/div>\n<div class=\"magic-46\">\u00a0A nossa f\u00e1brica<\/div>\n<\/div>\n<\/div>\n<\/div>\n<\/div>\n<div class=\"J_module\">\n<p><img decoding=\"async\" src=\"https:\/\/img.yfisher.com\/m6076\/1725732541lwj\/png70-t3-scale100.webp\" alt=\"SOE DOE Filtros de polietileno PE sinterizado 3\" data-lazy=\"2\" title=\"\"><\/p>\n<\/div>\n<div class=\"J_module\">\n<div class=\"icbu-pc-images magic-5\">\n<div>\n<div class=\"flex-layout-v\">\n<div class=\"flex-layout-h magic-5\">\n<div class=\"magic-54\"><\/div>\n<div class=\"magic-54\"><\/div>\n<div class=\"magic-54\"><strong>Bom servi\u00e7o<\/strong><\/div>\n<ul>\n<li class=\"magic-54\">Bom servi\u00e7o prestado por um gestor experiente<\/li>\n<li class=\"magic-54\">Cada produto \u00e9 submetido a uma inspe\u00e7\u00e3o rigorosa individual<\/li>\n<li class=\"magic-54\">Entrega atempada<\/li>\n<li class=\"magic-54\">MOQ pequeno \u00e9 aceit\u00e1vel<\/li>\n<li class=\"magic-54\">Rica experi\u00eancia em exporta\u00e7\u00e3o para \u00c1frica, M\u00e9dio Oriente, Sudeste Asi\u00e1tico e Am\u00e9rica do Sul<\/li>\n<li class=\"magic-54\">Filtro de pl\u00e1stico sinterizado PE de tamanho personalizado de 5-60 m\u00edcrons<\/li>\n<\/ul>\n<\/div>\n<\/div>\n<\/div>\n<\/div>\n<\/div>\n<\/div>","protected":false},"excerpt":{"rendered":"<p>Obt\u00e9m um filtro de tubo de PE sinterizado dur\u00e1vel e poroso que ajuda a reter part\u00edculas finas e mant\u00e9m a \u00e1gua mais limpa. Escolha o di\u00e2metro, o comprimento e a classifica\u00e7\u00e3o de microns de que necessita e, em seguida, combine o estilo do conetor para que se adapte ao seu sistema sem problemas.<\/p>","protected":false},"featured_media":2176,"comment_status":"open","ping_status":"closed","template":"","meta":{"_gspb_post_css":""},"product_brand":[],"product_cat":[17,22],"product_tag":[919,917,918,915,914,916],"class_list":{"0":"post-2169","1":"product","2":"type-product","3":"status-publish","4":"has-post-thumbnail","6":"product_cat-sediment-filter","7":"product_cat-sintered-filter-cartridge","8":"product_tag-222-226-215-connectors","9":"product_tag-5-micron-pe-tube-filter","10":"product_tag-oem-pe-filter-element","11":"product_tag-porous-pe-tube-filter","12":"product_tag-sintered-pe-filter","13":"product_tag-swimming-pool-water-treatment-filter","15":"first","16":"instock","17":"shipping-taxable","18":"product-type-simple"},"_links":{"self":[{"href":"https:\/\/lyfilter.com\/pt\/wp-json\/wp\/v2\/product\/2169","targetHints":{"allow":["GET"]}}],"collection":[{"href":"https:\/\/lyfilter.com\/pt\/wp-json\/wp\/v2\/product"}],"about":[{"href":"https:\/\/lyfilter.com\/pt\/wp-json\/wp\/v2\/types\/product"}],"replies":[{"embeddable":true,"href":"https:\/\/lyfilter.com\/pt\/wp-json\/wp\/v2\/comments?post=2169"}],"wp:featuredmedia":[{"embeddable":true,"href":"https:\/\/lyfilter.com\/pt\/wp-json\/wp\/v2\/media\/2176"}],"wp:attachment":[{"href":"https:\/\/lyfilter.com\/pt\/wp-json\/wp\/v2\/media?parent=2169"}],"wp:term":[{"taxonomy":"product_brand","embeddable":true,"href":"https:\/\/lyfilter.com\/pt\/wp-json\/wp\/v2\/product_brand?post=2169"},{"taxonomy":"product_cat","embeddable":true,"href":"https:\/\/lyfilter.com\/pt\/wp-json\/wp\/v2\/product_cat?post=2169"},{"taxonomy":"product_tag","embeddable":true,"href":"https:\/\/lyfilter.com\/pt\/wp-json\/wp\/v2\/product_tag?post=2169"}],"curies":[{"name":"wp","href":"https:\/\/api.w.org\/{rel}","templated":true}]}}