{"id":2162,"date":"2026-01-06T08:48:32","date_gmt":"2026-01-06T08:48:32","guid":{"rendered":"https:\/\/lyfilter.com\/?post_type=product&#038;p=2162"},"modified":"2026-01-06T08:48:33","modified_gmt":"2026-01-06T08:48:33","slug":"best-price-20-40-inch-ppf-water-filter-cartridge-5-micron-40-inch-1-micron-pp-water-filter-candle","status":"publish","type":"product","link":"https:\/\/lyfilter.com\/pt\/best-price-20-40-inch-ppf-water-filter-cartridge-5-micron-40-inch-1-micron-pp-water-filter-candle\/","title":{"rendered":"Melhor pre\u00e7o 20 40 polegadas ppf cartucho de filtro de \u00e1gua 5 micron\/40 polegadas 1 micron pp vela de filtro de \u00e1gua"},"content":{"rendered":"<table>\n<thead>\n<tr>\n<th>item<\/th>\n<th>pormenores<\/th>\n<\/tr>\n<\/thead>\n<tbody>\n<tr>\n<td>local de origem<\/td>\n<td>guangdong, china<\/td>\n<\/tr>\n<tr>\n<td>nome da marca<\/td>\n<td>lvyuan \/ oem<\/td>\n<\/tr>\n<tr>\n<td>n\u00famero do modelo<\/td>\n<td>l-pp<\/td>\n<\/tr>\n<tr>\n<td>pot\u00eancia (w)<\/td>\n<td>0<\/td>\n<\/tr>\n<tr>\n<td>tens\u00e3o (v)<\/td>\n<td>0<\/td>\n<\/tr>\n<tr>\n<td>certifica\u00e7\u00e3o<\/td>\n<td>ce; gs; rohs; bv<\/td>\n<\/tr>\n<tr>\n<td>tipo<\/td>\n<td>pr\u00e9-filtragem<\/td>\n<\/tr>\n<tr>\n<td>utiliza\u00e7\u00e3o<\/td>\n<td>caixa do filtro de seguran\u00e7a<\/td>\n<\/tr>\n<tr>\n<td>exatid\u00e3o<\/td>\n<td>1-100 m\u00edcrones<\/td>\n<\/tr>\n<tr>\n<td>comprimento<\/td>\n<td>10\u2033 (254mm); 20\u2033 (508mm); 30\u2033 (762mm); 40\u2033 (1016mm)<\/td>\n<\/tr>\n<tr>\n<td>di\u00e2metro exterior<\/td>\n<td>60-65 mm<\/td>\n<\/tr>\n<tr>\n<td>di\u00e2metro interior<\/td>\n<td>28 mm \/ 30 mm<\/td>\n<\/tr>\n<tr>\n<td>tipo de filtro<\/td>\n<td>ranhura; grava\u00e7\u00e3o em relevo; pontos; log\u00f3tipo da empresa<\/td>\n<\/tr>\n<tr>\n<td>interface de filtragem<\/td>\n<td>tipo plano; tipo 222; tipo 226; tipo 215<\/td>\n<\/tr>\n<tr>\n<td>temperatura mais elevada<\/td>\n<td>80\u2103<\/td>\n<\/tr>\n<tr>\n<td>queda de press\u00e3o de trabalho<\/td>\n<td>0,1 kgf\/c\u33a1<\/td>\n<\/tr>\n<tr>\n<td>mais alto confinado<\/td>\n<td>5 kgf\/c\u33a1<\/td>\n<\/tr>\n<tr>\n<td>queda de press\u00e3o m\u00e1xima<\/td>\n<td>3 kgf\/c\u33a1<\/td>\n<\/tr>\n<tr>\n<td>capacidade de fornecimento<\/td>\n<td>1000 pe\u00e7as\/pe\u00e7as por dia<\/td>\n<\/tr>\n<\/tbody>\n<\/table>\n<div class=\"pro_aliData\">\n<div class=\"detail-box\">\n<div class=\"scc-wrapper detail-module module-productSpecification\" data-spm=\"pronpeci14\">\n<div id=\"J-rich-text-description\" class=\"richtext richtext-detail rich-text-description\">\n<p>Introdu\u00e7\u00e3o:<\/p>\n<p>O cartucho de filtro PP fundido-soprado (PPF) \u00e9 feito de material de polipropileno.<\/p>\n<p>Pode remover eficazmente as subst\u00e2ncias em suspens\u00e3o, as part\u00edculas e a ferrugem.<\/p>\n<p>Este tipo de cartucho \u00e9 utilizado para o cartucho do filtro frontal para proteger os outros.<\/p>\n<p>&nbsp;<\/p>\n<p>&nbsp;<\/p>\n<p>&nbsp;<\/p>\n<p>&nbsp;<\/p>\n<p>Par\u00e2metros:<\/p>\n<div class=\"table-responsive\">\n<table class=\"aliDataTable\">\n<tbody>\n<tr align=\"left\">\n<td valign=\"top\">Produto<\/td>\n<td valign=\"top\">Cartucho filtrante em polipropileno fiado de 5 m\u00edcrones com n\u00facleo em PP<\/td>\n<\/tr>\n<tr align=\"left\">\n<td valign=\"top\">Material<\/td>\n<td valign=\"top\">PP, polipropileno<\/td>\n<\/tr>\n<tr align=\"left\">\n<td valign=\"top\">Estilo<\/td>\n<td valign=\"top\">Ranhura, Pontos de press\u00e3o, Plano, Cruzamento<\/td>\n<\/tr>\n<tr align=\"left\">\n<td valign=\"top\">Filtragem de precis\u00e3o<\/td>\n<td valign=\"top\">1~100 m\u00edcrones<\/td>\n<\/tr>\n<tr align=\"left\">\n<td valign=\"top\">Di\u00e2metro exterior<\/td>\n<td valign=\"top\">60~65mm<\/td>\n<\/tr>\n<tr align=\"left\">\n<td valign=\"top\">Di\u00e2metro interior<\/td>\n<td valign=\"top\">28mm ou 30mm<\/td>\n<\/tr>\n<tr align=\"left\">\n<td valign=\"top\">Interface<\/td>\n<td valign=\"top\">Plana, inserida, aparafusada<\/td>\n<\/tr>\n<tr align=\"left\">\n<td valign=\"top\">Tipo de tampa<\/td>\n<td valign=\"top\">222plano, 222final, 226plano, 226final, 215plano, 215final<\/td>\n<\/tr>\n<tr align=\"left\">\n<td valign=\"top\">Comprimento<\/td>\n<td valign=\"top\">5\u201d,10\u201d,20\u201d,30\u201d,40\u201d,50\u2033, 60\u2033<\/td>\n<\/tr>\n<tr align=\"left\">\n<td valign=\"top\">Press\u00e3o diferencial m\u00e1xima<\/td>\n<td valign=\"top\">3 kgf\/cm\u00b2<\/td>\n<\/tr>\n<tr align=\"left\">\n<td valign=\"top\">Temperatura m\u00e1xima de funcionamento<\/td>\n<td valign=\"top\">80\u00b0c<\/td>\n<\/tr>\n<tr align=\"left\">\n<td valign=\"top\">Press\u00e3o diferencial de funcionamento<\/td>\n<td valign=\"top\">0,1kgf\/cm2<\/td>\n<\/tr>\n<tr align=\"left\">\n<td valign=\"top\">Marca<\/td>\n<td valign=\"top\">Lvyuan\/OEM<\/td>\n<\/tr>\n<tr align=\"left\">\n<td valign=\"top\">Peso comum<\/td>\n<td valign=\"top\">100- 120g\/10\u2033 (pode ser personalizado)<\/td>\n<\/tr>\n<\/tbody>\n<\/table>\n<\/div>\n<p>&nbsp;<\/p>\n<p>&nbsp;<\/p>\n<p>&nbsp;<\/p>\n<p>&nbsp;<\/p>\n<p>Carater\u00edsticas :<\/p>\n<p>1. Movimentar eficazmente as subst\u00e2ncias em suspens\u00e3o, as part\u00edculas e a ferrugem.<\/p>\n<p>2. Pr\u00e9-filtragem da \u00e1gua<\/p>\n<p>3. Ampla compatibilidade qu\u00edmica<\/p>\n<p>4. \u00c0 prova de press\u00e3o<\/p>\n<p>5. Alta resist\u00eancia qu\u00edmica.<\/p>\n<p>6. Est\u00e3o dispon\u00edveis todos os tipos de adaptadores<\/p>\n<p>7. Elevada capacidade de reten\u00e7\u00e3o de contaminantes e longa vida \u00fatil.<\/p>\n<p>&nbsp;<\/p>\n<p>&nbsp;<\/p>\n<p>&nbsp;<\/p>\n<p>&nbsp;<\/p>\n<p>\u00c2mbito de aplica\u00e7\u00e3o:<\/p>\n<p>Sistema de pr\u00e9-filtra\u00e7\u00e3o ou RO, solvente, ind\u00fastria qu\u00edmica, ind\u00fastria petrol\u00edfera,<\/p>\n<p>tratamento de \u00e1gua pot\u00e1vel, ind\u00fastrias electr\u00f3nicas e de energia, galvaniza\u00e7\u00e3o,<\/p>\n<p>alimentos e bebidas, vinho, etc.<\/p>\n<p>&nbsp;<\/p>\n<p>&nbsp;<\/p>\n<p>&nbsp;<\/p>\n<p>Detalhe da embalagem: 10 \u2033: 50PCS \/ CTN; 20 \u2033: 25PCS \/ CTN; 30 \u2033: 25PC \/ CTN; 40 \u2033: 25PCS \/ CTN<\/p>\n<p>Detalhe da entrega: Dentro de 7 dias ap\u00f3s a rece\u00e7\u00e3o do dep\u00f3sito 30%<\/p>\n<p>&nbsp;<\/p>\n<p>&nbsp;<\/p>\n<p>&nbsp;<\/p>\n<p>&nbsp;<\/p>\n<p>&nbsp;<\/p>\n<p>Mostra de produtos:<\/p>\n<p><img decoding=\"async\" src=\"https:\/\/img.yfisher.com\/m6076\/1725731201we9\/jpg70-t3-scale100.webp\" alt=\"Melhor pre\u00e7o 20 40 polegadas ppf cartucho de filtro de \u00e1gua 5 micron\/40 polegadas 1 micron pp vela de filtro de \u00e1gua 7\" data-alt=\"Best price 20 40 inch ppf water filter cartridge 5 micron\/40 inch 1 micron pp water filter candle\" data-=\"\" data-lazy=\"2\" title=\"\"><\/p>\n<p><img decoding=\"async\" src=\"https:\/\/img.yfisher.com\/m6076\/1725727044jk0\/jpg70-t3-scale100.webp\" alt=\"Melhor pre\u00e7o 20 40 polegadas ppf cartucho de filtro de \u00e1gua 5 micron\/40 polegadas 1 micron pp vela de filtro de \u00e1gua 9\" data-alt=\"Best price 20 40 inch ppf water filter cartridge 5 micron\/40 inch 1 micron pp water filter candle\" data-=\"\" data-lazy=\"2\" title=\"\"><\/p>\n<p><img decoding=\"async\" src=\"https:\/\/img.yfisher.com\/m6076\/1725727044ad0\/jpg70-t3-scale100.webp\" alt=\"Melhor pre\u00e7o 20 40 polegadas ppf cartucho de filtro de \u00e1gua 5 m\u00edcrons\/40 polegadas 1 m\u00edcron pp vela de filtro de \u00e1gua 11\" data-alt=\"Best price 20 40 inch ppf water filter cartridge 5 micron\/40 inch 1 micron pp water filter candle\" data-=\"\" data-lazy=\"2\" title=\"\"><\/p>\n<p><img decoding=\"async\" src=\"https:\/\/img.yfisher.com\/m6076\/1725727044yry\/jpg70-t3-scale100.webp\" alt=\"Melhor pre\u00e7o 20 40 polegadas ppf cartucho de filtro de \u00e1gua 5 micron\/40 polegadas 1 micron pp vela de filtro de \u00e1gua 13\" data-alt=\"Best price 20 40 inch ppf water filter cartridge 5 micron\/40 inch 1 micron pp water filter candle\" data-=\"\" data-lazy=\"2\" title=\"\"><\/p>\n<p><img decoding=\"async\" src=\"https:\/\/img.yfisher.com\/m6076\/17257312014p8\/jpg70-t3-scale100.webp\" alt=\"Melhor pre\u00e7o 20 40 polegadas ppf cartucho de filtro de \u00e1gua 5 m\u00edcron\/40 polegadas 1 m\u00edcron pp vela de filtro de \u00e1gua 15\" data-alt=\"Best price 20 40 inch ppf water filter cartridge 5 micron\/40 inch 1 micron pp water filter candle\" data-=\"\" data-lazy=\"2\" title=\"\"><\/p>\n<p><img decoding=\"async\" src=\"https:\/\/img.yfisher.com\/m6076\/17257270449f1\/jpg70-t3-scale100.webp\" alt=\"Melhor pre\u00e7o 20 40 polegadas ppf cartucho de filtro de \u00e1gua 5 m\u00edcron\/40 polegadas 1 m\u00edcron pp vela de filtro de \u00e1gua 17\" data-alt=\"Best price 20 40 inch ppf water filter cartridge 5 micron\/40 inch 1 micron pp water filter candle\" data-=\"\" data-lazy=\"2\" title=\"\"><\/p>\n<p><img decoding=\"async\" src=\"https:\/\/img.yfisher.com\/m6076\/1725727044bwm\/jpg70-t3-scale100.webp\" alt=\"Melhor pre\u00e7o 20 40 polegadas ppf cartucho de filtro de \u00e1gua 5 micron\/40 polegadas 1 micron pp vela de filtro de \u00e1gua 19\" data-alt=\"Best price 20 40 inch ppf water filter cartridge 5 micron\/40 inch 1 micron pp water filter candle\" data-=\"\" data-lazy=\"2\" title=\"\"><\/p>\n<p>&nbsp;<\/p>\n<p>&nbsp;<\/p>\n<p>&nbsp;<\/p>\n<p>&nbsp;<\/p>\n<p>Por favor, n\u00e3o hesite em contactar-nos para mais detalhes ou cota\u00e7\u00f5es<\/p>\n<p>se estiver interessado nos nossos produtos ou na nossa empresa :)<\/p>\n<p>&nbsp;<\/p>\n<p>&nbsp;<\/p>\n<p>&nbsp;<\/p>\n<p><strong>As minhas informa\u00e7\u00f5es de contacto --<\/strong><\/p>\n<p><img decoding=\"async\" src=\"https:\/\/img.yfisher.com\/m6076\/172572799710g\/jpg70-t3-scale100.webp\" alt=\"Melhor pre\u00e7o 20 40 polegadas ppf cartucho de filtro de \u00e1gua 5 micron\/40 polegadas 1 micron pp vela de filtro de \u00e1gua 21\" data-alt=\"Best price 20 40 inch ppf water filter cartridge 5 micron\/40 inch 1 micron pp water filter candle\" data-=\"\" data-lazy=\"2\" title=\"\"><\/p>\n<\/div>\n<\/div>\n<div data-module=\"detailMarketPackage\"><\/div>\n<div data-module=\"productAuth\"><\/div>\n<\/div>\n<\/div>\n<div class=\"diffStatement\">Em compara\u00e7\u00e3o com outros\u00a0<a href=\"https:\/\/lyfilter.com\/pt\/products.html\/\">cartuchos de filtro de \u00e1gua<\/a>\u00a0\u00e9 mais t\u00e9cnica, mais consciente do valor e tem um grande n\u00famero de talentos de P&amp;D excepcionais. Configura\u00e7\u00f5es personalizadas de tampas est\u00e3o dispon\u00edveis para atender a requisitos espec\u00edficos Guangzhou Lvyuan Water Purification Equipment Co., Ltd. tem mais vantagens em cartuchos de filtro de \u00e1gua do que outras empresas na China. Configura\u00e7\u00f5es de tampa de extremidade personalizadas est\u00e3o dispon\u00edveis para atender a requisitos espec\u00edficos<\/div>","protected":false},"excerpt":{"rendered":"<p>Escolha o comprimento de que necessita, fa\u00e7a corresponder a interface correta e adicione um acabamento com ranhura\/embossado ou o seu log\u00f3tipo para uma substitui\u00e7\u00e3o f\u00e1cil e consistente.<\/p>","protected":false},"featured_media":2170,"comment_status":"open","ping_status":"closed","template":"","meta":{"_gspb_post_css":""},"product_brand":[],"product_cat":[23,17],"product_tag":[910,911,909,669,913,912],"class_list":{"0":"post-2162","1":"product","2":"type-product","3":"status-publish","4":"has-post-thumbnail","6":"product_cat-pp-filter-cartridge","7":"product_cat-sediment-filter","8":"product_tag-1-100-micron-pre-filtration","9":"product_tag-10-40-inch-pp-cartridge","10":"product_tag-ly-pp-filter-cartridge","11":"product_tag-pp-sediment-filter-cartridge","12":"product_tag-security-filter-housing-prefilter","13":"product_tag-type-222-226-215-interface","15":"first","16":"instock","17":"shipping-taxable","18":"product-type-simple"},"_links":{"self":[{"href":"https:\/\/lyfilter.com\/pt\/wp-json\/wp\/v2\/product\/2162","targetHints":{"allow":["GET"]}}],"collection":[{"href":"https:\/\/lyfilter.com\/pt\/wp-json\/wp\/v2\/product"}],"about":[{"href":"https:\/\/lyfilter.com\/pt\/wp-json\/wp\/v2\/types\/product"}],"replies":[{"embeddable":true,"href":"https:\/\/lyfilter.com\/pt\/wp-json\/wp\/v2\/comments?post=2162"}],"wp:featuredmedia":[{"embeddable":true,"href":"https:\/\/lyfilter.com\/pt\/wp-json\/wp\/v2\/media\/2170"}],"wp:attachment":[{"href":"https:\/\/lyfilter.com\/pt\/wp-json\/wp\/v2\/media?parent=2162"}],"wp:term":[{"taxonomy":"product_brand","embeddable":true,"href":"https:\/\/lyfilter.com\/pt\/wp-json\/wp\/v2\/product_brand?post=2162"},{"taxonomy":"product_cat","embeddable":true,"href":"https:\/\/lyfilter.com\/pt\/wp-json\/wp\/v2\/product_cat?post=2162"},{"taxonomy":"product_tag","embeddable":true,"href":"https:\/\/lyfilter.com\/pt\/wp-json\/wp\/v2\/product_tag?post=2162"}],"curies":[{"name":"wp","href":"https:\/\/api.w.org\/{rel}","templated":true}]}}