{"id":2155,"date":"2026-01-06T08:46:08","date_gmt":"2026-01-06T08:46:08","guid":{"rendered":"https:\/\/lyfilter.com\/?post_type=product&#038;p=2155"},"modified":"2026-01-06T08:46:08","modified_gmt":"2026-01-06T08:46:08","slug":"various-dimension-micropore-water-filter-pp-sediment-cartridge-for-liquid-purification","status":"publish","type":"product","link":"https:\/\/lyfilter.com\/pt\/various-dimension-micropore-water-filter-pp-sediment-cartridge-for-liquid-purification\/","title":{"rendered":"Filtro de \u00e1gua micropore de v\u00e1rias dimens\u00f5es Cartucho de sedimentos PP para purifica\u00e7\u00e3o de l\u00edquidos"},"content":{"rendered":"<table>\n<thead>\n<tr>\n<th>item<\/th>\n<th>pormenores<\/th>\n<\/tr>\n<\/thead>\n<tbody>\n<tr>\n<td>condi\u00e7\u00e3o<\/td>\n<td>novo<\/td>\n<\/tr>\n<tr>\n<td>sectores aplic\u00e1veis<\/td>\n<td>hot\u00e9is; lojas de vestu\u00e1rio; lojas de materiais de constru\u00e7\u00e3o; f\u00e1brica; lojas de repara\u00e7\u00e3o de m\u00e1quinas; f\u00e1brica de alimentos e bebidas; quintas; restaurante; uso dom\u00e9stico; retalho; loja de alimentos; lojas de impress\u00e3o; obras de constru\u00e7\u00e3o; energia e minas; lojas de alimentos e bebidas; empresa de publicidade<\/td>\n<\/tr>\n<tr>\n<td>local de origem<\/td>\n<td>guangdong, china<\/td>\n<\/tr>\n<tr>\n<td>nome da marca<\/td>\n<td>lvyuan \/ oem<\/td>\n<\/tr>\n<tr>\n<td>material<\/td>\n<td>caixa de cart\u00e3o<\/td>\n<\/tr>\n<tr>\n<td>peso<\/td>\n<td>depende<\/td>\n<\/tr>\n<tr>\n<td>tamanho<\/td>\n<td>como pedido<\/td>\n<\/tr>\n<tr>\n<td>pot\u00eancia<\/td>\n<td>0<\/td>\n<\/tr>\n<tr>\n<td>garantia<\/td>\n<td>indispon\u00edvel<\/td>\n<\/tr>\n<tr>\n<td>nome do produto<\/td>\n<td>cartucho de filtro pp fundido e soprado<\/td>\n<\/tr>\n<tr>\n<td>taxa de microns<\/td>\n<td>1, 3, 5, 10 m\u00edcrones<\/td>\n<\/tr>\n<tr>\n<td>certifica\u00e7\u00e3o<\/td>\n<td>ce; sgs<\/td>\n<\/tr>\n<tr>\n<td>aplica\u00e7\u00e3o<\/td>\n<td>pe\u00e7as para filtros de \u00e1gua; osmose inversa (ro)<\/td>\n<\/tr>\n<tr>\n<td>utiliza\u00e7\u00e3o<\/td>\n<td>filtro de cartucho para l\u00edquidos<\/td>\n<\/tr>\n<tr>\n<td>meios filtrantes<\/td>\n<td>membrana de polipropileno (pp)<\/td>\n<\/tr>\n<tr>\n<td>comprimento<\/td>\n<td>5\u2033, 10\u2033, 20\u2033, 30\u2033, 40\u2033, 50\u2033 polegadas<\/td>\n<\/tr>\n<tr>\n<td>op\u00e7\u00f5es de tampas<\/td>\n<td>coelha; 222 + barbatana; 222 + plana; 226 + barbatana; 226 + plana<\/td>\n<\/tr>\n<tr>\n<td>material da junta \/ o-ring<\/td>\n<td>silicone; epdm; viton<\/td>\n<\/tr>\n<tr>\n<td>n\u00facleo interno<\/td>\n<td>pp ou nenhum<\/td>\n<\/tr>\n<tr>\n<td>servi\u00e7o p\u00f3s-venda prestado<\/td>\n<td>apoio em linha<\/td>\n<\/tr>\n<tr>\n<td>capacidade de fornecimento<\/td>\n<td>5000 pe\u00e7as\/pe\u00e7as por dia (filtro de \u00e1gua com microporos)<\/td>\n<\/tr>\n<\/tbody>\n<\/table>","protected":false},"excerpt":{"rendered":"<p>Obt\u00e9m um cartucho de pp fundido e soprado fi\u00e1vel que ajuda a reter sedimentos finos e a proteger o seu sistema de ro ou de \u00e1gua. Escolha classifica\u00e7\u00f5es de 1-10 microns, o comprimento correto e o estilo de tampa de extremidade que corresponde \u00e0 sua caixa.<\/p>","protected":false},"featured_media":2163,"comment_status":"open","ping_status":"closed","template":"","meta":{"_gspb_post_css":""},"product_brand":[],"product_cat":[23,17],"product_tag":[905,908,683,661,907,871],"class_list":{"0":"post-2155","1":"product","2":"type-product","3":"status-publish","4":"has-post-thumbnail","6":"product_cat-pp-filter-cartridge","7":"product_cat-sediment-filter","8":"product_tag-1-10-micron-sediment-filter","9":"product_tag-ce-sgs-certified-filter","10":"product_tag-doe-222-226-end-caps","11":"product_tag-melt-blown-pp-filter-cartridge","12":"product_tag-polypropylene-pp-cartridge","13":"product_tag-ro-water-filter-cartridge","15":"first","16":"instock","17":"shipping-taxable","18":"product-type-simple"},"_links":{"self":[{"href":"https:\/\/lyfilter.com\/pt\/wp-json\/wp\/v2\/product\/2155","targetHints":{"allow":["GET"]}}],"collection":[{"href":"https:\/\/lyfilter.com\/pt\/wp-json\/wp\/v2\/product"}],"about":[{"href":"https:\/\/lyfilter.com\/pt\/wp-json\/wp\/v2\/types\/product"}],"replies":[{"embeddable":true,"href":"https:\/\/lyfilter.com\/pt\/wp-json\/wp\/v2\/comments?post=2155"}],"wp:featuredmedia":[{"embeddable":true,"href":"https:\/\/lyfilter.com\/pt\/wp-json\/wp\/v2\/media\/2163"}],"wp:attachment":[{"href":"https:\/\/lyfilter.com\/pt\/wp-json\/wp\/v2\/media?parent=2155"}],"wp:term":[{"taxonomy":"product_brand","embeddable":true,"href":"https:\/\/lyfilter.com\/pt\/wp-json\/wp\/v2\/product_brand?post=2155"},{"taxonomy":"product_cat","embeddable":true,"href":"https:\/\/lyfilter.com\/pt\/wp-json\/wp\/v2\/product_cat?post=2155"},{"taxonomy":"product_tag","embeddable":true,"href":"https:\/\/lyfilter.com\/pt\/wp-json\/wp\/v2\/product_tag?post=2155"}],"curies":[{"name":"wp","href":"https:\/\/api.w.org\/{rel}","templated":true}]}}