{"id":2148,"date":"2026-01-06T08:41:16","date_gmt":"2026-01-06T08:41:16","guid":{"rendered":"https:\/\/lyfilter.com\/?post_type=product&#038;p=2148"},"modified":"2026-01-06T08:41:16","modified_gmt":"2026-01-06T08:41:16","slug":"replacement-water-filter-housing-cartridge-for-pre-filtration","status":"publish","type":"product","link":"https:\/\/lyfilter.com\/pt\/replacement-water-filter-housing-cartridge-for-pre-filtration\/","title":{"rendered":"Cartucho de substitui\u00e7\u00e3o da caixa do filtro de \u00e1gua para pr\u00e9-filtragem"},"content":{"rendered":"<table>\n<thead>\n<tr>\n<th>item<\/th>\n<th>pormenores<\/th>\n<\/tr>\n<\/thead>\n<tbody>\n<tr>\n<td>local de origem<\/td>\n<td>guangdong, china<\/td>\n<\/tr>\n<tr>\n<td>nome da marca<\/td>\n<td>lvyuan \/ oem<\/td>\n<\/tr>\n<tr>\n<td>n\u00famero do modelo<\/td>\n<td>s\u00e9rie ly-ppf<\/td>\n<\/tr>\n<tr>\n<td>nome do produto<\/td>\n<td>cartucho da caixa do filtro de \u00e1gua<\/td>\n<\/tr>\n<tr>\n<td>taxa de microns<\/td>\n<td>1, 3, 5, 10 m\u00edcrones<\/td>\n<\/tr>\n<tr>\n<td>certifica\u00e7\u00e3o<\/td>\n<td>ce; sgs<\/td>\n<\/tr>\n<tr>\n<td>aplica\u00e7\u00e3o<\/td>\n<td>pe\u00e7as para filtros de \u00e1gua; osmose inversa (ro)<\/td>\n<\/tr>\n<tr>\n<td>utiliza\u00e7\u00e3o<\/td>\n<td>filtro de cartucho para l\u00edquidos<\/td>\n<\/tr>\n<tr>\n<td>meios filtrantes<\/td>\n<td>membrana de polipropileno (pp)<\/td>\n<\/tr>\n<tr>\n<td>comprimento<\/td>\n<td>5\u2033, 10\u2033, 20\u2033, 30\u2033, 40\u2033, 50\u2033 polegadas<\/td>\n<\/tr>\n<tr>\n<td>op\u00e7\u00f5es de tampas<\/td>\n<td>coelha; 222 + barbatana; 222 + plana; 226 + barbatana; 226 + plana<\/td>\n<\/tr>\n<tr>\n<td>material da junta \/ o-ring<\/td>\n<td>silicone; epdm; viton<\/td>\n<\/tr>\n<tr>\n<td>n\u00facleo interno<\/td>\n<td>pp ou nenhum<\/td>\n<\/tr>\n<tr>\n<td>capacidade de fornecimento<\/td>\n<td>5000 pe\u00e7as\/pe\u00e7as por dia (cartucho da caixa do filtro de \u00e1gua)<\/td>\n<\/tr>\n<\/tbody>\n<\/table>","protected":false},"excerpt":{"rendered":"<p>Obt\u00e9m um cartucho fi\u00e1vel para caixas de filtros de \u00e1gua que ajuda a reduzir os sedimentos e mant\u00e9m o seu sistema de \u00e1gua a funcionar sem problemas. Escolha a classifica\u00e7\u00e3o de microns, o comprimento e o estilo da tampa da extremidade para que se adapte \u00e0 sua caixa sem ter de adivinhar.<\/p>","protected":false},"featured_media":2161,"comment_status":"open","ping_status":"closed","template":"","meta":{"_gspb_post_css":""},"product_brand":[],"product_cat":[23,17],"product_tag":[905,683,894,906,826,775],"class_list":{"0":"post-2148","1":"product","2":"type-product","3":"status-publish","4":"has-post-thumbnail","6":"product_cat-pp-filter-cartridge","7":"product_cat-sediment-filter","8":"product_tag-1-10-micron-sediment-filter","9":"product_tag-doe-222-226-end-caps","10":"product_tag-ly-ppf-filter-cartridge","11":"product_tag-polypropylene-pp-membrane","12":"product_tag-ro-water-filter-parts","13":"product_tag-water-filter-housing-cartridge","15":"first","16":"instock","17":"shipping-taxable","18":"product-type-simple"},"_links":{"self":[{"href":"https:\/\/lyfilter.com\/pt\/wp-json\/wp\/v2\/product\/2148","targetHints":{"allow":["GET"]}}],"collection":[{"href":"https:\/\/lyfilter.com\/pt\/wp-json\/wp\/v2\/product"}],"about":[{"href":"https:\/\/lyfilter.com\/pt\/wp-json\/wp\/v2\/types\/product"}],"replies":[{"embeddable":true,"href":"https:\/\/lyfilter.com\/pt\/wp-json\/wp\/v2\/comments?post=2148"}],"wp:featuredmedia":[{"embeddable":true,"href":"https:\/\/lyfilter.com\/pt\/wp-json\/wp\/v2\/media\/2161"}],"wp:attachment":[{"href":"https:\/\/lyfilter.com\/pt\/wp-json\/wp\/v2\/media?parent=2148"}],"wp:term":[{"taxonomy":"product_brand","embeddable":true,"href":"https:\/\/lyfilter.com\/pt\/wp-json\/wp\/v2\/product_brand?post=2148"},{"taxonomy":"product_cat","embeddable":true,"href":"https:\/\/lyfilter.com\/pt\/wp-json\/wp\/v2\/product_cat?post=2148"},{"taxonomy":"product_tag","embeddable":true,"href":"https:\/\/lyfilter.com\/pt\/wp-json\/wp\/v2\/product_tag?post=2148"}],"curies":[{"name":"wp","href":"https:\/\/api.w.org\/{rel}","templated":true}]}}