{"id":2141,"date":"2026-01-06T08:38:36","date_gmt":"2026-01-06T08:38:36","guid":{"rendered":"https:\/\/lyfilter.com\/?post_type=product&#038;p=2141"},"modified":"2026-01-06T08:38:36","modified_gmt":"2026-01-06T08:38:36","slug":"pp-cto-udf-water-micro-filter-cartridge-for-reverse-osmosis","status":"publish","type":"product","link":"https:\/\/lyfilter.com\/pt\/pp-cto-udf-water-micro-filter-cartridge-for-reverse-osmosis\/","title":{"rendered":"Cartucho de microfiltro de \u00e1gua PP CTO UDF para osmose reversa"},"content":{"rendered":"<p><strong>Cartucho de microfiltro de \u00e1gua PP CTO UDF Descri\u00e7\u00e3o do produto<\/strong><\/p>\n<p>&nbsp;<\/p>\n<p>PP, CTO e UDF s\u00e3o os principais componentes do cartucho de filtro de \u00e1gua.\u00a0\u00a0<strong>Filtro de \u00e1gua PP (polipropileno)<\/strong>\u00a0frequentemente a primeira fase, \u00e9 uma malha de fibra fiada que ret\u00e9m part\u00edculas maiores, como ferrugem, areia e detritos, com poros de tamanho tipicamente entre 3-5 microns.\u00a0<strong>Filtro CTO (Bloco de Carbono Comprimido)<\/strong>, A segunda fase, normalmente a segunda ou terceira fase, \u00e9 um cartucho de carv\u00e3o ativado densamente embalado. Elimina eficazmente o cloro, os maus sabores e os odores e os poros finos tamb\u00e9m captam impurezas min\u00fasculas.\u00a0<strong>Filtro UDF (carv\u00e3o ativado granular)<\/strong>, A UDF, que pode ser colocada antes ou depois da CTO, dependendo da conce\u00e7\u00e3o do sistema, utiliza gr\u00e2nulos de carbono soltos para adsorver contaminantes e refinar ainda mais a \u00e1gua, eliminando quaisquer impurezas e odores remanescentes. Ao contr\u00e1rio do CTO, o UDF pode ter caudais ligeiramente mais r\u00e1pidos, mas uma filtragem potencialmente menos consistente devido ao movimento das part\u00edculas de carbono. A utiliza\u00e7\u00e3o destes filtros PP UDF CTO pode filtrar eficazmente os poluentes, melhorar a qualidade da \u00e1gua e garantir um consumo seguro.<\/p>\n<p>&nbsp;<\/p>\n<table class=\"aliDataTable\">\n<tbody>\n<tr class=\"firstRow\">\n<td>\n<div><strong>Produto<\/strong><\/div>\n<\/td>\n<td>\n<div>Cartucho de filtro de sedimentos Melt Blown PP UDF<\/div>\n<\/td>\n<\/tr>\n<tr>\n<td>\n<div><strong>Comprimento<\/strong><\/div>\n<\/td>\n<td>\n<div>5\u2033, 10\u2033, 20\u2033, 30\u2033, 40\u2033, 50\u201d, 60\u201d polegadas<\/div>\n<\/td>\n<\/tr>\n<tr>\n<td>\n<div><strong>Taxa de microns<\/strong><\/div>\n<\/td>\n<td>\n<div>1~100 m\u00edcrones personalizados, especialmente 1, 3, 5, 10 m\u00edcrones<\/div>\n<\/td>\n<\/tr>\n<tr>\n<td>\n<div><strong>Tampa da extremidade<\/strong><\/div>\n<\/td>\n<td>\n<div>DOE, 222+Fin, 222+Flat, 226+Fin, 226+Flat<\/div>\n<\/td>\n<\/tr>\n<tr>\n<td>\n<div><strong>Di\u00e2metro interno<\/strong><\/div>\n<\/td>\n<td>\n<div>28~30mm<\/div>\n<\/td>\n<\/tr>\n<tr>\n<td>\n<div><strong>Di\u00e2metro exterior<\/strong><\/div>\n<\/td>\n<td>\n<div>60~65mm, Jumbo 110~115mm<\/div>\n<\/td>\n<\/tr>\n<tr>\n<td>\n<div><strong>Material da junta\/anel<\/strong><\/div>\n<\/td>\n<td>\n<div>Sil\u00edcio\/EPDM\/NBR\/Viton<\/div>\n<\/td>\n<\/tr>\n<tr>\n<td>\n<div><strong>Material<\/strong><\/div>\n<\/td>\n<td>\n<div>PP \/ polipropileno<\/div>\n<\/td>\n<\/tr>\n<tr>\n<td>\n<div><strong>Estilo<\/strong><\/div>\n<\/td>\n<td>\n<div>Ranhura, Pontos de press\u00e3o, Plano, Cruzamento<\/div>\n<\/td>\n<\/tr>\n<tr>\n<td>\n<div><strong>N\u00facleo interno<\/strong><\/div>\n<\/td>\n<td>\n<div>PP ou Nenhum<\/div>\n<\/td>\n<\/tr>\n<tr>\n<td>\n<div><strong>Interface<\/strong><\/div>\n<\/td>\n<td>\n<div>Plano, inser\u00e7\u00e3o<\/div>\n<\/td>\n<\/tr>\n<tr>\n<td>\n<div><strong>Press\u00e3o diferencial m\u00e1xima<\/strong><\/div>\n<\/td>\n<td>\n<div>3 kgf\/cm\u00b2<\/div>\n<\/td>\n<\/tr>\n<tr>\n<td>\n<div><strong>Temperatura m\u00e1xima de funcionamento<\/strong><\/div>\n<\/td>\n<td>\n<div>80\u00b0c<\/div>\n<\/td>\n<\/tr>\n<tr>\n<td>\n<div><strong>Press\u00e3o diferencial de funcionamento<\/strong><\/div>\n<\/td>\n<td>\n<div>0,1kgf\/cm2<\/div>\n<\/td>\n<\/tr>\n<tr>\n<td>\n<div><strong>Peso comum<\/strong><\/div>\n<\/td>\n<td>\n<div>100- 120g\/10\u2033 (pode ser personalizado)<\/div>\n<\/td>\n<\/tr>\n<\/tbody>\n<\/table>","protected":false},"excerpt":{"rendered":"<table>\n<thead>\n<tr>\n<th>item<\/th>\n<th>pormenores<\/th>\n<\/tr>\n<\/thead>\n<tbody>\n<tr>\n<td>marca<\/td>\n<td>OEM \/ personalizado<\/td>\n<\/tr>\n<tr>\n<td>modelo<\/td>\n<td>lvyuan-<\/td>\n<\/tr>\n<tr>\n<td>certifica\u00e7\u00e3o<\/td>\n<td>sgs<\/td>\n<\/tr>\n<tr>\n<td>porta de arranque<\/td>\n<td>guangzhou<\/td>\n<\/tr>\n<tr>\n<td>local de origem<\/td>\n<td>guangzhou \/ shenzhen<\/td>\n<\/tr>\n<tr>\n<td>capacidade de produ\u00e7\u00e3o<\/td>\n<td>10.000 unidades\/m\u00eas<\/td>\n<\/tr>\n<tr>\n<td>moq<\/td>\n<td>1 unidade<\/td>\n<\/tr>\n<tr>\n<td>prazo de entrega<\/td>\n<td>15-20 dias<\/td>\n<\/tr>\n<tr>\n<td>pagamento<\/td>\n<td>t\/t; western union; garantia comercial alibaba<\/td>\n<\/tr>\n<\/tbody>\n<\/table>","protected":false},"featured_media":2149,"comment_status":"open","ping_status":"closed","template":"","meta":{"_gspb_post_css":""},"product_brand":[],"product_cat":[17,23],"product_tag":[903,904,286,285,902,302],"class_list":{"0":"post-2141","1":"product","2":"type-product","3":"status-publish","4":"has-post-thumbnail","6":"product_cat-sediment-filter","7":"product_cat-pp-filter-cartridge","8":"product_tag-10000-pcs-per-month-capacity","9":"product_tag-15-20-days-delivery","10":"product_tag-guangzhou-start-port","11":"product_tag-moq-1-pcs","12":"product_tag-oem-customized-filter-element","13":"product_tag-sgs-certified-filter","15":"first","16":"instock","17":"shipping-taxable","18":"product-type-simple"},"_links":{"self":[{"href":"https:\/\/lyfilter.com\/pt\/wp-json\/wp\/v2\/product\/2141","targetHints":{"allow":["GET"]}}],"collection":[{"href":"https:\/\/lyfilter.com\/pt\/wp-json\/wp\/v2\/product"}],"about":[{"href":"https:\/\/lyfilter.com\/pt\/wp-json\/wp\/v2\/types\/product"}],"replies":[{"embeddable":true,"href":"https:\/\/lyfilter.com\/pt\/wp-json\/wp\/v2\/comments?post=2141"}],"wp:featuredmedia":[{"embeddable":true,"href":"https:\/\/lyfilter.com\/pt\/wp-json\/wp\/v2\/media\/2149"}],"wp:attachment":[{"href":"https:\/\/lyfilter.com\/pt\/wp-json\/wp\/v2\/media?parent=2141"}],"wp:term":[{"taxonomy":"product_brand","embeddable":true,"href":"https:\/\/lyfilter.com\/pt\/wp-json\/wp\/v2\/product_brand?post=2141"},{"taxonomy":"product_cat","embeddable":true,"href":"https:\/\/lyfilter.com\/pt\/wp-json\/wp\/v2\/product_cat?post=2141"},{"taxonomy":"product_tag","embeddable":true,"href":"https:\/\/lyfilter.com\/pt\/wp-json\/wp\/v2\/product_tag?post=2141"}],"curies":[{"name":"wp","href":"https:\/\/api.w.org\/{rel}","templated":true}]}}