{"id":2134,"date":"2026-01-06T08:35:27","date_gmt":"2026-01-06T08:35:27","guid":{"rendered":"https:\/\/lyfilter.com\/?post_type=product&#038;p=2134"},"modified":"2026-01-06T08:35:27","modified_gmt":"2026-01-06T08:35:27","slug":"10-20-inch-jumbo-big-pp-melt-blown-filter-making-machine-1-to-100-micron-cartridge","status":"publish","type":"product","link":"https:\/\/lyfilter.com\/pt\/10-20-inch-jumbo-big-pp-melt-blown-filter-making-machine-1-to-100-micron-cartridge\/","title":{"rendered":"10 20 polegadas Jumbo Big PP melt blown filter making machine 1 a 100 micron Cartucho"},"content":{"rendered":"<table>\n<thead>\n<tr>\n<th>item<\/th>\n<th>pormenores<\/th>\n<\/tr>\n<\/thead>\n<tbody>\n<tr>\n<td>condi\u00e7\u00e3o<\/td>\n<td>novo<\/td>\n<\/tr>\n<tr>\n<td>sectores aplic\u00e1veis<\/td>\n<td>hot\u00e9is; lojas de vestu\u00e1rio; lojas de materiais de constru\u00e7\u00e3o; f\u00e1brica; lojas de repara\u00e7\u00e3o de m\u00e1quinas; f\u00e1brica de alimentos e bebidas; quintas; restaurante; uso dom\u00e9stico; retalho; loja de alimentos; lojas de impress\u00e3o; obras de constru\u00e7\u00e3o; energia e minas; lojas de alimentos e bebidas; empresa de publicidade<\/td>\n<\/tr>\n<tr>\n<td>local de origem<\/td>\n<td>guangdong, china<\/td>\n<\/tr>\n<tr>\n<td>nome da marca<\/td>\n<td>lvyuan \/ oem<\/td>\n<\/tr>\n<tr>\n<td>material<\/td>\n<td>caixa de cart\u00e3o<\/td>\n<\/tr>\n<tr>\n<td>peso<\/td>\n<td>depende<\/td>\n<\/tr>\n<tr>\n<td>tamanho<\/td>\n<td>depende<\/td>\n<\/tr>\n<tr>\n<td>pot\u00eancia<\/td>\n<td>0<\/td>\n<\/tr>\n<tr>\n<td>garantia<\/td>\n<td>indispon\u00edvel<\/td>\n<\/tr>\n<tr>\n<td>servi\u00e7o p\u00f3s-garantia<\/td>\n<td>apoio em linha<\/td>\n<\/tr>\n<tr>\n<td>localiza\u00e7\u00e3o do servi\u00e7o local<\/td>\n<td>nenhum<\/td>\n<\/tr>\n<tr>\n<td>localiza\u00e7\u00e3o da sala de exposi\u00e7\u00f5es<\/td>\n<td>nenhum<\/td>\n<\/tr>\n<tr>\n<td>nome do produto<\/td>\n<td>m\u00e1quina de fabrico de filtro soprado pp melt<\/td>\n<\/tr>\n<tr>\n<td>taxa de microns (cartucho)<\/td>\n<td>1, 3, 5, 10, 20 m\u00edcrones<\/td>\n<\/tr>\n<tr>\n<td>certifica\u00e7\u00e3o<\/td>\n<td>ce; sgs<\/td>\n<\/tr>\n<tr>\n<td>aplica\u00e7\u00e3o<\/td>\n<td>pe\u00e7as para filtros de \u00e1gua; osmose inversa<\/td>\n<\/tr>\n<tr>\n<td>comprimento (cartucho)<\/td>\n<td>5\u2033, 10\u2033, 20\u2033, 30\u2033, 40\u2033, 50\u2033 polegadas<\/td>\n<\/tr>\n<tr>\n<td>meios filtrantes<\/td>\n<td>membrana de polipropileno (pp)<\/td>\n<\/tr>\n<tr>\n<td>op\u00e7\u00f5es de tampas<\/td>\n<td>coelha; 222 + barbatana; 222 + plana; 226 + barbatana; 226 + plana<\/td>\n<\/tr>\n<tr>\n<td>material da junta \/ o-ring<\/td>\n<td>silicone; epdm; viton<\/td>\n<\/tr>\n<tr>\n<td>utiliza\u00e7\u00e3o<\/td>\n<td>filtro de cartucho para l\u00edquidos<\/td>\n<\/tr>\n<tr>\n<td>n\u00facleo interno<\/td>\n<td>pp ou nenhum<\/td>\n<\/tr>\n<tr>\n<td>unidades de venda<\/td>\n<td>item \u00fanico<\/td>\n<\/tr>\n<tr>\n<td>tamanho de embalagem individual<\/td>\n<td>55 \u00d7 15 \u00d7 15 cm<\/td>\n<\/tr>\n<tr>\n<td>peso bruto \u00fanico<\/td>\n<td>2.000 kg<\/td>\n<\/tr>\n<tr>\n<td>tipo de embalagem<\/td>\n<td>10 polegadas: 50pcs\/ctn 400\u00d7400\u00d7685mm; 20 polegadas: 25pcs\/ctn 400\u00d7400\u00d7685mm; 30 polegadas: 25pcs\/ctn 835\u00d7435\u00d7425mm; 40 polegadas: 25pcs\/ctn 1100\u00d7395\u00d7400mm<\/td>\n<\/tr>\n<tr>\n<td>prazo de entrega (1-50000 pcs)<\/td>\n<td>15 dias<\/td>\n<\/tr>\n<tr>\n<td>prazo de entrega (&gt;50000 pcs)<\/td>\n<td>a ser negociado<\/td>\n<\/tr>\n<\/tbody>\n<\/table>","protected":false},"excerpt":{"rendered":"<p>Obt\u00e9m uma m\u00e1quina nova, pronta a utilizar, que suporta a produ\u00e7\u00e3o de cartuchos de filtro soprados pp melt para filtragem de l\u00edquidos. Foi concebida para um funcionamento de grande volume e \u00e9 fornecida com assist\u00eancia online ap\u00f3s a garantia, para que n\u00e3o tenha de resolver tudo sozinho.<\/p>","protected":false},"featured_media":2142,"comment_status":"open","ping_status":"closed","template":"","meta":{"_gspb_post_css":""},"product_brand":[],"product_cat":[17,23],"product_tag":[899,900,897,901,898,896],"class_list":{"0":"post-2134","1":"product","2":"type-product","3":"status-publish","4":"has-post-thumbnail","6":"product_cat-sediment-filter","7":"product_cat-pp-filter-cartridge","8":"product_tag-1-20-micron-cartridge-making","9":"product_tag-ce-sgs-filter-machine","10":"product_tag-filter-cartridge-making-machine","11":"product_tag-lvyuan-oem-equipment","12":"product_tag-pp-filter-production-line","13":"product_tag-pp-melt-blown-filter-machine","15":"first","16":"instock","17":"shipping-taxable","18":"product-type-simple"},"_links":{"self":[{"href":"https:\/\/lyfilter.com\/pt\/wp-json\/wp\/v2\/product\/2134","targetHints":{"allow":["GET"]}}],"collection":[{"href":"https:\/\/lyfilter.com\/pt\/wp-json\/wp\/v2\/product"}],"about":[{"href":"https:\/\/lyfilter.com\/pt\/wp-json\/wp\/v2\/types\/product"}],"replies":[{"embeddable":true,"href":"https:\/\/lyfilter.com\/pt\/wp-json\/wp\/v2\/comments?post=2134"}],"wp:featuredmedia":[{"embeddable":true,"href":"https:\/\/lyfilter.com\/pt\/wp-json\/wp\/v2\/media\/2142"}],"wp:attachment":[{"href":"https:\/\/lyfilter.com\/pt\/wp-json\/wp\/v2\/media?parent=2134"}],"wp:term":[{"taxonomy":"product_brand","embeddable":true,"href":"https:\/\/lyfilter.com\/pt\/wp-json\/wp\/v2\/product_brand?post=2134"},{"taxonomy":"product_cat","embeddable":true,"href":"https:\/\/lyfilter.com\/pt\/wp-json\/wp\/v2\/product_cat?post=2134"},{"taxonomy":"product_tag","embeddable":true,"href":"https:\/\/lyfilter.com\/pt\/wp-json\/wp\/v2\/product_tag?post=2134"}],"curies":[{"name":"wp","href":"https:\/\/api.w.org\/{rel}","templated":true}]}}