{"id":2127,"date":"2026-01-06T08:33:10","date_gmt":"2026-01-06T08:33:10","guid":{"rendered":"https:\/\/lyfilter.com\/?post_type=product&#038;p=2127"},"modified":"2026-01-06T08:33:48","modified_gmt":"2026-01-06T08:33:48","slug":"oem-professional-poly-spun-bonded-filters-pp-melt-blown-cartridge","status":"publish","type":"product","link":"https:\/\/lyfilter.com\/pt\/oem-professional-poly-spun-bonded-filters-pp-melt-blown-cartridge\/","title":{"rendered":"OEM Filtros profissionais ligados por fia\u00e7\u00e3o de poli\u00e9ster Cartucho fundido por sopro PP"},"content":{"rendered":"<table>\n<thead>\n<tr>\n<th>item<\/th>\n<th>pormenores<\/th>\n<\/tr>\n<\/thead>\n<tbody>\n<tr>\n<td>local de origem<\/td>\n<td>guangdong, china<\/td>\n<\/tr>\n<tr>\n<td>nome da marca<\/td>\n<td>lvyuan \/ oem<\/td>\n<\/tr>\n<tr>\n<td>n\u00famero do modelo<\/td>\n<td>s\u00e9rie ly-ppf<\/td>\n<\/tr>\n<tr>\n<td>nome do produto<\/td>\n<td>filtros de fia\u00e7\u00e3o<\/td>\n<\/tr>\n<tr>\n<td>taxa de microns<\/td>\n<td>1, 3, 5, 10, 20 m\u00edcrones<\/td>\n<\/tr>\n<tr>\n<td>certifica\u00e7\u00e3o<\/td>\n<td>ce; sgs<\/td>\n<\/tr>\n<tr>\n<td>aplica\u00e7\u00e3o<\/td>\n<td>pe\u00e7as para filtros de \u00e1gua; osmose inversa (ro)<\/td>\n<\/tr>\n<tr>\n<td>utiliza\u00e7\u00e3o<\/td>\n<td>filtro de cartucho para l\u00edquidos<\/td>\n<\/tr>\n<tr>\n<td>meios filtrantes<\/td>\n<td>membrana de polipropileno (pp)<\/td>\n<\/tr>\n<tr>\n<td>comprimento<\/td>\n<td>5\u2033, 10\u2033, 20\u2033, 30\u2033, 40\u2033, 50\u2033 polegadas<\/td>\n<\/tr>\n<tr>\n<td>op\u00e7\u00f5es de tampas<\/td>\n<td>coelha; 222 + barbatana; 222 + plana; 226 + barbatana; 226 + plana<\/td>\n<\/tr>\n<tr>\n<td>material da junta \/ o-ring<\/td>\n<td>silicone; epdm; viton<\/td>\n<\/tr>\n<tr>\n<td>n\u00facleo interno<\/td>\n<td>pp ou nenhum<\/td>\n<\/tr>\n<tr>\n<td>capacidade de fornecimento<\/td>\n<td>5000 pe\u00e7as\/pe\u00e7as por dia (filtros aglutinados)<\/td>\n<\/tr>\n<\/tbody>\n<\/table>","protected":false},"excerpt":{"rendered":"<p>Obt\u00e9m um cartucho fi\u00e1vel de pp ligado por fia\u00e7\u00e3o que ajuda a remover os sedimentos dos l\u00edquidos e mant\u00e9m o seu sistema de \u00e1gua ou ro a funcionar sem problemas. Escolha a classifica\u00e7\u00e3o de microns, o comprimento e o estilo da tampa da extremidade para que se adapte \u00e0 sua caixa sem problemas.<\/p>","protected":false},"featured_media":2135,"comment_status":"open","ping_status":"closed","template":"","meta":{"_gspb_post_css":""},"product_brand":[],"product_cat":[23,17],"product_tag":[828,683,894,895,826,893],"class_list":{"0":"post-2127","1":"product","2":"type-product","3":"status-publish","4":"has-post-thumbnail","6":"product_cat-pp-filter-cartridge","7":"product_cat-sediment-filter","8":"product_tag-1-20-micron-sediment-filter","9":"product_tag-doe-222-226-end-caps","10":"product_tag-ly-ppf-filter-cartridge","11":"product_tag-polypropylene-cartridge-filter","12":"product_tag-ro-water-filter-parts","13":"product_tag-spun-bonded-pp-filter","15":"first","16":"instock","17":"shipping-taxable","18":"product-type-simple"},"_links":{"self":[{"href":"https:\/\/lyfilter.com\/pt\/wp-json\/wp\/v2\/product\/2127","targetHints":{"allow":["GET"]}}],"collection":[{"href":"https:\/\/lyfilter.com\/pt\/wp-json\/wp\/v2\/product"}],"about":[{"href":"https:\/\/lyfilter.com\/pt\/wp-json\/wp\/v2\/types\/product"}],"replies":[{"embeddable":true,"href":"https:\/\/lyfilter.com\/pt\/wp-json\/wp\/v2\/comments?post=2127"}],"wp:featuredmedia":[{"embeddable":true,"href":"https:\/\/lyfilter.com\/pt\/wp-json\/wp\/v2\/media\/2135"}],"wp:attachment":[{"href":"https:\/\/lyfilter.com\/pt\/wp-json\/wp\/v2\/media?parent=2127"}],"wp:term":[{"taxonomy":"product_brand","embeddable":true,"href":"https:\/\/lyfilter.com\/pt\/wp-json\/wp\/v2\/product_brand?post=2127"},{"taxonomy":"product_cat","embeddable":true,"href":"https:\/\/lyfilter.com\/pt\/wp-json\/wp\/v2\/product_cat?post=2127"},{"taxonomy":"product_tag","embeddable":true,"href":"https:\/\/lyfilter.com\/pt\/wp-json\/wp\/v2\/product_tag?post=2127"}],"curies":[{"name":"wp","href":"https:\/\/api.w.org\/{rel}","templated":true}]}}