{"id":2120,"date":"2026-01-06T08:31:33","date_gmt":"2026-01-06T08:31:33","guid":{"rendered":"https:\/\/lyfilter.com\/?post_type=product&#038;p=2120"},"modified":"2026-01-06T08:31:33","modified_gmt":"2026-01-06T08:31:33","slug":"ppf-melt-blown-water-filter-cartridge-sgs-water-quality-association-certification","status":"publish","type":"product","link":"https:\/\/lyfilter.com\/pt\/ppf-melt-blown-water-filter-cartridge-sgs-water-quality-association-certification\/","title":{"rendered":"Cartucho de filtro de \u00e1gua fundido e soprado PPF Certifica\u00e7\u00e3o da Associa\u00e7\u00e3o de Qualidade da \u00c1gua SGS"},"content":{"rendered":"<div class=\"pro_aliData\">\n<div class=\"detail-box\">\n<div class=\"scc-wrapper detail-module module-productPackagingAndQuickDetail\" data-spm=\"prilinga1e\">\n<div class=\"widget-detail-overview\">\n<div class=\"do-title\">\n<p>O filtro fundido soprado PP (PPF) \u00e9 um filtro tubular feito de part\u00edculas de polipropileno n\u00e3o t\u00f3xico e inodoro atrav\u00e9s de processos como aquecimento, fus\u00e3o e forma\u00e7\u00e3o; \u00c9 amplamente utilizado em v\u00e1rios campos devido \u00e0 sua capacidade de filtragem eficiente!<\/p>\n<p>&nbsp;<\/p>\n<h2 id=\"-product-overview\">Vis\u00e3o geral do produto<\/h2>\n<p>O cartucho filtrante fundido e soprado PP (muitas vezes referido como cartucho filtrante de algod\u00e3o PP) \u00e9 um cartucho filtrante tubular feito de part\u00edculas de polipropileno de qualidade alimentar, n\u00e3o t\u00f3xicas e inodoras, que s\u00e3o aquecidas e fundidas, e fabricadas atrav\u00e9s de processos adicionais, como a forma\u00e7\u00e3o. Este cartucho filtrante n\u00e3o utiliza quaisquer adesivos qu\u00edmicos no processo de produ\u00e7\u00e3o e baseia-se inteiramente nas carater\u00edsticas de liga\u00e7\u00e3o t\u00e9rmica das fibras de polipropileno para se formar, o que o torna mais compat\u00edvel com os requisitos de alta qualidade de higiene e seguran\u00e7a.<\/p>\n<p>&nbsp;<\/p>\n<p>A sua singularidade reside na ado\u00e7\u00e3o de uma estrutura de filtragem profunda, em que as fibras apresentam uma estrutura de rede porosa irregular e t\u00eam uma estrutura de densidade progressiva (tamb\u00e9m conhecida como filtragem de gradiente) em que os poros entre as fibras diminuem gradualmente de grandes para pequenos do exterior para o interior! Esta conce\u00e7\u00e3o permite que o elemento filtrante acomode part\u00edculas maiores e impurezas na camada exterior, evitando o congestionamento r\u00e1pido, enquanto a camada interior pode bloquear part\u00edculas pequenas, garantir a precis\u00e3o da filtra\u00e7\u00e3o, reduzir a resist\u00eancia \u00e0 filtra\u00e7\u00e3o e prolongar a vida \u00fatil;<\/p>\n<\/div>\n<\/div>\n<\/div>\n<\/div>\n<\/div>\n<p>&nbsp;<\/p>\n<p><img decoding=\"async\" title=\"Cartucho de filtro de sedimentos soprado por fus\u00e3o PPF\" src=\"https:\/\/img.yfisher.com\/m6076\/1725727036217\/jpg70-t3-scale100.webp\" alt=\"Cartucho de filtro de sedimentos soprado por fus\u00e3o PPF\" border=\"0\" vspace=\"0\" data-lazy=\"2\" \/><\/p>\n<div class=\"pro_aliData\">\n<p>&nbsp;<\/p>\n<div class=\"detail-box\">\n<div class=\"scc-wrapper detail-module module-productPackagingAndQuickDetail\" data-spm=\"prilinga1e\">\n<div class=\"widget-detail-overview\">\n<div class=\"do-title\">\n<h2 id=\"-product-parameter-table\">\ud83d\udcca Par\u00e2metro Filtro fundido por sopro PP (PPF)<\/h2>\n<p>O quadro seguinte resume os principais par\u00e2metros t\u00e9cnicos dos cartuchos de filtro fundido por sopro PP:<\/p>\n<p>&nbsp;<\/p>\n<table>\n<thead>\n<tr>\n<th>Par\u00e2metro Categoria<\/th>\n<th>Par\u00e2metros espec\u00edficos<\/th>\n<\/tr>\n<\/thead>\n<tbody>\n<tr>\n<td>Comprimento<\/td>\n<td>5 \u201c, 60\u201d<\/td>\n<\/tr>\n<tr>\n<td>Di\u00e2metro exterior<\/td>\n<td>60-115 mm (62-65 mm)<\/td>\n<\/tr>\n<tr>\n<td>Di\u00e2metro interior<\/td>\n<td>28 mm ou 30 mm (o departamento pode personalizar 15-35 mm)<\/td>\n<\/tr>\n<tr>\n<td>Par\u00e2metros de desempenho<\/td>\n<\/tr>\n<tr>\n<td>Precis\u00e3o da filtragem<\/td>\n<td>0,5-100 \u03bc m (1,50 \u03bc m)<\/td>\n<\/tr>\n<tr>\n<td>Tens\u00e3o suport\u00e1vel m\u00e1xima<\/td>\n<td>\u2264 0,5 MPa<\/td>\n<\/tr>\n<tr>\n<td>Queda de press\u00e3o m\u00e1xima<\/td>\n<td>0,2-0,4 MPa (recomenda-se a substitui\u00e7\u00e3o da diferen\u00e7a de press\u00e3o de 0,1-0,2 MPa)<\/td>\n<\/tr>\n<tr>\n<td>Temperatura m\u00e1xima de funcionamento<\/td>\n<td>\u2264 60-70 \u2103 (a curto prazo at\u00e9 90 \u2103)<\/td>\n<\/tr>\n<tr>\n<td>Gama de pH aplic\u00e1vel<\/td>\n<td>1-13<\/td>\n<\/tr>\n<tr>\n<td>Conformidade de filtragem<\/td>\n<td>\u2265 98% -99%<\/td>\n<\/tr>\n<\/tbody>\n<\/table>\n<h2><\/h2>\n<h2 id=\"-product-structure-and-process-characteristics\">Estrutura do produto e carater\u00edsticas do processo<\/h2>\n<p>Design estrutural A estrutura b\u00e1sica do elemento filtrante fundido por sopro PP \u00e9 um design tubular, que cria um gradiente de densidade gradual do exterior para o interior; Os produtos de alta qualidade s\u00e3o normalmente criados utilizando o \u201cprocesso de tr\u00eas pulveriza\u00e7\u00f5es\u201d para formar estruturas de v\u00e1rias camadas, tais como camadas fofas, camadas apertadas e camadas compactadas!<\/p>\n<p>&nbsp;<\/p>\n<p>tandard e tipo de esqueleto: Alguns cartuchos de filtro fundido soprado PP t\u00eam um esqueleto de polipropileno embutido, que \u00e9 particularmente adequado para especifica\u00e7\u00f5es mais longas (como 30 \u201c, 40\u201d) ou cen\u00e1rios de opera\u00e7\u00e3o que requerem maior resist\u00eancia \u00e0 compress\u00e3o e podem prevenir eficazmente a deforma\u00e7\u00e3o do cartucho do filtro. -<em>\u00a0<\/em>Filtro Big Fat : Com um design de di\u00e2metro exterior aumentado, proporciona uma maior \u00e1rea de filtragem e capacidade de reten\u00e7\u00e3o de sujidade, adequado para filtrar ambientes com elevado teor de impurezas.<\/p>\n<p>&nbsp;<\/p>\n<p>Carater\u00edsticas do processo Durante o processo de produ\u00e7\u00e3o, atrav\u00e9s do controlo do di\u00e2metro e da abertura da fibra, forma-se uma estrutura microporosa com uma pequena camada interior e uma grande camada exterior, aumentando o caudal e a capacidade de reten\u00e7\u00e3o de poluentes; os cartuchos filtrantes de alta qualidade n\u00e3o devem ter fibras soltas (\u201csem perda de cabelo\u201d), garantindo a pureza do meio filtrante.<\/p>\n<p>&nbsp;<\/p>\n<h2 id=\"-product-advantages-and-features\">Vantagens e carater\u00edsticas do produto<\/h2>\n<div><\/div>\n<ul>\n<li><strong>Bom desempenho de filtragem:\u00a0<\/strong>O cartucho de filtro fundido soprado PP tem uma estrutura de filtragem profunda com tamanho de poro uniforme, esparso no exterior e denso no interior, e pode atingir uma conformidade de filtragem superior a 98% -99%! A sua estrutura de densidade progressiva atinge as carater\u00edsticas de elevada capacidade de transporte de poluentes, elevado caudal e baixa queda de press\u00e3o;<\/li>\n<li><strong>Excelente estabilidade qu\u00edmica:\u00a0<\/strong>O produto \u00e9 resistente a \u00e1cidos, resistente a solu\u00e7\u00f5es org\u00e2nicas, tem uma boa estabilidade qu\u00edmica, um intervalo de pH adequado de 1-13 e pode lidar com fluidos com v\u00e1rias propriedades qu\u00edmicas!<\/li>\n<li>O desempenho f\u00edsico \u00e9 realmente forte e o elemento filtrante n\u00e3o se deforma quando a diferen\u00e7a de press\u00e3o da \u00e1gua entre a entrada e a sa\u00edda do filtro est\u00e1 \u00e0 frente de 0,4Mpa; Quando a temperatura est\u00e1 \u00e0 frente de 90 \u2103, a efici\u00eancia da filtragem n\u00e3o diminui.<\/li>\n<li><strong>Seguran\u00e7a e higiene:\u00a0<\/strong>Fabricado com mat\u00e9rias-primas de polipropileno n\u00e3o t\u00f3xicas e inodoras, sem quaisquer adesivos qu\u00edmicos, adequado para os requisitos de higiene e seguran\u00e7a das ind\u00fastrias alimentar e farmac\u00eautica. O produto em si tem um elevado grau de limpeza e n\u00e3o polui a qualidade da \u00e1gua.<\/li>\n<li><strong>Econ\u00f3mico e pr\u00e1tico:\u00a0<\/strong>Em compara\u00e7\u00e3o com outros materiais de filtragem, os cartuchos de filtro fundido soprado PP s\u00e3o relativamente econ\u00f3micos, mas t\u00eam um desempenho fi\u00e1vel, uma longa vida \u00fatil e uma elevada rela\u00e7\u00e3o custo-efic\u00e1cia!<\/li>\n<\/ul>\n<div><\/div>\n<h2 id=\"-maintenance-and-replacement-guide\">\ud83d\udd27 Guia de manuten\u00e7\u00e3o e substitui\u00e7\u00e3o<\/h2>\n<p>Uma manuten\u00e7\u00e3o precisa pode prolongar significativamente a vida \u00fatil dos cartuchos de filtro fundido soprado PP e garantir a efici\u00eancia da filtragem:<\/p>\n<p>&nbsp;<\/p>\n<p><strong>-<em>\u00a0<\/em>Avalia\u00e7\u00e3o do ciclo de substitui\u00e7\u00e3o: T<\/strong>m geral, os fabricantes recomendam um ciclo de substitui\u00e7\u00e3o de 3-6 meses, mas o ciclo efetivo tem de ser ajustado com base na utiliza\u00e7\u00e3o da \u00e1gua, na qualidade da \u00e1gua e na press\u00e3o da \u00e1gua. O m\u00e9todo de avalia\u00e7\u00e3o mais cient\u00edfico baseia-se na diferen\u00e7a de press\u00e3o de entrada e de sa\u00edda. Quando a diferen\u00e7a de press\u00e3o \u00e9 superior a 0,1-0,2 MPa, o elemento filtrante deve ser limpo ou substitu\u00eddo;<\/p>\n<p><strong>-Capacidade de limpeza:\u00a0<\/strong>Pode testar a lavagem inversa e limpar a parede exterior do elemento filtrante com \u00e1gua limpa a uma press\u00e3o inferior a 0,2 MPa. No entanto, deve notar-se que a limpeza frequente tem uma efic\u00e1cia limitada. Os cartuchos de filtro fundido soprado PP s\u00e3o concebidos principalmente para a filtragem de part\u00edculas e o seu desempenho deteriora-se significativamente ap\u00f3s a absor\u00e7\u00e3o de sujidade. Por isso, recomenda-se normalmente a substitui\u00e7\u00e3o direta em vez da limpeza.<\/p>\n<p><strong>-<em>\u00a0<\/em>Regula\u00e7\u00e3o da paragem:\u00a0<\/strong>Quando o elemento filtrante n\u00e3o est\u00e1 a funcionar, pode ser guardado na caixa do filtro e enchido com \u00e1gua limpa ou \u00e1gua antibacteriana. Quando for reutilizado, tem de ser cuidadosamente limpo.<\/p>\n<p><strong>-<em>\u00a0<\/em>Identifica\u00e7\u00e3o do elemento filtrante:<\/strong>\u00a0o elemento filtrante usado \u00e9 substitu\u00eddo ap\u00f3s a utiliza\u00e7\u00e3o, o produto de boa qualidade recebe uma grande quantidade de polui\u00e7\u00e3o e, a partir da sec\u00e7\u00e3o transversal, cada camada estar\u00e1 cheia de impurezas. Os filtros de m\u00e1 qualidade sujam sobretudo os contornos e s\u00e3o mais leves.<\/p>\n<h2><\/h2>\n<h2 id=\"-application-field\">\ud83c\udfed Aplica\u00e7\u00e3o do filtro fundido soprado PP (PPF)<\/h2>\n<p>Os cartuchos de filtro fundido soprado PP s\u00e3o amplamente utilizados em muitos campos devido \u00e0s suas excelentes propriedades<\/p>\n<p>&nbsp;<\/p>\n<ul>\n<li><strong>\u00c1gua pot\u00e1vel e ind\u00fastria alimentar:\u00a0<\/strong>filtra\u00e7\u00e3o de \u00e1gua purificada, bebidas alco\u00f3licas, \u00e1gua esterilizada para produtos farmac\u00eauticos e tratamento de pr\u00e9-filtra\u00e7\u00e3o de \u00e1gua purificada. -<em>\u00a0<\/em>Ind\u00fastria eletr\u00f3nica: Pr\u00e9-filtragem de \u00e1gua pura e ultrapura, filtragem de solu\u00e7\u00f5es de galvanoplastia!<\/li>\n<li><strong>Ind\u00fastria petroqu\u00edmica:\u00a0<\/strong>filtragem de v\u00e1rios solventes org\u00e2nicos, solu\u00e7\u00f5es alcalinas e filtragem de inje\u00e7\u00e3o de \u00e1gua em campos petrol\u00edferos.<\/li>\n<li><strong>Cria\u00e7\u00e3o farmac\u00eautica:\u00a0<\/strong>Pr\u00e9-filtragem de v\u00e1rias injec\u00e7\u00f5es, l\u00edquidos medicinais e \u00e1gua de lavagem de frascos de inje\u00e7\u00e3o, pr\u00e9-filtragem de grandes solu\u00e7\u00f5es de infus\u00e3o, bem como de v\u00e1rios antibi\u00f3ticos e injec\u00e7\u00f5es de medicina tradicional chinesa; -<em>\u00a0<\/em>Sistema de tratamento de \u00e1gua : Utilizado como precursor do filtro de seguran\u00e7a para osmose inversa (RO), nanofiltra\u00e7\u00e3o (NF) e outros sistemas, protegendo eficazmente o sistema de membrana principal.<\/li>\n<\/ul>\n<h2 id=\"-faq-frequently-asked-questions-\">\u2753 FAQ (Perguntas mais frequentes)<\/h2>\n<p><strong>1. Como distinguir as vantagens e desvantagens dos cartuchos de filtro fundido soprado PP?\u00a0<\/strong>O filtro de alta qualidade adopta um design de densidade progressiva, com um exterior macio e um interior apertado; A considera\u00e7\u00e3o da sec\u00e7\u00e3o transversal deve ser desigual no interior e no exterior. Os filamentos de fibra s\u00e3o uniformes e n\u00e3o apresentam qualquer fen\u00f3meno de queda. O peso \u00e9 tamb\u00e9m um objetivo de refer\u00eancia, e os mais pesados t\u00eam normalmente uma maior capacidade de transporte de poluentes.<\/p>\n<p><strong>2. Como escolher os cartuchos filtrantes de 1 m\u00edcron e 5 m\u00edcron?\u00a0<\/strong>Para zonas com baixa press\u00e3o de \u00e1gua ou polui\u00e7\u00e3o da \u00e1gua (como \u00e1guas subterr\u00e2neas e de po\u00e7os), recomenda-se a utiliza\u00e7\u00e3o de cartuchos de filtro de 5 m\u00edcrones para evitar a atenua\u00e7\u00e3o da press\u00e3o causada por press\u00e3o insuficiente ou confus\u00e3o! Um filtro de 1 m\u00edcron pode ser utilizado em ambientes de \u00e1gua da torneira municipal com press\u00e3o de \u00e1gua est\u00e1vel.<\/p>\n<p><strong>3. O que devo fazer se o comprimento do elemento filtrante n\u00e3o for compat\u00edvel?\u00a0<\/strong>N\u00e3o existe uma norma unificada para garrafas filtrantes de 10 polegadas na China e podem existir erros ligeiros e finos! Se o comprimento do elemento filtrante for reduzido (por exemplo, apenas 252 mm), podem ser adoptadas juntas adicionais para resolver problemas de compatibilidade;<\/p>\n<p><strong>4. Para que cen\u00e1rios \u00e9 adequado o filtro de esqueleto?\u00a0<\/strong>O elemento filtrante de esqueleto em polipropileno \u00e9 utilizado principalmente para aumentar a resist\u00eancia \u00e0 compress\u00e3o, evitar a deforma\u00e7\u00e3o de filtros mais compridos (como os filtros industriais de 40 polegadas) e \u00e9 particularmente adequado para a filtragem industrial com elevado caudal ou flutua\u00e7\u00f5es de press\u00e3o!<\/p>\n<p><strong>5. Pode ser utilizado para a filtragem de l\u00edquidos a alta temperatura?\u00a0<\/strong>A temperatura m\u00e1xima de trabalho convencional do elemento filtrante fundido por sopro PP \u00e9 de 60-70 \u2103 e pode atingir 90 \u2103 em pouco tempo! Se for necess\u00e1ria uma maior toler\u00e2ncia \u00e0 temperatura, \u00e9 necess\u00e1rio considerar produtos de filtro feitos de outros materiais ou filtros PP especialmente controlados!<\/p>\n<\/div>\n<\/div>\n<\/div>\n<\/div>\n<\/div>","protected":false},"excerpt":{"rendered":"<table>\n<thead>\n<tr>\n<th>item<\/th>\n<th>pormenores<\/th>\n<\/tr>\n<\/thead>\n<tbody>\n<tr>\n<td>marca<\/td>\n<td>oem \/ lvyuan<\/td>\n<\/tr>\n<tr>\n<td>certifica\u00e7\u00e3o<\/td>\n<td>sgs<\/td>\n<\/tr>\n<tr>\n<td>porta de arranque<\/td>\n<td>huangpu \/ nansha<\/td>\n<\/tr>\n<tr>\n<td>local de origem<\/td>\n<td>guangzhou \/ shenzhen<\/td>\n<\/tr>\n<tr>\n<td>capacidade de produ\u00e7\u00e3o<\/td>\n<td>10.000 unidades\/m\u00eas<\/td>\n<\/tr>\n<tr>\n<td>moq<\/td>\n<td>1 unidade<\/td>\n<\/tr>\n<tr>\n<td>prazo de entrega<\/td>\n<td>5-10 dias<\/td>\n<\/tr>\n<tr>\n<td>pagamento<\/td>\n<td>t\/t; garantia comercial alibaba; paypal<\/td>\n<\/tr>\n<\/tbody>\n<\/table>","protected":false},"featured_media":2128,"comment_status":"open","ping_status":"closed","template":"","meta":{"_gspb_post_css":""},"product_brand":[],"product_cat":[17,23],"product_tag":[892,891,889,890,888,302],"class_list":{"0":"post-2120","1":"product","2":"type-product","3":"status-publish","4":"has-post-thumbnail","6":"product_cat-sediment-filter","7":"product_cat-pp-filter-cartridge","8":"product_tag-5-10-days-delivery","9":"product_tag-huangpu-nansha-shipping","10":"product_tag-lvyuan-filter-supplier","11":"product_tag-moq-1-pc","12":"product_tag-oem-filter-element","13":"product_tag-sgs-certified-filter","15":"first","16":"instock","17":"shipping-taxable","18":"product-type-simple"},"_links":{"self":[{"href":"https:\/\/lyfilter.com\/pt\/wp-json\/wp\/v2\/product\/2120","targetHints":{"allow":["GET"]}}],"collection":[{"href":"https:\/\/lyfilter.com\/pt\/wp-json\/wp\/v2\/product"}],"about":[{"href":"https:\/\/lyfilter.com\/pt\/wp-json\/wp\/v2\/types\/product"}],"replies":[{"embeddable":true,"href":"https:\/\/lyfilter.com\/pt\/wp-json\/wp\/v2\/comments?post=2120"}],"wp:featuredmedia":[{"embeddable":true,"href":"https:\/\/lyfilter.com\/pt\/wp-json\/wp\/v2\/media\/2128"}],"wp:attachment":[{"href":"https:\/\/lyfilter.com\/pt\/wp-json\/wp\/v2\/media?parent=2120"}],"wp:term":[{"taxonomy":"product_brand","embeddable":true,"href":"https:\/\/lyfilter.com\/pt\/wp-json\/wp\/v2\/product_brand?post=2120"},{"taxonomy":"product_cat","embeddable":true,"href":"https:\/\/lyfilter.com\/pt\/wp-json\/wp\/v2\/product_cat?post=2120"},{"taxonomy":"product_tag","embeddable":true,"href":"https:\/\/lyfilter.com\/pt\/wp-json\/wp\/v2\/product_tag?post=2120"}],"curies":[{"name":"wp","href":"https:\/\/api.w.org\/{rel}","templated":true}]}}