{"id":2092,"date":"2026-01-06T08:23:10","date_gmt":"2026-01-06T08:23:10","guid":{"rendered":"https:\/\/lyfilter.com\/?post_type=product&#038;p=2092"},"modified":"2026-01-06T08:23:10","modified_gmt":"2026-01-06T08:23:10","slug":"10-inch-water-filter-1-micron-pp-sediment-replacement-filter-cartridge","status":"publish","type":"product","link":"https:\/\/lyfilter.com\/pt\/10-inch-water-filter-1-micron-pp-sediment-replacement-filter-cartridge\/","title":{"rendered":"Filtro de \u00e1gua de 10 polegadas Cartucho de filtro de substitui\u00e7\u00e3o de sedimentos pp de 1 m\u00edcron"},"content":{"rendered":"<table>\n<thead>\n<tr>\n<th>item<\/th>\n<th>pormenores<\/th>\n<\/tr>\n<\/thead>\n<tbody>\n<tr>\n<td>sectores aplic\u00e1veis<\/td>\n<td>f\u00e1brica de produ\u00e7\u00e3o; f\u00e1brica de alimentos e bebidas; uso dom\u00e9stico; tratamento de \u00e1gua<\/td>\n<\/tr>\n<tr>\n<td>local de origem<\/td>\n<td>guangdong, china<\/td>\n<\/tr>\n<tr>\n<td>nome da marca<\/td>\n<td>lvyuan; oem; odm<\/td>\n<\/tr>\n<tr>\n<td>material<\/td>\n<td>pp<\/td>\n<\/tr>\n<tr>\n<td>mat\u00e9ria-prima<\/td>\n<td>fibra pp<\/td>\n<\/tr>\n<tr>\n<td>carater\u00edstica<\/td>\n<td>tamanho e log\u00f3tipo personalizados; a\u00e7o roubado<\/td>\n<\/tr>\n<tr>\n<td>certifica\u00e7\u00e3o<\/td>\n<td>sgs<\/td>\n<\/tr>\n<tr>\n<td>forma<\/td>\n<td>cilindro<\/td>\n<\/tr>\n<tr>\n<td>utiliza\u00e7\u00e3o<\/td>\n<td>tratamento da \u00e1gua<\/td>\n<\/tr>\n<tr>\n<td>aplica\u00e7\u00e3o<\/td>\n<td>setorial<\/td>\n<\/tr>\n<tr>\n<td>cor<\/td>\n<td>branco<\/td>\n<\/tr>\n<tr>\n<td>apar\u00eancia<\/td>\n<td>com relevo; com brilho; etc<\/td>\n<\/tr>\n<tr>\n<td>comprimento<\/td>\n<td>5\/10\/20\/30\/40 polegadas ou personalizado<\/td>\n<\/tr>\n<tr>\n<td>peso<\/td>\n<td>personalizado<\/td>\n<\/tr>\n<tr>\n<td>tamanho<\/td>\n<td>personalizado<\/td>\n<\/tr>\n<tr>\n<td><\/td>\n<td><\/td>\n<\/tr>\n<\/tbody>\n<\/table>","protected":false},"excerpt":{"rendered":"<p>Obt\u00e9m um cartucho de fibra pp fi\u00e1vel que ajuda a reduzir os sedimentos e protege o seu sistema. Escolha comprimentos de 5-40 polegadas (ou personalizados) e adicione o seu log\u00f3tipo e acabamento para que se adapte \u00e0 sua caixa e \u00e0 sua marca.<\/p>","protected":false},"featured_media":2100,"comment_status":"open","ping_status":"closed","template":"","meta":{"_gspb_post_css":""},"product_brand":[],"product_cat":[23,17],"product_tag":[881,882,757,648,302,321],"class_list":{"0":"post-2092","1":"product","2":"type-product","3":"status-publish","4":"has-post-thumbnail","6":"product_cat-pp-filter-cartridge","7":"product_cat-sediment-filter","8":"product_tag-5-40-inch-filter-cartridge","9":"product_tag-custom-logo-filter-element","10":"product_tag-pp-fiber-filter-element","11":"product_tag-pp-filter-cartridge","12":"product_tag-sgs-certified-filter","13":"product_tag-water-treatment-cartridge","15":"first","16":"instock","17":"shipping-taxable","18":"product-type-simple"},"_links":{"self":[{"href":"https:\/\/lyfilter.com\/pt\/wp-json\/wp\/v2\/product\/2092","targetHints":{"allow":["GET"]}}],"collection":[{"href":"https:\/\/lyfilter.com\/pt\/wp-json\/wp\/v2\/product"}],"about":[{"href":"https:\/\/lyfilter.com\/pt\/wp-json\/wp\/v2\/types\/product"}],"replies":[{"embeddable":true,"href":"https:\/\/lyfilter.com\/pt\/wp-json\/wp\/v2\/comments?post=2092"}],"wp:featuredmedia":[{"embeddable":true,"href":"https:\/\/lyfilter.com\/pt\/wp-json\/wp\/v2\/media\/2100"}],"wp:attachment":[{"href":"https:\/\/lyfilter.com\/pt\/wp-json\/wp\/v2\/media?parent=2092"}],"wp:term":[{"taxonomy":"product_brand","embeddable":true,"href":"https:\/\/lyfilter.com\/pt\/wp-json\/wp\/v2\/product_brand?post=2092"},{"taxonomy":"product_cat","embeddable":true,"href":"https:\/\/lyfilter.com\/pt\/wp-json\/wp\/v2\/product_cat?post=2092"},{"taxonomy":"product_tag","embeddable":true,"href":"https:\/\/lyfilter.com\/pt\/wp-json\/wp\/v2\/product_tag?post=2092"}],"curies":[{"name":"wp","href":"https:\/\/api.w.org\/{rel}","templated":true}]}}