{"id":2079,"date":"2026-01-06T08:18:10","date_gmt":"2026-01-06T08:18:10","guid":{"rendered":"https:\/\/lyfilter.com\/?post_type=product&#038;p=2079"},"modified":"2026-01-06T08:18:10","modified_gmt":"2026-01-06T08:18:10","slug":"big-jumbo-diameter-size-5-10-50-microns-sediment-pp-white-filter-polypropylene-water-filter-cartridge-for-water-treatment-plant","status":"publish","type":"product","link":"https:\/\/lyfilter.com\/pt\/big-jumbo-diameter-size-5-10-50-microns-sediment-pp-white-filter-polypropylene-water-filter-cartridge-for-water-treatment-plant\/","title":{"rendered":"Grande di\u00e2metro jumbo tamanho 5 10 50 microns sedimento PP branco filtro polipropileno cartucho de filtro de \u00e1gua para esta\u00e7\u00e3o de tratamento de \u00e1gua"},"content":{"rendered":"<table>\n<thead>\n<tr>\n<th>item<\/th>\n<th>pormenores<\/th>\n<\/tr>\n<\/thead>\n<tbody>\n<tr>\n<td>sectores aplic\u00e1veis<\/td>\n<td>f\u00e1brica de alimentos e bebidas; quintas; restaurante; uso dom\u00e9stico; lojas de alimentos e bebidas<\/td>\n<\/tr>\n<tr>\n<td>local de origem<\/td>\n<td>guangdong, china<\/td>\n<\/tr>\n<tr>\n<td>nome da marca<\/td>\n<td>lvyuan \/ oem<\/td>\n<\/tr>\n<tr>\n<td>material<\/td>\n<td>polipropileno (pp)<\/td>\n<\/tr>\n<tr>\n<td>nome do produto<\/td>\n<td>cartucho de filtro de \u00e1gua de polipropileno para sedimentos jumbo pp branco<\/td>\n<\/tr>\n<tr>\n<td>tipo de filtro \/ acabamento<\/td>\n<td>ranhura; grava\u00e7\u00e3o em relevo; pontos; log\u00f3tipo da empresa<\/td>\n<\/tr>\n<tr>\n<td>precis\u00e3o de filtragem<\/td>\n<td>1-100 m\u00edcrones<\/td>\n<\/tr>\n<tr>\n<td>di\u00e2metro exterior<\/td>\n<td>10-200 mm<\/td>\n<\/tr>\n<tr>\n<td>di\u00e2metro interior<\/td>\n<td>de origem<\/td>\n<\/tr>\n<tr>\n<td>op\u00e7\u00f5es de adaptadores de filtros<\/td>\n<td>tipo plano; tipo 222; tipo 226; tipo 215<\/td>\n<\/tr>\n<tr>\n<td>pot\u00eancia<\/td>\n<td>0<\/td>\n<\/tr>\n<tr>\n<td>temperatura mais elevada<\/td>\n<td>80\u2103<\/td>\n<\/tr>\n<tr>\n<td>queda de press\u00e3o de trabalho<\/td>\n<td>0,1 kgf\/c\u33a1<\/td>\n<\/tr>\n<tr>\n<td>mais alto confinado<\/td>\n<td>5 kgf\/c\u33a1<\/td>\n<\/tr>\n<tr>\n<td>queda de press\u00e3o m\u00e1xima<\/td>\n<td>3 kgf\/c\u33a1<\/td>\n<\/tr>\n<tr>\n<td>garantia<\/td>\n<td>indispon\u00edvel<\/td>\n<\/tr>\n<tr>\n<td>servi\u00e7o p\u00f3s-venda<\/td>\n<td>apoio em linha<\/td>\n<\/tr>\n<tr>\n<td>unidades de venda<\/td>\n<td>item \u00fanico<\/td>\n<\/tr>\n<tr>\n<td>tamanho de embalagem individual<\/td>\n<td>53 \u00d7 33 \u00d7 33 cm<\/td>\n<\/tr>\n<tr>\n<td>peso bruto \u00fanico<\/td>\n<td>9.000 kg<\/td>\n<\/tr>\n<tr>\n<td>embalagem<\/td>\n<td>embalado em caixa de papel\u00e3o<\/td>\n<\/tr>\n<tr>\n<td>prazo de entrega (1-100 unidades)<\/td>\n<td>3 dias<\/td>\n<\/tr>\n<tr>\n<td>prazo de entrega (101-500 pcs)<\/td>\n<td>5 dias<\/td>\n<\/tr>\n<tr>\n<td>prazo de entrega (501-5000 pcs)<\/td>\n<td>10 dias<\/td>\n<\/tr>\n<tr>\n<td>prazo de entrega (&gt;5000 unidades)<\/td>\n<td>a ser negociado<\/td>\n<\/tr>\n<\/tbody>\n<\/table>","protected":false},"excerpt":{"rendered":"<p>Obt\u00e9m um cartucho de filtro de sedimentos resistente e amigo dos alimentos que ajuda a manter a areia e as part\u00edculas finas fora da sua linha de \u00e1gua. \u00c9 fabricado em polipropileno e pode ser personalizado (tamanho\/peso), com op\u00e7\u00f5es de ranhura\/grava\u00e7\u00e3o\/ponto e at\u00e9 com o seu log\u00f3tipo.<\/p>","protected":false},"featured_media":2080,"comment_status":"open","ping_status":"closed","template":"","meta":{"_gspb_post_css":""},"product_brand":[],"product_cat":[23,17],"product_tag":[332,875,874,347,662,321],"class_list":{"0":"post-2079","1":"product","2":"type-product","3":"status-publish","4":"has-post-thumbnail","6":"product_cat-pp-filter-cartridge","7":"product_cat-sediment-filter","8":"product_tag-1-100-micron-filtration","9":"product_tag-222-226-215-adapter","10":"product_tag-jumbo-filter-cartridge","11":"product_tag-polypropylene-water-filter","12":"product_tag-pp-sediment-filter","13":"product_tag-water-treatment-cartridge","15":"first","16":"instock","17":"shipping-taxable","18":"product-type-simple"},"_links":{"self":[{"href":"https:\/\/lyfilter.com\/pt\/wp-json\/wp\/v2\/product\/2079","targetHints":{"allow":["GET"]}}],"collection":[{"href":"https:\/\/lyfilter.com\/pt\/wp-json\/wp\/v2\/product"}],"about":[{"href":"https:\/\/lyfilter.com\/pt\/wp-json\/wp\/v2\/types\/product"}],"replies":[{"embeddable":true,"href":"https:\/\/lyfilter.com\/pt\/wp-json\/wp\/v2\/comments?post=2079"}],"wp:featuredmedia":[{"embeddable":true,"href":"https:\/\/lyfilter.com\/pt\/wp-json\/wp\/v2\/media\/2080"}],"wp:attachment":[{"href":"https:\/\/lyfilter.com\/pt\/wp-json\/wp\/v2\/media?parent=2079"}],"wp:term":[{"taxonomy":"product_brand","embeddable":true,"href":"https:\/\/lyfilter.com\/pt\/wp-json\/wp\/v2\/product_brand?post=2079"},{"taxonomy":"product_cat","embeddable":true,"href":"https:\/\/lyfilter.com\/pt\/wp-json\/wp\/v2\/product_cat?post=2079"},{"taxonomy":"product_tag","embeddable":true,"href":"https:\/\/lyfilter.com\/pt\/wp-json\/wp\/v2\/product_tag?post=2079"}],"curies":[{"name":"wp","href":"https:\/\/api.w.org\/{rel}","templated":true}]}}