{"id":2035,"date":"2026-01-06T03:48:17","date_gmt":"2026-01-06T03:48:17","guid":{"rendered":"https:\/\/lyfilter.com\/?post_type=product&#038;p=2035"},"modified":"2026-01-06T03:48:17","modified_gmt":"2026-01-06T03:48:17","slug":"10-20-30-40-inch-replacement-polypropylene-fine-filter-depth-cartridge-filters-with-hairy-orange-groove-smooth-surface","status":"publish","type":"product","link":"https:\/\/lyfilter.com\/pt\/10-20-30-40-inch-replacement-polypropylene-fine-filter-depth-cartridge-filters-with-hairy-orange-groove-smooth-surface\/","title":{"rendered":"10 20 30 40 polegadas Substitui\u00e7\u00e3o de filtros de cartucho de profundidade de filtro fino de polipropileno com ranhura laranja peluda superf\u00edcie lisa"},"content":{"rendered":"<table>\n<thead>\n<tr>\n<th>Item<\/th>\n<th>Detalhes<\/th>\n<\/tr>\n<\/thead>\n<tbody>\n<tr>\n<td>Estado<\/td>\n<td>Novo<\/td>\n<\/tr>\n<tr>\n<td>Sectores aplic\u00e1veis<\/td>\n<td>Hot\u00e9is, f\u00e1bricas, f\u00e1bricas de alimentos e bebidas, quintas, restaurantes, retalho, uso dom\u00e9stico, constru\u00e7\u00e3o, energia e minas, impress\u00e3o, publicidade<\/td>\n<\/tr>\n<tr>\n<td>Local de origem<\/td>\n<td>Guangdong, China<\/td>\n<\/tr>\n<tr>\n<td>Nome da marca<\/td>\n<td>Lvyuan \/ OEM<\/td>\n<\/tr>\n<tr>\n<td>Nome do produto<\/td>\n<td>Filtro de profundidade em polipropileno<\/td>\n<\/tr>\n<tr>\n<td>Material<\/td>\n<td>Polipropileno<\/td>\n<\/tr>\n<tr>\n<td>Meios filtrantes<\/td>\n<td>Polipropileno PP fiado<\/td>\n<\/tr>\n<tr>\n<td>Taxa de microns<\/td>\n<td>1 \/ 3 \/ 5 \/ 10 \/ 25 \/ 50 \/ 75 \/ 100 m\u00edcrones<\/td>\n<\/tr>\n<tr>\n<td>Comprimento<\/td>\n<td>5\u2033, 10\u2033, 20\u2033, 30\u2033, 40\u2033, 50\u2033 polegadas<\/td>\n<\/tr>\n<tr>\n<td>Tamanho<\/td>\n<td>Padr\u00e3o ou personalizado<\/td>\n<\/tr>\n<tr>\n<td>Peso<\/td>\n<td>Depende<\/td>\n<\/tr>\n<tr>\n<td>Pot\u00eancia<\/td>\n<td>0<\/td>\n<\/tr>\n<tr>\n<td>Aplica\u00e7\u00e3o<\/td>\n<td>Pe\u00e7as para filtros de \u00e1gua, osmose inversa<\/td>\n<\/tr>\n<tr>\n<td>Utiliza\u00e7\u00e3o<\/td>\n<td>Filtro de cartucho para l\u00edquidos<\/td>\n<\/tr>\n<tr>\n<td>Tampa da extremidade<\/td>\n<td>DOE, 222Fin, 226Fin, 222Flat, 226Flat<\/td>\n<\/tr>\n<tr>\n<td>Material da junta \/ O-ring<\/td>\n<td>Silicone, EPDM, Viton<\/td>\n<\/tr>\n<tr>\n<td>N\u00facleo interno<\/td>\n<td>PP, a\u00e7o inoxid\u00e1vel ou nenhum<\/td>\n<\/tr>\n<tr>\n<td>Certifica\u00e7\u00e3o<\/td>\n<td>CE, SGS<\/td>\n<\/tr>\n<tr>\n<td>Garantia<\/td>\n<td>N\u00e3o dispon\u00edvel<\/td>\n<\/tr>\n<tr>\n<td>Servi\u00e7o p\u00f3s-venda<\/td>\n<td>Apoio em linha<\/td>\n<\/tr>\n<tr>\n<td>Ap\u00f3s o servi\u00e7o de garantia<\/td>\n<td>Apoio em linha<\/td>\n<\/tr>\n<tr>\n<td>Localiza\u00e7\u00e3o do servi\u00e7o local<\/td>\n<td>Nenhum<\/td>\n<\/tr>\n<tr>\n<td>Localiza\u00e7\u00e3o da sala de exposi\u00e7\u00f5es<\/td>\n<td>Nenhum<\/td>\n<\/tr>\n<tr>\n<td>Unidades de venda<\/td>\n<td>Artigo \u00fanico<\/td>\n<\/tr>\n<tr>\n<td>Tamanho da embalagem individual<\/td>\n<td>55 \u00d7 10 \u00d7 10 cm<\/td>\n<\/tr>\n<tr>\n<td>Peso bruto \u00fanico<\/td>\n<td>2,0 kg<\/td>\n<\/tr>\n<tr>\n<td>Tipo de embalagem<\/td>\n<td>Embalagem de cart\u00e3o a granel por tamanho; cota\u00e7\u00e3o para refer\u00eancia, pre\u00e7o final com base nas especifica\u00e7\u00f5es<\/td>\n<\/tr>\n<tr>\n<td>Prazo de execu\u00e7\u00e3o (1-2000 pcs)<\/td>\n<td>15 dias<\/td>\n<\/tr>\n<tr>\n<td>Prazo de entrega (&gt;2000 unidades)<\/td>\n<td>A ser negociado<\/td>\n<\/tr>\n<\/tbody>\n<\/table>","protected":false},"excerpt":{"rendered":"<p>Este cartucho de filtro de profundidade em polipropileno oferece uma remo\u00e7\u00e3o fi\u00e1vel de part\u00edculas em muitos n\u00edveis de microns. Adapta-se a sistemas RO e de \u00e1gua para uso industrial e quotidiano.<\/p>","protected":false},"featured_media":2043,"comment_status":"open","ping_status":"closed","template":"","meta":{"_gspb_post_css":""},"product_brand":[],"product_cat":[17,23],"product_tag":[869,870,295,732,325,357],"class_list":{"0":"post-2035","1":"product","2":"type-product","3":"status-publish","4":"has-post-thumbnail","6":"product_cat-sediment-filter","7":"product_cat-pp-filter-cartridge","8":"product_tag-polypropylene-depth-filter","9":"product_tag-pp-depth-filter-cartridge","10":"product_tag-pp-spun-filter","11":"product_tag-ro-filter-cartridge","12":"product_tag-sediment-filter-cartridge","13":"product_tag-water-filter-cartridge","15":"first","16":"instock","17":"shipping-taxable","18":"product-type-simple"},"_links":{"self":[{"href":"https:\/\/lyfilter.com\/pt\/wp-json\/wp\/v2\/product\/2035","targetHints":{"allow":["GET"]}}],"collection":[{"href":"https:\/\/lyfilter.com\/pt\/wp-json\/wp\/v2\/product"}],"about":[{"href":"https:\/\/lyfilter.com\/pt\/wp-json\/wp\/v2\/types\/product"}],"replies":[{"embeddable":true,"href":"https:\/\/lyfilter.com\/pt\/wp-json\/wp\/v2\/comments?post=2035"}],"wp:featuredmedia":[{"embeddable":true,"href":"https:\/\/lyfilter.com\/pt\/wp-json\/wp\/v2\/media\/2043"}],"wp:attachment":[{"href":"https:\/\/lyfilter.com\/pt\/wp-json\/wp\/v2\/media?parent=2035"}],"wp:term":[{"taxonomy":"product_brand","embeddable":true,"href":"https:\/\/lyfilter.com\/pt\/wp-json\/wp\/v2\/product_brand?post=2035"},{"taxonomy":"product_cat","embeddable":true,"href":"https:\/\/lyfilter.com\/pt\/wp-json\/wp\/v2\/product_cat?post=2035"},{"taxonomy":"product_tag","embeddable":true,"href":"https:\/\/lyfilter.com\/pt\/wp-json\/wp\/v2\/product_tag?post=2035"}],"curies":[{"name":"wp","href":"https:\/\/api.w.org\/{rel}","templated":true}]}}