{"id":2021,"date":"2026-01-06T03:44:38","date_gmt":"2026-01-06T03:44:38","guid":{"rendered":"https:\/\/lyfilter.com\/?post_type=product&#038;p=2021"},"modified":"2026-01-06T03:44:39","modified_gmt":"2026-01-06T03:44:39","slug":"high-quality-pp-melt-blown-cartridge-taiwan-filter-technology-with-oem-size","status":"publish","type":"product","link":"https:\/\/lyfilter.com\/pt\/high-quality-pp-melt-blown-cartridge-taiwan-filter-technology-with-oem-size\/","title":{"rendered":"Tecnologia de filtro de taiwan de cartucho fundido soprado PP de alta qualidade com tamanho OEM"},"content":{"rendered":"<table>\n<thead>\n<tr>\n<th>Item<\/th>\n<th>Detalhes<\/th>\n<\/tr>\n<\/thead>\n<tbody>\n<tr>\n<td>Local de origem<\/td>\n<td>Guangdong, China<\/td>\n<\/tr>\n<tr>\n<td>Nome da marca<\/td>\n<td>Lvyuan \/ OEM<\/td>\n<\/tr>\n<tr>\n<td>N\u00famero do modelo<\/td>\n<td>S\u00e9rie LY-PPF<\/td>\n<\/tr>\n<tr>\n<td>Nome do produto<\/td>\n<td>Cartucho de PP fundido por sopro<\/td>\n<\/tr>\n<tr>\n<td>Aplica\u00e7\u00e3o<\/td>\n<td>Cartucho da caixa do filtro de \u00e1gua<\/td>\n<\/tr>\n<tr>\n<td>Utiliza\u00e7\u00e3o<\/td>\n<td>Cartucho de filtro de g\u00e1s, l\u00edquido<\/td>\n<\/tr>\n<tr>\n<td>Meios filtrantes<\/td>\n<td>Membrana de polipropileno PP<\/td>\n<\/tr>\n<tr>\n<td>Taxa de microns<\/td>\n<td>1, 3, 5, 10 m\u00edcrones<\/td>\n<\/tr>\n<tr>\n<td>Comprimento<\/td>\n<td>5\u2033, 10\u2033, 20\u2033, 30\u2033, 40\u2033, 50\u2033 polegadas<\/td>\n<\/tr>\n<tr>\n<td>Tampa da extremidade<\/td>\n<td>DOE, 222+Fin, 222+Flat, 226+Fin, 226+Flat<\/td>\n<\/tr>\n<tr>\n<td>Material da junta \/ O-ring<\/td>\n<td>Silicone, EPDM, Viton<\/td>\n<\/tr>\n<tr>\n<td>N\u00facleo interno<\/td>\n<td>PP ou nenhum<\/td>\n<\/tr>\n<tr>\n<td>Capacidade de fornecimento<\/td>\n<td>5000 pe\u00e7as por dia<\/td>\n<\/tr>\n<\/tbody>\n<\/table>","protected":false},"excerpt":{"rendered":"<p>Este cartucho de PP fundido por sopro proporciona uma remo\u00e7\u00e3o est\u00e1vel de part\u00edculas para caixas de \u00e1gua. Funciona para filtragem de l\u00edquidos e gases com op\u00e7\u00f5es flex\u00edveis de microns.<\/p>","protected":false},"featured_media":2029,"comment_status":"open","ping_status":"closed","template":"","meta":{"_gspb_post_css":""},"product_brand":[],"product_cat":[17,23],"product_tag":[865,648,726,660,325,775],"class_list":{"0":"post-2021","1":"product","2":"type-product","3":"status-publish","4":"has-post-thumbnail","6":"product_cat-sediment-filter","7":"product_cat-pp-filter-cartridge","8":"product_tag-liquid-gas-filter","9":"product_tag-pp-filter-cartridge","10":"product_tag-pp-melt-blown-cartridge","11":"product_tag-pp-membrane-filter","12":"product_tag-sediment-filter-cartridge","13":"product_tag-water-filter-housing-cartridge","15":"first","16":"instock","17":"shipping-taxable","18":"product-type-simple"},"_links":{"self":[{"href":"https:\/\/lyfilter.com\/pt\/wp-json\/wp\/v2\/product\/2021","targetHints":{"allow":["GET"]}}],"collection":[{"href":"https:\/\/lyfilter.com\/pt\/wp-json\/wp\/v2\/product"}],"about":[{"href":"https:\/\/lyfilter.com\/pt\/wp-json\/wp\/v2\/types\/product"}],"replies":[{"embeddable":true,"href":"https:\/\/lyfilter.com\/pt\/wp-json\/wp\/v2\/comments?post=2021"}],"wp:featuredmedia":[{"embeddable":true,"href":"https:\/\/lyfilter.com\/pt\/wp-json\/wp\/v2\/media\/2029"}],"wp:attachment":[{"href":"https:\/\/lyfilter.com\/pt\/wp-json\/wp\/v2\/media?parent=2021"}],"wp:term":[{"taxonomy":"product_brand","embeddable":true,"href":"https:\/\/lyfilter.com\/pt\/wp-json\/wp\/v2\/product_brand?post=2021"},{"taxonomy":"product_cat","embeddable":true,"href":"https:\/\/lyfilter.com\/pt\/wp-json\/wp\/v2\/product_cat?post=2021"},{"taxonomy":"product_tag","embeddable":true,"href":"https:\/\/lyfilter.com\/pt\/wp-json\/wp\/v2\/product_tag?post=2021"}],"curies":[{"name":"wp","href":"https:\/\/api.w.org\/{rel}","templated":true}]}}