{"id":1988,"date":"2026-01-06T03:17:08","date_gmt":"2026-01-06T03:17:08","guid":{"rendered":"https:\/\/lyfilter.com\/?post_type=product&#038;p=1988"},"modified":"2026-05-08T01:16:27","modified_gmt":"2026-05-08T01:16:27","slug":"5-10-micron-10-20-inch-pp-sediment-filter-cartridge-melt-blown-filter-cartridge-for-water-filtration","status":"publish","type":"product","link":"https:\/\/lyfilter.com\/pt\/5-10-micron-10-20-inch-pp-sediment-filter-cartridge-melt-blown-filter-cartridge-for-water-filtration\/","title":{"rendered":"Cartucho de filtro de sedimentos pp de 5 10 m\u00edcrons 10 20 polegadas\/cartucho de filtro fundido soprado para filtra\u00e7\u00e3o de \u00e1gua"},"content":{"rendered":"<table>\n<thead>\n<tr>\n<th>Item<\/th>\n<th>Detalhes<\/th>\n<\/tr>\n<\/thead>\n<tbody>\n<tr>\n<td>Sectores aplic\u00e1veis<\/td>\n<td>F\u00e1brica de produ\u00e7\u00e3o, f\u00e1brica de alimentos e bebidas, utiliza\u00e7\u00e3o dom\u00e9stica, tratamento de \u00e1gua<\/td>\n<\/tr>\n<tr>\n<td>Local de origem<\/td>\n<td>Guangdong, China<\/td>\n<\/tr>\n<tr>\n<td>Nome da marca<\/td>\n<td>Lvyuan, OEM, ODM<\/td>\n<\/tr>\n<tr>\n<td>Material<\/td>\n<td>PP<\/td>\n<\/tr>\n<tr>\n<td>Mat\u00e9ria-prima<\/td>\n<td>Fibra PP<\/td>\n<\/tr>\n<tr>\n<td>Forma<\/td>\n<td>Cilindro<\/td>\n<\/tr>\n<tr>\n<td>Tamanho<\/td>\n<td>Personalizado, slim, jumbo<\/td>\n<\/tr>\n<tr>\n<td>Peso<\/td>\n<td>Personalizado<\/td>\n<\/tr>\n<tr>\n<td>Pot\u00eancia<\/td>\n<td>0<\/td>\n<\/tr>\n<tr>\n<td>Carater\u00edstica<\/td>\n<td>Tamanho e log\u00f3tipo personalizados, a\u00e7o roubado<\/td>\n<\/tr>\n<tr>\n<td>Utiliza\u00e7\u00e3o<\/td>\n<td>Tratamento da \u00e1gua<\/td>\n<\/tr>\n<tr>\n<td>Aplica\u00e7\u00e3o<\/td>\n<td>Ind\u00fastria<\/td>\n<\/tr>\n<tr>\n<td>Cor<\/td>\n<td>Branco<\/td>\n<\/tr>\n<tr>\n<td>Apar\u00eancia<\/td>\n<td>Em relevo, brilhante, etc.<\/td>\n<\/tr>\n<tr>\n<td>Certifica\u00e7\u00e3o<\/td>\n<td>SGS<\/td>\n<\/tr>\n<tr>\n<td>Garantia<\/td>\n<td>N\u00e3o dispon\u00edvel<\/td>\n<\/tr>\n<tr>\n<td>Servi\u00e7o p\u00f3s-venda<\/td>\n<td>Apoio em linha<\/td>\n<\/tr>\n<tr>\n<td>Embalagem<\/td>\n<td>Caixa de papel<\/td>\n<\/tr>\n<tr>\n<td>Capacidade de fornecimento<\/td>\n<td>5000 pe\u00e7as por semana<\/td>\n<\/tr>\n<tr>\n<td>Descri\u00e7\u00e3o do v\u00eddeo<\/td>\n<td>Mostra a estrutura do produto, detalhes do material, op\u00e7\u00f5es de tamanho e casos de utiliza\u00e7\u00e3o em sistemas reais de tratamento de \u00e1gua<\/td>\n<\/tr>\n<\/tbody>\n<\/table>","protected":false},"excerpt":{"rendered":"<p>Este cartucho de filtro de \u00e1gua PP foi concebido para corresponder ao seu sistema e \u00e0 sua marca. Suporta uma filtragem consistente para o tratamento de \u00e1gua industrial, alimentar e dom\u00e9stica.<\/p>","protected":false},"featured_media":1996,"comment_status":"open","ping_status":"closed","template":"","meta":{"_gspb_post_css":""},"product_brand":[],"product_cat":[23,17],"product_tag":[665,856,641,860,632,668],"class_list":{"0":"post-1988","1":"product","2":"type-product","3":"status-publish","4":"has-post-thumbnail","6":"product_cat-pp-filter-cartridge","7":"product_cat-sediment-filter","8":"product_tag-custom-water-filter-cartridge","9":"product_tag-industrial-water-treatment-filter","10":"product_tag-oem-odm-water-filter","11":"product_tag-pp-fiber-cartridge","12":"product_tag-pp-water-filter-cartridge","13":"product_tag-slim-jumbo-filter","15":"first","16":"instock","17":"shipping-taxable","18":"product-type-simple"},"_links":{"self":[{"href":"https:\/\/lyfilter.com\/pt\/wp-json\/wp\/v2\/product\/1988","targetHints":{"allow":["GET"]}}],"collection":[{"href":"https:\/\/lyfilter.com\/pt\/wp-json\/wp\/v2\/product"}],"about":[{"href":"https:\/\/lyfilter.com\/pt\/wp-json\/wp\/v2\/types\/product"}],"replies":[{"embeddable":true,"href":"https:\/\/lyfilter.com\/pt\/wp-json\/wp\/v2\/comments?post=1988"}],"wp:featuredmedia":[{"embeddable":true,"href":"https:\/\/lyfilter.com\/pt\/wp-json\/wp\/v2\/media\/1996"}],"wp:attachment":[{"href":"https:\/\/lyfilter.com\/pt\/wp-json\/wp\/v2\/media?parent=1988"}],"wp:term":[{"taxonomy":"product_brand","embeddable":true,"href":"https:\/\/lyfilter.com\/pt\/wp-json\/wp\/v2\/product_brand?post=1988"},{"taxonomy":"product_cat","embeddable":true,"href":"https:\/\/lyfilter.com\/pt\/wp-json\/wp\/v2\/product_cat?post=1988"},{"taxonomy":"product_tag","embeddable":true,"href":"https:\/\/lyfilter.com\/pt\/wp-json\/wp\/v2\/product_tag?post=1988"}],"curies":[{"name":"wp","href":"https:\/\/api.w.org\/{rel}","templated":true}]}}