{"id":1967,"date":"2026-01-06T03:06:16","date_gmt":"2026-01-06T03:06:16","guid":{"rendered":"https:\/\/lyfilter.com\/?post_type=product&#038;p=1967"},"modified":"2026-01-06T03:06:16","modified_gmt":"2026-01-06T03:06:16","slug":"1-micron-pp-melt-blown-water-filter-sediment-filter-cartridge-with-5-micron","status":"publish","type":"product","link":"https:\/\/lyfilter.com\/pt\/1-micron-pp-melt-blown-water-filter-sediment-filter-cartridge-with-5-micron\/","title":{"rendered":"Filtro de \u00e1gua soprado com 1 m\u00edcron pp Melt \/ Cartucho de filtro de sedimentos com 5 m\u00edcrones"},"content":{"rendered":"<table>\n<thead>\n<tr>\n<th>Item<\/th>\n<th>Detalhes<\/th>\n<\/tr>\n<\/thead>\n<tbody>\n<tr>\n<td>Sectores aplic\u00e1veis<\/td>\n<td>F\u00e1brica de produ\u00e7\u00e3o, f\u00e1brica de alimentos e bebidas, utiliza\u00e7\u00e3o dom\u00e9stica, tratamento de \u00e1gua<\/td>\n<\/tr>\n<tr>\n<td>Local de origem<\/td>\n<td>Guangdong, China<\/td>\n<\/tr>\n<tr>\n<td>Nome da marca<\/td>\n<td>Lvyuan, OEM, ODM<\/td>\n<\/tr>\n<tr>\n<td>Material<\/td>\n<td>PP<\/td>\n<\/tr>\n<tr>\n<td>Mat\u00e9ria-prima<\/td>\n<td>Fibra PP<\/td>\n<\/tr>\n<tr>\n<td>Forma<\/td>\n<td>Cilindro<\/td>\n<\/tr>\n<tr>\n<td>Tamanho<\/td>\n<td>Personalizado, slim, jumbo<\/td>\n<\/tr>\n<tr>\n<td>Peso<\/td>\n<td>Personalizado<\/td>\n<\/tr>\n<tr>\n<td>Pot\u00eancia<\/td>\n<td>0<\/td>\n<\/tr>\n<tr>\n<td>Carater\u00edstica<\/td>\n<td>Tamanho e log\u00f3tipo personalizados, a\u00e7o roubado<\/td>\n<\/tr>\n<tr>\n<td>Utiliza\u00e7\u00e3o<\/td>\n<td>Tratamento da \u00e1gua<\/td>\n<\/tr>\n<tr>\n<td>Aplica\u00e7\u00e3o<\/td>\n<td>Ind\u00fastria<\/td>\n<\/tr>\n<tr>\n<td>Cor<\/td>\n<td>Branco<\/td>\n<\/tr>\n<tr>\n<td>Apar\u00eancia<\/td>\n<td>Em relevo, brilhante, etc.<\/td>\n<\/tr>\n<tr>\n<td>Certifica\u00e7\u00e3o<\/td>\n<td>SGS<\/td>\n<\/tr>\n<tr>\n<td>Garantia<\/td>\n<td>N\u00e3o dispon\u00edvel<\/td>\n<\/tr>\n<tr>\n<td>Servi\u00e7o p\u00f3s-venda<\/td>\n<td>Apoio em linha<\/td>\n<\/tr>\n<tr>\n<td>Embalagem<\/td>\n<td>Caixa de papel<\/td>\n<\/tr>\n<tr>\n<td>Capacidade de fornecimento<\/td>\n<td>5000 pe\u00e7as por semana<\/td>\n<\/tr>\n<\/tbody>\n<\/table>","protected":false},"excerpt":{"rendered":"<p>Este cartucho de filtro de \u00e1gua em PP oferece um tamanho e uma marca flex\u00edveis para as suas necessidades. Proporciona uma filtragem fi\u00e1vel para o tratamento de \u00e1gua industrial, alimentar e dom\u00e9stica.<\/p>","protected":false},"featured_media":1975,"comment_status":"open","ping_status":"closed","template":"","meta":{"_gspb_post_css":""},"product_brand":[],"product_cat":[17,23],"product_tag":[665,856,320,632,858,857],"class_list":{"0":"post-1967","1":"product","2":"type-product","3":"status-publish","4":"has-post-thumbnail","6":"product_cat-sediment-filter","7":"product_cat-pp-filter-cartridge","8":"product_tag-custom-water-filter-cartridge","9":"product_tag-industrial-water-treatment-filter","10":"product_tag-pp-fiber-filter","11":"product_tag-pp-water-filter-cartridge","12":"product_tag-sgs-water-filter","13":"product_tag-slim-jumbo-water-filter","15":"first","16":"instock","17":"shipping-taxable","18":"product-type-simple"},"_links":{"self":[{"href":"https:\/\/lyfilter.com\/pt\/wp-json\/wp\/v2\/product\/1967","targetHints":{"allow":["GET"]}}],"collection":[{"href":"https:\/\/lyfilter.com\/pt\/wp-json\/wp\/v2\/product"}],"about":[{"href":"https:\/\/lyfilter.com\/pt\/wp-json\/wp\/v2\/types\/product"}],"replies":[{"embeddable":true,"href":"https:\/\/lyfilter.com\/pt\/wp-json\/wp\/v2\/comments?post=1967"}],"wp:featuredmedia":[{"embeddable":true,"href":"https:\/\/lyfilter.com\/pt\/wp-json\/wp\/v2\/media\/1975"}],"wp:attachment":[{"href":"https:\/\/lyfilter.com\/pt\/wp-json\/wp\/v2\/media?parent=1967"}],"wp:term":[{"taxonomy":"product_brand","embeddable":true,"href":"https:\/\/lyfilter.com\/pt\/wp-json\/wp\/v2\/product_brand?post=1967"},{"taxonomy":"product_cat","embeddable":true,"href":"https:\/\/lyfilter.com\/pt\/wp-json\/wp\/v2\/product_cat?post=1967"},{"taxonomy":"product_tag","embeddable":true,"href":"https:\/\/lyfilter.com\/pt\/wp-json\/wp\/v2\/product_tag?post=1967"}],"curies":[{"name":"wp","href":"https:\/\/api.w.org\/{rel}","templated":true}]}}