{"id":1942,"date":"2026-01-06T02:53:34","date_gmt":"2026-01-06T02:53:34","guid":{"rendered":"https:\/\/lyfilter.com\/?post_type=product&#038;p=1942"},"modified":"2026-01-06T02:53:34","modified_gmt":"2026-01-06T02:53:34","slug":"double-layers-microns-filtration-5-micronx10-micron-spun-polypropylene-filter-cartridge-for-water-treatment-purification","status":"publish","type":"product","link":"https:\/\/lyfilter.com\/pt\/double-layers-microns-filtration-5-micronx10-micron-spun-polypropylene-filter-cartridge-for-water-treatment-purification\/","title":{"rendered":"Cartucho de filtro de polipropileno fiado de camada dupla (5 m\u00edcronx10 m\u00edcron) para purifica\u00e7\u00e3o de tratamento de \u00e1gua"},"content":{"rendered":"<div class=\"scc-wrapper detail-module module-productPackagingAndQuickDetail\" data-spm=\"prilinga1e\">\n<div class=\"widget-detail-overview\">\n<div class=\"do-content\">\n<div class=\"do-overview\">\n<div class=\"do-entry do-entry-separate\">\n<div class=\"do-entry-list\"><\/div>\n<\/div>\n<div class=\"do-entry do-entry-full\">\n<div class=\"do-entry-list\">\n<dl class=\"do-entry-item\">\n<dd class=\"do-entry-item-val\" title=\"Prazo de execu\u00e7\u00e3o\">\n<div class=\"table-responsive\">\n<table>\n<thead>\n<tr>\n<th>item<\/th>\n<th>pormenores<\/th>\n<\/tr>\n<\/thead>\n<tbody>\n<tr>\n<td>condi\u00e7\u00e3o<\/td>\n<td>novo<\/td>\n<\/tr>\n<tr>\n<td>nome do produto<\/td>\n<td>cartucho filtrante de polipropileno fiado de microns para tratamento de \u00e1gua<\/td>\n<\/tr>\n<tr>\n<td>nome da marca<\/td>\n<td>lvyuan\/oem<\/td>\n<\/tr>\n<tr>\n<td>local de origem<\/td>\n<td>guangdong, china<\/td>\n<\/tr>\n<tr>\n<td>material<\/td>\n<td>polipropileno<\/td>\n<\/tr>\n<tr>\n<td>exatid\u00e3o<\/td>\n<td>1-100 m\u00edcrones<\/td>\n<\/tr>\n<tr>\n<td>di\u00e2metro exterior<\/td>\n<td>10-200 mm<\/td>\n<\/tr>\n<tr>\n<td>di\u00e2metro interior<\/td>\n<td>de origem<\/td>\n<\/tr>\n<tr>\n<td>tipo de filtro<\/td>\n<td>ranhura, grava\u00e7\u00e3o em relevo, pontos, log\u00f3tipo da empresa<\/td>\n<\/tr>\n<tr>\n<td>adaptador de filtro<\/td>\n<td>tipo plano, tipo 222, tipo 226, tipo 215<\/td>\n<\/tr>\n<tr>\n<td>temperatura mais elevada<\/td>\n<td>80\u2103<\/td>\n<\/tr>\n<tr>\n<td>queda de press\u00e3o de trabalho<\/td>\n<td>0,1 kgf\/cm\u00b2<\/td>\n<\/tr>\n<tr>\n<td>mais alto confinado<\/td>\n<td>5 kgf\/cm\u00b2<\/td>\n<\/tr>\n<tr>\n<td>queda de press\u00e3o m\u00e1xima<\/td>\n<td>3 kgf\/cm\u00b2<\/td>\n<\/tr>\n<tr>\n<td>tamanho<\/td>\n<td>de origem<\/td>\n<\/tr>\n<tr>\n<td>peso<\/td>\n<td>de origem<\/td>\n<\/tr>\n<tr>\n<td>pot\u00eancia<\/td>\n<td>0<\/td>\n<\/tr>\n<tr>\n<td>garantia<\/td>\n<td>indispon\u00edvel<\/td>\n<\/tr>\n<tr>\n<td>servi\u00e7o p\u00f3s-venda prestado<\/td>\n<td>apoio em linha<\/td>\n<\/tr>\n<tr>\n<td>sectores aplic\u00e1veis<\/td>\n<td>hot\u00e9is, lojas de vestu\u00e1rio, lojas de materiais de constru\u00e7\u00e3o, f\u00e1bricas, oficinas de repara\u00e7\u00e3o de m\u00e1quinas, f\u00e1bricas de alimentos e bebidas, quintas, restaurantes, uso dom\u00e9stico, retalho, lojas de alimentos, tipografias, obras de constru\u00e7\u00e3o, energia e minas, lojas de alimentos e bebidas, empresas de publicidade<\/td>\n<\/tr>\n<tr>\n<td>unidades de venda<\/td>\n<td>item \u00fanico<\/td>\n<\/tr>\n<tr>\n<td>tamanho de embalagem individual<\/td>\n<td>26 \u00d7 3 \u00d7 3 cm<\/td>\n<\/tr>\n<tr>\n<td>peso bruto \u00fanico<\/td>\n<td>1.000 kg<\/td>\n<\/tr>\n<tr>\n<td>tipo de embalagem<\/td>\n<td>Filtro de camada dupla de microns (5 microns \u00d7 10 microns) em polipropileno fiado para purifica\u00e7\u00e3o do tratamento da \u00e1gua; embalado em caixa de papel<\/td>\n<\/tr>\n<tr>\n<td>prazo de entrega (1-100 unidades)<\/td>\n<td>3 dias<\/td>\n<\/tr>\n<tr>\n<td>prazo de entrega (101-500 pcs)<\/td>\n<td>5 dias<\/td>\n<\/tr>\n<tr>\n<td>prazo de entrega (501-5000 pcs)<\/td>\n<td>10 dias<\/td>\n<\/tr>\n<tr>\n<td>prazo de entrega (&gt;5000 unidades)<\/td>\n<td>a ser negociado<\/td>\n<\/tr>\n<\/tbody>\n<\/table>\n<\/div>\n<\/dd>\n<\/dl>\n<\/div>\n<\/div>\n<\/div>\n<\/div>\n<\/div>\n<\/div>\n<div class=\"scc-wrapper detail-module module-detailVideo\" data-spm=\"detailvideo\"><\/div>\n<div class=\"scc-wrapper detail-module module-productSpecification\" data-spm=\"pronpeci14\">\n<div id=\"J-rich-text-description\" class=\"richtext richtext-detail rich-text-description\">\n<div id=\"detail_decorate_root\" data-host=\"111218246\" data-id=\"detail_decorate_root\">\n<div id=\"_root\" class=\"engine-app\" data-reactroot=\"\">\n<div id=\"ali-anchor-AliMagic-c52arj\" class=\"magic-0\" data-section=\"AliMagic-c52arj\" data-section-title=\"Product Description\">Descri\u00e7\u00e3o do produto<\/div>\n<div class=\"icbu-pc-images magic-1\">\n<div>\n<div class=\"flex-layout-v\">\n<div class=\"flex-layout-h magic-1\">\n<div class=\"magic-2\"><img decoding=\"async\" class=\"magic-3\" src=\"https:\/\/img.yfisher.com\/m6076\/172572676906t\/jpg70-t3-scale100.webp\" alt=\"Cartucho de filtro de polipropileno fiado de camada dupla (5 m\u00edcronx10 m\u00edcron) para purifica\u00e7\u00e3o de tratamento de \u00e1gua 7\" data-lazy=\"2\" title=\"\"><\/div>\n<\/div>\n<\/div>\n<\/div>\n<\/div>\n<div class=\"icbu-pc-images magic-1\">\n<div>\n<div class=\"flex-layout-h\">\n<div class=\"flex-layout-v magic-4\">\n<div class=\"magic-5\"><img decoding=\"async\" class=\"magic-6\" src=\"https:\/\/img.yfisher.com\/m6076\/1725726769ezm\/png70-t3-scale100.webp\" alt=\"Cartucho de filtro de polipropileno fiado de camada dupla (5 m\u00edcronx10 m\u00edcron) para purifica\u00e7\u00e3o de tratamento de \u00e1gua 9\" data-lazy=\"2\" title=\"\"><\/div>\n<\/div>\n<div class=\"text-wrapper magic-7\">\n<div class=\"text-wrapper-right text-theme-light text-align-left\">\n<div class=\"text-title\">\n<h3 class=\"magic-8\"><span class=\"magic-9\">\u00a0<\/span><\/h3>\n<h3 class=\"magic-8\"><span class=\"magic-9\">\u00a0<\/span><\/h3>\n<h3 class=\"magic-8\"><span class=\"magic-9\">V\u00e1rios tamanhos para filtro soprado PP spun melt<\/span><\/h3>\n<\/div>\n<div class=\"text-content\">\n<p class=\"magic-10\"><span class=\"magic-9\">O cartucho de filtro PP meltblown (PPF) \u00e9\u00a0<\/span><\/p>\n<p class=\"magic-10\"><span class=\"magic-9\">em material polipropileno.\u00a0<\/span><\/p>\n<p class=\"magic-10\"><span class=\"magic-9\">Pode remover subst\u00e2ncias em suspens\u00e3o,\u00a0<\/span><\/p>\n<p class=\"magic-10\"><span class=\"magic-9\">part\u00edculas e ferrugem de forma eficaz.\u00a0<\/span><\/p>\n<p class=\"magic-10\"><span class=\"magic-9\">Este tipo de cartucho \u00e9 utilizado para a frente\u00a0<\/span><\/p>\n<p class=\"magic-10\"><span class=\"magic-9\">cartucho de filtro para proteger\u00a0<\/span><\/p>\n<p class=\"magic-10\"><span class=\"magic-9\">outros.<\/span><\/p>\n<\/div>\n<\/div>\n<\/div>\n<\/div>\n<\/div>\n<\/div>\n<div class=\"icbu-pc-images magic-1\">\n<div>\n<div class=\"flex-layout-h\">\n<div class=\"text-wrapper magic-11\">\n<div class=\"text-wrapper-left text-theme-light text-align-left\">\n<div class=\"text-title\">\n<h3 class=\"magic-8\"><span class=\"magic-9\">\u00a0<\/span><\/h3>\n<h3 class=\"magic-8\"><span class=\"magic-9\">\u00a0<\/span><\/h3>\n<h3 class=\"magic-8\"><span class=\"magic-9\">Dimens\u00f5es OEM do cartucho de filtro fundido soprado PP<\/span><\/h3>\n<\/div>\n<div class=\"text-content\">\n<p class=\"magic-10\"><span class=\"magic-9\">Lvyuan PP <a href=\"https:\/\/lyfilter.com\/pt\/melt-blown-filter-cartridge.html\/\">cartucho de filtro fundido soprado<\/a>A s\u00e9rie s \u00e9 um tipo de cartuchos de filtro padr\u00e3o e simples para purifica\u00e7\u00e3o de \u00e1gua. \u00c9 feito de mat\u00e9rias-primas de polipropileno PP 100% puro.\u00a0<\/span><\/p>\n<p class=\"magic-10\"><span class=\"magic-9\"><b><span style=\"color: #71a3a1;\">Sra. Vickie Yung<br \/>\nMob.\/Whatsapp: +86 15975359293<br \/>\nSkype: vickie9293<\/span><\/b><br \/>\n<\/span><\/p>\n<\/div>\n<\/div>\n<\/div>\n<div class=\"flex-layout-v magic-4\">\n<div class=\"magic-5\"><img decoding=\"async\" class=\"magic-6\" src=\"https:\/\/img.yfisher.com\/m6076\/1725726769nrd\/png70-t3-scale100.webp\" alt=\"Cartucho de filtro de polipropileno fiado de camada dupla (5 m\u00edcronx10 m\u00edcron) para purifica\u00e7\u00e3o de tratamento de \u00e1gua 11\" data-lazy=\"2\" title=\"\"><\/div>\n<\/div>\n<\/div>\n<\/div>\n<\/div>\n<div class=\"icbu-pc-images magic-1\">\n<div>\n<div class=\"flex-layout-h\">\n<div class=\"flex-layout-v magic-4\">\n<div class=\"magic-5\"><img decoding=\"async\" class=\"magic-6\" src=\"https:\/\/img.yfisher.com\/m6076\/1725726769ek9\/png70-t3-scale100.webp\" alt=\"Cartucho de filtro de polipropileno fiado de camada dupla (5 m\u00edcronx10 m\u00edcron) para purifica\u00e7\u00e3o de tratamento de \u00e1gua 13\" data-lazy=\"2\" title=\"\"><\/div>\n<\/div>\n<div class=\"text-wrapper magic-7\">\n<div class=\"text-wrapper-right text-theme-light text-align-left\">\n<div class=\"text-title\">\n<h3 class=\"magic-8\"><span class=\"magic-9\">\u00a0<\/span><\/h3>\n<h3 class=\"magic-8\"><span class=\"magic-9\">\u00a0<\/span><\/h3>\n<h3 class=\"magic-8\"><span class=\"magic-9\">Filtro de \u00e1gua PP de duplo microns personalizado<\/span><\/h3>\n<\/div>\n<div class=\"text-content\">\n<p class=\"magic-10\"><span class=\"magic-9\">Os microns podem ser personalizados, 2 camadas de microns PP <a href=\"https:\/\/lyfilter.com\/pt\/products.html\/\">cartuchos de filtro de \u00e1gua<\/a> para obter uma forte capacidade de reten\u00e7\u00e3o de poluentes, pode remover eficazmente os contaminantes, tais como subst\u00e2ncias em suspens\u00e3o, part\u00edculas e ferrugem, proporcionando uma filtragem eficiente e uma longa vida \u00fatil.\u00a0<\/span><\/p>\n<\/div>\n<\/div>\n<\/div>\n<\/div>\n<\/div>\n<\/div>\n<div class=\"icbu-pc-images magic-1\">\n<div>\n<div class=\"flex-layout-h\">\n<div class=\"text-wrapper magic-11\">\n<div class=\"text-wrapper-left text-theme-light text-align-left\">\n<div class=\"text-title\">\n<h3 class=\"magic-8\"><span class=\"magic-9\">Cartucho de filtro PP com material comp\u00f3sito<\/span><\/h3>\n<\/div>\n<div class=\"text-content\">\n<p class=\"magic-10\"><span class=\"magic-9\"><a href=\"https:\/\/lyfilter.com\/pt\/pp-filter-cartridge.html\/\">Cartucho de filtro PP<\/a> com filtro composto, pode ser personalizado com diferentes tamanhos e materiais de filtragem para atender a diferentes demandas.\u00a0<\/span><\/p>\n<\/div>\n<\/div>\n<\/div>\n<div class=\"flex-layout-v magic-4\">\n<div class=\"magic-5\"><img decoding=\"async\" class=\"magic-6\" src=\"https:\/\/img.yfisher.com\/m6076\/17257267697zl\/png70-t3-scale100.webp\" alt=\"Cartucho filtrante de polipropileno fiado de camada dupla (5 m\u00edcronx10 m\u00edcron) para purifica\u00e7\u00e3o de tratamento de \u00e1gua 15\" data-lazy=\"2\" title=\"\"><\/div>\n<\/div>\n<\/div>\n<\/div>\n<\/div>\n<div class=\"icbu-pc-images magic-1\">\n<div>\n<div class=\"flex-layout-h\">\n<div class=\"flex-layout-v magic-4\">\n<div class=\"magic-5\"><img decoding=\"async\" class=\"magic-6\" src=\"https:\/\/img.yfisher.com\/m6076\/1725726769o3n\/png70-t3-scale100.webp\" alt=\"Cartucho de filtro de polipropileno fiado de camada dupla (5 m\u00edcronx10 m\u00edcron) para purifica\u00e7\u00e3o de tratamento de \u00e1gua 17\" data-lazy=\"2\" title=\"\"><\/div>\n<\/div>\n<div class=\"text-wrapper magic-7\">\n<div class=\"text-wrapper-right text-theme-light text-align-left\">\n<div class=\"text-title\">\n<h3 class=\"magic-8\"><span class=\"magic-9\">Adaptadores OEM para elemento de filtro de \u00e1gua PP<\/span><\/h3>\n<\/div>\n<div class=\"text-content\">\n<p class=\"magic-10\"><span class=\"magic-9\">Est\u00e3o dispon\u00edveis diferentes adaptadores para filtros.<\/span><\/p>\n<p class=\"magic-10\"><span class=\"magic-9\">Silicone, EPDM, NBR, Viton como op\u00e7\u00e3o.\u00a0<\/span><\/p>\n<\/div>\n<\/div>\n<\/div>\n<\/div>\n<\/div>\n<\/div>\n<div class=\"ife-detail-decorate-table\">\n<div class=\"table-responsive\">\n<table class=\"all magic-12\">\n<tbody>\n<tr>\n<td colspan=\"1\" rowspan=\"1\">\n<div class=\"magic-13\">Nome do produto<\/div>\n<\/td>\n<td colspan=\"3\" rowspan=\"1\">\n<div class=\"magic-14\">Cartucho de filtro de polipropileno fiado de camada dupla (5 m\u00edcronx10 m\u00edcron) para purifica\u00e7\u00e3o de tratamento de \u00e1gua<\/div>\n<\/td>\n<\/tr>\n<tr>\n<td colspan=\"1\" rowspan=\"1\">\n<div class=\"magic-13\">Material<\/div>\n<\/td>\n<td colspan=\"3\" rowspan=\"1\">\n<div class=\"magic-14\">100% Material de polipropileno puro<\/div>\n<\/td>\n<\/tr>\n<tr>\n<td colspan=\"1\" rowspan=\"1\">\n<div class=\"magic-13\">Superf\u00edcie<\/div>\n<\/td>\n<td colspan=\"3\" rowspan=\"1\">\n<div class=\"magic-14\">Ranhura, Pontos de press\u00e3o, Plano, Cruzamento<\/div>\n<\/td>\n<\/tr>\n<tr>\n<td colspan=\"1\" rowspan=\"1\">\n<div class=\"magic-13\">Microns<\/div>\n<\/td>\n<td colspan=\"3\" rowspan=\"1\">\n<div class=\"magic-17\">1 ~100 microns<\/div>\n<\/td>\n<\/tr>\n<tr>\n<td colspan=\"1\" rowspan=\"1\">\n<div class=\"magic-13\">Di\u00e2metro exterior<\/div>\n<\/td>\n<td colspan=\"3\" rowspan=\"1\">\n<div class=\"magic-17\">OEM<\/div>\n<\/td>\n<\/tr>\n<tr>\n<td colspan=\"1\" rowspan=\"1\">\n<div class=\"magic-13\">Di\u00e2metro interior<\/div>\n<\/td>\n<td colspan=\"3\" rowspan=\"1\">\n<div class=\"magic-17\">OEM<\/div>\n<\/td>\n<\/tr>\n<tr>\n<td colspan=\"1\" rowspan=\"1\">\n<div class=\"magic-13\">Interface<\/div>\n<\/td>\n<td colspan=\"3\" rowspan=\"1\">\n<div class=\"magic-17\">Plana, inserida, aparafusada<\/div>\n<\/td>\n<\/tr>\n<tr>\n<td colspan=\"1\" rowspan=\"1\">\n<div class=\"magic-13\">Tampa da extremidade<\/div>\n<\/td>\n<td colspan=\"3\" rowspan=\"1\">\n<div class=\"magic-17\">222\/plano, 222\/fin, 226\/plano, 226\/fin, 215\/plano, 215\/fin<\/div>\n<\/td>\n<\/tr>\n<tr>\n<td colspan=\"1\" rowspan=\"1\">\n<div class=\"magic-13\">Comprimento<\/div>\n<\/td>\n<td colspan=\"3\" rowspan=\"1\">\n<div class=\"magic-17\">OEM<\/div>\n<\/td>\n<\/tr>\n<tr>\n<td colspan=\"1\" rowspan=\"1\">\n<div class=\"magic-13\">Press\u00e3o diferencial m\u00e1xima<\/div>\n<\/td>\n<td colspan=\"3\" rowspan=\"1\">\n<div class=\"magic-17\">3 kgf\/cm\u00b2<\/div>\n<\/td>\n<\/tr>\n<tr>\n<td colspan=\"1\" rowspan=\"1\">\n<div class=\"magic-13\">Temperatura m\u00e1xima de funcionamento<\/div>\n<\/td>\n<td colspan=\"3\" rowspan=\"1\">\n<div class=\"magic-17\">80\u00b0c<\/div>\n<\/td>\n<\/tr>\n<tr>\n<td colspan=\"1\" rowspan=\"1\">\n<div class=\"magic-13\">Press\u00e3o diferencial de funcionamento<\/div>\n<\/td>\n<td colspan=\"3\" rowspan=\"1\">\n<div class=\"magic-17\">0,1kgf\/cm2<\/div>\n<\/td>\n<\/tr>\n<tr>\n<td colspan=\"1\" rowspan=\"1\">\n<div class=\"magic-13\">Marca\/log\u00f3tipo<\/div>\n<\/td>\n<td colspan=\"3\" rowspan=\"1\">\n<div class=\"magic-17\">OEM<\/div>\n<\/td>\n<\/tr>\n<\/tbody>\n<\/table>\n<\/div>\n<\/div>\n<div id=\"ali-anchor-AliMagic-gysdug\" class=\"magic-0\" data-section=\"AliMagic-gysdug\" data-section-title=\"Detailed Images\">Imagens pormenorizadas<\/div>\n<div class=\"detail-decorate-json-renderer-container\">\n<div class=\"magic-18\">\n<div class=\"magic-19\">\n<div class=\"magic-20\">\n<div class=\"magic-21\"><img decoding=\"async\" class=\"magic-22\" src=\"https:\/\/img.yfisher.com\/m6076\/1725726769xty\/png70-t3-scale100.webp\" alt=\"Cartucho filtrante de polipropileno fiado de camada dupla (5 m\u00edcronx10 m\u00edcron) para purifica\u00e7\u00e3o de tratamento de \u00e1gua 19\" data-lazy=\"2\" title=\"\"><\/div>\n<\/div>\n<div class=\"magic-23\">\n<div class=\"magic-24\">\n<p class=\"magic-10\"><span style=\"font-size: large;\">\u00a0 \u00a0 \u00a0 \u00a0 \u00a0 \u00a0 \u00a0 \u00a0 \u00a0 \u00a0 \u00a0 \u00a0 \u00a0 \u00a0Superf\u00edcie brilhante<\/span><\/p>\n<\/div>\n<\/div>\n<\/div>\n<div class=\"magic-19\">\n<div class=\"magic-20\">\n<div class=\"magic-21\"><img decoding=\"async\" class=\"magic-22\" src=\"https:\/\/img.yfisher.com\/m6076\/1725726769vkf\/png70-t3-scale100.webp\" alt=\"Cartucho filtrante de polipropileno fiado de camada dupla (5 m\u00edcronx10 m\u00edcron) para purifica\u00e7\u00e3o de tratamento de \u00e1gua 21\" data-lazy=\"2\" title=\"\"><\/div>\n<\/div>\n<div class=\"magic-23\">\n<div class=\"magic-24\">\n<p class=\"magic-10\"><span style=\"font-size: large;\">\u00a0 \u00a0 \u00a0 \u00a0 \u00a0 \u00a0 \u00a0 \u00a0 \u00a0 \u00a0 \u00a0 \u00a0 \u00a0Superf\u00edcie de grava\u00e7\u00e3o<\/span><\/p>\n<\/div>\n<\/div>\n<\/div>\n<\/div>\n<\/div>\n<div class=\"detail-decorate-json-renderer-container\">\n<div class=\"magic-18\">\n<div class=\"magic-25\">\n<div class=\"magic-20\">\n<div class=\"magic-20\">\n<div class=\"magic-26\"><img decoding=\"async\" class=\"magic-27\" src=\"https:\/\/img.yfisher.com\/m6076\/17257267698g9\/png70-t3-scale100.webp\" alt=\"Cartucho de filtro de polipropileno fiado de camada dupla (5 m\u00edcronx10 m\u00edcron) para purifica\u00e7\u00e3o de tratamento de \u00e1gua 23\" data-lazy=\"2\" title=\"\"><\/div>\n<\/div>\n<\/div>\n<div class=\"magic-23\">\n<div class=\"magic-24\">\n<p class=\"magic-10\"><span style=\"font-size: large;\">\u00a0 \u00a0 \u00a0 \u00a0 \u00a0 Superf\u00edcie de casca de laranja<\/span><\/p>\n<\/div>\n<\/div>\n<\/div>\n<div class=\"magic-25\">\n<div class=\"magic-20\">\n<div class=\"magic-20\">\n<div class=\"magic-26\"><img decoding=\"async\" class=\"magic-27\" src=\"https:\/\/img.yfisher.com\/m6076\/17257267699d3\/png70-t3-scale100.webp\" alt=\"Cartucho de filtro de polipropileno fiado de camada dupla (5 m\u00edcronx10 m\u00edcron) para purifica\u00e7\u00e3o de tratamento de \u00e1gua 25\" data-lazy=\"2\" title=\"\"><\/div>\n<\/div>\n<\/div>\n<div class=\"magic-23\">\n<div class=\"magic-24\">\n<p class=\"magic-10\"><span style=\"font-size: large;\">\u00a0 \u00a0 \u00a0 \u00a0 \u00a0 \u00a0 \u00a0 Superf\u00edcie ranhurada<\/span><\/p>\n<\/div>\n<\/div>\n<\/div>\n<div class=\"magic-25\">\n<div class=\"magic-20\">\n<div class=\"magic-20\">\n<div class=\"magic-26\"><img decoding=\"async\" class=\"magic-27\" src=\"https:\/\/img.yfisher.com\/m6076\/1725726769wls\/png70-t3-scale100.webp\" alt=\"Cartucho de filtro de polipropileno fiado de camada dupla (5 m\u00edcronx10 m\u00edcron) para purifica\u00e7\u00e3o de tratamento de \u00e1gua 27\" data-lazy=\"2\" title=\"\"><\/div>\n<\/div>\n<\/div>\n<div class=\"magic-23\">\n<div class=\"magic-24\">\n<p class=\"magic-10\"><span style=\"font-size: large;\">\u00a0 \u00a0 \u00a0 \u00a0 \u00a0 \u00a0 \u00a0Superf\u00edcie agulhada<\/span><\/p>\n<\/div>\n<\/div>\n<\/div>\n<\/div>\n<\/div>\n<div class=\"detail-decorate-json-renderer-container\">\n<div class=\"magic-18\">\n<div class=\"magic-19\">\n<div class=\"magic-20\">\n<div class=\"magic-21\"><img decoding=\"async\" class=\"magic-28\" src=\"https:\/\/img.yfisher.com\/m6076\/1725726769opm\/png70-t3-scale100.webp\" alt=\"Cartucho de filtro de polipropileno fiado de camada dupla (5 m\u00edcronx10 m\u00edcron) para purifica\u00e7\u00e3o de tratamento de \u00e1gua 29\" data-lazy=\"2\" title=\"\"><\/div>\n<\/div>\n<div class=\"magic-23\">\n<div class=\"magic-24\">\n<p class=\"magic-10\"><b>\u00a0 \u00a0 Cartucho de filtro de \u00e1gua em PP com n\u00facleo em a\u00e7o inoxid\u00e1vel<\/b><\/p>\n<\/div>\n<\/div>\n<\/div>\n<div class=\"magic-19\">\n<div class=\"magic-20\">\n<div class=\"magic-21\"><img decoding=\"async\" class=\"magic-28\" src=\"https:\/\/img.yfisher.com\/m6076\/17257267698ge\/png70-t3-scale100.webp\" alt=\"Cartucho de filtro de polipropileno fiado de camada dupla (5 m\u00edcronx10 m\u00edcron) para purifica\u00e7\u00e3o de tratamento de \u00e1gua 31\" data-lazy=\"2\" title=\"\"><\/div>\n<\/div>\n<div class=\"magic-23\">\n<div class=\"magic-24\">\n<p class=\"magic-10\"><b>\u00a0 \u00a0 \u00a0 \u00a0 \u00a0 \u00a0 \u00a0 \u00a0 \u00a0Cartucho de filtro fundido soprado em PP com n\u00facleo SS<\/b><\/p>\n<\/div>\n<\/div>\n<\/div>\n<\/div>\n<\/div>\n<div class=\"icbu-pc-images magic-1\">\n<div>\n<div class=\"flex-layout-v\">\n<div class=\"flex-layout-h magic-1\">\n<div class=\"magic-29\"><img decoding=\"async\" class=\"magic-30\" src=\"https:\/\/img.yfisher.com\/m6076\/1725726769d2o\/png70-t3-scale100.webp\" alt=\"Cartucho de filtro de polipropileno fiado de camada dupla (5 m\u00edcronx10 m\u00edcron) para purifica\u00e7\u00e3o de tratamento de \u00e1gua 33\" data-lazy=\"2\" title=\"\"><\/div>\n<div class=\"magic-31\"><img decoding=\"async\" class=\"magic-30\" src=\"https:\/\/img.yfisher.com\/m6076\/1725726769csx\/png70-t3-scale100.webp\" alt=\"Cartucho de filtro de polipropileno fiado de camada dupla (5 m\u00edcronx10 m\u00edcron) para purifica\u00e7\u00e3o de tratamento de \u00e1gua 35\" data-lazy=\"2\" title=\"\"><\/div>\n<\/div>\n<\/div>\n<\/div>\n<\/div>\n<div class=\"detail-decorate-json-renderer-container\">\n<div class=\"magic-18\">\n<div class=\"magic-19\">\n<div class=\"magic-20\">\n<div class=\"magic-21\"><img decoding=\"async\" class=\"magic-22\" src=\"https:\/\/img.yfisher.com\/m6076\/17257267691y8\/png70-t3-scale100.webp\" alt=\"Cartucho de filtro de polipropileno fiado de camada dupla (5 m\u00edcronx10 m\u00edcron) para purifica\u00e7\u00e3o de tratamento de \u00e1gua 37\" data-lazy=\"2\" title=\"\"><\/div>\n<\/div>\n<div class=\"magic-23\">\n<div class=\"magic-24\">\n<p class=\"magic-10\"><span><b>\u00a0 \u00a0 \u00a0 Podemos fornecer os tamanhos OEM para satisfazer a sua procura\u00a0<\/b><\/span><\/p>\n<\/div>\n<\/div>\n<\/div>\n<div class=\"magic-19\">\n<div class=\"magic-20\">\n<div class=\"magic-21\"><img decoding=\"async\" class=\"magic-28\" src=\"https:\/\/img.yfisher.com\/m6076\/1725726770jgy\/png70-t3-scale100.webp\" alt=\"Cartucho de filtro de polipropileno fiado de camada dupla (5 m\u00edcronx10 m\u00edcron) para purifica\u00e7\u00e3o de tratamento de \u00e1gua 39\" data-lazy=\"2\" title=\"\"><\/div>\n<\/div>\n<div class=\"magic-23\">\n<div class=\"magic-24\">\n<p class=\"magic-10\"><b><span style=\"font-size: medium;\">\u00a0 \u00a0 \u00a0 \u00a0 \u00a0 \u00a0\u00a0<\/span><span>O filtro pode ser impresso com o log\u00f3tipo da sua empresa<\/span><\/b><\/p>\n<\/div>\n<\/div>\n<\/div>\n<\/div>\n<\/div>\n<\/div>\n<\/div>\n<\/div>\n<\/div>","protected":false},"excerpt":{"rendered":"<p>Este cartucho em PP fiado ajuda-o a manter os sistemas de tratamento de \u00e1gua a funcionar de forma mais limpa, com menos entupimentos e tempo de inatividade. Escolha a classifica\u00e7\u00e3o de microns e o adaptador que se adequa \u00e0 sua caixa e adicione o seu log\u00f3tipo para substitui\u00e7\u00f5es de marca.<\/p>","protected":false},"featured_media":1946,"comment_status":"open","ping_status":"closed","template":"","meta":{"_gspb_post_css":""},"product_brand":[],"product_cat":[23,17],"product_tag":[327,848,846,847,845,844],"class_list":{"0":"post-1942","1":"product","2":"type-product","3":"status-publish","4":"has-post-thumbnail","6":"product_cat-pp-filter-cartridge","7":"product_cat-sediment-filter","8":"product_tag-1-100-micron-filter","9":"product_tag-10-200mm-od-cartridge","10":"product_tag-222-226-215-flat-adaptor","11":"product_tag-oem-logo-filter-cartridge","12":"product_tag-polypropylene-water-treatment-filter","13":"product_tag-spun-pp-filter-cartridge","15":"first","16":"instock","17":"shipping-taxable","18":"product-type-simple"},"_links":{"self":[{"href":"https:\/\/lyfilter.com\/pt\/wp-json\/wp\/v2\/product\/1942","targetHints":{"allow":["GET"]}}],"collection":[{"href":"https:\/\/lyfilter.com\/pt\/wp-json\/wp\/v2\/product"}],"about":[{"href":"https:\/\/lyfilter.com\/pt\/wp-json\/wp\/v2\/types\/product"}],"replies":[{"embeddable":true,"href":"https:\/\/lyfilter.com\/pt\/wp-json\/wp\/v2\/comments?post=1942"}],"wp:featuredmedia":[{"embeddable":true,"href":"https:\/\/lyfilter.com\/pt\/wp-json\/wp\/v2\/media\/1946"}],"wp:attachment":[{"href":"https:\/\/lyfilter.com\/pt\/wp-json\/wp\/v2\/media?parent=1942"}],"wp:term":[{"taxonomy":"product_brand","embeddable":true,"href":"https:\/\/lyfilter.com\/pt\/wp-json\/wp\/v2\/product_brand?post=1942"},{"taxonomy":"product_cat","embeddable":true,"href":"https:\/\/lyfilter.com\/pt\/wp-json\/wp\/v2\/product_cat?post=1942"},{"taxonomy":"product_tag","embeddable":true,"href":"https:\/\/lyfilter.com\/pt\/wp-json\/wp\/v2\/product_tag?post=1942"}],"curies":[{"name":"wp","href":"https:\/\/api.w.org\/{rel}","templated":true}]}}