{"id":1940,"date":"2026-01-06T02:50:36","date_gmt":"2026-01-06T02:50:36","guid":{"rendered":"https:\/\/lyfilter.com\/?post_type=product&#038;p=1940"},"modified":"2026-01-06T02:50:36","modified_gmt":"2026-01-06T02:50:36","slug":"10-20-inch-5-micron-big-pp-sediment-filter-cartridge-big-size-pp-string-wound-filter","status":"publish","type":"product","link":"https:\/\/lyfilter.com\/pt\/10-20-inch-5-micron-big-pp-sediment-filter-cartridge-big-size-pp-string-wound-filter\/","title":{"rendered":"10 20 polegadas 5 m\u00edcrons grande cartucho de filtro de sedimentos pp\/grande tamanho pp string wound filter"},"content":{"rendered":"<div class=\"pro_aliData\">\n<div class=\"detail-box\">\n<div class=\"scc-wrapper detail-module module-productSpecification\" data-spm=\"pronpeci14\">\n<div id=\"J-rich-text-description\" class=\"richtext richtext-detail rich-text-description\">\n<p>Par\u00e2metros:<\/p>\n<div class=\"table-responsive\">\n<table class=\"aliDataTable\">\n<tbody>\n<tr align=\"left\">\n<td valign=\"top\">Produto<\/td>\n<td valign=\"top\">10 20 polegadas 5 m\u00edcrons grande cartucho de filtro de sedimentos pp\/grande tamanho pp string wound filter<\/td>\n<\/tr>\n<tr align=\"left\">\n<td valign=\"top\">Material<\/td>\n<td valign=\"top\">PP, polipropileno<\/td>\n<\/tr>\n<tr align=\"left\">\n<td valign=\"top\">Estilo<\/td>\n<td valign=\"top\">Ranhura, Pontos de press\u00e3o, Plano, Cruzamento<\/td>\n<\/tr>\n<tr align=\"left\">\n<td valign=\"top\">Filtragem de precis\u00e3o<\/td>\n<td valign=\"top\">1~100 m\u00edcrones<\/td>\n<\/tr>\n<tr align=\"left\">\n<td valign=\"top\">Di\u00e2metro exterior<\/td>\n<td valign=\"top\">60~65mm<\/td>\n<\/tr>\n<tr align=\"left\">\n<td valign=\"top\">Di\u00e2metro interior<\/td>\n<td valign=\"top\">28mm ou 30mm<\/td>\n<\/tr>\n<tr align=\"left\">\n<td valign=\"top\">Interface<\/td>\n<td valign=\"top\">Plana, inserida, aparafusada<\/td>\n<\/tr>\n<tr align=\"left\">\n<td valign=\"top\">Tipo de tampa<\/td>\n<td valign=\"top\">222plano, 222final, 226plano, 226final, 215plano, 215final<\/td>\n<\/tr>\n<tr align=\"left\">\n<td valign=\"top\">Comprimento<\/td>\n<td valign=\"top\">5\u201d,10\u201d,20\u201d,30\u201d,40\u201d,50\u2033,60\u2033<\/td>\n<\/tr>\n<tr align=\"left\">\n<td valign=\"top\">Press\u00e3o diferencial m\u00e1xima<\/td>\n<td valign=\"top\">3 kgf\/cm\u00b2<\/td>\n<\/tr>\n<tr align=\"left\">\n<td valign=\"top\">Temperatura m\u00e1xima de funcionamento<\/td>\n<td valign=\"top\">80\u00b0c<\/td>\n<\/tr>\n<tr align=\"left\">\n<td valign=\"top\">Press\u00e3o diferencial de funcionamento<\/td>\n<td valign=\"top\">0,1kgf\/cm2<\/td>\n<\/tr>\n<tr align=\"left\">\n<td valign=\"top\">Marca<\/td>\n<td valign=\"top\">Lvyuan\/OEM<\/td>\n<\/tr>\n<tr align=\"left\">\n<td valign=\"top\">Peso comum<\/td>\n<td valign=\"top\">100- 120g\/10\u2033 (pode ser personalizado)<\/td>\n<\/tr>\n<\/tbody>\n<\/table>\n<\/div>\n<p>Carater\u00edsticas :<\/p>\n<p>1. Movimentar eficazmente as subst\u00e2ncias em suspens\u00e3o, as part\u00edculas e a ferrugem.<\/p>\n<p>2. Pr\u00e9-filtragem da \u00e1gua<\/p>\n<p>3. Ampla compatibilidade qu\u00edmica<\/p>\n<p>4. \u00c0 prova de press\u00e3o<\/p>\n<p>5. Alta resist\u00eancia qu\u00edmica.<\/p>\n<p>6. Est\u00e3o dispon\u00edveis todos os tipos de adaptadores<\/p>\n<p>7. Elevada capacidade de reten\u00e7\u00e3o de contaminantes e longa vida \u00fatil.<\/p>\n<p>\u00c2mbito de aplica\u00e7\u00e3o:<\/p>\n<p>Sistema de pr\u00e9-filtra\u00e7\u00e3o ou RO, solvente, ind\u00fastria qu\u00edmica, ind\u00fastria petrol\u00edfera,<\/p>\n<p>tratamento de \u00e1gua pot\u00e1vel, ind\u00fastrias electr\u00f3nicas e de energia, galvaniza\u00e7\u00e3o,<\/p>\n<p>alimentos e bebidas, vinho, etc.<\/p>\n<p>&nbsp;<\/p>\n<p>Detalhe da embalagem: 10 \u2033: 50PCS \/ CTN; 20 \u2033: 25PCS \/ CTN; 30 \u2033: 25PC \/ CTN; 40 \u2033: 25PCS \/ CTN<\/p>\n<p>Detalhe da entrega: Dentro de 7 dias ap\u00f3s a rece\u00e7\u00e3o do dep\u00f3sito 30%<\/p>\n<p>Mostra de produtos:<\/p>\n<p><img decoding=\"async\" src=\"https:\/\/img.yfisher.com\/m6076\/1725731201we9\/jpg70-t3-scale100.webp\" alt=\"10 20 polegadas 5 m\u00edcrons grande cartucho de filtro de sedimentos pp\/grande tamanho pp string wound filter 3\" data-alt=\"10 20 inch 5 micron big pp sediment filter cartridge\/big size pp string wound filter\" data-=\"\" data-lazy=\"2\" title=\"\"><\/p>\n<p><img decoding=\"async\" src=\"https:\/\/img.yfisher.com\/m6076\/1725727044jk0\/jpg70-t3-scale100.webp\" alt=\"10 20 polegadas 5 m\u00edcrons grande cartucho de filtro de sedimentos pp\/grande tamanho pp string wound filter 5\" data-alt=\"10 20 inch 5 micron big pp sediment filter cartridge\/big size pp string wound filter\" data-=\"\" data-lazy=\"2\" title=\"\"><\/p>\n<p><img decoding=\"async\" src=\"https:\/\/img.yfisher.com\/m6076\/1725731201n1y\/jpg70-t3-scale100.webp\" alt=\"10 20 polegadas 5 m\u00edcrons grande cartucho de filtro de sedimentos pp\/grande tamanho pp string wound filter 7\" data-alt=\"10 20 inch 5 micron big pp sediment filter cartridge\/big size pp string wound filter\" data-=\"\" data-lazy=\"2\" title=\"\"><\/p>\n<p><img decoding=\"async\" src=\"https:\/\/img.yfisher.com\/m6076\/1725727044ad0\/jpg70-t3-scale100.webp\" alt=\"10 20 polegadas 5 micron grande pp cartucho de filtro de sedimentos\/grande tamanho pp string wound filter 9\" data-alt=\"10 20 inch 5 micron big pp sediment filter cartridge\/big size pp string wound filter\" data-=\"\" data-lazy=\"2\" title=\"\"><\/p>\n<p><img decoding=\"async\" src=\"https:\/\/img.yfisher.com\/m6076\/1725727044yry\/jpg70-t3-scale100.webp\" alt=\"10 20 polegadas 5 m\u00edcrons grande cartucho de filtro de sedimentos pp\/grande tamanho pp string wound filter 11\" data-alt=\"10 20 inch 5 micron big pp sediment filter cartridge\/big size pp string wound filter\" data-=\"\" data-lazy=\"2\" title=\"\"><\/p>\n<p><img decoding=\"async\" src=\"https:\/\/img.yfisher.com\/m6076\/17257312014p8\/jpg70-t3-scale100.webp\" alt=\"10 20 polegadas 5 m\u00edcrons grande cartucho de filtro de sedimentos pp\/grande tamanho pp string wound filter 13\" data-alt=\"10 20 inch 5 micron big pp sediment filter cartridge\/big size pp string wound filter\" data-=\"\" data-lazy=\"2\" title=\"\"><\/p>\n<p><img decoding=\"async\" src=\"https:\/\/img.yfisher.com\/m6076\/17257270449f1\/jpg70-t3-scale100.webp\" alt=\"10 20 polegadas 5 micron grande pp cartucho de filtro de sedimentos\/grande tamanho pp string wound filter 15\" data-alt=\"10 20 inch 5 micron big pp sediment filter cartridge\/big size pp string wound filter\" data-=\"\" data-lazy=\"2\" title=\"\"><\/p>\n<p><img decoding=\"async\" src=\"https:\/\/img.yfisher.com\/m6076\/1725727044bwm\/jpg70-t3-scale100.webp\" alt=\"10 20 polegadas 5 m\u00edcrons grande cartucho de filtro de sedimentos pp\/grande tamanho pp string wound filter 17\" data-alt=\"10 20 inch 5 micron big pp sediment filter cartridge\/big size pp string wound filter\" data-=\"\" data-lazy=\"2\" title=\"\"><\/p>\n<p>Por favor, n\u00e3o hesite em contactar-nos para mais detalhes ou cota\u00e7\u00f5es<\/p>\n<p>se estiver interessado nos nossos produtos ou na nossa empresa :)<\/p>\n<p><strong>As minhas informa\u00e7\u00f5es de contacto -----<\/strong><\/p>\n<p><img decoding=\"async\" src=\"https:\/\/img.yfisher.com\/m6076\/172572799710g\/jpg70-t3-scale100.webp\" alt=\"10 20 polegadas 5 m\u00edcrons grande cartucho de filtro de sedimentos pp\/grande tamanho pp string wound filter 19\" data-alt=\"10 20 inch 5 micron big pp sediment filter cartridge\/big size pp string wound filter\" data-=\"\" data-lazy=\"2\" title=\"\"><\/p>\n<\/div>\n<\/div>\n<div data-module=\"detailMarketPackage\"><\/div>\n<div data-module=\"productAuth\"><\/div>\n<\/div>\n<\/div>\n<div class=\"diffStatement\">Guangzhou Lvyuan Water Purification Equipment Co., Ltd. tem uma forte capacidade de rea\u00e7\u00e3o e de desenvolvimento de novos produtos em\u00a0<a href=\"https:\/\/lyfilter.com\/pt\/products.html\/\">cartuchos de filtro de \u00e1gua<\/a>\u00a0campo. A matriz de fibra auto-sustentada permite um design sem n\u00facleo que \u00e9 simultaneamente econ\u00f3mico e forte. A Guangzhou Lvyuan Water Purification Equipment Co., Ltd. providenciar\u00e1 a produ\u00e7\u00e3o e a entrega o mais rapidamente poss\u00edvel assim que os nossos clientes confirmarem as suas encomendas. A matriz de fibra autoportante permite um design sem n\u00facleo que \u00e9 simultaneamente econ\u00f3mico e forte.<\/div>","protected":false},"excerpt":{"rendered":"<p>Este cartucho de sedimentos PP de grandes dimens\u00f5es foi concebido para um caudal mais elevado e cargas de sujidade mais pesadas, para que o seu sistema se mantenha est\u00e1vel e a sua \u00e1gua permane\u00e7a l\u00edmpida. Escolha a classifica\u00e7\u00e3o em microns, o comprimento e a interface adequados \u00e0 sua caixa e adicione o seu log\u00f3tipo se pretender pe\u00e7as de substitui\u00e7\u00e3o com a sua marca.<\/p>","protected":false},"featured_media":1943,"comment_status":"open","ping_status":"closed","template":"","meta":{"_gspb_post_css":""},"product_brand":[],"product_cat":[23,17],"product_tag":[671,841,842,840,843,783],"class_list":{"0":"post-1940","1":"product","2":"type-product","3":"status-publish","4":"has-post-thumbnail","6":"product_cat-pp-filter-cartridge","7":"product_cat-sediment-filter","8":"product_tag-1-100-micron-filter-cartridge","9":"product_tag-10-40-inch-sediment-cartridge","10":"product_tag-222-226-215-filter-interface","11":"product_tag-big-pp-sediment-filter","12":"product_tag-custom-logo-filter-cartridge","13":"product_tag-high-flow-pp-cartridge","15":"first","16":"instock","17":"shipping-taxable","18":"product-type-simple"},"_links":{"self":[{"href":"https:\/\/lyfilter.com\/pt\/wp-json\/wp\/v2\/product\/1940","targetHints":{"allow":["GET"]}}],"collection":[{"href":"https:\/\/lyfilter.com\/pt\/wp-json\/wp\/v2\/product"}],"about":[{"href":"https:\/\/lyfilter.com\/pt\/wp-json\/wp\/v2\/types\/product"}],"replies":[{"embeddable":true,"href":"https:\/\/lyfilter.com\/pt\/wp-json\/wp\/v2\/comments?post=1940"}],"wp:featuredmedia":[{"embeddable":true,"href":"https:\/\/lyfilter.com\/pt\/wp-json\/wp\/v2\/media\/1943"}],"wp:attachment":[{"href":"https:\/\/lyfilter.com\/pt\/wp-json\/wp\/v2\/media?parent=1940"}],"wp:term":[{"taxonomy":"product_brand","embeddable":true,"href":"https:\/\/lyfilter.com\/pt\/wp-json\/wp\/v2\/product_brand?post=1940"},{"taxonomy":"product_cat","embeddable":true,"href":"https:\/\/lyfilter.com\/pt\/wp-json\/wp\/v2\/product_cat?post=1940"},{"taxonomy":"product_tag","embeddable":true,"href":"https:\/\/lyfilter.com\/pt\/wp-json\/wp\/v2\/product_tag?post=1940"}],"curies":[{"name":"wp","href":"https:\/\/api.w.org\/{rel}","templated":true}]}}