{"id":1927,"date":"2026-01-06T02:44:09","date_gmt":"2026-01-06T02:44:09","guid":{"rendered":"https:\/\/lyfilter.com\/?post_type=product&#038;p=1927"},"modified":"2026-01-06T02:44:09","modified_gmt":"2026-01-06T02:44:09","slug":"leader-supplier-10-inch-water-filters-cartridge-for-household-purifier","status":"publish","type":"product","link":"https:\/\/lyfilter.com\/pt\/leader-supplier-10-inch-water-filters-cartridge-for-household-purifier\/","title":{"rendered":"Fornecedor l\u00edder Cartucho de filtro de \u00e1gua de 10 polegadas para purificador dom\u00e9stico"},"content":{"rendered":"<table>\n<thead>\n<tr>\n<th>item<\/th>\n<th>pormenores<\/th>\n<\/tr>\n<\/thead>\n<tbody>\n<tr>\n<td>nome do produto<\/td>\n<td>Filtros de \u00e1gua de 10 polegadas<\/td>\n<\/tr>\n<tr>\n<td>nome da marca<\/td>\n<td>Lvyuan \/ OEM<\/td>\n<\/tr>\n<tr>\n<td>local de origem<\/td>\n<td>Guangdong, China<\/td>\n<\/tr>\n<tr>\n<td>material<\/td>\n<td>caixa de cart\u00e3o<\/td>\n<\/tr>\n<tr>\n<td>meios filtrantes<\/td>\n<td>Membrana de polipropileno PP<\/td>\n<\/tr>\n<tr>\n<td>taxa de microns<\/td>\n<td>1, 3, 5, 10 m\u00edcrones<\/td>\n<\/tr>\n<tr>\n<td>op\u00e7\u00f5es de comprimento<\/td>\n<td>5\u2033, 10\u2033, 20\u2033, 30\u2033, 40\u2033, 50\u2033<\/td>\n<\/tr>\n<tr>\n<td>op\u00e7\u00f5es de tampas<\/td>\n<td>DOE, 222+Fin, 222+Flat, 226+Fin, 226+Flat<\/td>\n<\/tr>\n<tr>\n<td>material da junta \/ o-ring<\/td>\n<td>Silicone \/ EPDM \/ Viton<\/td>\n<\/tr>\n<tr>\n<td>n\u00facleo interno<\/td>\n<td>PP ou nenhum<\/td>\n<\/tr>\n<tr>\n<td>utiliza\u00e7\u00e3o<\/td>\n<td>Filtro de cartucho para l\u00edquidos<\/td>\n<\/tr>\n<tr>\n<td>aplica\u00e7\u00e3o<\/td>\n<td>pe\u00e7as para filtros de \u00e1gua, Osmose Inversa<\/td>\n<\/tr>\n<tr>\n<td>certifica\u00e7\u00e3o<\/td>\n<td>CE, SGS<\/td>\n<\/tr>\n<tr>\n<td>tamanho<\/td>\n<td>depende<\/td>\n<\/tr>\n<tr>\n<td>peso<\/td>\n<td>depende<\/td>\n<\/tr>\n<tr>\n<td>pot\u00eancia<\/td>\n<td>0<\/td>\n<\/tr>\n<tr>\n<td>garantia<\/td>\n<td>N\u00e3o dispon\u00edvel<\/td>\n<\/tr>\n<tr>\n<td>servi\u00e7o p\u00f3s-venda prestado<\/td>\n<td>Apoio em linha<\/td>\n<\/tr>\n<tr>\n<td>capacidade de fornecimento<\/td>\n<td>5000 unidades\/pe\u00e7as por dia<\/td>\n<\/tr>\n<tr>\n<td>nota de fornecimento<\/td>\n<td>cartucho de filtro de \u00e1gua<\/td>\n<\/tr>\n<tr>\n<td>sectores aplic\u00e1veis<\/td>\n<td>Hot\u00e9is, lojas de vestu\u00e1rio, lojas de materiais de constru\u00e7\u00e3o, f\u00e1bricas, lojas de repara\u00e7\u00e3o de m\u00e1quinas, f\u00e1bricas de alimentos e bebidas, quintas, restaurantes, uso dom\u00e9stico, com\u00e9rcio a retalho, lojas de alimentos, gr\u00e1ficas, obras de constru\u00e7\u00e3o, energia e minas, lojas de alimentos e bebidas, empresas de publicidade<\/td>\n<\/tr>\n<\/tbody>\n<\/table>","protected":false},"excerpt":{"rendered":"<p>Este cartucho de 10 polegadas ajuda o seu sistema RO a lidar com os sedimentos do dia a dia, para que a \u00e1gua permane\u00e7a l\u00edmpida e o sistema funcione melhor. Escolha a classifica\u00e7\u00e3o de microns e as op\u00e7\u00f5es de hardware que correspondem \u00e0 sua caixa e, em seguida, substitua-a quando o fluxo abrandar.<\/p>","protected":false},"featured_media":1939,"comment_status":"open","ping_status":"closed","template":"","meta":{"_gspb_post_css":""},"product_brand":[],"product_cat":[23,17],"product_tag":[833,832,683,649,829,357],"class_list":{"0":"post-1927","1":"product","2":"type-product","3":"status-publish","4":"has-post-thumbnail","6":"product_cat-pp-filter-cartridge","7":"product_cat-sediment-filter","8":"product_tag-1-10-micron-cartridge","9":"product_tag-10-inch-water-filter","10":"product_tag-doe-222-226-end-caps","11":"product_tag-reverse-osmosis-prefilter","12":"product_tag-silicon-epdm-viton-o-rings","13":"product_tag-water-filter-cartridge","15":"first","16":"instock","17":"shipping-taxable","18":"product-type-simple"},"_links":{"self":[{"href":"https:\/\/lyfilter.com\/pt\/wp-json\/wp\/v2\/product\/1927","targetHints":{"allow":["GET"]}}],"collection":[{"href":"https:\/\/lyfilter.com\/pt\/wp-json\/wp\/v2\/product"}],"about":[{"href":"https:\/\/lyfilter.com\/pt\/wp-json\/wp\/v2\/types\/product"}],"replies":[{"embeddable":true,"href":"https:\/\/lyfilter.com\/pt\/wp-json\/wp\/v2\/comments?post=1927"}],"wp:featuredmedia":[{"embeddable":true,"href":"https:\/\/lyfilter.com\/pt\/wp-json\/wp\/v2\/media\/1939"}],"wp:attachment":[{"href":"https:\/\/lyfilter.com\/pt\/wp-json\/wp\/v2\/media?parent=1927"}],"wp:term":[{"taxonomy":"product_brand","embeddable":true,"href":"https:\/\/lyfilter.com\/pt\/wp-json\/wp\/v2\/product_brand?post=1927"},{"taxonomy":"product_cat","embeddable":true,"href":"https:\/\/lyfilter.com\/pt\/wp-json\/wp\/v2\/product_cat?post=1927"},{"taxonomy":"product_tag","embeddable":true,"href":"https:\/\/lyfilter.com\/pt\/wp-json\/wp\/v2\/product_tag?post=1927"}],"curies":[{"name":"wp","href":"https:\/\/api.w.org\/{rel}","templated":true}]}}