{"id":1926,"date":"2026-01-06T02:46:29","date_gmt":"2026-01-06T02:46:29","guid":{"rendered":"https:\/\/lyfilter.com\/?post_type=product&#038;p=1926"},"modified":"2026-01-07T07:58:22","modified_gmt":"2026-01-07T07:58:22","slug":"pes-pleated-filter-cartridge-precision-flow-meter-water-sensor","status":"publish","type":"product","link":"https:\/\/lyfilter.com\/pt\/pes-pleated-filter-cartridge-precision-flow-meter-water-sensor\/","title":{"rendered":"Cartucho filtrante plissado PES\/sensor de precis\u00e3o para medidor de caudal de \u00e1gua"},"content":{"rendered":"<p><strong>Cartucho filtrante plissado PES\/sensor de precis\u00e3o para medidor de caudal de \u00e1gua<\/strong><\/p>\n<p><img decoding=\"async\" src=\"https:\/\/img.yfisher.com\/m6076\/1725731185aiz\/jpg70-t3-scale100.webp\" alt=\"Cartucho de filtro plissado PES\/sensor de \u00e1gua de precis\u00e3o para caudal\u00edmetros 2\" data-alt=\"PES Pleated Filter Cartridge\/precision flow meter water sensor\" data-lazy=\"2\" title=\"\"><img decoding=\"async\" src=\"https:\/\/img.yfisher.com\/m6076\/1725731185xk6\/jpg70-t3-scale100.webp\" alt=\"Cartucho filtrante plissado PES\/sensor de precis\u00e3o do caudal\u00edmetro de \u00e1gua 4\" data-alt=\"PES Pleated Filter Cartridge\/precision flow meter water sensor\" data-=\"\" data-lazy=\"2\" title=\"\"><img decoding=\"async\" src=\"https:\/\/img.yfisher.com\/m6076\/17257311852i8\/jpg70-t3-scale100.webp\" alt=\"Cartucho de filtro plissado PES\/sensor de \u00e1gua de precis\u00e3o para caudal\u00edmetros 6\" data-alt=\"PES Pleated Filter Cartridge\/precision flow meter water sensor\" data-lazy=\"2\" title=\"\"><img decoding=\"async\" src=\"https:\/\/img.yfisher.com\/m6076\/1725731185fat\/jpg70-t3-scale100.webp\" alt=\"Cartucho de filtro plissado PES\/sensor de \u00e1gua de precis\u00e3o para caudal\u00edmetros 8\" data-alt=\"PES Pleated Filter Cartridge\/precision flow meter water sensor\" data-lazy=\"2\" title=\"\"><img decoding=\"async\" src=\"https:\/\/img.yfisher.com\/m6076\/172573118513n\/jpg70-t3-scale100.webp\" alt=\"Cartucho filtrante plissado PES\/sensor de precis\u00e3o para medidor de caudal de \u00e1gua 10\" data-alt=\"PES Pleated Filter Cartridge\/precision flow meter water sensor\" data-lazy=\"2\" title=\"\"><\/p>\n<p><strong>Introdu\u00e7\u00e3o ao produto<\/strong><\/p>\n<p>O cartucho PP utiliza uma membrana de fibra PP plissada como meio de filtragem.<br \/>\nO cartucho PP \u00e9 um filtro fixo intensivo avan\u00e7ado e est\u00e1 dispon\u00edvel numa vasta gama de valores de reten\u00e7\u00e3o de 0,1um a 60um. O tamanho dos poros n\u00e3o \u00e9 afetado pela vibra\u00e7\u00e3o da press\u00e3o de alimenta\u00e7\u00e3o. Devido \u00e0 sua baixa press\u00e3o diferencial \u00fanica, elevado volume de fluxo, excelente filtragem e atraiu muitos clientes<\/p>\n<p>especifica\u00e7\u00e3o<\/p>\n<p>&nbsp;<\/p>\n<p><strong>Vantagens competitivas<\/strong><\/p>\n<p>1. bem e controlo de alta qualidade ,<br \/>\n2. entrega r\u00e1pida ,<br \/>\n3. design e logotipo do cliente s\u00e3o bem-vindos ,<br \/>\n4. produtos amigos do ambiente ,<br \/>\n5. baixa queda de press\u00e3o, longa vida \u00fatil<\/p>\n<p>6. gama completa de classifica\u00e7\u00f5es de remo\u00e7\u00e3o<\/p>\n<p>7. Densidade de poros graduada para uma elevada capacidade de reten\u00e7\u00e3o de sujidade<\/p>\n<p>8. excelente compatibilidade qu\u00edmica.<\/p>\n<p>Adequado para filtrar solventes org\u00e2nicos, bases \u00e1cidas<\/p>\n<p>&nbsp;<\/p>\n<p><strong>Carater\u00edsticas:<br \/>\n<\/strong>1. A pilha de membranas \u00e9 constitu\u00edda por uma membrana de fibra super fina de PP e uma camada deflectora importada e possui uma grande capacidade de absor\u00e7\u00e3o de poluentes.<br \/>\n2. Ampla aplicabilidade<br \/>\n3. Grande caudal, pequena resist\u00eancia, grande capacidade de absor\u00e7\u00e3o de poluentes e longa vida \u00fatil<br \/>\n4. Adotar a t\u00e9cnica de soldadura a quente sem aglutinante e n\u00e3o transportar quaisquer poluentes qu\u00edmicos<br \/>\n5. Cada cartucho de filtro de grau farmac\u00eautico foi lavado com \u00e1gua de inje\u00e7\u00e3o; cada cartucho de filtro de grau eletr\u00f3nico foi lavado com \u00e1gua ultra pura.<\/p>\n<p><strong>Aplica\u00e7\u00e3o:<br \/>\n<\/strong>1. Ind\u00fastria eletr\u00f3nica: Produtos qu\u00edmicos e \u00e1gua pura<br \/>\n2. Filtro de seguran\u00e7a para osmose inversa<br \/>\n3. Ind\u00fastria alimentar e de bebidas: \u00c1gua mineral, vinhos e sumos de fruta, etc.<br \/>\n4. Ind\u00fastria de medicamentos: Medicamentos l\u00edquidos, gases, etc.<br \/>\n5. Ind\u00fastria qu\u00edmica: Solventes org\u00e2nicos, etc.<br \/>\n6. Ind\u00fastria petrol\u00edfera: Inunda\u00e7\u00f5es em campos petrol\u00edferos<br \/>\n7. Filtragem fina para uma variedade de gases<br \/>\n8. Pr\u00e9-filtragem muito mais fina<\/p>\n<p>&nbsp;<\/p>\n<p><strong>Resumo das presta\u00e7\u00f5es<\/strong><br \/>\n1. compatibilidade qu\u00edmica universal, grande volume de fluxo, baixa press\u00e3o diferencial e longa vida \u00fatil.<br \/>\n2.ampla gama de \u00edndices de reten\u00e7\u00e3o para satisfazer v\u00e1rias filtra\u00e7\u00f5es<br \/>\n3. aplica\u00e7\u00e3o da t\u00e9cnica de liga\u00e7\u00e3o t\u00e9rmica, firme e sem polui\u00e7\u00e3o para os produtos<br \/>\n4. limpar de forma comum e esterilizar com uma c\u00e2mara de esteriliza\u00e7\u00e3o e vapor<\/p>\n<h4><strong>especifica\u00e7\u00e3o<\/strong><\/h4>\n<div class=\"table-responsive\">\n<table class=\"aliDataTable\">\n<tbody>\n<tr align=\"left\">\n<td valign=\"top\" width=\"284\"><strong>Comprimento<\/strong><\/td>\n<td valign=\"top\" width=\"284\"><strong>5\u201d, 10\u201d ,20\u201d , 30\u201d , 40\u201d<\/strong><\/td>\n<\/tr>\n<tr align=\"left\">\n<td valign=\"top\"><strong>Precis\u00e3o<\/strong><\/td>\n<td valign=\"top\"><strong>0.1,\u00a00.22,\u00a00.45,\u00a01,\u00a05,\u00a010,\u00a020,25,\u00a030,\u00a050,\u00a060<\/strong><\/td>\n<\/tr>\n<\/tbody>\n<\/table>\n<\/div>\n<p>&nbsp;<\/p>\n<h4><\/h4>\n<h4><strong>Especifica\u00e7\u00f5es t\u00e9cnicas\u00a0<\/strong><\/h4>\n<div class=\"table-responsive\">\n<table class=\"aliDataTable\">\n<tbody>\n<tr align=\"left\">\n<td valign=\"top\" width=\"188\"><strong>Precis\u00e3o de filtragem\u00a0<\/strong><\/td>\n<td valign=\"top\" width=\"380\"><strong>0.1,\u00a0\u00a00.2,\u00a0\u00a00.45,\u00a0\u00a00.65,\u00a0\u00a00.8,\u00a0\u00a01,\u00a0\u00a02,\u00a0\u00a03,\u00a0\u00a05,\u00a0\u00a010,\u00a0\u00a020,\u00a0\u00a025,\u00a0\u00a030,\u00a0\u00a050,\u00a0\u00a060<\/strong><\/td>\n<\/tr>\n<tr align=\"left\">\n<td valign=\"top\"><strong>\u00c1rea de filtragem efectiva<\/strong><\/td>\n<td valign=\"top\"><strong>0.40-0.7<\/strong><\/td>\n<\/tr>\n<tr align=\"left\">\n<td valign=\"top\"><strong>M\u00e1x. Press\u00e3o de funcionamento<\/strong><\/td>\n<td valign=\"top\"><strong>\u00a0042Mpa25\u00b0C<\/strong><\/td>\n<\/tr>\n<tr align=\"left\">\n<td valign=\"top\"><strong>M\u00e1ximo. Temperatura de funcionamento<\/strong><\/td>\n<td valign=\"top\"><strong>88\u00b0C, 0,28Mpa; 60\u00b0C, 0,42Mpa<\/strong><\/td>\n<\/tr>\n<tr align=\"left\">\n<td valign=\"top\"><strong>Temperatura de esteriliza\u00e7\u00e3o<\/strong><\/td>\n<td valign=\"top\"><strong>121\u00b0C 30min<\/strong><\/td>\n<\/tr>\n<\/tbody>\n<\/table>\n<\/div>\n<p>&nbsp;<\/p>\n<h4><strong>Liga\u00e7\u00e3o\u00a0<\/strong><\/h4>\n<div class=\"table-responsive\">\n<table class=\"aliDataTable\">\n<tbody>\n<tr align=\"left\">\n<td valign=\"top\" width=\"284\"><strong>Tipo de lan\u00e7a<\/strong><\/td>\n<td valign=\"top\" width=\"284\"><strong>\u00a0<img decoding=\"async\" src=\"https:\/\/img.yfisher.com\/m6076\/1725731185qn2\/jpg70-t3-scale100.webp\" alt=\"Cartucho de filtro plissado PES\/sensor de \u00e1gua de precis\u00e3o para caudal\u00edmetros 12\" data-alt=\"PES Pleated Filter Cartridge\/precision flow meter water sensor\" data-=\"\" data-lazy=\"2\" title=\"\"><\/strong><\/td>\n<\/tr>\n<tr align=\"left\">\n<td valign=\"top\"><strong>215 tipo<\/strong><\/td>\n<td valign=\"top\"><strong>\u00a0<img decoding=\"async\" src=\"https:\/\/img.yfisher.com\/m6076\/1725731185bp0\/jpg70-t3-scale100.webp\" alt=\"Cartucho de filtro plissado PES\/sensor de \u00e1gua de precis\u00e3o para caudal\u00edmetros 14\" data-alt=\"PES Pleated Filter Cartridge\/precision flow meter water sensor\" data-=\"\" data-lazy=\"2\" title=\"\"><\/strong><\/td>\n<\/tr>\n<tr align=\"left\">\n<td valign=\"top\"><\/td>\n<td valign=\"top\"><\/td>\n<\/tr>\n<tr align=\"left\">\n<td valign=\"top\"><strong>226 tipo<\/strong><\/td>\n<td valign=\"top\"><strong>\u00a0<img decoding=\"async\" src=\"https:\/\/img.yfisher.com\/m6076\/1725731185ogz\/jpg70-t3-scale100.webp\" alt=\"Cartucho filtrante plissado PES\/sensor de precis\u00e3o para medi\u00e7\u00e3o do caudal de \u00e1gua 16\" data-alt=\"PES Pleated Filter Cartridge\/precision flow meter water sensor\" data-=\"\" data-lazy=\"2\" title=\"\"><\/strong><\/td>\n<\/tr>\n<tr align=\"left\">\n<td valign=\"top\"><strong>Tipo de placa<\/strong><\/td>\n<td valign=\"top\"><strong>\u00a0\u00a0<img decoding=\"async\" src=\"https:\/\/img.yfisher.com\/m6076\/1725731185yjw\/jpg70-t3-scale100.webp\" alt=\"Cartucho de filtro plissado PES\/sensor de \u00e1gua de precis\u00e3o para caudal\u00edmetros 18\" data-alt=\"PES Pleated Filter Cartridge\/precision flow meter water sensor\" data-=\"\" data-lazy=\"2\" title=\"\"><\/strong><\/td>\n<\/tr>\n<\/tbody>\n<\/table>\n<\/div>\n<p>&nbsp;<\/p>\n<p><strong>\u00a0<\/strong><\/p>\n<p><strong>Material da membrana filtrante<\/strong><\/p>\n<p>&nbsp;<\/p>\n<div class=\"table-responsive\">\n<table class=\"aliDataTable\">\n<tbody>\n<tr align=\"left\">\n<td valign=\"top\" width=\"284\"><strong>Material da membrana filtrante<\/strong><\/td>\n<td valign=\"top\" width=\"284\"><strong>Aplica\u00e7\u00e3o\u00a0<\/strong><\/td>\n<\/tr>\n<tr align=\"left\">\n<td valign=\"top\"><strong>PP<\/strong><\/td>\n<td rowspan=\"5\" valign=\"top\"><strong>1. ind\u00fastria eletr\u00f3nica: sistema de \u00e1gua por osmose inversa\u00a0<\/strong><\/p>\n<p><strong>pr\u00e9-filtragem, pr\u00e9-filtragem do sistema de \u00e1gua desionizada<\/strong><\/p>\n<p><strong>2. fabricante de alimentos: filtragem de bebidas,\u00a0<\/strong><\/p>\n<p><strong>cerveja e \u00e1gua mineral<\/strong><\/p>\n<p><strong>3. f\u00e1brica de produtos qu\u00edmicos: filtra\u00e7\u00e3o de solventes org\u00e2nicos e de tintas.<\/strong><\/p>\n<p><strong>4. ind\u00fastria farmac\u00eautica: filtra\u00e7\u00e3o de\u00a0<\/strong><\/p>\n<p><strong>produtos farmac\u00eauticos, biol\u00f3gicos e de soro,<\/strong><\/p>\n<p><strong>ar comprimido e g\u00e1s\u00a0<\/strong><\/p>\n<p><strong>5.outros: filtragem da solu\u00e7\u00e3o de revestimento, fluidos de processo,<\/strong><\/p>\n<p><strong>\u00a0fotoresistente e suportes magn\u00e9ticos.<\/strong><\/p>\n<p><strong>\u00a0<\/strong><\/td>\n<\/tr>\n<tr align=\"left\">\n<td valign=\"top\"><strong>PTFE<\/strong><\/td>\n<\/tr>\n<tr align=\"left\">\n<td valign=\"top\"><strong>PES<\/strong><\/td>\n<\/tr>\n<tr align=\"left\">\n<td valign=\"top\"><strong>N66<\/strong><\/td>\n<\/tr>\n<tr align=\"left\">\n<td valign=\"top\"><strong>Fibra de carbono<\/strong><\/td>\n<\/tr>\n<\/tbody>\n<\/table>\n<\/div>","protected":false},"excerpt":{"rendered":"<table>\n<thead>\n<tr>\n<th>item<\/th>\n<th>pormenores<\/th>\n<\/tr>\n<\/thead>\n<tbody>\n<tr>\n<td>sectores aplic\u00e1veis<\/td>\n<td>Hot\u00e9is, F\u00e1brica de alimentos e bebidas, Restaurante, Loja de alimentos, Lojas de alimentos e bebidas<\/td>\n<\/tr>\n<tr>\n<td>local de origem<\/td>\n<td>Guangdong, China<\/td>\n<\/tr>\n<tr>\n<td>nome da marca<\/td>\n<td>LvYuan\/OEM<\/td>\n<\/tr>\n<tr>\n<td>tipo de marketing<\/td>\n<td>Novo produto 2020<\/td>\n<\/tr>\n<tr>\n<td>inspe\u00e7\u00e3o de sa\u00edda de v\u00eddeo<\/td>\n<td>Fornecido<\/td>\n<\/tr>\n<tr>\n<td>servi\u00e7o p\u00f3s-garantia<\/td>\n<td>Suporte t\u00e9cnico de v\u00eddeo<\/td>\n<\/tr>\n<tr>\n<td>servi\u00e7o p\u00f3s-venda prestado<\/td>\n<td>Suporte t\u00e9cnico de v\u00eddeo<\/td>\n<\/tr>\n<tr>\n<td>localiza\u00e7\u00e3o do servi\u00e7o local<\/td>\n<td>nenhum<\/td>\n<\/tr>\n<tr>\n<td>localiza\u00e7\u00e3o da sala de exposi\u00e7\u00f5es<\/td>\n<td>nenhum<\/td>\n<\/tr>\n<tr>\n<td>relat\u00f3rio de ensaio de m\u00e1quinas<\/td>\n<td>N\u00e3o dispon\u00edvel<\/td>\n<\/tr>\n<tr>\n<td>garantia<\/td>\n<td>1 ano<\/td>\n<\/tr>\n<tr>\n<td>garantia dos componentes principais<\/td>\n<td>1 ano<\/td>\n<\/tr>\n<tr>\n<td>material<\/td>\n<td>caixa de papel\u00e3o; polipropileno ou PVDF, PTFE, PES, N66<\/td>\n<\/tr>\n<tr>\n<td>superf\u00edcie<\/td>\n<td>Polipropileno<\/td>\n<\/tr>\n<tr>\n<td>classifica\u00e7\u00e3o micr\u00f3nica<\/td>\n<td>0,1, 0,45, 0,5, 0,68, 0,8, 1, 2-60 \u00b5m<\/td>\n<\/tr>\n<tr>\n<td>tamanho<\/td>\n<td>caixa normal 53\u00d732\u00d732 cm; 5\u2033, 10\u2033, 20\u2033, 30\u2033, 40\u2033 ou personalizado<\/td>\n<\/tr>\n<tr>\n<td>peso<\/td>\n<td>caso a caso<\/td>\n<\/tr>\n<tr>\n<td>pot\u00eancia<\/td>\n<td>NA<\/td>\n<\/tr>\n<tr>\n<td>cor<\/td>\n<td>Branco<\/td>\n<\/tr>\n<tr>\n<td>qualidade<\/td>\n<td>Excelente, de qualidade alimentar<\/td>\n<\/tr>\n<tr>\n<td>di\u00e2metro interior<\/td>\n<td>32mm, 35mm<\/td>\n<\/tr>\n<tr>\n<td>di\u00e2metro exterior<\/td>\n<td>68mm, 70mm<\/td>\n<\/tr>\n<tr>\n<td>interface<\/td>\n<td>de tipo plano, 215, 222, 226<\/td>\n<\/tr>\n<tr>\n<td>tamanho do n\u00facleo<\/td>\n<td>com n\u00facleo, ou sem n\u00facleo<\/td>\n<\/tr>\n<tr>\n<td>componentes principais<\/td>\n<td>Parte eletr\u00f3nica, caso exista<\/td>\n<\/tr>\n<tr>\n<td>capacidade de fornecimento<\/td>\n<td>5000 unidades\/pe\u00e7as por dia<\/td>\n<\/tr>\n<\/tbody>\n<\/table>","protected":false},"featured_media":1941,"comment_status":"open","ping_status":"closed","template":"","meta":{"_gspb_post_css":""},"product_brand":[],"product_cat":[17,23],"product_tag":[836,838,839,834,835,837],"class_list":{"0":"post-1926","1":"product","2":"type-product","3":"status-publish","4":"has-post-thumbnail","6":"product_cat-sediment-filter","7":"product_cat-pp-filter-cartridge","8":"product_tag-0-1-60-micron-filter","9":"product_tag-222-226-interface-cartridge","10":"product_tag-beverage-water-filtration","11":"product_tag-food-grade-filter-cartridge","12":"product_tag-membrane-filter-cartridge","13":"product_tag-pp-pvdf-ptfe-pes-n66","15":"first","16":"instock","17":"shipping-taxable","18":"product-type-simple"},"_links":{"self":[{"href":"https:\/\/lyfilter.com\/pt\/wp-json\/wp\/v2\/product\/1926","targetHints":{"allow":["GET"]}}],"collection":[{"href":"https:\/\/lyfilter.com\/pt\/wp-json\/wp\/v2\/product"}],"about":[{"href":"https:\/\/lyfilter.com\/pt\/wp-json\/wp\/v2\/types\/product"}],"replies":[{"embeddable":true,"href":"https:\/\/lyfilter.com\/pt\/wp-json\/wp\/v2\/comments?post=1926"}],"wp:featuredmedia":[{"embeddable":true,"href":"https:\/\/lyfilter.com\/pt\/wp-json\/wp\/v2\/media\/1941"}],"wp:attachment":[{"href":"https:\/\/lyfilter.com\/pt\/wp-json\/wp\/v2\/media?parent=1926"}],"wp:term":[{"taxonomy":"product_brand","embeddable":true,"href":"https:\/\/lyfilter.com\/pt\/wp-json\/wp\/v2\/product_brand?post=1926"},{"taxonomy":"product_cat","embeddable":true,"href":"https:\/\/lyfilter.com\/pt\/wp-json\/wp\/v2\/product_cat?post=1926"},{"taxonomy":"product_tag","embeddable":true,"href":"https:\/\/lyfilter.com\/pt\/wp-json\/wp\/v2\/product_tag?post=1926"}],"curies":[{"name":"wp","href":"https:\/\/api.w.org\/{rel}","templated":true}]}}