{"id":1906,"date":"2026-01-06T01:40:13","date_gmt":"2026-01-06T01:40:13","guid":{"rendered":"https:\/\/lyfilter.com\/?post_type=product&#038;p=1906"},"modified":"2026-01-06T01:40:13","modified_gmt":"2026-01-06T01:40:13","slug":"pp-spun-broad-groove-filter-cartridge-with-10-20-30-40-inch-element","status":"publish","type":"product","link":"https:\/\/lyfilter.com\/pt\/pp-spun-broad-groove-filter-cartridge-with-10-20-30-40-inch-element\/","title":{"rendered":"Cartucho de filtro de ranhura larga PP Spun com elemento de 10 20 30 40 polegadas"},"content":{"rendered":"<table>\n<thead>\n<tr>\n<th>item<\/th>\n<th>pormenores<\/th>\n<\/tr>\n<\/thead>\n<tbody>\n<tr>\n<td>nome do produto<\/td>\n<td>Cartucho de filtro PP Spun<\/td>\n<\/tr>\n<tr>\n<td>n\u00famero do modelo<\/td>\n<td>S\u00e9rie LY-PPF<\/td>\n<\/tr>\n<tr>\n<td>nome da marca<\/td>\n<td>Lvyuan \/ OEM<\/td>\n<\/tr>\n<tr>\n<td>local de origem<\/td>\n<td>Guangdong, China<\/td>\n<\/tr>\n<tr>\n<td>meios filtrantes<\/td>\n<td>Membrana de polipropileno PP<\/td>\n<\/tr>\n<tr>\n<td>taxa de microns<\/td>\n<td>1, 3, 5, 10-100 m\u00edcrones<\/td>\n<\/tr>\n<tr>\n<td>op\u00e7\u00f5es de comprimento<\/td>\n<td>5\u2033, 10\u2033, 20\u2033, 30\u2033, 40\u2033, 50\u2033<\/td>\n<\/tr>\n<tr>\n<td>op\u00e7\u00f5es de tampas<\/td>\n<td>DOE, 222+Fin, 222+Flat, 226+Fin, 226+Flat<\/td>\n<\/tr>\n<tr>\n<td>di\u00e2metro exterior de origem<\/td>\n<td>Op\u00e7\u00e3o de 15mm a 200mm<\/td>\n<\/tr>\n<tr>\n<td>n\u00facleo interno<\/td>\n<td>PP ou nenhum<\/td>\n<\/tr>\n<tr>\n<td>utiliza\u00e7\u00e3o<\/td>\n<td>Filtro de cartucho para l\u00edquidos<\/td>\n<\/tr>\n<tr>\n<td>aplica\u00e7\u00e3o<\/td>\n<td>pe\u00e7as para filtros de \u00e1gua, Osmose Inversa<\/td>\n<\/tr>\n<tr>\n<td>certifica\u00e7\u00e3o<\/td>\n<td>CE, SGS<\/td>\n<\/tr>\n<tr>\n<td>capacidade de fornecimento<\/td>\n<td>5000 unidades\/pe\u00e7as por dia<\/td>\n<\/tr>\n<tr>\n<td>nota de fornecimento<\/td>\n<td>cartucho fiado pp<\/td>\n<\/tr>\n<\/tbody>\n<\/table>","protected":false},"excerpt":{"rendered":"<p>Este cartucho girat\u00f3rio LY-PPF PP ajuda a proteger o seu sistema RO, capturando sedimentos como ferrugem, areia e lodo. Escolha a classifica\u00e7\u00e3o em microns, o comprimento, o estilo da tampa e o di\u00e2metro exterior adequados \u00e0 sua caixa e substitua-a quando o fluxo come\u00e7ar a diminuir.<\/p>","protected":false},"featured_media":1914,"comment_status":"open","ping_status":"closed","template":"","meta":{"_gspb_post_css":""},"product_brand":[],"product_cat":[23,17],"product_tag":[297,683,351,825,675,649],"class_list":{"0":"post-1906","1":"product","2":"type-product","3":"status-publish","4":"has-post-thumbnail","6":"product_cat-pp-filter-cartridge","7":"product_cat-sediment-filter","8":"product_tag-1-100-micron-cartridge","9":"product_tag-doe-222-226-end-caps","10":"product_tag-ly-ppf-series","11":"product_tag-oem-outer-diameter-15-200mm","12":"product_tag-pp-spun-filter-cartridge","13":"product_tag-reverse-osmosis-prefilter","15":"first","16":"instock","17":"shipping-taxable","18":"product-type-simple"},"_links":{"self":[{"href":"https:\/\/lyfilter.com\/pt\/wp-json\/wp\/v2\/product\/1906","targetHints":{"allow":["GET"]}}],"collection":[{"href":"https:\/\/lyfilter.com\/pt\/wp-json\/wp\/v2\/product"}],"about":[{"href":"https:\/\/lyfilter.com\/pt\/wp-json\/wp\/v2\/types\/product"}],"replies":[{"embeddable":true,"href":"https:\/\/lyfilter.com\/pt\/wp-json\/wp\/v2\/comments?post=1906"}],"wp:featuredmedia":[{"embeddable":true,"href":"https:\/\/lyfilter.com\/pt\/wp-json\/wp\/v2\/media\/1914"}],"wp:attachment":[{"href":"https:\/\/lyfilter.com\/pt\/wp-json\/wp\/v2\/media?parent=1906"}],"wp:term":[{"taxonomy":"product_brand","embeddable":true,"href":"https:\/\/lyfilter.com\/pt\/wp-json\/wp\/v2\/product_brand?post=1906"},{"taxonomy":"product_cat","embeddable":true,"href":"https:\/\/lyfilter.com\/pt\/wp-json\/wp\/v2\/product_cat?post=1906"},{"taxonomy":"product_tag","embeddable":true,"href":"https:\/\/lyfilter.com\/pt\/wp-json\/wp\/v2\/product_tag?post=1906"}],"curies":[{"name":"wp","href":"https:\/\/api.w.org\/{rel}","templated":true}]}}