{"id":1872,"date":"2026-01-06T01:25:02","date_gmt":"2026-01-06T01:25:02","guid":{"rendered":"https:\/\/lyfilter.com\/?post_type=product&#038;p=1872"},"modified":"2026-04-24T23:44:22","modified_gmt":"2026-04-24T23:44:22","slug":"manufacturer-all-dimension-polypropylene-ppf-water-filter-cartridge-filters-for-water-treatment-plant","status":"publish","type":"product","link":"https:\/\/lyfilter.com\/pt\/manufacturer-all-dimension-polypropylene-ppf-water-filter-cartridge-filters-for-water-treatment-plant\/","title":{"rendered":"Fabricante de filtros de cartucho para filtro de \u00e1gua de polipropileno PPF de todas as dimens\u00f5es para a esta\u00e7\u00e3o de tratamento de \u00e1gua"},"content":{"rendered":"<table>\n<thead>\n<tr>\n<th>item<\/th>\n<th>pormenores<\/th>\n<\/tr>\n<\/thead>\n<tbody>\n<tr>\n<td>nome do produto<\/td>\n<td>filtro ppf<\/td>\n<\/tr>\n<tr>\n<td>nome da marca<\/td>\n<td>lvyuan \/ oem<\/td>\n<\/tr>\n<tr>\n<td>local de origem<\/td>\n<td>guangdong, china<\/td>\n<\/tr>\n<tr>\n<td>material<\/td>\n<td>polipropileno<\/td>\n<\/tr>\n<tr>\n<td>meios filtrantes<\/td>\n<td>polipropileno PP fiado<\/td>\n<\/tr>\n<tr>\n<td>taxa de microns<\/td>\n<td>1 \/ 3 \/ 5 \/ 10 \/ 25 \/ 50 \/ 75 \/ 100 m\u00edcrones<\/td>\n<\/tr>\n<tr>\n<td>op\u00e7\u00f5es de comprimento<\/td>\n<td>5\u2033, 10\u2033, 20\u2033, 30\u2033, 40\u2033, 50\u2033<\/td>\n<\/tr>\n<tr>\n<td>op\u00e7\u00f5es de tampas<\/td>\n<td>DOE \/ 222Fin \/ 226Fin \/ 222Flat \/ 226Flat<\/td>\n<\/tr>\n<tr>\n<td>material da junta \/ o-ring<\/td>\n<td>silicone \/ EPDM \/ viton<\/td>\n<\/tr>\n<tr>\n<td>n\u00facleo interno<\/td>\n<td>PP \/ a\u00e7o inoxid\u00e1vel \/ nenhum<\/td>\n<\/tr>\n<tr>\n<td>utiliza\u00e7\u00e3o<\/td>\n<td>filtro de cartucho para l\u00edquidos<\/td>\n<\/tr>\n<tr>\n<td>aplica\u00e7\u00e3o<\/td>\n<td>pe\u00e7as para filtros de \u00e1gua, osmose inversa<\/td>\n<\/tr>\n<tr>\n<td>certifica\u00e7\u00e3o<\/td>\n<td>CE, SGS<\/td>\n<\/tr>\n<tr>\n<td>tamanho<\/td>\n<td>padr\u00e3o ou personaliza\u00e7\u00e3o<\/td>\n<\/tr>\n<tr>\n<td>peso<\/td>\n<td>depende<\/td>\n<\/tr>\n<tr>\n<td>pot\u00eancia<\/td>\n<td>0<\/td>\n<\/tr>\n<tr>\n<td>garantia<\/td>\n<td>indispon\u00edvel<\/td>\n<\/tr>\n<tr>\n<td>servi\u00e7o p\u00f3s-venda prestado<\/td>\n<td>apoio em linha<\/td>\n<\/tr>\n<tr>\n<td>capacidade de fornecimento<\/td>\n<td>5000 pe\u00e7as\/pe\u00e7as por dia<\/td>\n<\/tr>\n<tr>\n<td>sectores aplic\u00e1veis<\/td>\n<td>hot\u00e9is, lojas de vestu\u00e1rio, lojas de materiais de constru\u00e7\u00e3o, f\u00e1bricas, oficinas de repara\u00e7\u00e3o de m\u00e1quinas, f\u00e1bricas de alimentos e bebidas, quintas, restaurantes, uso dom\u00e9stico, retalho, lojas de alimentos, tipografias, obras de constru\u00e7\u00e3o, energia e minas, lojas de alimentos e bebidas, empresas de publicidade<\/td>\n<\/tr>\n<\/tbody>\n<\/table>","protected":false},"excerpt":{"rendered":"<p>Estes cartuchos de PP fiados apanham areia, ferrugem e sedimentos antes de chegarem ao seu sistema RO. Escolha a classifica\u00e7\u00e3o de microns, o comprimento, o estilo da tampa da extremidade e o material do o-ring que se adapta \u00e0 sua caixa e, em seguida, troque por um cartucho novo quando o fluxo diminuir.<\/p>","protected":false},"featured_media":1893,"comment_status":"open","ping_status":"closed","template":"","meta":{"_gspb_post_css":""},"product_brand":[],"product_cat":[23,17],"product_tag":[671,683,710,817,649,724],"class_list":{"0":"post-1872","1":"product","2":"type-product","3":"status-publish","4":"has-post-thumbnail","6":"product_cat-pp-filter-cartridge","7":"product_cat-sediment-filter","8":"product_tag-1-100-micron-filter-cartridge","9":"product_tag-doe-222-226-end-caps","10":"product_tag-pp-spun-sediment-filter","11":"product_tag-ppf-filter-cartridge","12":"product_tag-reverse-osmosis-prefilter","13":"product_tag-water-filtration-parts","15":"first","16":"instock","17":"shipping-taxable","18":"product-type-simple"},"_links":{"self":[{"href":"https:\/\/lyfilter.com\/pt\/wp-json\/wp\/v2\/product\/1872","targetHints":{"allow":["GET"]}}],"collection":[{"href":"https:\/\/lyfilter.com\/pt\/wp-json\/wp\/v2\/product"}],"about":[{"href":"https:\/\/lyfilter.com\/pt\/wp-json\/wp\/v2\/types\/product"}],"replies":[{"embeddable":true,"href":"https:\/\/lyfilter.com\/pt\/wp-json\/wp\/v2\/comments?post=1872"}],"wp:featuredmedia":[{"embeddable":true,"href":"https:\/\/lyfilter.com\/pt\/wp-json\/wp\/v2\/media\/1893"}],"wp:attachment":[{"href":"https:\/\/lyfilter.com\/pt\/wp-json\/wp\/v2\/media?parent=1872"}],"wp:term":[{"taxonomy":"product_brand","embeddable":true,"href":"https:\/\/lyfilter.com\/pt\/wp-json\/wp\/v2\/product_brand?post=1872"},{"taxonomy":"product_cat","embeddable":true,"href":"https:\/\/lyfilter.com\/pt\/wp-json\/wp\/v2\/product_cat?post=1872"},{"taxonomy":"product_tag","embeddable":true,"href":"https:\/\/lyfilter.com\/pt\/wp-json\/wp\/v2\/product_tag?post=1872"}],"curies":[{"name":"wp","href":"https:\/\/api.w.org\/{rel}","templated":true}]}}