{"id":1855,"date":"2026-01-05T10:15:34","date_gmt":"2026-01-05T10:15:34","guid":{"rendered":"https:\/\/lyfilter.com\/?post_type=product&#038;p=1855"},"modified":"2026-01-05T10:15:34","modified_gmt":"2026-01-05T10:15:34","slug":"alternative-mp-filtri-5-3-micron-polypropylene-depth-filter-cartridge-price-for-oil-paint-hydraulic-water-filtration","status":"publish","type":"product","link":"https:\/\/lyfilter.com\/pt\/alternative-mp-filtri-5-3-micron-polypropylene-depth-filter-cartridge-price-for-oil-paint-hydraulic-water-filtration\/","title":{"rendered":"Alternativa mp filtri 5 3 micron Pre\u00e7o do cartucho de filtro de profundidade de polipropileno para filtragem de \u00e1gua hidr\u00e1ulica de tinta a \u00f3leo"},"content":{"rendered":"<table>\n<thead>\n<tr>\n<th>Item<\/th>\n<th>Detalhes<\/th>\n<\/tr>\n<\/thead>\n<tbody>\n<tr>\n<td>t\u00edtulo<\/td>\n<td>cartucho de filtro de profundidade fiado pp<\/td>\n<\/tr>\n<tr>\n<td>condi\u00e7\u00e3o<\/td>\n<td>novo<\/td>\n<\/tr>\n<tr>\n<td>sectores aplic\u00e1veis<\/td>\n<td>hot\u00e9is, lojas de vestu\u00e1rio, lojas de materiais de constru\u00e7\u00e3o, f\u00e1bricas, oficinas de repara\u00e7\u00e3o de m\u00e1quinas, f\u00e1bricas de alimentos e bebidas, quintas, restaurantes, uso dom\u00e9stico, retalho, lojas de alimentos, tipografias, obras de constru\u00e7\u00e3o, energia e minas, lojas de alimentos e bebidas, empresas de publicidade<\/td>\n<\/tr>\n<tr>\n<td>local de origem<\/td>\n<td>guangdong, china<\/td>\n<\/tr>\n<tr>\n<td>nome da marca<\/td>\n<td>lvyuan \/ oem<\/td>\n<\/tr>\n<tr>\n<td>material<\/td>\n<td>polipropileno<\/td>\n<\/tr>\n<tr>\n<td>peso<\/td>\n<td>depende<\/td>\n<\/tr>\n<tr>\n<td>tamanho<\/td>\n<td>padr\u00e3o ou personaliza\u00e7\u00e3o<\/td>\n<\/tr>\n<tr>\n<td>pot\u00eancia<\/td>\n<td>0<\/td>\n<\/tr>\n<tr>\n<td>garantia<\/td>\n<td>indispon\u00edvel<\/td>\n<\/tr>\n<tr>\n<td>nome do produto<\/td>\n<td>filtro de profundidade<\/td>\n<\/tr>\n<tr>\n<td>taxa de microns<\/td>\n<td>Cartucho de filtros de 1\/3\/5\/10\/25\/50\/75\/100 m\u00edcrones<\/td>\n<\/tr>\n<tr>\n<td>certifica\u00e7\u00e3o<\/td>\n<td>ce, sgs<\/td>\n<\/tr>\n<tr>\n<td>aplica\u00e7\u00e3o<\/td>\n<td>pe\u00e7as para filtros de \u00e1gua, osmose inversa<\/td>\n<\/tr>\n<tr>\n<td>comprimento<\/td>\n<td>5\u2033, 10\u2033, 20\u2033, 30\u2033, 40\u2033, 50\u2033 polegadas<\/td>\n<\/tr>\n<tr>\n<td>meios filtrantes<\/td>\n<td>polipropileno (pp) fiado<\/td>\n<\/tr>\n<tr>\n<td>tampa da extremidade<\/td>\n<td>doe\/222fin\/226fin\/222flat\/226flat<\/td>\n<\/tr>\n<tr>\n<td>material da junta \/ anel de veda\u00e7\u00e3o<\/td>\n<td>sil\u00edcio\/epdm\/vit\u00e3o<\/td>\n<\/tr>\n<tr>\n<td>utiliza\u00e7\u00e3o<\/td>\n<td>filtro de cartucho para l\u00edquidos<\/td>\n<\/tr>\n<tr>\n<td>n\u00facleo interno<\/td>\n<td>pp, a\u00e7o inoxid\u00e1vel, nenhum<\/td>\n<\/tr>\n<tr>\n<td>servi\u00e7o p\u00f3s-venda prestado<\/td>\n<td>apoio em linha<\/td>\n<\/tr>\n<tr>\n<td>capacidade de fornecimento<\/td>\n<td>5000 unidades\/pe\u00e7as por dia (cartucho de filtro de polipropileno)<\/td>\n<\/tr>\n<\/tbody>\n<\/table>","protected":false},"excerpt":{"rendered":"<p>Este filtro de profundidade fiado em PP ajuda a apanhar sedimentos e part\u00edculas finas para que a sua \u00e1gua permane\u00e7a mais clara e o seu sistema RO funcione mais suavemente. Escolha a classifica\u00e7\u00e3o micr\u00f3nica, o comprimento, o estilo da tampa da extremidade e o material de veda\u00e7\u00e3o adequados \u00e0 sua configura\u00e7\u00e3o. Tem certifica\u00e7\u00e3o CE\/SGS e apoio de suporte online.<\/p>","protected":false},"featured_media":1865,"comment_status":"open","ping_status":"closed","template":"","meta":{"_gspb_post_css":""},"product_brand":[],"product_cat":[23,17],"product_tag":[327,650,681,729,816,649],"class_list":{"0":"post-1855","1":"product","2":"type-product","3":"status-publish","4":"has-post-thumbnail","6":"product_cat-pp-filter-cartridge","7":"product_cat-sediment-filter","8":"product_tag-1-100-micron-filter","9":"product_tag-doe-222-226-end-cap","10":"product_tag-liquid-cartridge-filter","11":"product_tag-polypropylene-filter-cartridge","12":"product_tag-pp-spun-depth-filter","13":"product_tag-reverse-osmosis-prefilter","15":"first","16":"instock","17":"shipping-taxable","18":"product-type-simple"},"_links":{"self":[{"href":"https:\/\/lyfilter.com\/pt\/wp-json\/wp\/v2\/product\/1855","targetHints":{"allow":["GET"]}}],"collection":[{"href":"https:\/\/lyfilter.com\/pt\/wp-json\/wp\/v2\/product"}],"about":[{"href":"https:\/\/lyfilter.com\/pt\/wp-json\/wp\/v2\/types\/product"}],"replies":[{"embeddable":true,"href":"https:\/\/lyfilter.com\/pt\/wp-json\/wp\/v2\/comments?post=1855"}],"wp:featuredmedia":[{"embeddable":true,"href":"https:\/\/lyfilter.com\/pt\/wp-json\/wp\/v2\/media\/1865"}],"wp:attachment":[{"href":"https:\/\/lyfilter.com\/pt\/wp-json\/wp\/v2\/media?parent=1855"}],"wp:term":[{"taxonomy":"product_brand","embeddable":true,"href":"https:\/\/lyfilter.com\/pt\/wp-json\/wp\/v2\/product_brand?post=1855"},{"taxonomy":"product_cat","embeddable":true,"href":"https:\/\/lyfilter.com\/pt\/wp-json\/wp\/v2\/product_cat?post=1855"},{"taxonomy":"product_tag","embeddable":true,"href":"https:\/\/lyfilter.com\/pt\/wp-json\/wp\/v2\/product_tag?post=1855"}],"curies":[{"name":"wp","href":"https:\/\/api.w.org\/{rel}","templated":true}]}}