{"id":1848,"date":"2026-01-05T10:12:13","date_gmt":"2026-01-05T10:12:13","guid":{"rendered":"https:\/\/lyfilter.com\/?post_type=product&#038;p=1848"},"modified":"2026-01-05T10:12:13","modified_gmt":"2026-01-05T10:12:13","slug":"big-diameter-4-5x40-inch-water-filter-pleated-melt-blown-filter-cartridge-polypropylene-filter-with-plastic-connector-code","status":"publish","type":"product","link":"https:\/\/lyfilter.com\/pt\/big-diameter-4-5x40-inch-water-filter-pleated-melt-blown-filter-cartridge-polypropylene-filter-with-plastic-connector-code\/","title":{"rendered":"Filtro de \u00e1gua de grande di\u00e2metro 4,5\u00d740 polegadas filtro de \u00e1gua plissado\/melt blown cartucho de filtro de polipropileno com c\u00f3digo de conetor de pl\u00e1stico"},"content":{"rendered":"<table>\n<thead>\n<tr>\n<th>Item<\/th>\n<th>Detalhes<\/th>\n<\/tr>\n<\/thead>\n<tbody>\n<tr>\n<td>t\u00edtulo<\/td>\n<td>filtro de \u00e1gua plissado\/soprado por fus\u00e3o cartucho de filtro de polipropileno<\/td>\n<\/tr>\n<tr>\n<td>condi\u00e7\u00e3o<\/td>\n<td>novo<\/td>\n<\/tr>\n<tr>\n<td>sectores aplic\u00e1veis<\/td>\n<td>hot\u00e9is, lojas de vestu\u00e1rio, lojas de materiais de constru\u00e7\u00e3o, f\u00e1bricas, oficinas de repara\u00e7\u00e3o de m\u00e1quinas, f\u00e1bricas de alimentos e bebidas, quintas, restaurantes, uso dom\u00e9stico, retalho, lojas de alimentos, tipografias, obras de constru\u00e7\u00e3o, energia e minas, lojas de alimentos e bebidas, empresas de publicidade<\/td>\n<\/tr>\n<tr>\n<td>local de origem<\/td>\n<td>guangdong, china<\/td>\n<\/tr>\n<tr>\n<td>nome da marca<\/td>\n<td>lvyuan\/oem<\/td>\n<\/tr>\n<tr>\n<td>material<\/td>\n<td>polipropileno<\/td>\n<\/tr>\n<tr>\n<td>peso<\/td>\n<td>de origem<\/td>\n<\/tr>\n<tr>\n<td>tamanho<\/td>\n<td>de origem<\/td>\n<\/tr>\n<tr>\n<td>pot\u00eancia<\/td>\n<td>0<\/td>\n<\/tr>\n<tr>\n<td>garantia<\/td>\n<td>indispon\u00edvel<\/td>\n<\/tr>\n<tr>\n<td>nome do produto<\/td>\n<td>filtro de \u00e1gua plissado\/soprado por fus\u00e3o cartucho de filtro de polipropileno<\/td>\n<\/tr>\n<tr>\n<td>tipo de filtro<\/td>\n<td>ranhura, grava\u00e7\u00e3o em relevo, pontos, log\u00f3tipo da empresa<\/td>\n<\/tr>\n<tr>\n<td>di\u00e2metro exterior<\/td>\n<td>10-200 mm<\/td>\n<\/tr>\n<tr>\n<td>exatid\u00e3o<\/td>\n<td>1-100 m\u00edcrones<\/td>\n<\/tr>\n<tr>\n<td>di\u00e2metro interior<\/td>\n<td>de origem<\/td>\n<\/tr>\n<tr>\n<td>adaptador de filtro<\/td>\n<td>personalizado<\/td>\n<\/tr>\n<tr>\n<td>temperatura mais elevada<\/td>\n<td>80\u2103<\/td>\n<\/tr>\n<tr>\n<td>queda de press\u00e3o de trabalho<\/td>\n<td>0,1 kgf\/c\u33a1<\/td>\n<\/tr>\n<tr>\n<td>mais alto confinado<\/td>\n<td>5 kgf\/c\u33a1<\/td>\n<\/tr>\n<tr>\n<td>queda de press\u00e3o m\u00e1xima<\/td>\n<td>3 kgf\/c\u33a1<\/td>\n<\/tr>\n<tr>\n<td>servi\u00e7o p\u00f3s-venda prestado<\/td>\n<td>apoio em linha<\/td>\n<\/tr>\n<tr>\n<td>unidades de venda<\/td>\n<td>item \u00fanico<\/td>\n<\/tr>\n<tr>\n<td>tamanho de embalagem individual<\/td>\n<td>111 \u00d7 35 \u00d7 35 cm<\/td>\n<\/tr>\n<tr>\n<td>peso bruto \u00fanico<\/td>\n<td>15.000 kg<\/td>\n<\/tr>\n<tr>\n<td>tipo de embalagem<\/td>\n<td>Cartucho de filtro de polipropileno plissado\/soprado por fus\u00e3o de grande di\u00e2metro de 4,5 \u00d7 40 polegadas com conetor de pl\u00e1stico; embalado em caixa de papel para exporta\u00e7\u00e3o<\/td>\n<\/tr>\n<tr>\n<td>prazo de entrega (1-100 unidades)<\/td>\n<td>2 dias<\/td>\n<\/tr>\n<tr>\n<td>prazo de entrega (101-500 pcs)<\/td>\n<td>3 dias<\/td>\n<\/tr>\n<tr>\n<td>prazo de entrega (501-5000 pcs)<\/td>\n<td>7 dias<\/td>\n<\/tr>\n<tr>\n<td>prazo de entrega (&gt;5000 unidades)<\/td>\n<td>a ser negociado<\/td>\n<\/tr>\n<\/tbody>\n<\/table>","protected":false},"excerpt":{"rendered":"<p>Este cartucho de filtro de polipropileno ajuda a reduzir os sedimentos e as part\u00edculas finas, para que a \u00e1gua permane\u00e7a mais limpa e o seu equipamento funcione de forma mais fi\u00e1vel. Escolha os estilos plissado ou soprado por fus\u00e3o, selecione a classifica\u00e7\u00e3o micr\u00f3nica e personalize o tamanho, os adaptadores e a marca para corresponder \u00e0 sua configura\u00e7\u00e3o. \u00c9 embalado para exporta\u00e7\u00e3o e apoiado por suporte online.<\/p>","protected":false},"featured_media":1856,"comment_status":"open","ping_status":"closed","template":"","meta":{"_gspb_post_css":""},"product_brand":[],"product_cat":[23,17],"product_tag":[327,815,746,722,814,729],"class_list":{"0":"post-1848","1":"product","2":"type-product","3":"status-publish","4":"has-post-thumbnail","6":"product_cat-pp-filter-cartridge","7":"product_cat-sediment-filter","8":"product_tag-1-100-micron-filter","9":"product_tag-custom-adaptor-cartridge","10":"product_tag-melt-blown-filter-cartridge","11":"product_tag-oem-water-filter","12":"product_tag-pleated-water-filter-cartridge","13":"product_tag-polypropylene-filter-cartridge","15":"first","16":"instock","17":"shipping-taxable","18":"product-type-simple"},"_links":{"self":[{"href":"https:\/\/lyfilter.com\/pt\/wp-json\/wp\/v2\/product\/1848","targetHints":{"allow":["GET"]}}],"collection":[{"href":"https:\/\/lyfilter.com\/pt\/wp-json\/wp\/v2\/product"}],"about":[{"href":"https:\/\/lyfilter.com\/pt\/wp-json\/wp\/v2\/types\/product"}],"replies":[{"embeddable":true,"href":"https:\/\/lyfilter.com\/pt\/wp-json\/wp\/v2\/comments?post=1848"}],"wp:featuredmedia":[{"embeddable":true,"href":"https:\/\/lyfilter.com\/pt\/wp-json\/wp\/v2\/media\/1856"}],"wp:attachment":[{"href":"https:\/\/lyfilter.com\/pt\/wp-json\/wp\/v2\/media?parent=1848"}],"wp:term":[{"taxonomy":"product_brand","embeddable":true,"href":"https:\/\/lyfilter.com\/pt\/wp-json\/wp\/v2\/product_brand?post=1848"},{"taxonomy":"product_cat","embeddable":true,"href":"https:\/\/lyfilter.com\/pt\/wp-json\/wp\/v2\/product_cat?post=1848"},{"taxonomy":"product_tag","embeddable":true,"href":"https:\/\/lyfilter.com\/pt\/wp-json\/wp\/v2\/product_tag?post=1848"}],"curies":[{"name":"wp","href":"https:\/\/api.w.org\/{rel}","templated":true}]}}