{"id":1825,"date":"2026-01-05T09:45:20","date_gmt":"2026-01-05T09:45:20","guid":{"rendered":"https:\/\/lyfilter.com\/?post_type=product&#038;p=1825"},"modified":"2026-01-05T09:45:20","modified_gmt":"2026-01-05T09:45:20","slug":"industrial-ppf-water-cartridge-filter-big-blue-5-micronspolypropylene-spun-filter","status":"publish","type":"product","link":"https:\/\/lyfilter.com\/pt\/industrial-ppf-water-cartridge-filter-big-blue-5-micronspolypropylene-spun-filter\/","title":{"rendered":"Filtro industrial de cartucho de \u00e1gua PPF azul grande 5 micronsfiltro de polipropileno fiado"},"content":{"rendered":"<table>\n<thead>\n<tr>\n<th>Item<\/th>\n<th>Detalhes<\/th>\n<\/tr>\n<\/thead>\n<tbody>\n<tr>\n<td>condi\u00e7\u00e3o<\/td>\n<td>novo<\/td>\n<\/tr>\n<tr>\n<td>sectores aplic\u00e1veis<\/td>\n<td>hot\u00e9is, lojas de vestu\u00e1rio, lojas de materiais de constru\u00e7\u00e3o, f\u00e1bricas, oficinas de repara\u00e7\u00e3o de m\u00e1quinas, f\u00e1bricas de alimentos e bebidas, quintas, restaurantes, uso dom\u00e9stico, retalho, lojas de alimentos, tipografias, obras de constru\u00e7\u00e3o, energia e minas, lojas de alimentos e bebidas, empresas de publicidade<\/td>\n<\/tr>\n<tr>\n<td>servi\u00e7o p\u00f3s-garantia<\/td>\n<td>apoio em linha<\/td>\n<\/tr>\n<tr>\n<td>localiza\u00e7\u00e3o do servi\u00e7o local<\/td>\n<td>nenhum<\/td>\n<\/tr>\n<tr>\n<td>localiza\u00e7\u00e3o da sala de exposi\u00e7\u00f5es<\/td>\n<td>nenhum<\/td>\n<\/tr>\n<tr>\n<td>inspe\u00e7\u00e3o de sa\u00edda de v\u00eddeo<\/td>\n<td>fornecido<\/td>\n<\/tr>\n<tr>\n<td>relat\u00f3rio de ensaio de m\u00e1quinas<\/td>\n<td>fornecido<\/td>\n<\/tr>\n<tr>\n<td>tipo de marketing<\/td>\n<td>produto normal<\/td>\n<\/tr>\n<tr>\n<td>garantia dos componentes principais<\/td>\n<td>1 ano<\/td>\n<\/tr>\n<tr>\n<td>componentes principais<\/td>\n<td>recipiente sob press\u00e3o<\/td>\n<\/tr>\n<tr>\n<td>local de origem<\/td>\n<td>guangdong, china<\/td>\n<\/tr>\n<tr>\n<td>nome da marca<\/td>\n<td>lvyuan\/oem<\/td>\n<\/tr>\n<tr>\n<td>garantia<\/td>\n<td>1 ano<\/td>\n<\/tr>\n<tr>\n<td>servi\u00e7o p\u00f3s-venda prestado<\/td>\n<td>apoio em linha<\/td>\n<\/tr>\n<tr>\n<td>nome do produto<\/td>\n<td>filtro pp fiado<\/td>\n<\/tr>\n<tr>\n<td>tipo de filtro<\/td>\n<td>ranhura, grava\u00e7\u00e3o em relevo, pontos, log\u00f3tipo da empresa<\/td>\n<\/tr>\n<tr>\n<td>di\u00e2metro exterior<\/td>\n<td>10-200 mm<\/td>\n<\/tr>\n<tr>\n<td>exatid\u00e3o<\/td>\n<td>1-100 m\u00edcrones<\/td>\n<\/tr>\n<tr>\n<td>di\u00e2metro interior<\/td>\n<td>de origem<\/td>\n<\/tr>\n<tr>\n<td>adaptador de filtro<\/td>\n<td>tipo plano, tipo 222, tipo 226, tipo 215<\/td>\n<\/tr>\n<tr>\n<td>temperatura mais elevada<\/td>\n<td>80\u2103<\/td>\n<\/tr>\n<tr>\n<td>queda de press\u00e3o de trabalho<\/td>\n<td>0,1 kgf\/c\u33a1<\/td>\n<\/tr>\n<tr>\n<td>mais alto confinado<\/td>\n<td>5 kgf\/c\u33a1<\/td>\n<\/tr>\n<tr>\n<td>queda de press\u00e3o m\u00e1xima<\/td>\n<td>3 kgf\/c\u33a1<\/td>\n<\/tr>\n<\/tbody>\n<\/table>","protected":false},"excerpt":{"rendered":"<p>Este filtro PP fiado ajuda a apanhar sedimentos e part\u00edculas finas para que a sua \u00e1gua ou processo se mantenha mais limpo e est\u00e1vel. Escolha a classifica\u00e7\u00e3o de microns, o tamanho e o adaptador de que necessita, com op\u00e7\u00f5es OEM para a marca. Tamb\u00e9m receber\u00e1 suporte online e uma garantia de 1 ano para sua tranquilidade.<\/p>","protected":false},"featured_media":1828,"comment_status":"open","ping_status":"closed","template":"","meta":{"_gspb_post_css":""},"product_brand":[],"product_cat":[23,17],"product_tag":[327,809,334,810,662,808],"class_list":{"0":"post-1825","1":"product","2":"type-product","3":"status-publish","4":"has-post-thumbnail","6":"product_cat-pp-filter-cartridge","7":"product_cat-sediment-filter","8":"product_tag-1-100-micron-filter","9":"product_tag-cartridge-filter","10":"product_tag-industrial-water-filter","11":"product_tag-oem-filter-cartridge","12":"product_tag-pp-sediment-filter","13":"product_tag-spun-pp-filter","15":"first","16":"instock","17":"shipping-taxable","18":"product-type-simple"},"_links":{"self":[{"href":"https:\/\/lyfilter.com\/pt\/wp-json\/wp\/v2\/product\/1825","targetHints":{"allow":["GET"]}}],"collection":[{"href":"https:\/\/lyfilter.com\/pt\/wp-json\/wp\/v2\/product"}],"about":[{"href":"https:\/\/lyfilter.com\/pt\/wp-json\/wp\/v2\/types\/product"}],"replies":[{"embeddable":true,"href":"https:\/\/lyfilter.com\/pt\/wp-json\/wp\/v2\/comments?post=1825"}],"wp:featuredmedia":[{"embeddable":true,"href":"https:\/\/lyfilter.com\/pt\/wp-json\/wp\/v2\/media\/1828"}],"wp:attachment":[{"href":"https:\/\/lyfilter.com\/pt\/wp-json\/wp\/v2\/media?parent=1825"}],"wp:term":[{"taxonomy":"product_brand","embeddable":true,"href":"https:\/\/lyfilter.com\/pt\/wp-json\/wp\/v2\/product_brand?post=1825"},{"taxonomy":"product_cat","embeddable":true,"href":"https:\/\/lyfilter.com\/pt\/wp-json\/wp\/v2\/product_cat?post=1825"},{"taxonomy":"product_tag","embeddable":true,"href":"https:\/\/lyfilter.com\/pt\/wp-json\/wp\/v2\/product_tag?post=1825"}],"curies":[{"name":"wp","href":"https:\/\/api.w.org\/{rel}","templated":true}]}}