{"id":1818,"date":"2026-01-05T09:41:48","date_gmt":"2026-01-05T09:41:48","guid":{"rendered":"https:\/\/lyfilter.com\/?post_type=product&#038;p=1818"},"modified":"2026-04-24T16:45:54","modified_gmt":"2026-04-24T16:45:54","slug":"5-small-water-filter-pp-filter-cartridge-filter-with-transparent-housing","status":"publish","type":"product","link":"https:\/\/lyfilter.com\/pt\/5-small-water-filter-pp-filter-cartridge-filter-with-transparent-housing\/","title":{"rendered":"Filtro de \u00e1gua pequeno de 5\u2033\/cartucho de filtro PP\/filtro com caixa transparente"},"content":{"rendered":"<table>\n<thead>\n<tr>\n<th>Item<\/th>\n<th>Detalhes<\/th>\n<\/tr>\n<\/thead>\n<tbody>\n<tr>\n<td>local de origem<\/td>\n<td>Guangdong, China<\/td>\n<\/tr>\n<tr>\n<td>nome da marca<\/td>\n<td>LvYuan\/OEM<\/td>\n<\/tr>\n<tr>\n<td>n\u00famero do modelo<\/td>\n<td>LY-PP-05<\/td>\n<\/tr>\n<tr>\n<td>cor<\/td>\n<td>branco<\/td>\n<\/tr>\n<tr>\n<td>tamanho<\/td>\n<td>5, 10, 20, 30, 40 polegadas<\/td>\n<\/tr>\n<tr>\n<td>di\u00e2metro interior<\/td>\n<td>28, 30 mm<\/td>\n<\/tr>\n<tr>\n<td>di\u00e2metro exterior<\/td>\n<td>60-62 mm<\/td>\n<\/tr>\n<tr>\n<td>tamanho do n\u00facleo<\/td>\n<td>com n\u00facleo; sem n\u00facleo<\/td>\n<\/tr>\n<tr>\n<td>classifica\u00e7\u00e3o micr\u00f3nica<\/td>\n<td>0,1, 5, 10, 20, 50, 100 m\u00edcrones<\/td>\n<\/tr>\n<tr>\n<td>interface<\/td>\n<td>tipo plano; 222; 226<\/td>\n<\/tr>\n<tr>\n<td>superf\u00edcie<\/td>\n<td>ranhura; pontos<\/td>\n<\/tr>\n<tr>\n<td>material<\/td>\n<td>polipropileno<\/td>\n<\/tr>\n<tr>\n<td>modelo<\/td>\n<td>slim; jumbo<\/td>\n<\/tr>\n<tr>\n<td>capacidade de fornecimento<\/td>\n<td>5000 unidades\/pe\u00e7as por dia<\/td>\n<\/tr>\n<\/tbody>\n<\/table>","protected":false},"excerpt":{"rendered":"<p>Este cartucho de filtro PP foi concebido para instala\u00e7\u00f5es flex\u00edveis, com op\u00e7\u00f5es slim ou jumbo e uma vasta gama de microns. Escolha a interface e o tipo de n\u00facleo que se adequa \u00e0 sua caixa.<\/p>","protected":false},"featured_media":1826,"comment_status":"open","ping_status":"closed","template":"","meta":{"_gspb_post_css":""},"product_brand":[],"product_cat":[23,17],"product_tag":[804,806,807,663,648,805],"class_list":{"0":"post-1818","1":"product","2":"type-product","3":"status-publish","4":"has-post-thumbnail","6":"product_cat-pp-filter-cartridge","7":"product_cat-sediment-filter","8":"product_tag-0-1-micron-pp-cartridge","9":"product_tag-222-226-filter-interface","10":"product_tag-groove-points-surface-filter","11":"product_tag-jumbo-pp-filter-cartridge","12":"product_tag-pp-filter-cartridge","13":"product_tag-slim-pp-filter","15":"first","16":"instock","17":"shipping-taxable","18":"product-type-simple"},"_links":{"self":[{"href":"https:\/\/lyfilter.com\/pt\/wp-json\/wp\/v2\/product\/1818","targetHints":{"allow":["GET"]}}],"collection":[{"href":"https:\/\/lyfilter.com\/pt\/wp-json\/wp\/v2\/product"}],"about":[{"href":"https:\/\/lyfilter.com\/pt\/wp-json\/wp\/v2\/types\/product"}],"replies":[{"embeddable":true,"href":"https:\/\/lyfilter.com\/pt\/wp-json\/wp\/v2\/comments?post=1818"}],"wp:featuredmedia":[{"embeddable":true,"href":"https:\/\/lyfilter.com\/pt\/wp-json\/wp\/v2\/media\/1826"}],"wp:attachment":[{"href":"https:\/\/lyfilter.com\/pt\/wp-json\/wp\/v2\/media?parent=1818"}],"wp:term":[{"taxonomy":"product_brand","embeddable":true,"href":"https:\/\/lyfilter.com\/pt\/wp-json\/wp\/v2\/product_brand?post=1818"},{"taxonomy":"product_cat","embeddable":true,"href":"https:\/\/lyfilter.com\/pt\/wp-json\/wp\/v2\/product_cat?post=1818"},{"taxonomy":"product_tag","embeddable":true,"href":"https:\/\/lyfilter.com\/pt\/wp-json\/wp\/v2\/product_tag?post=1818"}],"curies":[{"name":"wp","href":"https:\/\/api.w.org\/{rel}","templated":true}]}}