{"id":1691,"date":"2026-01-05T08:08:38","date_gmt":"2026-01-05T08:08:38","guid":{"rendered":"https:\/\/lyfilter.com\/?post_type=product&#038;p=1691"},"modified":"2026-01-05T08:08:38","modified_gmt":"2026-01-05T08:08:38","slug":"whole-sale-pp-sediment-filter-cartridge-melt-brown-filter","status":"publish","type":"product","link":"https:\/\/lyfilter.com\/pt\/whole-sale-pp-sediment-filter-cartridge-melt-brown-filter\/","title":{"rendered":"Venda inteira Cartucho de filtro de sedimentos PP Filtro castanho fundido"},"content":{"rendered":"<table>\n<thead>\n<tr>\n<th>Item<\/th>\n<th>Detalhes<\/th>\n<\/tr>\n<\/thead>\n<tbody>\n<tr>\n<td>local de origem<\/td>\n<td>Guangdong, China<\/td>\n<\/tr>\n<tr>\n<td>nome da marca<\/td>\n<td>Lvyuan \/ OEM<\/td>\n<\/tr>\n<tr>\n<td>n\u00famero do modelo<\/td>\n<td>S\u00e9rie LY-PPF<\/td>\n<\/tr>\n<tr>\n<td>nome do produto<\/td>\n<td>cartucho de filtro de sedimentos pp<\/td>\n<\/tr>\n<tr>\n<td>taxa de microns<\/td>\n<td>Cartucho de filtro de 1, 3, 5, 10 m\u00edcrones<\/td>\n<\/tr>\n<tr>\n<td>aplica\u00e7\u00e3o<\/td>\n<td>cartucho da caixa do filtro de \u00e1gua<\/td>\n<\/tr>\n<tr>\n<td>comprimento<\/td>\n<td>5\u2033, 10\u2033, 20\u2033, 30\u2033, 40\u2033, 50\u2033 polegadas<\/td>\n<\/tr>\n<tr>\n<td>meios filtrantes<\/td>\n<td>Membrana de polipropileno (PP)<\/td>\n<\/tr>\n<tr>\n<td>tampa da extremidade<\/td>\n<td>DOE; 222+Fin; 222+Flat; 226+Fin; 226+Flat<\/td>\n<\/tr>\n<tr>\n<td>material da junta\/anel<\/td>\n<td>Silicone \/ EPDM \/ Viton<\/td>\n<\/tr>\n<tr>\n<td>utiliza\u00e7\u00e3o<\/td>\n<td>g\u00e1s; cartucho de filtro de l\u00edquidos<\/td>\n<\/tr>\n<tr>\n<td>n\u00facleo interno<\/td>\n<td>PP ou Nenhum<\/td>\n<\/tr>\n<tr>\n<td>capacidade de fornecimento<\/td>\n<td>5000 Pe\u00e7as\/Pe\u00e7as por dia (cartucho de filtro de sedimentos pp)<\/td>\n<\/tr>\n<\/tbody>\n<\/table>","protected":false},"excerpt":{"rendered":"<p>Este cartucho de filtro de sedimentos PP ajuda a reduzir as part\u00edculas em configura\u00e7\u00f5es de filtragem de g\u00e1s ou l\u00edquido. Escolha a classifica\u00e7\u00e3o de microns, o comprimento e a junta que se adapta ao seu alojamento de filtro.<\/p>","protected":false},"featured_media":1701,"comment_status":"open","ping_status":"closed","template":"","meta":{"_gspb_post_css":""},"product_brand":[],"product_cat":[23,17],"product_tag":[774,650,777,776,669,775],"class_list":{"0":"post-1691","1":"product","2":"type-product","3":"status-publish","4":"has-post-thumbnail","6":"product_cat-pp-filter-cartridge","7":"product_cat-sediment-filter","8":"product_tag-1-3-5-10-micron-filter","9":"product_tag-doe-222-226-end-cap","10":"product_tag-gas-liquid-filter-cartridge","11":"product_tag-polypropylene-membrane-cartridge","12":"product_tag-pp-sediment-filter-cartridge","13":"product_tag-water-filter-housing-cartridge","15":"first","16":"instock","17":"shipping-taxable","18":"product-type-simple"},"_links":{"self":[{"href":"https:\/\/lyfilter.com\/pt\/wp-json\/wp\/v2\/product\/1691","targetHints":{"allow":["GET"]}}],"collection":[{"href":"https:\/\/lyfilter.com\/pt\/wp-json\/wp\/v2\/product"}],"about":[{"href":"https:\/\/lyfilter.com\/pt\/wp-json\/wp\/v2\/types\/product"}],"replies":[{"embeddable":true,"href":"https:\/\/lyfilter.com\/pt\/wp-json\/wp\/v2\/comments?post=1691"}],"wp:featuredmedia":[{"embeddable":true,"href":"https:\/\/lyfilter.com\/pt\/wp-json\/wp\/v2\/media\/1701"}],"wp:attachment":[{"href":"https:\/\/lyfilter.com\/pt\/wp-json\/wp\/v2\/media?parent=1691"}],"wp:term":[{"taxonomy":"product_brand","embeddable":true,"href":"https:\/\/lyfilter.com\/pt\/wp-json\/wp\/v2\/product_brand?post=1691"},{"taxonomy":"product_cat","embeddable":true,"href":"https:\/\/lyfilter.com\/pt\/wp-json\/wp\/v2\/product_cat?post=1691"},{"taxonomy":"product_tag","embeddable":true,"href":"https:\/\/lyfilter.com\/pt\/wp-json\/wp\/v2\/product_tag?post=1691"}],"curies":[{"name":"wp","href":"https:\/\/api.w.org\/{rel}","templated":true}]}}