{"id":1634,"date":"2026-01-05T07:30:44","date_gmt":"2026-01-05T07:30:44","guid":{"rendered":"https:\/\/lyfilter.com\/?post_type=product&#038;p=1634"},"modified":"2026-01-05T07:30:44","modified_gmt":"2026-01-05T07:30:44","slug":"customized-sizes-1-5-10-microns-melt-blown-series-pp-polypropylene-water-filter-cartridge-sediment-for-liquid-water-filter","status":"publish","type":"product","link":"https:\/\/lyfilter.com\/pt\/customized-sizes-1-5-10-microns-melt-blown-series-pp-polypropylene-water-filter-cartridge-sediment-for-liquid-water-filter\/","title":{"rendered":"Tamanhos personalizados 1 5 10 microns derreter soprado s\u00e9rie PP polipropileno \u00e1gua filtro cartucho sedimento para filtro de \u00e1gua l\u00edquida"},"content":{"rendered":"<table>\n<thead>\n<tr>\n<th>Item<\/th>\n<th>Detalhes<\/th>\n<\/tr>\n<\/thead>\n<tbody>\n<tr>\n<td>sectores aplic\u00e1veis<\/td>\n<td>F\u00e1bricas de alimentos e bebidas; quintas; restaurantes; uso dom\u00e9stico; lojas de alimentos e bebidas<\/td>\n<\/tr>\n<tr>\n<td>local de origem<\/td>\n<td>Guangdong, China<\/td>\n<\/tr>\n<tr>\n<td>nome da marca<\/td>\n<td>LVYUAN\/OEM<\/td>\n<\/tr>\n<tr>\n<td>material<\/td>\n<td>Polipropileno<\/td>\n<\/tr>\n<tr>\n<td>peso<\/td>\n<td>OEM<\/td>\n<\/tr>\n<tr>\n<td>tamanho<\/td>\n<td>OEM<\/td>\n<\/tr>\n<tr>\n<td>pot\u00eancia<\/td>\n<td>0<\/td>\n<\/tr>\n<tr>\n<td>garantia<\/td>\n<td>N\u00e3o dispon\u00edvel<\/td>\n<\/tr>\n<tr>\n<td>nome do produto<\/td>\n<td>Sedimento de cartucho de filtro de \u00e1gua de polipropileno PP s\u00e9rie fundido por sopro<\/td>\n<\/tr>\n<tr>\n<td>tipo de filtro<\/td>\n<td>Ranhura; grava\u00e7\u00e3o em relevo; pontos; log\u00f3tipo da empresa<\/td>\n<\/tr>\n<tr>\n<td>di\u00e2metro exterior<\/td>\n<td>10-200 mm<\/td>\n<\/tr>\n<tr>\n<td>exatid\u00e3o<\/td>\n<td>1-100 m\u00edcrones<\/td>\n<\/tr>\n<tr>\n<td>di\u00e2metro interior<\/td>\n<td>OEM<\/td>\n<\/tr>\n<tr>\n<td>adaptador de filtro<\/td>\n<td>Tipo plano; Tipo 222; Tipo 226; Tipo 215<\/td>\n<\/tr>\n<tr>\n<td>temperatura mais elevada<\/td>\n<td>80\u2103<\/td>\n<\/tr>\n<tr>\n<td>queda de press\u00e3o de trabalho<\/td>\n<td>0,1 kgf\/c\u33a1<\/td>\n<\/tr>\n<tr>\n<td>mais alto confinado<\/td>\n<td>5 kgf\/c\u33a1<\/td>\n<\/tr>\n<tr>\n<td>queda de press\u00e3o m\u00e1xima<\/td>\n<td>3 kgf\/c\u33a1<\/td>\n<\/tr>\n<tr>\n<td>servi\u00e7o p\u00f3s-venda prestado<\/td>\n<td>Apoio em linha<\/td>\n<\/tr>\n<tr>\n<td>unidades de venda<\/td>\n<td>Artigo \u00fanico<\/td>\n<\/tr>\n<tr>\n<td>tamanho de embalagem individual<\/td>\n<td>53 \u00d7 33 \u00d7 33 cm<\/td>\n<\/tr>\n<tr>\n<td>peso bruto \u00fanico<\/td>\n<td>9.000 kg<\/td>\n<\/tr>\n<tr>\n<td>tipo de embalagem<\/td>\n<td>Embalado em caixa de papel (cartucho de sedimentos PP fundido e soprado de 1\/5\/10 m\u00edcron para filtro de \u00e1gua l\u00edquida)<\/td>\n<\/tr>\n<tr>\n<td>prazo de entrega (1-100 unidades)<\/td>\n<td>2 dias<\/td>\n<\/tr>\n<tr>\n<td>prazo de entrega (101-500 pcs)<\/td>\n<td>3 dias<\/td>\n<\/tr>\n<tr>\n<td>prazo de entrega (501-5000 pcs)<\/td>\n<td>7 dias<\/td>\n<\/tr>\n<tr>\n<td>prazo de entrega (&gt;5000 unidades)<\/td>\n<td>A ser negociado<\/td>\n<\/tr>\n<\/tbody>\n<\/table>","protected":false},"excerpt":{"rendered":"<p>Este cartucho de PP fundido e soprado ajuda a reduzir os sedimentos na filtragem de \u00e1gua l\u00edquida para cozinhas, quintas e pequenas plantas. Escolha o tipo de adaptador e a classifica\u00e7\u00e3o de microns adequados \u00e0 sua caixa.<\/p>","protected":false},"featured_media":1636,"comment_status":"open","ping_status":"closed","template":"","meta":{"_gspb_post_css":""},"product_brand":[],"product_cat":[23,17],"product_tag":[664,753,661,347,758,754],"class_list":{"0":"post-1634","1":"product","2":"type-product","3":"status-publish","4":"has-post-thumbnail","6":"product_cat-pp-filter-cartridge","7":"product_cat-sediment-filter","8":"product_tag-1-5-10-micron-filter","9":"product_tag-liquid-water-filter-cartridge","10":"product_tag-melt-blown-pp-filter-cartridge","11":"product_tag-polypropylene-water-filter","12":"product_tag-pp-sediment-cartridge","13":"product_tag-water-filter-adaptor-222-226","15":"first","16":"instock","17":"shipping-taxable","18":"product-type-simple"},"_links":{"self":[{"href":"https:\/\/lyfilter.com\/pt\/wp-json\/wp\/v2\/product\/1634","targetHints":{"allow":["GET"]}}],"collection":[{"href":"https:\/\/lyfilter.com\/pt\/wp-json\/wp\/v2\/product"}],"about":[{"href":"https:\/\/lyfilter.com\/pt\/wp-json\/wp\/v2\/types\/product"}],"replies":[{"embeddable":true,"href":"https:\/\/lyfilter.com\/pt\/wp-json\/wp\/v2\/comments?post=1634"}],"wp:featuredmedia":[{"embeddable":true,"href":"https:\/\/lyfilter.com\/pt\/wp-json\/wp\/v2\/media\/1636"}],"wp:attachment":[{"href":"https:\/\/lyfilter.com\/pt\/wp-json\/wp\/v2\/media?parent=1634"}],"wp:term":[{"taxonomy":"product_brand","embeddable":true,"href":"https:\/\/lyfilter.com\/pt\/wp-json\/wp\/v2\/product_brand?post=1634"},{"taxonomy":"product_cat","embeddable":true,"href":"https:\/\/lyfilter.com\/pt\/wp-json\/wp\/v2\/product_cat?post=1634"},{"taxonomy":"product_tag","embeddable":true,"href":"https:\/\/lyfilter.com\/pt\/wp-json\/wp\/v2\/product_tag?post=1634"}],"curies":[{"name":"wp","href":"https:\/\/api.w.org\/{rel}","templated":true}]}}