{"id":1587,"date":"2026-01-05T07:11:17","date_gmt":"2026-01-05T07:11:17","guid":{"rendered":"https:\/\/lyfilter.com\/?post_type=product&#038;p=1587"},"modified":"2026-05-07T08:46:14","modified_gmt":"2026-05-07T08:46:14","slug":"high-flow-water-filter-rate-pp-material-40-inch-big-blue-water-filter-cartridge-for-10-micron-industrial-water-filter-machine","status":"publish","type":"product","link":"https:\/\/lyfilter.com\/pt\/high-flow-water-filter-rate-pp-material-40-inch-big-blue-water-filter-cartridge-for-10-micron-industrial-water-filter-machine\/","title":{"rendered":"Taxa de filtragem de \u00e1gua de alto fluxo Material PP Cartucho de filtro de \u00e1gua azul grande de 40 polegadas para m\u00e1quina de filtragem de \u00e1gua industrial de 10 m\u00edcrons"},"content":{"rendered":"<table>\n<thead>\n<tr>\n<th>Item<\/th>\n<th>Detalhes<\/th>\n<\/tr>\n<\/thead>\n<tbody>\n<tr>\n<td>condi\u00e7\u00e3o<\/td>\n<td>Novo<\/td>\n<\/tr>\n<tr>\n<td>sectores aplic\u00e1veis<\/td>\n<td>Hot\u00e9is; Lojas de vestu\u00e1rio; Lojas de materiais de constru\u00e7\u00e3o; F\u00e1brica; Lojas de repara\u00e7\u00e3o de m\u00e1quinas; F\u00e1brica de alimentos e bebidas; Quintas; Restaurante; Uso dom\u00e9stico; Retalho; Loja de alimentos; Gr\u00e1ficas; Obras de constru\u00e7\u00e3o; Energia e minas; Lojas de alimentos e bebidas; Empresa de publicidade<\/td>\n<\/tr>\n<tr>\n<td>local de origem<\/td>\n<td>Guangdong, China<\/td>\n<\/tr>\n<tr>\n<td>nome da marca<\/td>\n<td>LVYUAN\/OEM<\/td>\n<\/tr>\n<tr>\n<td>material<\/td>\n<td>Polipropileno<\/td>\n<\/tr>\n<tr>\n<td>peso<\/td>\n<td>OEM<\/td>\n<\/tr>\n<tr>\n<td>tamanho<\/td>\n<td>OEM<\/td>\n<\/tr>\n<tr>\n<td>pot\u00eancia<\/td>\n<td>0<\/td>\n<\/tr>\n<tr>\n<td>garantia<\/td>\n<td>N\u00e3o dispon\u00edvel<\/td>\n<\/tr>\n<tr>\n<td>nome do produto<\/td>\n<td>Cartucho de filtro de \u00e1gua azul grande PP para m\u00e1quina de filtragem de \u00e1gua industrial<\/td>\n<\/tr>\n<tr>\n<td>tipo de filtro<\/td>\n<td>Ranhura; grava\u00e7\u00e3o em relevo; pontos; log\u00f3tipo da empresa<\/td>\n<\/tr>\n<tr>\n<td>di\u00e2metro exterior<\/td>\n<td>10-200 mm<\/td>\n<\/tr>\n<tr>\n<td>exatid\u00e3o<\/td>\n<td>1-100 m\u00edcrones<\/td>\n<\/tr>\n<tr>\n<td>di\u00e2metro interior<\/td>\n<td>OEM<\/td>\n<\/tr>\n<tr>\n<td>adaptador de filtro<\/td>\n<td>Personalizado<\/td>\n<\/tr>\n<tr>\n<td>temperatura mais elevada<\/td>\n<td>80\u2103<\/td>\n<\/tr>\n<tr>\n<td>queda de press\u00e3o de trabalho<\/td>\n<td>0,1 kgf\/c\u33a1<\/td>\n<\/tr>\n<tr>\n<td>mais alto confinado<\/td>\n<td>5 kgf\/c\u33a1<\/td>\n<\/tr>\n<tr>\n<td>queda de press\u00e3o m\u00e1xima<\/td>\n<td>3 kgf\/c\u33a1<\/td>\n<\/tr>\n<tr>\n<td>servi\u00e7o p\u00f3s-venda prestado<\/td>\n<td>Apoio em linha<\/td>\n<\/tr>\n<tr>\n<td>unidades de venda<\/td>\n<td>Artigo \u00fanico<\/td>\n<\/tr>\n<tr>\n<td>tamanho de embalagem individual<\/td>\n<td>111 \u00d7 35 \u00d7 35 cm<\/td>\n<\/tr>\n<tr>\n<td>peso bruto \u00fanico<\/td>\n<td>15.000 kg<\/td>\n<\/tr>\n<tr>\n<td>tipo de embalagem<\/td>\n<td>Caixa de papel para exporta\u00e7\u00e3o; material PP de alto fluxo Cartucho azul grande de 40 polegadas (10 microns) para m\u00e1quina industrial<\/td>\n<\/tr>\n<tr>\n<td>prazo de entrega (1-100 unidades)<\/td>\n<td>2 dias<\/td>\n<\/tr>\n<tr>\n<td>prazo de entrega (101-500 pcs)<\/td>\n<td>3 dias<\/td>\n<\/tr>\n<tr>\n<td>prazo de entrega (501-5000 pcs)<\/td>\n<td>7 dias<\/td>\n<\/tr>\n<tr>\n<td>prazo de entrega (&gt;5000 unidades)<\/td>\n<td>A ser negociado<\/td>\n<\/tr>\n<\/tbody>\n<\/table>","protected":false},"excerpt":{"rendered":"<p>Este cartucho PP Big Blue foi concebido para m\u00e1quinas de filtragem de \u00e1gua industriais quando \u00e9 necess\u00e1rio um fluxo consistente e uma remo\u00e7\u00e3o fi\u00e1vel de part\u00edculas. Personalize o adaptador e o acabamento para se adaptar \u00e0 sua configura\u00e7\u00e3o.<\/p>","protected":false},"featured_media":1596,"comment_status":"open","ping_status":"closed","template":"","meta":{"_gspb_post_css":""},"product_brand":[],"product_cat":[23,17],"product_tag":[297,744,741,343,743,742],"class_list":{"0":"post-1587","1":"product","2":"type-product","3":"status-publish","4":"has-post-thumbnail","6":"product_cat-pp-filter-cartridge","7":"product_cat-sediment-filter","8":"product_tag-1-100-micron-cartridge","9":"product_tag-10-micron-big-blue-filter","10":"product_tag-big-blue-water-filter-cartridge","11":"product_tag-high-flow-pp-filter","12":"product_tag-industrial-water-filter-cartridge","13":"product_tag-pp-big-blue-cartridge","15":"first","16":"instock","17":"shipping-taxable","18":"product-type-simple"},"_links":{"self":[{"href":"https:\/\/lyfilter.com\/pt\/wp-json\/wp\/v2\/product\/1587","targetHints":{"allow":["GET"]}}],"collection":[{"href":"https:\/\/lyfilter.com\/pt\/wp-json\/wp\/v2\/product"}],"about":[{"href":"https:\/\/lyfilter.com\/pt\/wp-json\/wp\/v2\/types\/product"}],"replies":[{"embeddable":true,"href":"https:\/\/lyfilter.com\/pt\/wp-json\/wp\/v2\/comments?post=1587"}],"wp:featuredmedia":[{"embeddable":true,"href":"https:\/\/lyfilter.com\/pt\/wp-json\/wp\/v2\/media\/1596"}],"wp:attachment":[{"href":"https:\/\/lyfilter.com\/pt\/wp-json\/wp\/v2\/media?parent=1587"}],"wp:term":[{"taxonomy":"product_brand","embeddable":true,"href":"https:\/\/lyfilter.com\/pt\/wp-json\/wp\/v2\/product_brand?post=1587"},{"taxonomy":"product_cat","embeddable":true,"href":"https:\/\/lyfilter.com\/pt\/wp-json\/wp\/v2\/product_cat?post=1587"},{"taxonomy":"product_tag","embeddable":true,"href":"https:\/\/lyfilter.com\/pt\/wp-json\/wp\/v2\/product_tag?post=1587"}],"curies":[{"name":"wp","href":"https:\/\/api.w.org\/{rel}","templated":true}]}}