{"id":1580,"date":"2026-01-05T07:04:09","date_gmt":"2026-01-05T07:04:09","guid":{"rendered":"https:\/\/lyfilter.com\/?post_type=product&#038;p=1580"},"modified":"2026-01-05T07:04:09","modified_gmt":"2026-01-05T07:04:09","slug":"custom-brown-white-pneumatic-ppf-polypropylene-micron-particulate-probe-filter-element-for-water-trap-air-filtration-units","status":"publish","type":"product","link":"https:\/\/lyfilter.com\/pt\/custom-brown-white-pneumatic-ppf-polypropylene-micron-particulate-probe-filter-element-for-water-trap-air-filtration-units\/","title":{"rendered":"Personalizado Castanho Branco Pneum\u00e1tico PPF Polipropileno elemento filtrante de sonda de part\u00edculas micr\u00f3nicas para unidades de filtragem de ar de colectores de \u00e1gua"},"content":{"rendered":"<table>\n<thead>\n<tr>\n<th>Item<\/th>\n<th>Detalhes<\/th>\n<\/tr>\n<\/thead>\n<tbody>\n<tr>\n<td>condi\u00e7\u00e3o<\/td>\n<td>Novo<\/td>\n<\/tr>\n<tr>\n<td>sectores aplic\u00e1veis<\/td>\n<td>Hot\u00e9is; Lojas de vestu\u00e1rio; Lojas de materiais de constru\u00e7\u00e3o; F\u00e1brica; Lojas de repara\u00e7\u00e3o de m\u00e1quinas; F\u00e1brica de alimentos e bebidas; Quintas; Restaurante; Uso dom\u00e9stico; Retalho; Loja de alimentos; Gr\u00e1ficas; Obras de constru\u00e7\u00e3o; Energia e minas; Lojas de alimentos e bebidas; Empresa de publicidade<\/td>\n<\/tr>\n<tr>\n<td>servi\u00e7o p\u00f3s-garantia<\/td>\n<td>Apoio em linha<\/td>\n<\/tr>\n<tr>\n<td>localiza\u00e7\u00e3o do servi\u00e7o local<\/td>\n<td>nenhum<\/td>\n<\/tr>\n<tr>\n<td>localiza\u00e7\u00e3o da sala de exposi\u00e7\u00f5es<\/td>\n<td>nenhum<\/td>\n<\/tr>\n<tr>\n<td>local de origem<\/td>\n<td>Guangdong, China<\/td>\n<\/tr>\n<tr>\n<td>nome da marca<\/td>\n<td>Lvyuan \/ OEM<\/td>\n<\/tr>\n<tr>\n<td>material<\/td>\n<td>polipropileno<\/td>\n<\/tr>\n<tr>\n<td>peso<\/td>\n<td>depende<\/td>\n<\/tr>\n<tr>\n<td>tamanho<\/td>\n<td>padr\u00e3o ou personaliza\u00e7\u00e3o<\/td>\n<\/tr>\n<tr>\n<td>pot\u00eancia<\/td>\n<td>0<\/td>\n<\/tr>\n<tr>\n<td>garantia<\/td>\n<td>N\u00e3o dispon\u00edvel<\/td>\n<\/tr>\n<tr>\n<td>nome do produto<\/td>\n<td>elemento filtrante de part\u00edculas<\/td>\n<\/tr>\n<tr>\n<td>taxa de microns<\/td>\n<td>Cartucho de filtros de 1\/3\/5\/10\/25\/50\/75\/100 m\u00edcrones<\/td>\n<\/tr>\n<tr>\n<td>certifica\u00e7\u00e3o<\/td>\n<td>CE, SGS<\/td>\n<\/tr>\n<tr>\n<td>aplica\u00e7\u00e3o<\/td>\n<td>pe\u00e7as para filtros de \u00e1gua, Osmose Inversa<\/td>\n<\/tr>\n<tr>\n<td>comprimento<\/td>\n<td>5\u2033, 10\u2033, 20\u2033, 30\u2033, 40\u2033, 50\u2033 polegadas<\/td>\n<\/tr>\n<tr>\n<td>meios filtrantes<\/td>\n<td>Polipropileno (PP) fiado<\/td>\n<\/tr>\n<tr>\n<td>tampa da extremidade<\/td>\n<td>DOE \/ 222Fin \/ 226Fin \/ 222Flat \/ 226Flat<\/td>\n<\/tr>\n<tr>\n<td>material da junta\/anel<\/td>\n<td>Silicone \/ EPDM \/ Viton<\/td>\n<\/tr>\n<tr>\n<td>utiliza\u00e7\u00e3o<\/td>\n<td>Filtro de cartucho para l\u00edquidos<\/td>\n<\/tr>\n<tr>\n<td>n\u00facleo interno<\/td>\n<td>PP; a\u00e7o inoxid\u00e1vel; nenhum<\/td>\n<\/tr>\n<tr>\n<td>unidades de venda<\/td>\n<td>Artigo \u00fanico<\/td>\n<\/tr>\n<tr>\n<td>tamanho de embalagem individual<\/td>\n<td>55 \u00d7 10 \u00d7 10 cm<\/td>\n<\/tr>\n<tr>\n<td>peso bruto \u00fanico<\/td>\n<td>2.000 kg<\/td>\n<\/tr>\n<tr>\n<td>tipo de embalagem<\/td>\n<td>Embalagem personalizada castanha\/branca; a cota\u00e7\u00e3o \u00e9 apenas uma refer\u00eancia; enviar especifica\u00e7\u00f5es para obter o melhor pre\u00e7o atualizado<\/td>\n<\/tr>\n<tr>\n<td>embalagem em cart\u00e3o (10 polegadas)<\/td>\n<td>50 unid\/ctn, 400 \u00d7 400 \u00d7 685 mm<\/td>\n<\/tr>\n<tr>\n<td>embalagem em cart\u00e3o (20 polegadas)<\/td>\n<td>25 unid\/ctn, 400 \u00d7 400 \u00d7 685 mm<\/td>\n<\/tr>\n<tr>\n<td>embalagem em cart\u00e3o (30 polegadas)<\/td>\n<td>25 unid\/ctn, 835 \u00d7 435 \u00d7 425 mm<\/td>\n<\/tr>\n<tr>\n<td>embalagem em cart\u00e3o (40 polegadas)<\/td>\n<td>25 unid\/ctn, 1100 \u00d7 395 \u00d7 400 mm<\/td>\n<\/tr>\n<tr>\n<td>prazo de entrega (1-2000 pcs)<\/td>\n<td>15 dias<\/td>\n<\/tr>\n<tr>\n<td>prazo de entrega (&gt;2000 pcs)<\/td>\n<td>A ser negociado<\/td>\n<\/tr>\n<tr>\n<td>nota de produto<\/td>\n<td>Personalizado Castanho Branco Pneum\u00e1tico PPF Polipropileno elemento filtrante de sonda de part\u00edculas micr\u00f3nicas para unidades de filtragem de ar de colectores de \u00e1gua<\/td>\n<\/tr>\n<\/tbody>\n<\/table>","protected":false},"excerpt":{"rendered":"<p>Este elemento filtrante de part\u00edculas ajuda-o a apanhar sedimentos e part\u00edculas finas para um desempenho mais est\u00e1vel nas configura\u00e7\u00f5es de filtragem de \u00e1gua e de RO. Personalize o tamanho e os acess\u00f3rios para corresponder \u00e0 sua caixa.<\/p>","protected":false},"featured_media":1581,"comment_status":"open","ping_status":"closed","template":"","meta":{"_gspb_post_css":""},"product_brand":[],"product_cat":[17,23],"product_tag":[297,681,740,675,649,731],"class_list":{"0":"post-1580","1":"product","2":"type-product","3":"status-publish","4":"has-post-thumbnail","6":"product_cat-sediment-filter","7":"product_cat-pp-filter-cartridge","8":"product_tag-1-100-micron-cartridge","9":"product_tag-liquid-cartridge-filter","10":"product_tag-particulate-filter-element","11":"product_tag-pp-spun-filter-cartridge","12":"product_tag-reverse-osmosis-prefilter","13":"product_tag-water-filter-parts","15":"first","16":"instock","17":"shipping-taxable","18":"product-type-simple"},"_links":{"self":[{"href":"https:\/\/lyfilter.com\/pt\/wp-json\/wp\/v2\/product\/1580","targetHints":{"allow":["GET"]}}],"collection":[{"href":"https:\/\/lyfilter.com\/pt\/wp-json\/wp\/v2\/product"}],"about":[{"href":"https:\/\/lyfilter.com\/pt\/wp-json\/wp\/v2\/types\/product"}],"replies":[{"embeddable":true,"href":"https:\/\/lyfilter.com\/pt\/wp-json\/wp\/v2\/comments?post=1580"}],"wp:featuredmedia":[{"embeddable":true,"href":"https:\/\/lyfilter.com\/pt\/wp-json\/wp\/v2\/media\/1581"}],"wp:attachment":[{"href":"https:\/\/lyfilter.com\/pt\/wp-json\/wp\/v2\/media?parent=1580"}],"wp:term":[{"taxonomy":"product_brand","embeddable":true,"href":"https:\/\/lyfilter.com\/pt\/wp-json\/wp\/v2\/product_brand?post=1580"},{"taxonomy":"product_cat","embeddable":true,"href":"https:\/\/lyfilter.com\/pt\/wp-json\/wp\/v2\/product_cat?post=1580"},{"taxonomy":"product_tag","embeddable":true,"href":"https:\/\/lyfilter.com\/pt\/wp-json\/wp\/v2\/product_tag?post=1580"}],"curies":[{"name":"wp","href":"https:\/\/api.w.org\/{rel}","templated":true}]}}