{"id":1552,"date":"2026-01-05T06:33:03","date_gmt":"2026-01-05T06:33:03","guid":{"rendered":"https:\/\/lyfilter.com\/?post_type=product&#038;p=1552"},"modified":"2026-01-05T06:33:03","modified_gmt":"2026-01-05T06:33:03","slug":"pp-spun-filter-cartridge-5-micron-polypropylene-filter-cartridge-10-inch-wholesale","status":"publish","type":"product","link":"https:\/\/lyfilter.com\/pt\/pp-spun-filter-cartridge-5-micron-polypropylene-filter-cartridge-10-inch-wholesale\/","title":{"rendered":"Cartucho de filtro fiado PP de 5 m\u00edcrons Cartucho de filtro de polipropileno de 10 polegadas Atacado"},"content":{"rendered":"<div class=\"do-title\">Vis\u00e3o geral<\/div>\n<div id=\"car-parts-model\"><\/div>\n<div class=\"do-content\">\n<div class=\"do-overview\">\n<div class=\"do-entry do-entry-separate\">\n<div class=\"do-entry-title\">Detalhes r\u00e1pidos<\/div>\n<div class=\"do-entry-list\">\n<dl id=\"1\" class=\"do-entry-item\">\n<dt class=\"do-entry-item\"><span class=\"attr-name J-attr-name\" title=\"Local de origem\">Local de origem:<\/span><\/dt>\n<dd class=\"do-entry-item-val\">\n<div class=\"ellipsis\" title=\"Guangdong, China\">Guangdong, China<\/div>\n<\/dd>\n<\/dl>\n<dl id=\"2\" class=\"do-entry-item\">\n<dt class=\"do-entry-item\"><span class=\"attr-name J-attr-name\" title=\"Nome da marca\">Nome da marca:<\/span><\/dt>\n<dd class=\"do-entry-item-val\">\n<div class=\"ellipsis\" title=\"Lvyuan \/ OEM\">Lvyuan \/ OEM<\/div>\n<\/dd>\n<\/dl>\n<dl id=\"3\" class=\"do-entry-item\">\n<dt class=\"do-entry-item\"><span class=\"attr-name J-attr-name\" title=\"N\u00famero do modelo\">N\u00famero do modelo:<\/span><\/dt>\n<dd class=\"do-entry-item-val\">\n<div class=\"ellipsis\" title=\"S\u00e9rie LY-PPF\">S\u00e9rie LY-PPF<\/div>\n<\/dd>\n<\/dl>\n<dl id=\"\" class=\"do-entry-item\">\n<dt class=\"do-entry-item\"><span class=\"attr-name J-attr-name\" title=\"Nome do produto\">Nome do produto:<\/span><\/dt>\n<dd class=\"do-entry-item-val\">\n<div class=\"ellipsis\" title=\"cartucho de filtro fiado pp\">cartucho de filtro fiado pp<\/div>\n<\/dd>\n<\/dl>\n<dl id=\"\" class=\"do-entry-item\">\n<dt class=\"do-entry-item\"><span class=\"attr-name J-attr-name\" title=\"Taxa de microns\">Taxa de microns:<\/span><\/dt>\n<dd class=\"do-entry-item-val\">\n<div class=\"ellipsis\" title=\"Cartucho de filtro de 1, 3, 5, 10 m\u00edcrones\">Cartucho de filtro de 1, 3, 5, 10 m\u00edcrones<\/div>\n<\/dd>\n<\/dl>\n<dl id=\"\" class=\"do-entry-item\">\n<dt class=\"do-entry-item\"><span class=\"attr-name J-attr-name\" title=\"Certifica\u00e7\u00e3o\">Certifica\u00e7\u00e3o:<\/span><\/dt>\n<dd class=\"do-entry-item-val\">\n<div class=\"ellipsis\" title=\"CE SGS\">CE SGS<\/div>\n<\/dd>\n<\/dl>\n<dl id=\"\" class=\"do-entry-item\">\n<dt class=\"do-entry-item\"><span class=\"attr-name J-attr-name\" title=\"aplica\u00e7\u00e3o\">aplica\u00e7\u00e3o:<\/span><\/dt>\n<dd class=\"do-entry-item-val\">\n<div class=\"ellipsis\" title=\"pe\u00e7as para filtros de \u00e1gua, Osmose Inversa\">pe\u00e7as para filtros de \u00e1gua, Osmose Inversa<\/div>\n<\/dd>\n<\/dl>\n<dl id=\"\" class=\"do-entry-item\">\n<dt class=\"do-entry-item\"><span class=\"attr-name J-attr-name\" title=\"Comprimento\">Comprimento:<\/span><\/dt>\n<dd class=\"do-entry-item-val\">\n<div class=\"ellipsis\" title=\"10 polegadas\">10 polegadas<\/div>\n<\/dd>\n<\/dl>\n<dl id=\"\" class=\"do-entry-item\">\n<dt class=\"do-entry-item\"><span class=\"attr-name J-attr-name\" title=\"Meios filtrantes\">Meio filtrante:<\/span><\/dt>\n<dd class=\"do-entry-item-val\">\n<div class=\"ellipsis\" title=\"Membrana de polipropileno PP\">Membrana de polipropileno PP<\/div>\n<\/dd>\n<\/dl>\n<dl id=\"\" class=\"do-entry-item\">\n<dt class=\"do-entry-item\"><span class=\"attr-name J-attr-name\" title=\"Tampa da extremidade\">Tampa da extremidade:<\/span><\/dt>\n<dd class=\"do-entry-item-val\">\n<div class=\"ellipsis\" title=\"DOE\">DOE<\/div>\n<\/dd>\n<\/dl>\n<dl id=\"\" class=\"do-entry-item\">\n<dt class=\"do-entry-item\"><span class=\"attr-name J-attr-name\" title=\"Utiliza\u00e7\u00e3o\">Utiliza\u00e7\u00e3o:<\/span><\/dt>\n<dd class=\"do-entry-item-val\">\n<div class=\"ellipsis\" title=\"Filtro de cartucho para l\u00edquidos\">Filtro de cartucho para l\u00edquidos<\/div>\n<\/dd>\n<\/dl>\n<dl id=\"\" class=\"do-entry-item\">\n<dt class=\"do-entry-item\"><span class=\"attr-name J-attr-name\" title=\"N\u00facleo interno\">N\u00facleo interior:<\/span><\/dt>\n<dd class=\"do-entry-item-val\">\n<div class=\"ellipsis\" title=\"Nenhum\">Nenhum<\/div>\n<\/dd>\n<\/dl>\n<dl id=\"\" class=\"do-entry-item\">\n<dt class=\"do-entry-item\"><span class=\"attr-name J-attr-name\" title=\"Estilo\">Estilo:<\/span><\/dt>\n<dd class=\"do-entry-item-val\">\n<div class=\"ellipsis\" title=\"Plano\">Plano<\/div>\n<\/dd>\n<\/dl>\n<\/div>\n<\/div>\n<div class=\"do-entry do-entry-full\">\n<h3 class=\"do-entry-title\">Embalagem e entrega<\/h3>\n<div class=\"do-entry-list\">\n<dl class=\"do-entry-item\">\n<dt class=\"do-entry-item-key\">Unidades de venda:<\/dt>\n<dd class=\"do-entry-item-val\">Artigo \u00fanico<\/dd>\n<\/dl>\n<dl class=\"do-entry-item\">\n<dt class=\"do-entry-item-key\" title=\"Volume \u00fanico:\">Volume \u00fanico:<\/dt>\n<dd class=\"do-entry-item-val\">1155 cm\u00a0<sup>3<\/sup><\/dd>\n<\/dl>\n<dl class=\"do-entry-item\">\n<dt class=\"do-entry-item-key\" title=\"Peso bruto \u00fanico:\">Peso bruto \u00fanico:<\/dt>\n<dd class=\"do-entry-item-val\">120.000 kg<\/dd>\n<\/dl>\n<dl class=\"do-entry-item\">\n<dt class=\"do-entry-item-key\">Tipo de embalagem:<\/dt>\n<dd class=\"do-entry-item-val pkg-method\">Caixa de cart\u00e3o r\u00edgido. Saco de polietileno para cada pe\u00e7a.<\/dd>\n<\/dl>\n<dl class=\"do-entry-item product-package-image\">\n<dt class=\"do-entry-item-key\" title=\"Exemplo de imagem: \">Exemplo de imagem:<\/dt>\n<dd class=\"do-entry-item-val\">\n<div class=\"package-img-container\"><img decoding=\"async\" class=\"package-img-entry\" src=\"https:\/\/img.yfisher.com\/m6076\/1725728883sly\/jpg70-t3-scale100.webp\" alt=\"imagem de pacote\" data-lazy=\"2\" title=\"\"><\/div>\n<\/dd>\n<\/dl>\n<dl class=\"do-entry-item\">\n<dt class=\"do-entry-item-key\" title=\"Prazo de execu\u00e7\u00e3o\">Prazo de execu\u00e7\u00e3o\u00a0<i class=\"next-icon next-icon-help next-icon-xs js-leadtimes-tips\"><\/i>:<\/dt>\n<dd class=\"do-entry-item-val\" title=\"Prazo de execu\u00e7\u00e3o\">\n<div class=\"table-responsive\">\n<table class=\"supply-ability-table ui2-table ui2-table-normal ui2-table-zebra ui2-table-hover\">\n<tbody>\n<tr>\n<td>Quantidade (pe\u00e7as)<\/td>\n<td>1 - 50000<\/td>\n<td>&gt;50000<\/td>\n<\/tr>\n<tr>\n<td>Est. Tempo (dias)<\/td>\n<td>15<\/td>\n<td>A ser negociado<\/td>\n<\/tr>\n<\/tbody>\n<\/table>\n<\/div>\n<\/dd>\n<\/dl>\n<\/div>\n<\/div>\n<\/div>\n<\/div>","protected":false},"excerpt":{"rendered":"<p>Este cartucho de filtro pp spun ajuda-o a reter as part\u00edculas finas antes de estas chegarem ao seu sistema RO ou a outras pe\u00e7as do filtro de \u00e1gua. Escolha as classifica\u00e7\u00f5es de 1, 3, 5 ou 10 m\u00edcrones para corresponder \u00e0 clareza de que necessita.<\/p>","protected":false},"featured_media":1553,"comment_status":"open","ping_status":"closed","template":"","meta":{"_gspb_post_css":""},"product_brand":[],"product_cat":[23,17],"product_tag":[730,681,729,675,649,731],"class_list":{"0":"post-1552","1":"product","2":"type-product","3":"status-publish","4":"has-post-thumbnail","6":"product_cat-pp-filter-cartridge","7":"product_cat-sediment-filter","8":"product_tag-10-inch-filter-cartridge","9":"product_tag-liquid-cartridge-filter","10":"product_tag-polypropylene-filter-cartridge","11":"product_tag-pp-spun-filter-cartridge","12":"product_tag-reverse-osmosis-prefilter","13":"product_tag-water-filter-parts","15":"first","16":"instock","17":"shipping-taxable","18":"product-type-simple"},"_links":{"self":[{"href":"https:\/\/lyfilter.com\/pt\/wp-json\/wp\/v2\/product\/1552","targetHints":{"allow":["GET"]}}],"collection":[{"href":"https:\/\/lyfilter.com\/pt\/wp-json\/wp\/v2\/product"}],"about":[{"href":"https:\/\/lyfilter.com\/pt\/wp-json\/wp\/v2\/types\/product"}],"replies":[{"embeddable":true,"href":"https:\/\/lyfilter.com\/pt\/wp-json\/wp\/v2\/comments?post=1552"}],"wp:featuredmedia":[{"embeddable":true,"href":"https:\/\/lyfilter.com\/pt\/wp-json\/wp\/v2\/media\/1553"}],"wp:attachment":[{"href":"https:\/\/lyfilter.com\/pt\/wp-json\/wp\/v2\/media?parent=1552"}],"wp:term":[{"taxonomy":"product_brand","embeddable":true,"href":"https:\/\/lyfilter.com\/pt\/wp-json\/wp\/v2\/product_brand?post=1552"},{"taxonomy":"product_cat","embeddable":true,"href":"https:\/\/lyfilter.com\/pt\/wp-json\/wp\/v2\/product_cat?post=1552"},{"taxonomy":"product_tag","embeddable":true,"href":"https:\/\/lyfilter.com\/pt\/wp-json\/wp\/v2\/product_tag?post=1552"}],"curies":[{"name":"wp","href":"https:\/\/api.w.org\/{rel}","templated":true}]}}