{"id":1551,"date":"2026-01-05T06:51:53","date_gmt":"2026-01-05T06:51:53","guid":{"rendered":"https:\/\/lyfilter.com\/?post_type=product&#038;p=1551"},"modified":"2026-01-05T06:51:53","modified_gmt":"2026-01-05T06:51:53","slug":"household-ro-water-10-inch-granular-udf-activated-carbon-filter-cartridge-gac-for-pre-filtration","status":"publish","type":"product","link":"https:\/\/lyfilter.com\/pt\/household-ro-water-10-inch-granular-udf-activated-carbon-filter-cartridge-gac-for-pre-filtration\/","title":{"rendered":"Cartucho de filtro de carv\u00e3o ativado UDF granular de 10 polegadas para \u00e1gua RO dom\u00e9stica GAC para pr\u00e9-filtra\u00e7\u00e3o"},"content":{"rendered":"<table>\n<thead>\n<tr>\n<th>Item<\/th>\n<th>Detalhes<\/th>\n<\/tr>\n<\/thead>\n<tbody>\n<tr>\n<td>classifica\u00e7\u00e3o<\/td>\n<td>Agente Qu\u00edmico Auxiliar<\/td>\n<\/tr>\n<tr>\n<td>cas n\u00e3o.<\/td>\n<td>depende<\/td>\n<\/tr>\n<tr>\n<td>outros nomes<\/td>\n<td>depende<\/td>\n<\/tr>\n<tr>\n<td>mf<\/td>\n<td>depende<\/td>\n<\/tr>\n<tr>\n<td>einecs n.\u00ba.<\/td>\n<td>depende<\/td>\n<\/tr>\n<tr>\n<td>pureza<\/td>\n<td>depende<\/td>\n<\/tr>\n<tr>\n<td>local de origem<\/td>\n<td>Guangdong, China<\/td>\n<\/tr>\n<tr>\n<td>tipo<\/td>\n<td>Preto carbono<\/td>\n<\/tr>\n<tr>\n<td>utiliza\u00e7\u00e3o<\/td>\n<td>Agentes auxiliares de revestimento; produtos qu\u00edmicos para eletr\u00f3nica; agentes auxiliares para couro; produtos qu\u00edmicos para papel; aditivos de petr\u00f3leo; agentes auxiliares para pl\u00e1sticos; agentes auxiliares para borracha; tensioactivos; agentes auxiliares para t\u00eaxteis; produtos qu\u00edmicos para tratamento de \u00e1gua; filtro de cartucho l\u00edquido<\/td>\n<\/tr>\n<tr>\n<td>nome da marca<\/td>\n<td>Lvyuan \/ OEM<\/td>\n<\/tr>\n<tr>\n<td>n\u00famero do modelo<\/td>\n<td>S\u00e9rie LY-PPF<\/td>\n<\/tr>\n<tr>\n<td>nome do produto<\/td>\n<td>cartucho de filtro ro<\/td>\n<\/tr>\n<tr>\n<td>taxa de microns<\/td>\n<td>Cartucho de filtro de 1, 3, 5, 10 m\u00edcrones<\/td>\n<\/tr>\n<tr>\n<td>certifica\u00e7\u00e3o<\/td>\n<td>CE, SGS<\/td>\n<\/tr>\n<tr>\n<td>aplica\u00e7\u00e3o<\/td>\n<td>pe\u00e7as para filtros de \u00e1gua, Osmose Inversa<\/td>\n<\/tr>\n<tr>\n<td>comprimento<\/td>\n<td>5\u2033, 10\u2033, 20\u2033, 30\u2033, 40\u2033, 50\u2033 polegadas<\/td>\n<\/tr>\n<tr>\n<td>meios filtrantes<\/td>\n<td>Membrana de polipropileno (PP)<\/td>\n<\/tr>\n<tr>\n<td>tampa da extremidade<\/td>\n<td>DOE; 222+Fin; 222+Flat; 226+Fin; 226+Flat<\/td>\n<\/tr>\n<tr>\n<td>material da junta\/anel<\/td>\n<td>Silicone \/ EPDM \/ Viton<\/td>\n<\/tr>\n<tr>\n<td>capacidade de fornecimento<\/td>\n<td>5000 Pe\u00e7as\/Pe\u00e7as por dia (filtro de carv\u00e3o ativado udf)<\/td>\n<\/tr>\n<\/tbody>\n<\/table>","protected":false},"excerpt":{"rendered":"<p>Este cartucho de filtro RO ajuda-o a reduzir as part\u00edculas finas para obter uma \u00e1gua mais clara e fi\u00e1vel. Escolha a classifica\u00e7\u00e3o de microns, o tamanho, a tampa da extremidade e a junta que se adequam \u00e0 sua caixa.<\/p>","protected":false},"featured_media":1561,"comment_status":"open","ping_status":"closed","template":"","meta":{"_gspb_post_css":""},"product_brand":[],"product_cat":[23,17],"product_tag":[644,734,660,733,732,731],"class_list":{"0":"post-1551","1":"product","2":"type-product","3":"status-publish","4":"has-post-thumbnail","6":"product_cat-pp-filter-cartridge","7":"product_cat-sediment-filter","8":"product_tag-1-micron-filter-cartridge","9":"product_tag-doe-end-cap","10":"product_tag-pp-membrane-filter","11":"product_tag-reverse-osmosis-cartridge","12":"product_tag-ro-filter-cartridge","13":"product_tag-water-filter-parts","15":"first","16":"instock","17":"shipping-taxable","18":"product-type-simple"},"_links":{"self":[{"href":"https:\/\/lyfilter.com\/pt\/wp-json\/wp\/v2\/product\/1551","targetHints":{"allow":["GET"]}}],"collection":[{"href":"https:\/\/lyfilter.com\/pt\/wp-json\/wp\/v2\/product"}],"about":[{"href":"https:\/\/lyfilter.com\/pt\/wp-json\/wp\/v2\/types\/product"}],"replies":[{"embeddable":true,"href":"https:\/\/lyfilter.com\/pt\/wp-json\/wp\/v2\/comments?post=1551"}],"wp:featuredmedia":[{"embeddable":true,"href":"https:\/\/lyfilter.com\/pt\/wp-json\/wp\/v2\/media\/1561"}],"wp:attachment":[{"href":"https:\/\/lyfilter.com\/pt\/wp-json\/wp\/v2\/media?parent=1551"}],"wp:term":[{"taxonomy":"product_brand","embeddable":true,"href":"https:\/\/lyfilter.com\/pt\/wp-json\/wp\/v2\/product_brand?post=1551"},{"taxonomy":"product_cat","embeddable":true,"href":"https:\/\/lyfilter.com\/pt\/wp-json\/wp\/v2\/product_cat?post=1551"},{"taxonomy":"product_tag","embeddable":true,"href":"https:\/\/lyfilter.com\/pt\/wp-json\/wp\/v2\/product_tag?post=1551"}],"curies":[{"name":"wp","href":"https:\/\/api.w.org\/{rel}","templated":true}]}}