{"id":1537,"date":"2026-01-04T11:03:39","date_gmt":"2026-01-04T11:03:39","guid":{"rendered":"https:\/\/lyfilter.com\/?post_type=product&#038;p=1537"},"modified":"2026-01-04T11:06:37","modified_gmt":"2026-01-04T11:06:37","slug":"good-quality-cheap-price-pp-sediment-melt-blown-cartridge-ro-spun-filter","status":"publish","type":"product","link":"https:\/\/lyfilter.com\/pt\/good-quality-cheap-price-pp-sediment-melt-blown-cartridge-ro-spun-filter\/","title":{"rendered":"Boa qualidade Pre\u00e7o barato PP sedimento derretido soprado cartucho RO filtro girat\u00f3rio"},"content":{"rendered":"<table>\n<thead>\n<tr>\n<th>Local de origem<\/th>\n<th>Guangdong, China<\/th>\n<\/tr>\n<\/thead>\n<tbody>\n<tr>\n<td>Nome da marca<\/td>\n<td>Lvyuan \/ OEM<\/td>\n<\/tr>\n<tr>\n<td>N\u00famero do modelo<\/td>\n<td>S\u00e9rie LY-PPF<\/td>\n<\/tr>\n<tr>\n<td>Nome do produto<\/td>\n<td>filtro rotativo<\/td>\n<\/tr>\n<tr>\n<td>Taxa de microns<\/td>\n<td>Cartucho de filtro de 1, 3, 5, 10 m\u00edcrones<\/td>\n<\/tr>\n<tr>\n<td>Certifica\u00e7\u00e3o<\/td>\n<td>CE, SGS<\/td>\n<\/tr>\n<tr>\n<td>Aplica\u00e7\u00e3o<\/td>\n<td>pe\u00e7as para filtros de \u00e1gua, Osmose Inversa<\/td>\n<\/tr>\n<tr>\n<td>Comprimento<\/td>\n<td>5\u2033, 10\u2033, 20\u2033, 30\u2033, 40\u2033, 50\u2033 polegadas<\/td>\n<\/tr>\n<tr>\n<td>Meios filtrantes<\/td>\n<td>cartucho de filtro fundido soprado pp<\/td>\n<\/tr>\n<tr>\n<td>Tampa da extremidade<\/td>\n<td>DOE, 222+Fin, 222+Flat, 226+Fin, 226+Flat<\/td>\n<\/tr>\n<tr>\n<td>Material da junta\/anel<\/td>\n<td>Silicone \/ EPDM \/ Viton<\/td>\n<\/tr>\n<tr>\n<td>Utiliza\u00e7\u00e3o<\/td>\n<td>Filtro de cartucho para l\u00edquidos<\/td>\n<\/tr>\n<tr>\n<td>N\u00facleo interno<\/td>\n<td>PP ou Nenhum<\/td>\n<\/tr>\n<tr>\n<td>Capacidade de fornecimento<\/td>\n<td>5000 unidades\/pe\u00e7as por dia<\/td>\n<\/tr>\n<\/tbody>\n<\/table>\n<p>&nbsp;<\/p>","protected":false},"excerpt":{"rendered":"<p>Cartuchos de filtro de PP fundido e soprado para RO que ajudam a manter os sistemas de \u00e1gua limpos e est\u00e1veis. Dispon\u00edveis em classifica\u00e7\u00f5es de 1-10 m\u00edcrones e comprimentos de 5-50 polegadas, com v\u00e1rias tampas de extremidade e op\u00e7\u00f5es de junta para se adaptarem a carca\u00e7as comuns de filtros de \u00e1gua e RO. Certifica\u00e7\u00e3o CE\/SGS, com suporte OEM de Guangdong, China.<\/p>","protected":false},"featured_media":1545,"comment_status":"open","ping_status":"closed","template":"","meta":{"_gspb_post_css":""},"product_brand":[],"product_cat":[21,23],"product_tag":[727,683,728,726,353,350],"class_list":{"0":"post-1537","1":"product","2":"type-product","3":"status-publish","4":"has-post-thumbnail","6":"product_cat-pleated-filter-cartridge","7":"product_cat-pp-filter-cartridge","8":"product_tag-1-10-micron-filtration","9":"product_tag-doe-222-226-end-caps","10":"product_tag-oem-ce-sgs","11":"product_tag-pp-melt-blown-cartridge","12":"product_tag-reverse-osmosis-parts","13":"product_tag-ro-spun-filter","15":"first","16":"instock","17":"shipping-taxable","18":"product-type-simple"},"_links":{"self":[{"href":"https:\/\/lyfilter.com\/pt\/wp-json\/wp\/v2\/product\/1537","targetHints":{"allow":["GET"]}}],"collection":[{"href":"https:\/\/lyfilter.com\/pt\/wp-json\/wp\/v2\/product"}],"about":[{"href":"https:\/\/lyfilter.com\/pt\/wp-json\/wp\/v2\/types\/product"}],"replies":[{"embeddable":true,"href":"https:\/\/lyfilter.com\/pt\/wp-json\/wp\/v2\/comments?post=1537"}],"wp:featuredmedia":[{"embeddable":true,"href":"https:\/\/lyfilter.com\/pt\/wp-json\/wp\/v2\/media\/1545"}],"wp:attachment":[{"href":"https:\/\/lyfilter.com\/pt\/wp-json\/wp\/v2\/media?parent=1537"}],"wp:term":[{"taxonomy":"product_brand","embeddable":true,"href":"https:\/\/lyfilter.com\/pt\/wp-json\/wp\/v2\/product_brand?post=1537"},{"taxonomy":"product_cat","embeddable":true,"href":"https:\/\/lyfilter.com\/pt\/wp-json\/wp\/v2\/product_cat?post=1537"},{"taxonomy":"product_tag","embeddable":true,"href":"https:\/\/lyfilter.com\/pt\/wp-json\/wp\/v2\/product_tag?post=1537"}],"curies":[{"name":"wp","href":"https:\/\/api.w.org\/{rel}","templated":true}]}}