{"id":1533,"date":"2026-01-04T10:55:37","date_gmt":"2026-01-04T10:55:37","guid":{"rendered":"https:\/\/lyfilter.com\/?post_type=product&#038;p=1533"},"modified":"2026-01-04T11:03:32","modified_gmt":"2026-01-04T11:03:32","slug":"best-quality-filtro-carbon-activado-agua-filtros-de-sedimento-pp","status":"publish","type":"product","link":"https:\/\/lyfilter.com\/pt\/best-quality-filtro-carbon-activado-agua-filtros-de-sedimento-pp\/","title":{"rendered":"Melhor qualidade filtro carbono ativado agua filtros de sedimento PP"},"content":{"rendered":"<table>\n<thead>\n<tr>\n<th>Vis\u00e3o geral<\/th>\n<th>Nome do produto<\/th>\n<th>filtro de carbono ativado agua<\/th>\n<\/tr>\n<\/thead>\n<tbody>\n<tr>\n<td>Vis\u00e3o geral<\/td>\n<td>S\u00e9rie \/ Modelo<\/td>\n<td>S\u00e9rie LY-PPF<\/td>\n<\/tr>\n<tr>\n<td>Vis\u00e3o geral<\/td>\n<td>Marca<\/td>\n<td>Lvyuan \/ OEM<\/td>\n<\/tr>\n<tr>\n<td>Detalhes r\u00e1pidos<\/td>\n<td>Local de origem<\/td>\n<td>Guangdong, China<\/td>\n<\/tr>\n<tr>\n<td>Detalhes r\u00e1pidos<\/td>\n<td>Meios filtrantes<\/td>\n<td>Cartucho de filtro fundido soprado PP<\/td>\n<\/tr>\n<tr>\n<td>Detalhes r\u00e1pidos<\/td>\n<td>Taxa de microns<\/td>\n<td>1, 3, 5, 10 ~ 100<\/td>\n<\/tr>\n<tr>\n<td>Detalhes r\u00e1pidos<\/td>\n<td>Aplica\u00e7\u00e3o<\/td>\n<td>Pe\u00e7as para filtros de \u00e1gua, Osmose inversa<\/td>\n<\/tr>\n<tr>\n<td>Detalhes r\u00e1pidos<\/td>\n<td>Utiliza\u00e7\u00e3o<\/td>\n<td>Filtro de cartucho para l\u00edquidos<\/td>\n<\/tr>\n<tr>\n<td>Detalhes r\u00e1pidos<\/td>\n<td>Comprimento<\/td>\n<td>5\u2033, 10\u2033, 20\u2033, 30\u2033, 40\u2033, 50\u2033<\/td>\n<\/tr>\n<tr>\n<td>Detalhes r\u00e1pidos<\/td>\n<td>Tampa da extremidade<\/td>\n<td>DOE, 222+Fin, 222+Flat, 226+Fin, 226+Flat<\/td>\n<\/tr>\n<tr>\n<td>Detalhes r\u00e1pidos<\/td>\n<td>Material da junta \/ O-ring<\/td>\n<td>Silicone \/ EPDM \/ Viton<\/td>\n<\/tr>\n<tr>\n<td>Detalhes r\u00e1pidos<\/td>\n<td>N\u00facleo interno<\/td>\n<td>PP ou Nenhum<\/td>\n<\/tr>\n<tr>\n<td>Detalhes r\u00e1pidos<\/td>\n<td>Certifica\u00e7\u00e3o<\/td>\n<td>CE, SGS<\/td>\n<\/tr>\n<tr>\n<td>Capacidade de fornecimento<\/td>\n<td>Capacidade di\u00e1ria<\/td>\n<td>5000 unidades\/pe\u00e7as por dia<\/td>\n<\/tr>\n<\/tbody>\n<\/table>\n<p>&nbsp;<\/p>","protected":false},"excerpt":{"rendered":"<p>Uma op\u00e7\u00e3o de cartucho fi\u00e1vel para \u00e1gua mais limpa, com classifica\u00e7\u00f5es de microns flex\u00edveis e tamanhos que se adaptam a muitos alojamentos de filtragem e RO.<\/p>","protected":false},"featured_media":1539,"comment_status":"open","ping_status":"closed","template":"","meta":{"_gspb_post_css":""},"product_brand":[],"product_cat":[23,17],"product_tag":[297,723,298,725,355,724],"class_list":{"0":"post-1533","1":"product","2":"type-product","3":"status-publish","4":"has-post-thumbnail","6":"product_cat-pp-filter-cartridge","7":"product_cat-sediment-filter","8":"product_tag-1-100-micron-cartridge","9":"product_tag-activated-carbon-cartridge","10":"product_tag-lvyuan-oem","11":"product_tag-pp-melt-blown-filter","12":"product_tag-reverse-osmosis-filter","13":"product_tag-water-filtration-parts","15":"first","16":"instock","17":"shipping-taxable","18":"product-type-simple"},"_links":{"self":[{"href":"https:\/\/lyfilter.com\/pt\/wp-json\/wp\/v2\/product\/1533","targetHints":{"allow":["GET"]}}],"collection":[{"href":"https:\/\/lyfilter.com\/pt\/wp-json\/wp\/v2\/product"}],"about":[{"href":"https:\/\/lyfilter.com\/pt\/wp-json\/wp\/v2\/types\/product"}],"replies":[{"embeddable":true,"href":"https:\/\/lyfilter.com\/pt\/wp-json\/wp\/v2\/comments?post=1533"}],"wp:featuredmedia":[{"embeddable":true,"href":"https:\/\/lyfilter.com\/pt\/wp-json\/wp\/v2\/media\/1539"}],"wp:attachment":[{"href":"https:\/\/lyfilter.com\/pt\/wp-json\/wp\/v2\/media?parent=1533"}],"wp:term":[{"taxonomy":"product_brand","embeddable":true,"href":"https:\/\/lyfilter.com\/pt\/wp-json\/wp\/v2\/product_brand?post=1533"},{"taxonomy":"product_cat","embeddable":true,"href":"https:\/\/lyfilter.com\/pt\/wp-json\/wp\/v2\/product_cat?post=1533"},{"taxonomy":"product_tag","embeddable":true,"href":"https:\/\/lyfilter.com\/pt\/wp-json\/wp\/v2\/product_tag?post=1533"}],"curies":[{"name":"wp","href":"https:\/\/api.w.org\/{rel}","templated":true}]}}