{"id":1532,"date":"2026-01-04T10:51:46","date_gmt":"2026-01-04T10:51:46","guid":{"rendered":"https:\/\/lyfilter.com\/?post_type=product&#038;p=1532"},"modified":"2026-01-04T10:51:47","modified_gmt":"2026-01-04T10:51:47","slug":"jumbo-pp-udf-cto-carbon-10-big-blue-cartridge-with-water-filter-housing","status":"publish","type":"product","link":"https:\/\/lyfilter.com\/pt\/jumbo-pp-udf-cto-carbon-10-big-blue-cartridge-with-water-filter-housing\/","title":{"rendered":"Jumbo PP UDF CTO carbono 10\u2033 cartucho azul grande com caixa de filtro de \u00e1gua"},"content":{"rendered":"<table>\n<thead>\n<tr>\n<th>Sec\u00e7\u00e3o<\/th>\n<th>Item<\/th>\n<th>Detalhes<\/th>\n<\/tr>\n<\/thead>\n<tbody>\n<tr>\n<td>Vis\u00e3o geral<\/td>\n<td>Nome do produto<\/td>\n<td>10 cartucho azul grande<\/td>\n<\/tr>\n<tr>\n<td>Detalhes r\u00e1pidos<\/td>\n<td>Local de origem<\/td>\n<td>Guangdong, China<\/td>\n<\/tr>\n<tr>\n<td>Detalhes r\u00e1pidos<\/td>\n<td>Nome da marca<\/td>\n<td>Lvyuan \/ OEM<\/td>\n<\/tr>\n<tr>\n<td>Detalhes r\u00e1pidos<\/td>\n<td>N\u00famero do modelo<\/td>\n<td>S\u00e9rie LY-PPF<\/td>\n<\/tr>\n<tr>\n<td>Detalhes r\u00e1pidos<\/td>\n<td>Taxa de microns<\/td>\n<td>Cartucho de filtros de 1, 3, 5, 10, 20 m\u00edcrones<\/td>\n<\/tr>\n<tr>\n<td>Detalhes r\u00e1pidos<\/td>\n<td>Certifica\u00e7\u00e3o<\/td>\n<td>CE, SGS<\/td>\n<\/tr>\n<tr>\n<td>Detalhes r\u00e1pidos<\/td>\n<td>Aplica\u00e7\u00e3o<\/td>\n<td>Pe\u00e7as para filtros de \u00e1gua, Osmose inversa<\/td>\n<\/tr>\n<tr>\n<td>Detalhes r\u00e1pidos<\/td>\n<td>Comprimento<\/td>\n<td>5\u2033, 10\u2033, 20\u2033, 30\u2033, 40\u2033, 50\u2033 polegadas<\/td>\n<\/tr>\n<tr>\n<td>Detalhes r\u00e1pidos<\/td>\n<td>Meios filtrantes<\/td>\n<td>Membrana de polipropileno (PP)<\/td>\n<\/tr>\n<tr>\n<td>Detalhes r\u00e1pidos<\/td>\n<td>Tampa da extremidade<\/td>\n<td>DOE, 222+Fin, 222+Flat, 226+Fin, 226+Flat<\/td>\n<\/tr>\n<tr>\n<td>Detalhes r\u00e1pidos<\/td>\n<td>Material da junta\/anel<\/td>\n<td>Silicone \/ EPDM \/ Viton<\/td>\n<\/tr>\n<tr>\n<td>Detalhes r\u00e1pidos<\/td>\n<td>Utiliza\u00e7\u00e3o<\/td>\n<td>Filtro de cartucho para l\u00edquidos<\/td>\n<\/tr>\n<tr>\n<td>Detalhes r\u00e1pidos<\/td>\n<td>N\u00facleo interno<\/td>\n<td>PP ou Nenhum<\/td>\n<\/tr>\n<tr>\n<td>Capacidade de fornecimento<\/td>\n<td>Capacidade di\u00e1ria<\/td>\n<td>5000 Pe\u00e7as\/Pe\u00e7as por dia (10 cartuchos grandes azuis)<\/td>\n<\/tr>\n<\/tbody>\n<\/table>","protected":false},"excerpt":{"rendered":"<p>Filtros de cartucho Big Blue PP fi\u00e1veis que ajudam a manter o seu sistema de \u00e1gua a funcionar de forma limpa e consistente, com v\u00e1rias classifica\u00e7\u00f5es de microns, tamanhos e op\u00e7\u00f5es de tampas.<\/p>","protected":false},"featured_media":1534,"comment_status":"open","ping_status":"closed","template":"","meta":{"_gspb_post_css":""},"product_brand":[],"product_cat":[17,23],"product_tag":[721,720,681,722,648,353],"class_list":{"0":"post-1532","1":"product","2":"type-product","3":"status-publish","4":"has-post-thumbnail","6":"product_cat-sediment-filter","7":"product_cat-pp-filter-cartridge","8":"product_tag-1-20-micron-filtration","9":"product_tag-big-blue-cartridge","10":"product_tag-liquid-cartridge-filter","11":"product_tag-oem-water-filter","12":"product_tag-pp-filter-cartridge","13":"product_tag-reverse-osmosis-parts","15":"first","16":"instock","17":"shipping-taxable","18":"product-type-simple"},"_links":{"self":[{"href":"https:\/\/lyfilter.com\/pt\/wp-json\/wp\/v2\/product\/1532","targetHints":{"allow":["GET"]}}],"collection":[{"href":"https:\/\/lyfilter.com\/pt\/wp-json\/wp\/v2\/product"}],"about":[{"href":"https:\/\/lyfilter.com\/pt\/wp-json\/wp\/v2\/types\/product"}],"replies":[{"embeddable":true,"href":"https:\/\/lyfilter.com\/pt\/wp-json\/wp\/v2\/comments?post=1532"}],"wp:featuredmedia":[{"embeddable":true,"href":"https:\/\/lyfilter.com\/pt\/wp-json\/wp\/v2\/media\/1534"}],"wp:attachment":[{"href":"https:\/\/lyfilter.com\/pt\/wp-json\/wp\/v2\/media?parent=1532"}],"wp:term":[{"taxonomy":"product_brand","embeddable":true,"href":"https:\/\/lyfilter.com\/pt\/wp-json\/wp\/v2\/product_brand?post=1532"},{"taxonomy":"product_cat","embeddable":true,"href":"https:\/\/lyfilter.com\/pt\/wp-json\/wp\/v2\/product_cat?post=1532"},{"taxonomy":"product_tag","embeddable":true,"href":"https:\/\/lyfilter.com\/pt\/wp-json\/wp\/v2\/product_tag?post=1532"}],"curies":[{"name":"wp","href":"https:\/\/api.w.org\/{rel}","templated":true}]}}