{"id":1492,"date":"2026-01-04T09:52:13","date_gmt":"2026-01-04T09:52:13","guid":{"rendered":"https:\/\/lyfilter.com\/?post_type=product&#038;p=1492"},"modified":"2026-01-04T09:56:39","modified_gmt":"2026-01-04T09:56:39","slug":"hot-sale-20-2-5-pp-sediment-filter-1-micron-to-60-micron-cartridge-replacement-water-cartridge-1-box-25-pcs","status":"publish","type":"product","link":"https:\/\/lyfilter.com\/pt\/hot-sale-20-2-5-pp-sediment-filter-1-micron-to-60-micron-cartridge-replacement-water-cartridge-1-box-25-pcs\/","title":{"rendered":"Venda QUENTE 20 \u201d * 2,5\u201d pp filtro de sedimentos 1 m\u00edcron a 60 m\u00edcron cartucho de substitui\u00e7\u00e3o de cartucho de \u00e1gua 1 caixa \/25\/pcs"},"content":{"rendered":"<table>\n<thead>\n<tr>\n<th>vis\u00e3o geral<\/th>\n<th>Cartucho de filtro de \u00e1gua de fibra PP de alta efici\u00eancia para tratamento de \u00e1gua.<\/th>\n<\/tr>\n<\/thead>\n<tbody>\n<tr>\n<td>sectores aplic\u00e1veis<\/td>\n<td>F\u00e1brica de produ\u00e7\u00e3o; F\u00e1brica de alimentos e bebidas; Uso dom\u00e9stico; tratamento de \u00e1gua<\/td>\n<\/tr>\n<tr>\n<td>local de origem<\/td>\n<td>Guangdong, China<\/td>\n<\/tr>\n<tr>\n<td>nome da marca<\/td>\n<td>Lvyuan; OEM; ODM<\/td>\n<\/tr>\n<tr>\n<td>material<\/td>\n<td>pp<\/td>\n<\/tr>\n<tr>\n<td>mat\u00e9ria-prima<\/td>\n<td>fibra pp<\/td>\n<\/tr>\n<tr>\n<td>tamanho<\/td>\n<td>personalizado<\/td>\n<\/tr>\n<tr>\n<td>comprimento<\/td>\n<td>20 polegadas<\/td>\n<\/tr>\n<tr>\n<td>peso<\/td>\n<td>personalizado<\/td>\n<\/tr>\n<tr>\n<td>pot\u00eancia<\/td>\n<td>0<\/td>\n<\/tr>\n<tr>\n<td>garantia<\/td>\n<td>N\u00e3o dispon\u00edvel<\/td>\n<\/tr>\n<tr>\n<td>carater\u00edstica<\/td>\n<td>Alta efici\u00eancia<\/td>\n<\/tr>\n<tr>\n<td>taxa de remo\u00e7\u00e3o<\/td>\n<td>1 m\u00edcron; 5 m\u00edcron<\/td>\n<\/tr>\n<tr>\n<td>utiliza\u00e7\u00e3o<\/td>\n<td>tratamento da \u00e1gua<\/td>\n<\/tr>\n<tr>\n<td>aplica\u00e7\u00e3o<\/td>\n<td>setorial<\/td>\n<\/tr>\n<tr>\n<td>cor<\/td>\n<td>branco<\/td>\n<\/tr>\n<tr>\n<td>apar\u00eancia<\/td>\n<td>em relevo, brilhante, etc.<\/td>\n<\/tr>\n<tr>\n<td>embalagem \/ tipo de embalagem<\/td>\n<td>caixa de papel<\/td>\n<\/tr>\n<tr>\n<td>servi\u00e7o p\u00f3s-venda prestado<\/td>\n<td>Apoio em linha<\/td>\n<\/tr>\n<tr>\n<td>unidades de venda<\/td>\n<td>Artigo \u00fanico<\/td>\n<\/tr>\n<tr>\n<td>tamanho de embalagem individual<\/td>\n<td>54 \u00d7 34 \u00d7 34 cm<\/td>\n<\/tr>\n<tr>\n<td>peso bruto \u00fanico<\/td>\n<td>5.800 kg<\/td>\n<\/tr>\n<\/tbody>\n<\/table>","protected":false},"excerpt":{"rendered":"<p>Um cartucho de fibra PP de 20 polegadas de elevada efici\u00eancia que ajuda a remover sedimentos finos para uma \u00e1gua mais limpa em sistemas dom\u00e9sticos e industriais, com suporte online dispon\u00edvel.<\/p>","protected":false},"featured_media":1496,"comment_status":"open","ping_status":"closed","template":"","meta":{"_gspb_post_css":""},"product_brand":[],"product_cat":[23,17],"product_tag":[687,714,688,715,302,321],"class_list":{"0":"post-1492","1":"product","2":"type-product","3":"status-publish","4":"has-post-thumbnail","6":"product_cat-pp-filter-cartridge","7":"product_cat-sediment-filter","8":"product_tag-1-micron-filtration","9":"product_tag-20-inch-pp-fiber-filter","10":"product_tag-5-micron-filtration","11":"product_tag-high-efficiency-sediment-filter","12":"product_tag-sgs-certified-filter","13":"product_tag-water-treatment-cartridge","15":"first","16":"instock","17":"shipping-taxable","18":"product-type-simple"},"_links":{"self":[{"href":"https:\/\/lyfilter.com\/pt\/wp-json\/wp\/v2\/product\/1492","targetHints":{"allow":["GET"]}}],"collection":[{"href":"https:\/\/lyfilter.com\/pt\/wp-json\/wp\/v2\/product"}],"about":[{"href":"https:\/\/lyfilter.com\/pt\/wp-json\/wp\/v2\/types\/product"}],"replies":[{"embeddable":true,"href":"https:\/\/lyfilter.com\/pt\/wp-json\/wp\/v2\/comments?post=1492"}],"wp:featuredmedia":[{"embeddable":true,"href":"https:\/\/lyfilter.com\/pt\/wp-json\/wp\/v2\/media\/1496"}],"wp:attachment":[{"href":"https:\/\/lyfilter.com\/pt\/wp-json\/wp\/v2\/media?parent=1492"}],"wp:term":[{"taxonomy":"product_brand","embeddable":true,"href":"https:\/\/lyfilter.com\/pt\/wp-json\/wp\/v2\/product_brand?post=1492"},{"taxonomy":"product_cat","embeddable":true,"href":"https:\/\/lyfilter.com\/pt\/wp-json\/wp\/v2\/product_cat?post=1492"},{"taxonomy":"product_tag","embeddable":true,"href":"https:\/\/lyfilter.com\/pt\/wp-json\/wp\/v2\/product_tag?post=1492"}],"curies":[{"name":"wp","href":"https:\/\/api.w.org\/{rel}","templated":true}]}}