{"id":1456,"date":"2026-01-04T09:39:47","date_gmt":"2026-01-04T09:39:47","guid":{"rendered":"https:\/\/lyfilter.com\/?post_type=product&#038;p=1456"},"modified":"2026-01-04T09:39:47","modified_gmt":"2026-01-04T09:39:47","slug":"factory-customization-micro-depth-filters-cartridge-pp-spun-filter-for-air-dryer-or-water-purification","status":"publish","type":"product","link":"https:\/\/lyfilter.com\/pt\/factory-customization-micro-depth-filters-cartridge-pp-spun-filter-for-air-dryer-or-water-purification\/","title":{"rendered":"Personaliza\u00e7\u00e3o de F\u00e1brica Filtros de Micro Profundidade Cartucho PP Spun Filter para Secador de Ar ou Purifica\u00e7\u00e3o de \u00c1gua"},"content":{"rendered":"<table>\n<thead>\n<tr>\n<th>vis\u00e3o geral<\/th>\n<th>Cartucho de filtro fiado PP para pe\u00e7as RO e filtragem de cartucho de l\u00edquido.<\/th>\n<\/tr>\n<\/thead>\n<tbody>\n<tr>\n<td>condi\u00e7\u00e3o<\/td>\n<td>Novo<\/td>\n<\/tr>\n<tr>\n<td>sectores aplic\u00e1veis<\/td>\n<td>Hot\u00e9is; Lojas de vestu\u00e1rio; Lojas de materiais de constru\u00e7\u00e3o; F\u00e1brica; Lojas de repara\u00e7\u00e3o de m\u00e1quinas; F\u00e1brica de alimentos e bebidas; Quintas; Restaurante; Uso dom\u00e9stico; Retalho; Loja de alimentos; Gr\u00e1ficas; Obras de constru\u00e7\u00e3o; Energia e minas; Lojas de alimentos e bebidas; Empresa de publicidade<\/td>\n<\/tr>\n<tr>\n<td>local de origem<\/td>\n<td>Guangdong, China<\/td>\n<\/tr>\n<tr>\n<td>nome da marca<\/td>\n<td>Lvyuan \/ OEM<\/td>\n<\/tr>\n<tr>\n<td>material<\/td>\n<td>polipropileno<\/td>\n<\/tr>\n<tr>\n<td>nome do produto<\/td>\n<td>filtro fiado pp<\/td>\n<\/tr>\n<tr>\n<td>meios filtrantes<\/td>\n<td>Polipropileno PP fiado<\/td>\n<\/tr>\n<tr>\n<td>taxa de microns<\/td>\n<td>Cartucho de filtros de 1\/3\/5\/10\/25\/50\/75\/100 m\u00edcrones<\/td>\n<\/tr>\n<tr>\n<td>aplica\u00e7\u00e3o<\/td>\n<td>pe\u00e7as para filtros de \u00e1gua; Osmose inversa<\/td>\n<\/tr>\n<tr>\n<td>utiliza\u00e7\u00e3o<\/td>\n<td>Filtro de cartucho para l\u00edquidos<\/td>\n<\/tr>\n<tr>\n<td>comprimento<\/td>\n<td>5\u2033, 10\u2033, 20\u2033, 30\u2033, 40\u2033, 50\u201d polegadas<\/td>\n<\/tr>\n<tr>\n<td>tampa da extremidade<\/td>\n<td>DOE \/ 222Fin \/ 226Fin \/ 222Flat \/ 226Flat<\/td>\n<\/tr>\n<tr>\n<td>material da junta \/ o-ring<\/td>\n<td>Silicone \/ EPDM \/ Viton<\/td>\n<\/tr>\n<tr>\n<td>n\u00facleo interno<\/td>\n<td>PP; a\u00e7o inoxid\u00e1vel; nenhum<\/td>\n<\/tr>\n<tr>\n<td>tamanho<\/td>\n<td>padr\u00e3o ou personaliza\u00e7\u00e3o<\/td>\n<\/tr>\n<tr>\n<td>peso<\/td>\n<td>depende<\/td>\n<\/tr>\n<tr>\n<td>pot\u00eancia<\/td>\n<td>0<\/td>\n<\/tr>\n<tr>\n<td>garantia<\/td>\n<td>N\u00e3o dispon\u00edvel<\/td>\n<\/tr>\n<tr>\n<td>certifica\u00e7\u00e3o<\/td>\n<td>CE; SGS<\/td>\n<\/tr>\n<tr>\n<td>servi\u00e7o p\u00f3s-venda prestado<\/td>\n<td>Apoio em linha<\/td>\n<\/tr>\n<tr>\n<td>capacidade de fornecimento<\/td>\n<td>5000 unidades\/pe\u00e7as por dia (filtro fiado)<\/td>\n<\/tr>\n<\/tbody>\n<\/table>","protected":false},"excerpt":{"rendered":"<p>Um cartucho fiado em PP que ajuda a remover sedimentos e a proteger o seu sistema de filtragem RO ou de l\u00edquidos. Escolha a classifica\u00e7\u00e3o micr\u00f3nica, o comprimento e a tampa da extremidade que se adequa \u00e0 sua caixa.<\/p>","protected":false},"featured_media":1464,"comment_status":"open","ping_status":"closed","template":"","meta":{"_gspb_post_css":""},"product_brand":[],"product_cat":[23,17],"product_tag":[708,299,683,681,675,296],"class_list":{"0":"post-1456","1":"product","2":"type-product","3":"status-publish","4":"has-post-thumbnail","6":"product_cat-pp-filter-cartridge","7":"product_cat-sediment-filter","8":"product_tag-1-to-100-micron","9":"product_tag-ce-sgs-certified","10":"product_tag-doe-222-226-end-caps","11":"product_tag-liquid-cartridge-filter","12":"product_tag-pp-spun-filter-cartridge","13":"product_tag-reverse-osmosis-filter-parts","15":"first","16":"instock","17":"shipping-taxable","18":"product-type-simple"},"_links":{"self":[{"href":"https:\/\/lyfilter.com\/pt\/wp-json\/wp\/v2\/product\/1456","targetHints":{"allow":["GET"]}}],"collection":[{"href":"https:\/\/lyfilter.com\/pt\/wp-json\/wp\/v2\/product"}],"about":[{"href":"https:\/\/lyfilter.com\/pt\/wp-json\/wp\/v2\/types\/product"}],"replies":[{"embeddable":true,"href":"https:\/\/lyfilter.com\/pt\/wp-json\/wp\/v2\/comments?post=1456"}],"wp:featuredmedia":[{"embeddable":true,"href":"https:\/\/lyfilter.com\/pt\/wp-json\/wp\/v2\/media\/1464"}],"wp:attachment":[{"href":"https:\/\/lyfilter.com\/pt\/wp-json\/wp\/v2\/media?parent=1456"}],"wp:term":[{"taxonomy":"product_brand","embeddable":true,"href":"https:\/\/lyfilter.com\/pt\/wp-json\/wp\/v2\/product_brand?post=1456"},{"taxonomy":"product_cat","embeddable":true,"href":"https:\/\/lyfilter.com\/pt\/wp-json\/wp\/v2\/product_cat?post=1456"},{"taxonomy":"product_tag","embeddable":true,"href":"https:\/\/lyfilter.com\/pt\/wp-json\/wp\/v2\/product_tag?post=1456"}],"curies":[{"name":"wp","href":"https:\/\/api.w.org\/{rel}","templated":true}]}}