{"id":1435,"date":"2026-01-04T09:11:33","date_gmt":"2026-01-04T09:11:33","guid":{"rendered":"https:\/\/lyfilter.com\/?post_type=product&#038;p=1435"},"modified":"2026-01-04T09:11:33","modified_gmt":"2026-01-04T09:11:33","slug":"5-10-siliphos-filter-niphos-ro-cartridge-filter","status":"publish","type":"product","link":"https:\/\/lyfilter.com\/pt\/5-10-siliphos-filter-niphos-ro-cartridge-filter\/","title":{"rendered":"5\u201d 10\u201d Siliphos filter niphos ro cartridge filter"},"content":{"rendered":"<table>\n<thead>\n<tr>\n<th>vis\u00e3o geral<\/th>\n<th>Cartucho Siliphos (LY-PHOS) para pr\u00e9-filtragem dom\u00e9stica de RO e preven\u00e7\u00e3o de incrusta\u00e7\u00f5es.<\/th>\n<\/tr>\n<\/thead>\n<tbody>\n<tr>\n<td>local de origem<\/td>\n<td>Guangdong, China<\/td>\n<\/tr>\n<tr>\n<td>nome da marca<\/td>\n<td>Lvyuan \/ OEM<\/td>\n<\/tr>\n<tr>\n<td>n\u00famero do modelo<\/td>\n<td>LY-PHOS<\/td>\n<\/tr>\n<tr>\n<td>tipo<\/td>\n<td>Osmose inversa<\/td>\n<\/tr>\n<tr>\n<td>utiliza\u00e7\u00e3o<\/td>\n<td>Pr\u00e9-filtragem dom\u00e9stica<\/td>\n<\/tr>\n<tr>\n<td>nome do produto<\/td>\n<td>cartucho filtrante de silifos<\/td>\n<\/tr>\n<tr>\n<td>aplica\u00e7\u00e3o<\/td>\n<td>elemento pr\u00e9-filtrante<\/td>\n<\/tr>\n<tr>\n<td>fun\u00e7\u00e3o<\/td>\n<td>Preven\u00e7\u00e3o de incrusta\u00e7\u00f5es; remo\u00e7\u00e3o de impurezas<\/td>\n<\/tr>\n<tr>\n<td>meios filtrantes<\/td>\n<td>Power PHOS; Siliphos; Bola de polifosfato cristalino<\/td>\n<\/tr>\n<tr>\n<td>comprimento<\/td>\n<td>5\u201d; 10\u201d polegadas<\/td>\n<\/tr>\n<tr>\n<td>cor<\/td>\n<td>Branco; transparente<\/td>\n<\/tr>\n<tr>\n<td>vida \u00fatil do filtro<\/td>\n<td>3 a 6 meses<\/td>\n<\/tr>\n<tr>\n<td>instala\u00e7\u00e3o<\/td>\n<td>Caixa do pr\u00e9-filtro<\/td>\n<\/tr>\n<tr>\n<td>temperatura de funcionamento.<\/td>\n<td>4\u00b0C-80\u00b0C<\/td>\n<\/tr>\n<tr>\n<td>pot\u00eancia (W)<\/td>\n<td>0<\/td>\n<\/tr>\n<tr>\n<td>tens\u00e3o (V)<\/td>\n<td>0<\/td>\n<\/tr>\n<tr>\n<td>certifica\u00e7\u00e3o<\/td>\n<td>ce; CE; SGS<\/td>\n<\/tr>\n<tr>\n<td>capacidade de fornecimento<\/td>\n<td>5000 Pe\u00e7as\/Pe\u00e7as por dia (cartucho de filtro de silifos)<\/td>\n<\/tr>\n<\/tbody>\n<\/table>\n<div>\n<div id=\"s93cd\">\n<div id=\"ali-anchor-AliMaya-230qr\" data-section=\"AliMaya-230qr\" data-section-title=\"Product Description\">Descri\u00e7\u00e3o do produto<\/div>\n<\/div>\n<div>\n<div>\n<div id=\"tc98g\">\n<h3>5\u201d 10\u201d Siliphos filter niphos ro cartridge filter<\/h3>\n<\/div>\n<div id=\"pk21z\">Fun\u00e7\u00e3o: pr\u00e9-filtragem de toda a casa, remo\u00e7\u00e3o de impurezas e preven\u00e7\u00e3o de incrusta\u00e7\u00f5es.<\/div>\n<\/div>\n<\/div>\n<div>\n<div id=\"zsyme\">\n<div class=\"table-responsive\">\n<table class=\"aliDataTable\">\n<tbody>\n<tr>\n<td>\n<div>Nome do produto<\/div>\n<\/td>\n<td>\n<div>Siliphos Ball Cartucho de filtro de \u00e1gua anti-calc\u00e1rio<\/div>\n<\/td>\n<\/tr>\n<tr>\n<td>\n<div>Meios filtrantes<\/div>\n<\/td>\n<td>\n<div>Power PHOS, Siliphos, Bola de cristal de polifosfato<\/div>\n<\/td>\n<\/tr>\n<tr>\n<td>\n<div>Material da caixa do filtro<\/div>\n<\/td>\n<td>\n<div>PP<\/div>\n<\/td>\n<\/tr>\n<tr>\n<td>\n<div>Comprimento<\/div>\n<\/td>\n<td>\n<div>5, 10 polegadas<\/div>\n<\/td>\n<\/tr>\n<tr>\n<td>\n<div>Cor da caixa do filtro<\/div>\n<\/td>\n<td>\n<div>branco, transparente<\/div>\n<\/td>\n<\/tr>\n<tr>\n<td>\n<div>Fun\u00e7\u00e3o<\/div>\n<\/td>\n<td>\n<div>anti-corros\u00e3o e anti-calc\u00e1rio<\/div>\n<\/td>\n<\/tr>\n<tr>\n<td>\n<div>Instala\u00e7\u00e3o<\/div>\n<\/td>\n<td>\n<div>Debaixo do lava-loi\u00e7a, pr\u00e9-filtragem dom\u00e9stica<\/div>\n<\/td>\n<\/tr>\n<tr>\n<td>\n<div>Carater\u00edstica<\/div>\n<\/td>\n<td>\n<div>Recarreg\u00e1vel, reutiliz\u00e1vel<\/div>\n<\/td>\n<\/tr>\n<\/tbody>\n<\/table>\n<\/div>\n<\/div>\n<\/div>\n<\/div>\n<div>\n<div id=\"957py\">\n<div id=\"ali-anchor-AliMaya-juk1c\" data-section=\"AliMaya-juk1c\" data-section-title=\"Product Show\">Apresenta\u00e7\u00e3o do produto<\/div>\n<\/div>\n<div>\n<div id=\"4ncof\">\n<div><img decoding=\"async\" src=\"https:\/\/img.yfisher.com\/m6076\/1725727320zlw\/jpg70-t3-scale100.webp\" alt=\"5&#039;&#039; 10&#039;&#039; Siliphos filter niphos ro cartridge filter 7\" data-lazy=\"2\" title=\"\"><\/div>\n<\/div>\n<\/div>\n<div>\n<div id=\"3n626\">\n<div><img decoding=\"async\" src=\"https:\/\/img.yfisher.com\/m6076\/1725727320oes\/jpg70-t3-scale100.webp\" alt=\"5&#039;&#039; 10&#039;&#039; Siliphos filter niphos ro cartridge filter 9\" data-lazy=\"2\" title=\"\"><\/div>\n<\/div>\n<\/div>\n<div>\n<div id=\"lrl76\">\n<div><img decoding=\"async\" src=\"https:\/\/img.yfisher.com\/m6076\/1725727320w0l\/jpg70-t3-scale100.webp\" alt=\"5&#039;&#039; 10&#039;&#039; Siliphos filter niphos ro cartridge filter 11\" data-lazy=\"2\" title=\"\"><\/div>\n<\/div>\n<\/div>\n<div>\n<div id=\"80vq1\">\n<div><img decoding=\"async\" src=\"https:\/\/img.yfisher.com\/m6076\/1725727320ygr\/jpg70-t3-scale100.webp\" alt=\"5&#039;&#039; 10&#039;&#039; Siliphos filter niphos ro cartridge filter 13\" data-lazy=\"2\" title=\"\"><\/div>\n<\/div>\n<\/div>\n<div>\n<div id=\"269du\">\n<div><img decoding=\"async\" src=\"https:\/\/img.yfisher.com\/m6076\/1725727320cit\/jpg70-t3-scale100.webp\" alt=\"5&#039;&#039; 10&#039;&#039; Siliphos filter niphos ro cartridge filter 15\" data-lazy=\"2\" title=\"\"><\/div>\n<\/div>\n<\/div>\n<div>\n<div id=\"p0zml\">\n<div><img decoding=\"async\" src=\"https:\/\/img.yfisher.com\/m6076\/1725727320t9d\/jpg70-t3-scale100.webp\" alt=\"5&#039;&#039; 10&#039;&#039; Siliphos filter niphos ro cartridge filter 17\" data-lazy=\"2\" title=\"\"><\/div>\n<\/div>\n<\/div>\n<\/div>\n<div>\n<div id=\"kpf9d\">\n<div id=\"ali-anchor-AliMaya-s4da1\" data-section=\"AliMaya-s4da1\" data-section-title=\"Related Products\">Produtos relacionados<\/div>\n<\/div>\n<div>\n<div id=\"eum11\">\n<div><img decoding=\"async\" src=\"https:\/\/img.yfisher.com\/m6076\/1725727320nvw\/jpg70-t3-scale100.webp\" alt=\"5&#039;&#039; 10&#039;&#039; Siliphos filter niphos ro cartridge filter 19\" data-lazy=\"2\" title=\"\"><\/div>\n<\/div>\n<div id=\"n5p0v\">\n<div><img decoding=\"async\" src=\"https:\/\/img.yfisher.com\/m6076\/1725727320egr\/jpg70-t3-scale100.webp\" alt=\"5&#039;&#039; 10&#039;&#039; Siliphos filter niphos ro cartridge filter 21\" data-lazy=\"2\" title=\"\"><\/div>\n<\/div>\n<div id=\"gac5y\">\n<div><img decoding=\"async\" src=\"https:\/\/img.yfisher.com\/m6076\/1725727320l12\/jpg70-t3-scale100.webp\" alt=\"5&#039;&#039; 10&#039;&#039; Siliphos filter niphos ro cartridge filter 23\" data-lazy=\"2\" title=\"\"><\/div>\n<\/div>\n<\/div>\n<div>\n<div id=\"38zx0\">\n<div><img decoding=\"async\" src=\"https:\/\/img.yfisher.com\/m6076\/1725726953s1x\/jpg70-t3-scale100.webp\" alt=\"5&#039;&#039; 10&#039;&#039; Siliphos filter niphos ro cartridge filter 25\" data-lazy=\"2\" title=\"\"><\/div>\n<\/div>\n<\/div>\n<\/div>","protected":false},"excerpt":{"rendered":"<p>Um cartucho de pr\u00e9-filtro Siliphos feito para configura\u00e7\u00f5es dom\u00e9sticas de RO. Ajuda a reduzir a acumula\u00e7\u00e3o de incrusta\u00e7\u00f5es e ret\u00e9m as impurezas, adaptando-se facilmente \u00e0s caixas de pr\u00e9-filtro comuns.<\/p>","protected":false},"featured_media":1443,"comment_status":"open","ping_status":"closed","template":"","meta":{"_gspb_post_css":""},"product_brand":[],"product_cat":[23,17],"product_tag":[703,299,705,707,706,704],"class_list":{"0":"post-1435","1":"product","2":"type-product","3":"status-publish","4":"has-post-thumbnail","6":"product_cat-pp-filter-cartridge","7":"product_cat-sediment-filter","8":"product_tag-5-inch-10-inch-cartridge","9":"product_tag-ce-sgs-certified","10":"product_tag-household-ro-pre-filtration","11":"product_tag-polyphosphate-crystal-media","12":"product_tag-scale-prevention-cartridge","13":"product_tag-siliphos-filter-cartridge","15":"first","16":"instock","17":"shipping-taxable","18":"product-type-simple"},"_links":{"self":[{"href":"https:\/\/lyfilter.com\/pt\/wp-json\/wp\/v2\/product\/1435","targetHints":{"allow":["GET"]}}],"collection":[{"href":"https:\/\/lyfilter.com\/pt\/wp-json\/wp\/v2\/product"}],"about":[{"href":"https:\/\/lyfilter.com\/pt\/wp-json\/wp\/v2\/types\/product"}],"replies":[{"embeddable":true,"href":"https:\/\/lyfilter.com\/pt\/wp-json\/wp\/v2\/comments?post=1435"}],"wp:featuredmedia":[{"embeddable":true,"href":"https:\/\/lyfilter.com\/pt\/wp-json\/wp\/v2\/media\/1443"}],"wp:attachment":[{"href":"https:\/\/lyfilter.com\/pt\/wp-json\/wp\/v2\/media?parent=1435"}],"wp:term":[{"taxonomy":"product_brand","embeddable":true,"href":"https:\/\/lyfilter.com\/pt\/wp-json\/wp\/v2\/product_brand?post=1435"},{"taxonomy":"product_cat","embeddable":true,"href":"https:\/\/lyfilter.com\/pt\/wp-json\/wp\/v2\/product_cat?post=1435"},{"taxonomy":"product_tag","embeddable":true,"href":"https:\/\/lyfilter.com\/pt\/wp-json\/wp\/v2\/product_tag?post=1435"}],"curies":[{"name":"wp","href":"https:\/\/api.w.org\/{rel}","templated":true}]}}