{"id":1428,"date":"2026-01-04T09:09:08","date_gmt":"2026-01-04T09:09:08","guid":{"rendered":"https:\/\/lyfilter.com\/?post_type=product&#038;p=1428"},"modified":"2026-01-04T09:09:09","modified_gmt":"2026-01-04T09:09:09","slug":"doe-222-5-10-washable-pre-water-filter-nylon-ss-mesh-net-filter-cartridges-80-micron-for-sediment-sand-particle-removal","status":"publish","type":"product","link":"https:\/\/lyfilter.com\/pt\/doe-222-5-10-washable-pre-water-filter-nylon-ss-mesh-net-filter-cartridges-80-micron-for-sediment-sand-particle-removal\/","title":{"rendered":"DOE 222 5\u201d 10\u201d Pr\u00e9-filtro de \u00e1gua lav\u00e1vel Cartuchos de filtro de rede de malha de Nylon SS 80 microns para remo\u00e7\u00e3o de sedimentos e part\u00edculas de areia"},"content":{"rendered":"<table>\n<thead>\n<tr>\n<th>vis\u00e3o geral<\/th>\n<th>Cartuchos de rede lav\u00e1veis (LY-NET) de 80 m\u00edcrones para pr\u00e9-filtra\u00e7\u00e3o e remo\u00e7\u00e3o de sedimentos\/areia.<\/th>\n<\/tr>\n<\/thead>\n<tbody>\n<tr>\n<td>tipo<\/td>\n<td>Pe\u00e7as para filtros de \u00e1gua<\/td>\n<\/tr>\n<tr>\n<td>aplica\u00e7\u00e3o<\/td>\n<td>Hotel; Comercial; Dom\u00e9stico<\/td>\n<\/tr>\n<tr>\n<td>fonte de energia<\/td>\n<td>Manual<\/td>\n<\/tr>\n<tr>\n<td>local de origem<\/td>\n<td>Guangdong, China<\/td>\n<\/tr>\n<tr>\n<td>nome da marca<\/td>\n<td>Lvyuan \/ OEM<\/td>\n<\/tr>\n<tr>\n<td>n\u00famero do modelo<\/td>\n<td>LY-NET<\/td>\n<\/tr>\n<tr>\n<td>nome do produto<\/td>\n<td>cartuchos de rede lav\u00e1veis 80 m\u00edcrones<\/td>\n<\/tr>\n<tr>\n<td>fun\u00e7\u00e3o<\/td>\n<td>Preven\u00e7\u00e3o de incrusta\u00e7\u00f5es; remo\u00e7\u00e3o de impurezas<\/td>\n<\/tr>\n<tr>\n<td>aplica\u00e7\u00e3o (utiliza\u00e7\u00e3o)<\/td>\n<td>elemento pr\u00e9-filtrante<\/td>\n<\/tr>\n<tr>\n<td>meios filtrantes<\/td>\n<td>Power PHOS; Siliphos; Bola de polifosfato cristalino<\/td>\n<\/tr>\n<tr>\n<td>comprimento<\/td>\n<td>5\u201d; 10\u201d polegadas<\/td>\n<\/tr>\n<tr>\n<td>cor<\/td>\n<td>Branco; transparente<\/td>\n<\/tr>\n<tr>\n<td>vida \u00fatil do filtro<\/td>\n<td>3 a 6 meses<\/td>\n<\/tr>\n<tr>\n<td>instala\u00e7\u00e3o<\/td>\n<td>Caixa do pr\u00e9-filtro<\/td>\n<\/tr>\n<tr>\n<td>temperatura de funcionamento.<\/td>\n<td>4\u00b0C-80\u00b0C<\/td>\n<\/tr>\n<tr>\n<td>certifica\u00e7\u00e3o<\/td>\n<td>CE; SGS<\/td>\n<\/tr>\n<tr>\n<td>garantia<\/td>\n<td>nenhum<\/td>\n<\/tr>\n<tr>\n<td>servi\u00e7o p\u00f3s-venda prestado<\/td>\n<td>nenhum<\/td>\n<\/tr>\n<tr>\n<td>unidades de venda<\/td>\n<td>Artigo \u00fanico<\/td>\n<\/tr>\n<tr>\n<td>tamanho de embalagem individual<\/td>\n<td>55 \u00d7 8 \u00d7 8 cm<\/td>\n<\/tr>\n<tr>\n<td>peso bruto \u00fanico<\/td>\n<td>0,500 kg<\/td>\n<\/tr>\n<tr>\n<td>tipo de embalagem<\/td>\n<td>25 unidades\/CTN; notas: o melhor pre\u00e7o unit\u00e1rio e o custo de envio dependem da quantidade<\/td>\n<\/tr>\n<\/tbody>\n<\/table>","protected":false},"excerpt":{"rendered":"<p>Um cartucho de pr\u00e9-filtro lav\u00e1vel que apanha areia e sedimentos antes de chegarem ao seu sistema principal. \u00c9 f\u00e1cil de manter, ajuda a reduzir as incrusta\u00e7\u00f5es e adapta-se a caixas comuns de 5\u2033 ou 10\u2033.<\/p>","protected":false},"featured_media":1436,"comment_status":"open","ping_status":"closed","template":"","meta":{"_gspb_post_css":""},"product_brand":[],"product_cat":[17,23],"product_tag":[703,701,299,702,366,700],"class_list":{"0":"post-1428","1":"product","2":"type-product","3":"status-publish","4":"has-post-thumbnail","6":"product_cat-sediment-filter","7":"product_cat-pp-filter-cartridge","8":"product_tag-5-inch-10-inch-cartridge","9":"product_tag-80-micron-pre-filter","10":"product_tag-ce-sgs-certified","11":"product_tag-nylon-ss-mesh-cartridge","12":"product_tag-scale-prevention-filter","13":"product_tag-washable-net-filter-cartridge","15":"first","16":"instock","17":"shipping-taxable","18":"product-type-simple"},"_links":{"self":[{"href":"https:\/\/lyfilter.com\/pt\/wp-json\/wp\/v2\/product\/1428","targetHints":{"allow":["GET"]}}],"collection":[{"href":"https:\/\/lyfilter.com\/pt\/wp-json\/wp\/v2\/product"}],"about":[{"href":"https:\/\/lyfilter.com\/pt\/wp-json\/wp\/v2\/types\/product"}],"replies":[{"embeddable":true,"href":"https:\/\/lyfilter.com\/pt\/wp-json\/wp\/v2\/comments?post=1428"}],"wp:featuredmedia":[{"embeddable":true,"href":"https:\/\/lyfilter.com\/pt\/wp-json\/wp\/v2\/media\/1436"}],"wp:attachment":[{"href":"https:\/\/lyfilter.com\/pt\/wp-json\/wp\/v2\/media?parent=1428"}],"wp:term":[{"taxonomy":"product_brand","embeddable":true,"href":"https:\/\/lyfilter.com\/pt\/wp-json\/wp\/v2\/product_brand?post=1428"},{"taxonomy":"product_cat","embeddable":true,"href":"https:\/\/lyfilter.com\/pt\/wp-json\/wp\/v2\/product_cat?post=1428"},{"taxonomy":"product_tag","embeddable":true,"href":"https:\/\/lyfilter.com\/pt\/wp-json\/wp\/v2\/product_tag?post=1428"}],"curies":[{"name":"wp","href":"https:\/\/api.w.org\/{rel}","templated":true}]}}