{"id":1414,"date":"2026-01-04T09:03:41","date_gmt":"2026-01-04T09:03:41","guid":{"rendered":"https:\/\/lyfilter.com\/?post_type=product&#038;p=1414"},"modified":"2026-01-04T09:03:41","modified_gmt":"2026-01-04T09:03:41","slug":"factory-customized-1-micron-polypropylene-sediment-filter-pp-woven-water-filter-cartridge","status":"publish","type":"product","link":"https:\/\/lyfilter.com\/pt\/factory-customized-1-micron-polypropylene-sediment-filter-pp-woven-water-filter-cartridge\/","title":{"rendered":"Filtro de sedimentos de polipropileno de 1 m\u00edcron personalizado pela f\u00e1brica Cartucho de filtro de \u00e1gua tecido pp"},"content":{"rendered":"<table>\n<thead>\n<tr>\n<th>vis\u00e3o geral<\/th>\n<th>Cartucho de filtro de \u00e1gua em tecido PP para filtragem de \u00e1gua em utiliza\u00e7\u00f5es dom\u00e9sticas e industriais.<\/th>\n<\/tr>\n<\/thead>\n<tbody>\n<tr>\n<td>condi\u00e7\u00e3o<\/td>\n<td>Novo<\/td>\n<\/tr>\n<tr>\n<td>sectores aplic\u00e1veis<\/td>\n<td>Hot\u00e9is; Lojas de vestu\u00e1rio; Lojas de materiais de constru\u00e7\u00e3o; F\u00e1brica de produ\u00e7\u00e3o; Lojas de repara\u00e7\u00e3o de m\u00e1quinas; F\u00e1brica de alimentos e bebidas; Quintas; Restaurante; Uso dom\u00e9stico; Retalho; Loja de alimentos; Lojas de impress\u00e3o; Obras de constru\u00e7\u00e3o; Energia e minas; Lojas de alimentos e bebidas<\/td>\n<\/tr>\n<tr>\n<td>local de origem<\/td>\n<td>Guangdong, China<\/td>\n<\/tr>\n<tr>\n<td>nome da marca<\/td>\n<td>LVYUAN \/ OEM<\/td>\n<\/tr>\n<tr>\n<td>nome do produto<\/td>\n<td>cartucho de filtro de \u00e1gua em tecido pp<\/td>\n<\/tr>\n<tr>\n<td>tipo de filtro<\/td>\n<td>Ranhura; Grava\u00e7\u00e3o em relevo; Pontos; Log\u00f3tipo da empresa<\/td>\n<\/tr>\n<tr>\n<td>exatid\u00e3o<\/td>\n<td>1-100 m\u00edcrones<\/td>\n<\/tr>\n<tr>\n<td>di\u00e2metro exterior<\/td>\n<td>10-200 mm<\/td>\n<\/tr>\n<tr>\n<td>di\u00e2metro interior<\/td>\n<td>OEM<\/td>\n<\/tr>\n<tr>\n<td>adaptador de filtro<\/td>\n<td>Tipo plano; Tipo 222; Tipo 226; Tipo 215<\/td>\n<\/tr>\n<tr>\n<td>temperatura mais elevada<\/td>\n<td>80\u2103<\/td>\n<\/tr>\n<tr>\n<td>queda de press\u00e3o de trabalho<\/td>\n<td>0,1 kgf\/c\u33a1<\/td>\n<\/tr>\n<tr>\n<td>mais alto confinado<\/td>\n<td>5 kgf\/c\u33a1<\/td>\n<\/tr>\n<tr>\n<td>queda de press\u00e3o m\u00e1xima<\/td>\n<td>3 kgf\/c\u33a1<\/td>\n<\/tr>\n<tr>\n<td>componentes principais<\/td>\n<td>Recipiente sob press\u00e3o<\/td>\n<\/tr>\n<tr>\n<td>tipo de marketing<\/td>\n<td>Produto normal<\/td>\n<\/tr>\n<tr>\n<td>inspe\u00e7\u00e3o de sa\u00edda de v\u00eddeo<\/td>\n<td>Fornecido<\/td>\n<\/tr>\n<tr>\n<td>relat\u00f3rio de ensaio de m\u00e1quinas<\/td>\n<td>Fornecido<\/td>\n<\/tr>\n<tr>\n<td>localiza\u00e7\u00e3o do servi\u00e7o local<\/td>\n<td>nenhum<\/td>\n<\/tr>\n<tr>\n<td>localiza\u00e7\u00e3o da sala de exposi\u00e7\u00f5es<\/td>\n<td>nenhum<\/td>\n<\/tr>\n<tr>\n<td>servi\u00e7o p\u00f3s-venda prestado<\/td>\n<td>Apoio em linha<\/td>\n<\/tr>\n<tr>\n<td>servi\u00e7o p\u00f3s-garantia<\/td>\n<td>Apoio em linha<\/td>\n<\/tr>\n<tr>\n<td>garantia<\/td>\n<td>1 ano<\/td>\n<\/tr>\n<tr>\n<td>garantia dos componentes principais<\/td>\n<td>1 ano<\/td>\n<\/tr>\n<\/tbody>\n<\/table>","protected":false},"excerpt":{"rendered":"<p>Um cartucho em tecido PP que ajuda a reduzir os sedimentos para uma \u00e1gua mais limpa na utiliza\u00e7\u00e3o di\u00e1ria e em sistemas industriais. Escolha a classifica\u00e7\u00e3o de microns, o di\u00e2metro e o adaptador para corresponder \u00e0 sua configura\u00e7\u00e3o.<\/p>","protected":false},"featured_media":1425,"comment_status":"open","ping_status":"closed","template":"","meta":{"_gspb_post_css":""},"product_brand":[],"product_cat":[23,17],"product_tag":[695,696,697,636,698,357],"class_list":{"0":"post-1414","1":"product","2":"type-product","3":"status-publish","4":"has-post-thumbnail","6":"product_cat-pp-filter-cartridge","7":"product_cat-sediment-filter","8":"product_tag-1-to-100-micron-filtration","9":"product_tag-10-to-200mm-outer-diameter","10":"product_tag-222-226-filter-adaptor","11":"product_tag-industrial-water-treatment","12":"product_tag-pp-woven-filter-cartridge","13":"product_tag-water-filter-cartridge","15":"first","16":"instock","17":"shipping-taxable","18":"product-type-simple"},"_links":{"self":[{"href":"https:\/\/lyfilter.com\/pt\/wp-json\/wp\/v2\/product\/1414","targetHints":{"allow":["GET"]}}],"collection":[{"href":"https:\/\/lyfilter.com\/pt\/wp-json\/wp\/v2\/product"}],"about":[{"href":"https:\/\/lyfilter.com\/pt\/wp-json\/wp\/v2\/types\/product"}],"replies":[{"embeddable":true,"href":"https:\/\/lyfilter.com\/pt\/wp-json\/wp\/v2\/comments?post=1414"}],"wp:featuredmedia":[{"embeddable":true,"href":"https:\/\/lyfilter.com\/pt\/wp-json\/wp\/v2\/media\/1425"}],"wp:attachment":[{"href":"https:\/\/lyfilter.com\/pt\/wp-json\/wp\/v2\/media?parent=1414"}],"wp:term":[{"taxonomy":"product_brand","embeddable":true,"href":"https:\/\/lyfilter.com\/pt\/wp-json\/wp\/v2\/product_brand?post=1414"},{"taxonomy":"product_cat","embeddable":true,"href":"https:\/\/lyfilter.com\/pt\/wp-json\/wp\/v2\/product_cat?post=1414"},{"taxonomy":"product_tag","embeddable":true,"href":"https:\/\/lyfilter.com\/pt\/wp-json\/wp\/v2\/product_tag?post=1414"}],"curies":[{"name":"wp","href":"https:\/\/api.w.org\/{rel}","templated":true}]}}