{"id":1384,"date":"2026-01-04T08:52:16","date_gmt":"2026-01-04T08:52:16","guid":{"rendered":"https:\/\/lyfilter.com\/?post_type=product&#038;p=1384"},"modified":"2026-01-04T08:52:16","modified_gmt":"2026-01-04T08:52:16","slug":"10-20-30-40-high-flow-industrial-water-filter-cartridge-5-micron-pp-sediment-melt-blown-filter-cartridge","status":"publish","type":"product","link":"https:\/\/lyfilter.com\/pt\/10-20-30-40-high-flow-industrial-water-filter-cartridge-5-micron-pp-sediment-melt-blown-filter-cartridge\/","title":{"rendered":"10\u201d 20\u201d 30\u201d 40\u201d cartucho de filtro de \u00e1gua industrial de caudal elevado \/5 m\u00edcron PP sedimentos Cartucho de filtro fundido e soprado"},"content":{"rendered":"<table>\n<thead>\n<tr>\n<th>vis\u00e3o geral<\/th>\n<th>Cartucho de filtro de \u00e1gua de fibra PP para tratamento de \u00e1gua.<\/th>\n<\/tr>\n<\/thead>\n<tbody>\n<tr>\n<td>sectores aplic\u00e1veis<\/td>\n<td>F\u00e1brica de produ\u00e7\u00e3o; F\u00e1brica de alimentos e bebidas; Uso dom\u00e9stico; tratamento de \u00e1gua<\/td>\n<\/tr>\n<tr>\n<td>local de origem<\/td>\n<td>Guangdong, China<\/td>\n<\/tr>\n<tr>\n<td>nome da marca<\/td>\n<td>Lvyuan; OEM; ODM<\/td>\n<\/tr>\n<tr>\n<td>material<\/td>\n<td>pp<\/td>\n<\/tr>\n<tr>\n<td>mat\u00e9ria-prima<\/td>\n<td>fibra pp<\/td>\n<\/tr>\n<tr>\n<td>forma<\/td>\n<td>cilindro<\/td>\n<\/tr>\n<tr>\n<td>tamanho<\/td>\n<td>Personalizado<\/td>\n<\/tr>\n<tr>\n<td>peso<\/td>\n<td>Personalizado<\/td>\n<\/tr>\n<tr>\n<td>pot\u00eancia<\/td>\n<td>0<\/td>\n<\/tr>\n<tr>\n<td>garantia<\/td>\n<td>N\u00e3o dispon\u00edvel<\/td>\n<\/tr>\n<tr>\n<td>carater\u00edstica<\/td>\n<td>tamanho e log\u00f3tipo personalizados em a\u00e7o<\/td>\n<\/tr>\n<tr>\n<td>certifica\u00e7\u00e3o<\/td>\n<td>SGS<\/td>\n<\/tr>\n<tr>\n<td>utiliza\u00e7\u00e3o<\/td>\n<td>tratamento da \u00e1gua<\/td>\n<\/tr>\n<tr>\n<td>aplica\u00e7\u00e3o<\/td>\n<td>setorial<\/td>\n<\/tr>\n<tr>\n<td>cor<\/td>\n<td>branco<\/td>\n<\/tr>\n<tr>\n<td>apar\u00eancia<\/td>\n<td>em relevo, brilhante, etc.<\/td>\n<\/tr>\n<tr>\n<td>comprimento<\/td>\n<td>5\/10\/20\/30\/40 polegadas ou personalizado<\/td>\n<\/tr>\n<tr>\n<td>embalagem<\/td>\n<td>caixa de papel<\/td>\n<\/tr>\n<tr>\n<td>servi\u00e7o p\u00f3s-venda prestado<\/td>\n<td>Apoio em linha<\/td>\n<\/tr>\n<tr>\n<td>capacidade de fornecimento<\/td>\n<td>5000 pe\u00e7as\/pe\u00e7as por semana<\/td>\n<\/tr>\n<\/tbody>\n<\/table>","protected":false},"excerpt":{"rendered":"<p>Um cartucho de fibra PP fi\u00e1vel que ajuda a manter a \u00e1gua mais limpa para uso dom\u00e9stico e sistemas industriais. Personalize o tamanho, o comprimento e o log\u00f3tipo para se adaptar \u00e0 sua configura\u00e7\u00e3o.<\/p>","protected":false},"featured_media":1396,"comment_status":"open","ping_status":"closed","template":"","meta":{"_gspb_post_css":""},"product_brand":[],"product_cat":[23,17],"product_tag":[689,680,385,638,306,308],"class_list":{"0":"post-1384","1":"product","2":"type-product","3":"status-publish","4":"has-post-thumbnail","6":"product_cat-pp-filter-cartridge","7":"product_cat-sediment-filter","8":"product_tag-5-to-40-inch","9":"product_tag-custom-size-and-logo","10":"product_tag-cylinder-filter-cartridge","11":"product_tag-pp-fiber-filter-cartridge","12":"product_tag-sgs-certified","13":"product_tag-water-treatment","15":"first","16":"instock","17":"shipping-taxable","18":"product-type-simple"},"_links":{"self":[{"href":"https:\/\/lyfilter.com\/pt\/wp-json\/wp\/v2\/product\/1384","targetHints":{"allow":["GET"]}}],"collection":[{"href":"https:\/\/lyfilter.com\/pt\/wp-json\/wp\/v2\/product"}],"about":[{"href":"https:\/\/lyfilter.com\/pt\/wp-json\/wp\/v2\/types\/product"}],"replies":[{"embeddable":true,"href":"https:\/\/lyfilter.com\/pt\/wp-json\/wp\/v2\/comments?post=1384"}],"wp:featuredmedia":[{"embeddable":true,"href":"https:\/\/lyfilter.com\/pt\/wp-json\/wp\/v2\/media\/1396"}],"wp:attachment":[{"href":"https:\/\/lyfilter.com\/pt\/wp-json\/wp\/v2\/media?parent=1384"}],"wp:term":[{"taxonomy":"product_brand","embeddable":true,"href":"https:\/\/lyfilter.com\/pt\/wp-json\/wp\/v2\/product_brand?post=1384"},{"taxonomy":"product_cat","embeddable":true,"href":"https:\/\/lyfilter.com\/pt\/wp-json\/wp\/v2\/product_cat?post=1384"},{"taxonomy":"product_tag","embeddable":true,"href":"https:\/\/lyfilter.com\/pt\/wp-json\/wp\/v2\/product_tag?post=1384"}],"curies":[{"name":"wp","href":"https:\/\/api.w.org\/{rel}","templated":true}]}}