{"id":1289,"date":"2026-01-04T07:45:12","date_gmt":"2026-01-04T07:45:12","guid":{"rendered":"https:\/\/lyfilter.com\/?post_type=product&#038;p=1289"},"modified":"2026-01-04T07:45:12","modified_gmt":"2026-01-04T07:45:12","slug":"big-water-filter-rate-pp-filter-core-1-5-10-microns-water-sediment-filter-cartridge-with-222-226-227-fin-plastic","status":"publish","type":"product","link":"https:\/\/lyfilter.com\/pt\/big-water-filter-rate-pp-filter-core-1-5-10-microns-water-sediment-filter-cartridge-with-222-226-227-fin-plastic\/","title":{"rendered":"Grande taxa de filtragem de \u00e1gua N\u00facleo de filtro PP 1\/5\/10 microns cartucho de filtro de sedimentos de \u00e1gua com 222 226 227 Fin pl\u00e1stico"},"content":{"rendered":"<table>\n<thead>\n<tr>\n<th>Vis\u00e3o geral<\/th>\n<th>Cartucho de filtro de sedimentos de \u00e1gua com n\u00facleo de filtro PP e tampa de pl\u00e1stico<\/th>\n<\/tr>\n<\/thead>\n<tbody>\n<tr>\n<td>Estado<\/td>\n<td>Novo<\/td>\n<\/tr>\n<tr>\n<td>Sectores aplic\u00e1veis<\/td>\n<td>Hot\u00e9is, lojas de vestu\u00e1rio, lojas de materiais de constru\u00e7\u00e3o, f\u00e1bricas, lojas de repara\u00e7\u00e3o de m\u00e1quinas, f\u00e1bricas de alimentos e bebidas, quintas, restaurantes, uso dom\u00e9stico, com\u00e9rcio a retalho, lojas de alimentos, gr\u00e1ficas, obras de constru\u00e7\u00e3o, energia e minas, lojas de alimentos e bebidas, empresas de publicidade<\/td>\n<\/tr>\n<tr>\n<td>Servi\u00e7o p\u00f3s-garantia<\/td>\n<td>Apoio em linha<\/td>\n<\/tr>\n<tr>\n<td>Localiza\u00e7\u00e3o do servi\u00e7o local<\/td>\n<td>nenhum<\/td>\n<\/tr>\n<tr>\n<td>Localiza\u00e7\u00e3o da sala de exposi\u00e7\u00f5es<\/td>\n<td>nenhum<\/td>\n<\/tr>\n<tr>\n<td>Inspe\u00e7\u00e3o de sa\u00edda de v\u00eddeo<\/td>\n<td>Fornecido<\/td>\n<\/tr>\n<tr>\n<td>Relat\u00f3rio de ensaio de m\u00e1quinas<\/td>\n<td>Fornecido<\/td>\n<\/tr>\n<tr>\n<td>Tipo de marketing<\/td>\n<td>Produto normal<\/td>\n<\/tr>\n<tr>\n<td>Garantia dos componentes principais<\/td>\n<td>1 ano<\/td>\n<\/tr>\n<tr>\n<td>Componentes principais<\/td>\n<td>Recipiente sob press\u00e3o<\/td>\n<\/tr>\n<tr>\n<td>Local de origem<\/td>\n<td>Guangdong, China<\/td>\n<\/tr>\n<tr>\n<td>Nome da marca<\/td>\n<td>LVYUAN\/OEM<\/td>\n<\/tr>\n<tr>\n<td>Material<\/td>\n<td>Polipropileno<\/td>\n<\/tr>\n<tr>\n<td>Peso<\/td>\n<td>OEM<\/td>\n<\/tr>\n<tr>\n<td>Tamanho<\/td>\n<td>OEM<\/td>\n<\/tr>\n<tr>\n<td>Pot\u00eancia<\/td>\n<td>0<\/td>\n<\/tr>\n<tr>\n<td>Garantia<\/td>\n<td>N\u00e3o dispon\u00edvel<\/td>\n<\/tr>\n<tr>\n<td>Nome do produto<\/td>\n<td>Cartucho de filtro de sedimentos de \u00e1gua com n\u00facleo de filtro PP e tampa de pl\u00e1stico<\/td>\n<\/tr>\n<tr>\n<td>Tipo de filtro<\/td>\n<td>Ranhura, grava\u00e7\u00e3o em relevo, pontos, log\u00f3tipo da empresa<\/td>\n<\/tr>\n<tr>\n<td>Exatid\u00e3o<\/td>\n<td>1-100 m\u00edcrones<\/td>\n<\/tr>\n<tr>\n<td>Di\u00e2metro exterior<\/td>\n<td>10-200mm<\/td>\n<\/tr>\n<tr>\n<td>Di\u00e2metro interior<\/td>\n<td>OEM<\/td>\n<\/tr>\n<tr>\n<td>Adaptador de filtro<\/td>\n<td>Tipo plano, Tipo 222, Tipo 226, Tipo 215, Tipo 227<\/td>\n<\/tr>\n<tr>\n<td>Temperatura mais elevada<\/td>\n<td>80\u2103<\/td>\n<\/tr>\n<tr>\n<td>Queda de press\u00e3o de trabalho<\/td>\n<td>0,1kgf\/c\u33a1<\/td>\n<\/tr>\n<tr>\n<td>Mais alto confinado<\/td>\n<td>5kgf\/c\u33a1<\/td>\n<\/tr>\n<tr>\n<td>Queda de press\u00e3o m\u00e1xima<\/td>\n<td>3kgf\/c\u33a1<\/td>\n<\/tr>\n<tr>\n<td>Unidades de venda<\/td>\n<td>Artigo \u00fanico<\/td>\n<\/tr>\n<tr>\n<td>Tamanho da embalagem individual<\/td>\n<td>53 \u00d7 33 \u00d7 33 cm<\/td>\n<\/tr>\n<tr>\n<td>Peso bruto \u00fanico<\/td>\n<td>9.000 kg<\/td>\n<\/tr>\n<tr>\n<td>Tipo de embalagem<\/td>\n<td>Embalado em caixa de papel\u00e3o<\/td>\n<\/tr>\n<tr>\n<td>Prazo de entrega (1-100 unidades)<\/td>\n<td>3 dias<\/td>\n<\/tr>\n<tr>\n<td>Prazo de entrega (101-500 pcs)<\/td>\n<td>5 dias<\/td>\n<\/tr>\n<tr>\n<td>Prazo de entrega (501-5000 pcs)<\/td>\n<td>10 dias<\/td>\n<\/tr>\n<tr>\n<td>Prazo de entrega (&gt;5000 unidades)<\/td>\n<td>A ser negociado<\/td>\n<\/tr>\n<\/tbody>\n<\/table>","protected":false},"excerpt":{"rendered":"<p>Este cartucho de sedimentos em PP ajuda a reduzir as part\u00edculas vis\u00edveis e a proteger o equipamento a jusante em habita\u00e7\u00f5es e instala\u00e7\u00f5es industriais. Escolha a classifica\u00e7\u00e3o em microns, o di\u00e2metro e o adaptador da tampa para se adaptar \u00e0s suas necessidades de alojamento e caudal.<\/p>","protected":false},"featured_media":1290,"comment_status":"open","ping_status":"closed","template":"","meta":{"_gspb_post_css":""},"product_brand":[],"product_cat":[23,17],"product_tag":[671,672,674,670,673,669],"class_list":{"0":"post-1289","1":"product","2":"type-product","3":"status-publish","4":"has-post-thumbnail","6":"product_cat-pp-filter-cartridge","7":"product_cat-sediment-filter","8":"product_tag-1-100-micron-filter-cartridge","9":"product_tag-222-226-227-adaptor","10":"product_tag-oem-water-filter-cartridge","11":"product_tag-plastic-end-cap-filter-core","12":"product_tag-polypropylene-water-filter-core","13":"product_tag-pp-sediment-filter-cartridge","15":"first","16":"instock","17":"shipping-taxable","18":"product-type-simple"},"_links":{"self":[{"href":"https:\/\/lyfilter.com\/pt\/wp-json\/wp\/v2\/product\/1289","targetHints":{"allow":["GET"]}}],"collection":[{"href":"https:\/\/lyfilter.com\/pt\/wp-json\/wp\/v2\/product"}],"about":[{"href":"https:\/\/lyfilter.com\/pt\/wp-json\/wp\/v2\/types\/product"}],"replies":[{"embeddable":true,"href":"https:\/\/lyfilter.com\/pt\/wp-json\/wp\/v2\/comments?post=1289"}],"wp:featuredmedia":[{"embeddable":true,"href":"https:\/\/lyfilter.com\/pt\/wp-json\/wp\/v2\/media\/1290"}],"wp:attachment":[{"href":"https:\/\/lyfilter.com\/pt\/wp-json\/wp\/v2\/media?parent=1289"}],"wp:term":[{"taxonomy":"product_brand","embeddable":true,"href":"https:\/\/lyfilter.com\/pt\/wp-json\/wp\/v2\/product_brand?post=1289"},{"taxonomy":"product_cat","embeddable":true,"href":"https:\/\/lyfilter.com\/pt\/wp-json\/wp\/v2\/product_cat?post=1289"},{"taxonomy":"product_tag","embeddable":true,"href":"https:\/\/lyfilter.com\/pt\/wp-json\/wp\/v2\/product_tag?post=1289"}],"curies":[{"name":"wp","href":"https:\/\/api.w.org\/{rel}","templated":true}]}}